{"id":9014,"date":"2022-09-15T09:36:16","date_gmt":"2022-09-15T09:36:16","guid":{"rendered":"https:\/\/natoura.si\/?page_id=9014"},"modified":"2022-09-15T09:44:25","modified_gmt":"2022-09-15T09:44:25","slug":"salzburg-munchen-program","status":"publish","type":"page","link":"https:\/\/natoura.si\/en\/salzburg-munchen-program\/","title":{"rendered":"Salzburg &#8211; M\u00fcnchen &#8211; program"},"content":{"rendered":"<div data-elementor-type=\"wp-page\" data-elementor-id=\"9014\" class=\"elementor elementor-9014\" data-elementor-post-type=\"page\">\n\t\t\t\t\t\t<section class=\"elementor-section elementor-top-section elementor-element elementor-element-3798a8d elementor-section-boxed elementor-section-height-default elementor-section-height-default\" data-id=\"3798a8d\" data-element_type=\"section\" data-e-type=\"section\">\n\t\t\t\t\t\t<div class=\"elementor-container elementor-column-gap-default\">\n\t\t\t\t\t<div class=\"elementor-column elementor-col-33 elementor-top-column elementor-element elementor-element-4337b1e\" data-id=\"4337b1e\" data-element_type=\"column\" data-e-type=\"column\">\n\t\t\t<div class=\"elementor-widget-wrap elementor-element-populated\">\n\t\t\t\t\t\t<div class=\"elementor-element elementor-element-ee13dbf elementor-widget elementor-widget-image\" data-id=\"ee13dbf\" data-element_type=\"widget\" data-e-type=\"widget\" data-widget_type=\"image.default\">\n\t\t\t\t<div class=\"elementor-widget-container\">\n\t\t\t\t\t\t\t\t\t\t\t\t\t\t\t<img fetchpriority=\"high\" decoding=\"async\" width=\"600\" height=\"600\" src=\"https:\/\/natoura.si\/wp-content\/uploads\/2022\/09\/Hohewerfen.gif\" class=\"attachment-large size-large wp-image-9018\" alt=\"\" \/>\t\t\t\t\t\t\t\t\t\t\t\t\t\t\t<\/div>\n\t\t\t\t<\/div>\n\t\t\t\t\t<\/div>\n\t\t<\/div>\n\t\t\t\t<div class=\"elementor-column elementor-col-66 elementor-top-column elementor-element elementor-element-6fb9e5c\" data-id=\"6fb9e5c\" data-element_type=\"column\" data-e-type=\"column\">\n\t\t\t<div class=\"elementor-widget-wrap elementor-element-populated\">\n\t\t\t\t\t\t<div class=\"elementor-element elementor-element-84f6ef2 elementor-widget elementor-widget-text-editor\" data-id=\"84f6ef2\" data-element_type=\"widget\" data-e-type=\"widget\" data-widget_type=\"text-editor.default\">\n\t\t\t\t<div class=\"elementor-widget-container\">\n\t\t\t\t\t\t\t\t\t<p><span style=\"color: #ffffff;\">Zgodaj zjutraj odhod iz Ljubljane. Prvi postanek bona gradu Hohenwerfen pribli\u017eno 40 km pred Salzburgom nad dolino reke Salzach. Velja za enega najlep\u0161ih avstrijskih gradov. V svoji tiso\u010dletni zgodovini je zamenjal mnoge lastnike in do\u017eivel \u0161tevilne obnove in prezidave, danes pa se v njem nahaja muzej z bogato zbirko oro\u017eja, posebnost pa predstavlja sokolarska tradicija z demonstracijo letenja s plenilskimi pticami, kot so orli, jastrebi, sokoli in kragulji. Po ogledu bo sledila vo\u017enja do mesta Hallein jugozahodno od Salzburga, kjer bomo obiskali nekdanji rudnik soli Salzenwelt. Obisk predstavlja pravo dogodiv\u0161\u010dino: od vo\u017enje z vlakom, spust v globino nekdanjega rudnika po toboganu in vo\u017enja s \u010dolnom po podzemnem jezeru, ob tem pa bomo spoznali, na kak\u0161en na\u010din so tudi \u017ee pred mnogimi tiso\u010dletji pridobivali dragoceno sol, ki je lastnikom rudnika in trgovcem omogo\u010dala velike zaslu\u017eke. Sledila bo vo\u017enja do hotela v Salzburgu, ve\u010derja in preno\u010devanje.<\/span><\/p>\t\t\t\t\t\t\t\t<\/div>\n\t\t\t\t<\/div>\n\t\t\t\t\t<\/div>\n\t\t<\/div>\n\t\t\t\t\t<\/div>\n\t\t<\/section>\n\t\t\t\t<section class=\"elementor-section elementor-top-section elementor-element elementor-element-b2dfa49 elementor-section-boxed elementor-section-height-default elementor-section-height-default\" data-id=\"b2dfa49\" data-element_type=\"section\" data-e-type=\"section\">\n\t\t\t\t\t\t<div class=\"elementor-container elementor-column-gap-default\">\n\t\t\t\t\t<div class=\"elementor-column elementor-col-66 elementor-top-column elementor-element elementor-element-6fc4520\" data-id=\"6fc4520\" data-element_type=\"column\" data-e-type=\"column\">\n\t\t\t<div class=\"elementor-widget-wrap elementor-element-populated\">\n\t\t\t\t\t\t<div class=\"elementor-element elementor-element-a5d9702 elementor-widget elementor-widget-text-editor\" data-id=\"a5d9702\" data-element_type=\"widget\" data-e-type=\"widget\" data-widget_type=\"text-editor.default\">\n\t\t\t\t<div class=\"elementor-widget-container\">\n\t\t\t\t\t\t\t\t\t<p><span style=\"color: #ffffff;\">Po zajtrku bomo v Salzburgu obiskali prav poseben muzej: Haus der Natur. V njem bomo na zanimiv in atraktiven na\u010din spoznavali naravo: razli\u010dne skupine rastlin in \u017eivali, zgradbo in delovanje \u010dloveka, vesolje in planete, fizikalne zakonitosti, ki veljajo v naravi in \u0161e marsikaj ter se ob tem tudi zabavali. Popoldan se bomo odpeljali v bavarsko prestolnico M\u00fcnchen, kjer bo nekaj prostega \u010dasa za samostojno raziskovanje starega mestnega jedra, nato pa bo sledila vo\u017enja do hotela, ve\u010derja in preno\u010devanje.<\/span><\/p>\t\t\t\t\t\t\t\t<\/div>\n\t\t\t\t<\/div>\n\t\t\t\t\t<\/div>\n\t\t<\/div>\n\t\t\t\t<div class=\"elementor-column elementor-col-33 elementor-top-column elementor-element elementor-element-f3ca240\" data-id=\"f3ca240\" data-element_type=\"column\" data-e-type=\"column\">\n\t\t\t<div class=\"elementor-widget-wrap elementor-element-populated\">\n\t\t\t\t\t\t<div class=\"elementor-element elementor-element-070ed7a elementor-widget elementor-widget-image\" data-id=\"070ed7a\" data-element_type=\"widget\" data-e-type=\"widget\" data-widget_type=\"image.default\">\n\t\t\t\t<div class=\"elementor-widget-container\">\n\t\t\t\t\t\t\t\t\t\t\t\t\t\t\t<img decoding=\"async\" width=\"600\" height=\"600\" src=\"https:\/\/natoura.si\/wp-content\/uploads\/2022\/09\/Haus-der-Natur2.gif\" class=\"attachment-large size-large wp-image-9019\" alt=\"\" \/>\t\t\t\t\t\t\t\t\t\t\t\t\t\t\t<\/div>\n\t\t\t\t<\/div>\n\t\t\t\t\t<\/div>\n\t\t<\/div>\n\t\t\t\t\t<\/div>\n\t\t<\/section>\n\t\t\t\t<section class=\"elementor-section elementor-top-section elementor-element elementor-element-e076d96 elementor-section-boxed elementor-section-height-default elementor-section-height-default\" data-id=\"e076d96\" data-element_type=\"section\" data-e-type=\"section\">\n\t\t\t\t\t\t<div class=\"elementor-container elementor-column-gap-default\">\n\t\t\t\t\t<div class=\"elementor-column elementor-col-33 elementor-top-column elementor-element elementor-element-7b36eac\" data-id=\"7b36eac\" data-element_type=\"column\" data-e-type=\"column\">\n\t\t\t<div class=\"elementor-widget-wrap elementor-element-populated\">\n\t\t\t\t\t\t<div class=\"elementor-element elementor-element-b0b1851 elementor-widget elementor-widget-image\" data-id=\"b0b1851\" data-element_type=\"widget\" data-e-type=\"widget\" data-widget_type=\"image.default\">\n\t\t\t\t<div class=\"elementor-widget-container\">\n\t\t\t\t\t\t\t\t\t\t\t\t\t\t\t<img decoding=\"async\" width=\"376\" height=\"376\" src=\"https:\/\/natoura.si\/wp-content\/uploads\/2022\/09\/ZOO.gif\" class=\"attachment-large size-large wp-image-9020\" alt=\"\" \/>\t\t\t\t\t\t\t\t\t\t\t\t\t\t\t<\/div>\n\t\t\t\t<\/div>\n\t\t\t\t\t<\/div>\n\t\t<\/div>\n\t\t\t\t<div class=\"elementor-column elementor-col-66 elementor-top-column elementor-element elementor-element-e86cf22\" data-id=\"e86cf22\" data-element_type=\"column\" data-e-type=\"column\">\n\t\t\t<div class=\"elementor-widget-wrap elementor-element-populated\">\n\t\t\t\t\t\t<div class=\"elementor-element elementor-element-b9f7bf1 elementor-widget elementor-widget-text-editor\" data-id=\"b9f7bf1\" data-element_type=\"widget\" data-e-type=\"widget\" data-widget_type=\"text-editor.default\">\n\t\t\t\t<div class=\"elementor-widget-container\">\n\t\t\t\t\t\t\t\t\t<p><span style=\"color: #ffffff;\">Po zajtrku bo sledila vo\u017enja do m\u00fcnchenskega \u017eivalskega vrta Hellabrun, ki se nahaja v 40 ha velikem parku in je organiziran tako, da ve\u010dina \u017eivali \u017eivi prosto v ograjenih prostorih glede na njihov geografski izvor. V ve\u010d kot stoletni tradiciji so si prislu\u017eili naziv enega najbolj\u0161ih \u017eivalskih vrtov v Evropi, v katerem \u017eivi skoraj 20.000 \u017eivali, ki predstavljajo skoraj 800 \u017eivalskih vrst. Po ogledu se bomo zgodaj popoldan odpravili proti domu in v Ljubljano prispeli v ve\u010dernih urah.<\/span><\/p>\t\t\t\t\t\t\t\t<\/div>\n\t\t\t\t<\/div>\n\t\t\t\t\t<\/div>\n\t\t<\/div>\n\t\t\t\t\t<\/div>\n\t\t<\/section>\n\t\t\t\t<section class=\"elementor-section elementor-top-section elementor-element elementor-element-b82a39f elementor-section-boxed elementor-section-height-default elementor-section-height-default\" data-id=\"b82a39f\" data-element_type=\"section\" data-e-type=\"section\">\n\t\t\t\t\t\t<div class=\"elementor-container elementor-column-gap-default\">\n\t\t\t\t\t<div class=\"elementor-column elementor-col-100 elementor-top-column elementor-element elementor-element-a036de3\" data-id=\"a036de3\" data-element_type=\"column\" data-e-type=\"column\">\n\t\t\t<div class=\"elementor-widget-wrap elementor-element-populated\">\n\t\t\t\t\t\t<div class=\"elementor-element elementor-element-ec3f929 elementor-widget elementor-widget-text-editor\" data-id=\"ec3f929\" data-element_type=\"widget\" data-e-type=\"widget\" data-widget_type=\"text-editor.default\">\n\t\t\t\t<div class=\"elementor-widget-container\">\n\t\t\t\t\t\t\t\t\t<p><span style=\"color: #f56450;\">PODROBNEJ\u0160E INFORMACIJE O IZLETU BOSTE PRIJAVLJENI PREJELI PO ELEKTRONSKI PO\u0160TI NEKAJ DNI PRED ODHODOM.<\/span><\/p><div id=\"kpm-root\" class=\"kpm_LTR\">\u00a0<\/div>\t\t\t\t\t\t\t\t<\/div>\n\t\t\t\t<\/div>\n\t\t\t\t\t<\/div>\n\t\t<\/div>\n\t\t\t\t\t<\/div>\n\t\t<\/section>\n\t\t\t\t<section class=\"elementor-section elementor-top-section elementor-element elementor-element-5ffab85 elementor-section-boxed elementor-section-height-default elementor-section-height-default\" data-id=\"5ffab85\" data-element_type=\"section\" data-e-type=\"section\">\n\t\t\t\t\t\t<div class=\"elementor-container elementor-column-gap-default\">\n\t\t\t\t\t<div class=\"elementor-column elementor-col-100 elementor-top-column elementor-element elementor-element-7b795d5\" data-id=\"7b795d5\" data-element_type=\"column\" data-e-type=\"column\">\n\t\t\t<div class=\"elementor-widget-wrap elementor-element-populated\">\n\t\t\t\t\t\t<div class=\"elementor-element elementor-element-e70fe8c elementor-widget elementor-widget-text-editor\" data-id=\"e70fe8c\" data-element_type=\"widget\" data-e-type=\"widget\" data-widget_type=\"text-editor.default\">\n\t\t\t\t<div class=\"elementor-widget-container\">\n\t\t\t\t\t\t\t\t\t<p class=\"translation-block\"><span style=\"color: #ffffff\"><a style=\"color: #ffffff\" href=\"https:\/\/natoura.si\/en\/splosni-pogoji-poslovanja\/\" target=\"_self\">The general terms and conditions are an integral part of the program. They are available on the website https:\/\/natoura.si.<\/span><\/p><p><span style=\"color: #ffffff;\"><span style=\"font-family: Poppins;\"><span style=\"color: #ffffff;\">Organizator in izv<\/span>ajalec izleta: \u00a9 naTOURa, Janja Benedik, s. p., <\/span><span style=\"font-family: Poppins;\">2022.<\/span><\/span><\/p><div id=\"kpm-root\" class=\"kpm_LTR\">\u00a0<\/div>\t\t\t\t\t\t\t\t<\/div>\n\t\t\t\t<\/div>\n\t\t\t\t\t<\/div>\n\t\t<\/div>\n\t\t\t\t\t<\/div>\n\t\t<\/section>\n\t\t\t\t<\/div>","protected":false},"excerpt":{"rendered":"<p>Zgodaj zjutraj odhod iz Ljubljane. Prvi postanek bona gradu Hohenwerfen pribli\u017eno 40 km pred Salzburgom nad dolino reke Salzach. Velja za enega najlep\u0161ih avstrijskih gradov.Tour Details<\/p>","protected":false},"author":1,"featured_media":9015,"parent":0,"menu_order":0,"comment_status":"closed","ping_status":"closed","template":"","meta":{"footnotes":""},"class_list":["post-9014","page","type-page","status-publish","has-post-thumbnail","hentry"],"_links":{"self":[{"href":"https:\/\/natoura.si\/en\/wp-json\/wp\/v2\/pages\/9014","targetHints":{"allow":["GET"]}}],"collection":[{"href":"https:\/\/natoura.si\/en\/wp-json\/wp\/v2\/pages"}],"about":[{"href":"https:\/\/natoura.si\/en\/wp-json\/wp\/v2\/types\/page"}],"author":[{"embeddable":true,"href":"https:\/\/natoura.si\/en\/wp-json\/wp\/v2\/users\/1"}],"replies":[{"embeddable":true,"href":"https:\/\/natoura.si\/en\/wp-json\/wp\/v2\/comments?post=9014"}],"version-history":[{"count":7,"href":"https:\/\/natoura.si\/en\/wp-json\/wp\/v2\/pages\/9014\/revisions"}],"predecessor-version":[{"id":9026,"href":"https:\/\/natoura.si\/en\/wp-json\/wp\/v2\/pages\/9014\/revisions\/9026"}],"wp:featuredmedia":[{"embeddable":true,"href":"https:\/\/natoura.si\/en\/wp-json\/wp\/v2\/media\/9015"}],"wp:attachment":[{"href":"https:\/\/natoura.si\/en\/wp-json\/wp\/v2\/media?parent=9014"}],"curies":[{"name":"wp","href":"https:\/\/api.w.org\/{rel}","templated":true}]}}