{"id":8908,"date":"2022-08-23T09:01:57","date_gmt":"2022-08-23T09:01:57","guid":{"rendered":"https:\/\/natoura.si\/?page_id=8908"},"modified":"2022-08-23T10:09:55","modified_gmt":"2022-08-23T10:09:55","slug":"odpoved-potovanja","status":"publish","type":"page","link":"https:\/\/natoura.si\/en\/odpoved-potovanja\/","title":{"rendered":"Odpoved potovanja"},"content":{"rendered":"\t\t<div data-elementor-type=\"wp-page\" data-elementor-id=\"8908\" class=\"elementor elementor-8908\" data-elementor-post-type=\"page\">\n\t\t\t\t\t\t<section class=\"elementor-section elementor-top-section elementor-element elementor-element-e323fd5 elementor-section-boxed elementor-section-height-default elementor-section-height-default\" data-id=\"e323fd5\" data-element_type=\"section\" data-e-type=\"section\">\n\t\t\t\t\t\t<div class=\"elementor-container elementor-column-gap-default\">\n\t\t\t\t\t<div class=\"elementor-column elementor-col-100 elementor-top-column elementor-element elementor-element-4590762\" data-id=\"4590762\" data-element_type=\"column\" data-e-type=\"column\">\n\t\t\t<div class=\"elementor-widget-wrap elementor-element-populated\">\n\t\t\t\t\t\t<div class=\"elementor-element elementor-element-3fca472 elementor-button-align-center elementor-widget__width-auto elementor-widget elementor-widget-form\" data-id=\"3fca472\" data-element_type=\"widget\" data-e-type=\"widget\" data-settings=\"{&quot;step_next_label&quot;:&quot;Naprej&quot;,&quot;step_previous_label&quot;:&quot;Nazaj&quot;,&quot;step_type&quot;:&quot;none&quot;,&quot;button_width&quot;:&quot;100&quot;,&quot;step_icon_shape&quot;:&quot;circle&quot;}\" data-widget_type=\"form.default\">\n\t\t\t\t<div class=\"elementor-widget-container\">\n\t\t\t\t\t\t\t<form class=\"elementor-form\" method=\"post\" name=\"natour07\" aria-label=\"natour07\">\n\t\t\t<input type=\"hidden\" name=\"post_id\" value=\"8908\"\/>\n\t\t\t<input type=\"hidden\" name=\"form_id\" value=\"3fca472\"\/>\n\t\t\t<input type=\"hidden\" name=\"referer_title\" value=\"\" \/>\n\n\t\t\t\n\t\t\t<div class=\"elementor-form-fields-wrapper elementor-labels-above\">\n\t\t\t\t\t\t\t\t<div class=\"elementor-field-type-textarea elementor-field-group elementor-column elementor-field-group-field_beaa343 elementor-col-100\">\n\t\t\t\t\t<textarea class=\"elementor-field-textual elementor-field  elementor-size-sm\" name=\"form_fields[field_beaa343]\" id=\"form-field-field_beaa343\" rows=\"4\" placeholder=\"Bodite pozorni, da vna\u0161ate podatke, ki so enaki kot v uradnih dokumentih. Preverite pravilnost vne\u0161enih podatkov. Izpolnite vsa obvezna polja, ozna\u010dena z zvezdico. Dokazilo o uspe\u0161no poslani odpovedi je prejeta kopija odpovedi na elektronski naslov, ki ste ga vpisali. Za ve\u010d informacij o odpovedi si preberite Splo\u0161ne pogoje poslovanja, ki jih najdete na dnu strani ali pi\u0161ite na info@natoura.si.\"><\/textarea>\t\t\t\t<\/div>\n\t\t\t\t\t\t\t\t<div class=\"elementor-field-type-text elementor-field-group elementor-column elementor-field-group-field_4dd763e elementor-col-100\">\n\t\t\t\t\t\t\t\t\t\t\t\t<label for=\"form-field-field_4dd763e\" class=\"elementor-field-label\">\n\t\t\t\t\t\t\t\tNAZIV POTOVANJA\t\t\t\t\t\t\t<\/label>\n\t\t\t\t\t\t\t\t\t\t\t\t\t\t<input size=\"1\" type=\"text\" name=\"form_fields[field_4dd763e]\" id=\"form-field-field_4dd763e\" class=\"elementor-field elementor-size-sm  elementor-field-textual\" placeholder=\"Vpi\u0161ite naziv potovanja\">\n\t\t\t\t\t\t\t\t\t\t\t<\/div>\n\t\t\t\t\t\t\t\t<div class=\"elementor-field-type-text elementor-field-group elementor-column elementor-field-group-field_1ee72de elementor-col-100\">\n\t\t\t\t\t\t\t\t\t\t\t\t<label for=\"form-field-field_1ee72de\" class=\"elementor-field-label\">\n\t\t\t\t\t\t\t\tDATUM POTOVANJA\t\t\t\t\t\t\t<\/label>\n\t\t\t\t\t\t\t\t\t\t\t\t\t\t<input size=\"1\" type=\"text\" name=\"form_fields[field_1ee72de]\" id=\"form-field-field_1ee72de\" class=\"elementor-field elementor-size-sm  elementor-field-textual\" placeholder=\"Vpi\u0161ite datum potovanja\">\n\t\t\t\t\t\t\t\t\t\t\t<\/div>\n\t\t\t\t\t\t\t\t<div class=\"elementor-field-type-text elementor-field-group elementor-column elementor-field-group-field_753c01b elementor-col-100\">\n\t\t\t\t\t\t\t\t\t\t\t\t\t<input size=\"1\" type=\"text\" name=\"form_fields[field_753c01b]\" id=\"form-field-field_753c01b\" class=\"elementor-field elementor-size-sm  elementor-field-textual\" placeholder=\"OSEBNI PODATKI\">\n\t\t\t\t\t\t\t\t\t\t\t<\/div>\n\t\t\t\t\t\t\t\t<div class=\"elementor-field-type-text elementor-field-group elementor-column elementor-field-group-name elementor-col-50 elementor-field-required elementor-mark-required\">\n\t\t\t\t\t\t\t\t\t\t\t\t<label for=\"form-field-name\" class=\"elementor-field-label\">\n\t\t\t\t\t\t\t\tIme in priimek podpisnika pogodbe in pla\u010dnika aran\u017emaja\t\t\t\t\t\t\t<\/label>\n\t\t\t\t\t\t\t\t\t\t\t\t\t\t<input size=\"1\" type=\"text\" name=\"form_fields[name]\" id=\"form-field-name\" class=\"elementor-field elementor-size-sm  elementor-field-textual\" placeholder=\"Ime in priimek\" required=\"required\">\n\t\t\t\t\t\t\t\t\t\t\t<\/div>\n\t\t\t\t\t\t\t\t<div class=\"elementor-field-type-email elementor-field-group elementor-column elementor-field-group-email elementor-col-50 elementor-field-required elementor-mark-required\">\n\t\t\t\t\t\t\t\t\t\t\t\t<label for=\"form-field-email\" class=\"elementor-field-label\">\n\t\t\t\t\t\t\t\tElektronski naslov\t\t\t\t\t\t\t<\/label>\n\t\t\t\t\t\t\t\t\t\t\t\t\t\t<input size=\"1\" type=\"email\" name=\"form_fields[email]\" id=\"form-field-email\" class=\"elementor-field elementor-size-sm  elementor-field-textual\" placeholder=\"Elektronski naslov\" required=\"required\">\n\t\t\t\t\t\t\t\t\t\t\t<\/div>\n\t\t\t\t\t\t\t\t<div class=\"elementor-field-type-text elementor-field-group elementor-column elementor-field-group-field_09685bb elementor-col-100\">\n\t\t\t\t\t\t\t\t\t\t\t\t\t<input size=\"1\" type=\"text\" name=\"form_fields[field_09685bb]\" id=\"form-field-field_09685bb\" class=\"elementor-field elementor-size-sm  elementor-field-textual\" placeholder=\"SOPOTNIKI z enakim naslovom stalnega prebivali\u0161\u010da, za katere se odpoveduje potovanje\">\n\t\t\t\t\t\t\t\t\t\t\t<\/div>\n\t\t\t\t\t\t\t\t<div class=\"elementor-field-type-text elementor-field-group elementor-column elementor-field-group-field_bf20647 elementor-col-50\">\n\t\t\t\t\t\t\t\t\t\t\t\t<label for=\"form-field-field_bf20647\" class=\"elementor-field-label\">\n\t\t\t\t\t\t\t\t1. Ime in priimek\t\t\t\t\t\t\t<\/label>\n\t\t\t\t\t\t\t\t\t\t\t\t\t\t<input size=\"1\" type=\"text\" name=\"form_fields[field_bf20647]\" id=\"form-field-field_bf20647\" class=\"elementor-field elementor-size-sm  elementor-field-textual\" placeholder=\"1. Ime in priimek \">\n\t\t\t\t\t\t\t\t\t\t\t<\/div>\n\t\t\t\t\t\t\t\t<div class=\"elementor-field-type-text elementor-field-group elementor-column elementor-field-group-field_3ae0b2c elementor-col-50\">\n\t\t\t\t\t\t\t\t\t\t\t\t<label for=\"form-field-field_3ae0b2c\" class=\"elementor-field-label\">\n\t\t\t\t\t\t\t\t2. Ime in priimek\t\t\t\t\t\t\t<\/label>\n\t\t\t\t\t\t\t\t\t\t\t\t\t\t<input size=\"1\" type=\"text\" name=\"form_fields[field_3ae0b2c]\" id=\"form-field-field_3ae0b2c\" class=\"elementor-field elementor-size-sm  elementor-field-textual\" placeholder=\"2. Ime in priimek \">\n\t\t\t\t\t\t\t\t\t\t\t<\/div>\n\t\t\t\t\t\t\t\t<div class=\"elementor-field-type-text elementor-field-group elementor-column elementor-field-group-field_d03cafc elementor-col-100 elementor-field-required elementor-mark-required\">\n\t\t\t\t\t\t\t\t\t\t\t\t\t<input size=\"1\" type=\"text\" name=\"form_fields[field_d03cafc]\" id=\"form-field-field_d03cafc\" class=\"elementor-field elementor-size-sm  elementor-field-textual\" placeholder=\"RAZLOG ZA ODPOVED POTOVANJA\" required=\"required\">\n\t\t\t\t\t\t\t\t\t\t\t<\/div>\n\t\t\t\t\t\t\t\t<div class=\"elementor-field-type-text elementor-field-group elementor-column elementor-field-group-field_88fdfe0 elementor-col-100 elementor-field-required elementor-mark-required\">\n\t\t\t\t\t\t\t\t\t\t\t\t\t<input size=\"1\" type=\"text\" name=\"form_fields[field_88fdfe0]\" id=\"form-field-field_88fdfe0\" class=\"elementor-field elementor-size-sm  elementor-field-textual\" placeholder=\"Ozna\u010dite ustrezno:\" required=\"required\">\n\t\t\t\t\t\t\t\t\t\t\t<\/div>\n\t\t\t\t\t\t\t\t<div class=\"elementor-field-type-checkbox elementor-field-group elementor-column elementor-field-group-field_9f23c95 elementor-col-100\">\n\t\t\t\t\t\t\t\t\t\t\t\t<label for=\"form-field-field_9f23c95\" class=\"elementor-field-label\">\n\t\t\t\t\t\t\t\tZdravstvene te\u017eave\t\t\t\t\t\t\t<\/label>\n\t\t\t\t\t\t<div class=\"elementor-field-subgroup  elementor-subgroup-inline\"><span class=\"elementor-field-option\"><input type=\"checkbox\" value=\"bolezen\" id=\"form-field-field_9f23c95-0\" name=\"form_fields[field_9f23c95][]\"> <label for=\"form-field-field_9f23c95-0\">bolezen<\/label><\/span><span class=\"elementor-field-option\"><input type=\"checkbox\" value=\"po\u0161kodba\" id=\"form-field-field_9f23c95-1\" name=\"form_fields[field_9f23c95][]\"> <label for=\"form-field-field_9f23c95-1\">po\u0161kodba<\/label><\/span><span class=\"elementor-field-option\"><input type=\"checkbox\" value=\"hospitalizacija\" id=\"form-field-field_9f23c95-2\" name=\"form_fields[field_9f23c95][]\"> <label for=\"form-field-field_9f23c95-2\">hospitalizacija<\/label><\/span><span class=\"elementor-field-option\"><input type=\"checkbox\" value=\"smrt\" id=\"form-field-field_9f23c95-3\" name=\"form_fields[field_9f23c95][]\"> <label for=\"form-field-field_9f23c95-3\">smrt<\/label><\/span><\/div>\t\t\t\t<\/div>\n\t\t\t\t\t\t\t\t<div class=\"elementor-field-type-checkbox elementor-field-group elementor-column elementor-field-group-field_27961be elementor-col-100\">\n\t\t\t\t\t\t\t\t\t\t\t\t<label for=\"form-field-field_27961be\" class=\"elementor-field-label\">\n\t\t\t\t\t\t\t\tRazlog se nana\u0161a na\t\t\t\t\t\t\t<\/label>\n\t\t\t\t\t\t<div class=\"elementor-field-subgroup  elementor-subgroup-inline\"><span class=\"elementor-field-option\"><input type=\"checkbox\" value=\"zavarovanca\" id=\"form-field-field_27961be-0\" name=\"form_fields[field_27961be][]\"> <label for=\"form-field-field_27961be-0\">zavarovanca<\/label><\/span><span class=\"elementor-field-option\"><input type=\"checkbox\" value=\"partnerja\" id=\"form-field-field_27961be-1\" name=\"form_fields[field_27961be][]\"> <label for=\"form-field-field_27961be-1\">partnerja<\/label><\/span><span class=\"elementor-field-option\"><input type=\"checkbox\" value=\"star\u0161e\" id=\"form-field-field_27961be-2\" name=\"form_fields[field_27961be][]\"> <label for=\"form-field-field_27961be-2\">star\u0161e<\/label><\/span><span class=\"elementor-field-option\"><input type=\"checkbox\" value=\"otroka\" id=\"form-field-field_27961be-3\" name=\"form_fields[field_27961be][]\"> <label for=\"form-field-field_27961be-3\">otroka<\/label><\/span><span class=\"elementor-field-option\"><input type=\"checkbox\" value=\"brata\/sestro\" id=\"form-field-field_27961be-4\" name=\"form_fields[field_27961be][]\"> <label for=\"form-field-field_27961be-4\">brata\/sestro<\/label><\/span><span class=\"elementor-field-option\"><input type=\"checkbox\" value=\"osebo, s katero potujete in je navedena na isti polici.\" id=\"form-field-field_27961be-5\" name=\"form_fields[field_27961be][]\"> <label for=\"form-field-field_27961be-5\">osebo, s katero potujete in je navedena na isti polici.<\/label><\/span><\/div>\t\t\t\t<\/div>\n\t\t\t\t\t\t\t\t<div class=\"elementor-field-type-textarea elementor-field-group elementor-column elementor-field-group-field_2915e34 elementor-col-100 elementor-field-required elementor-mark-required\">\n\t\t\t\t\t\t\t\t\t\t\t\t<label for=\"form-field-field_2915e34\" class=\"elementor-field-label\">\n\t\t\t\t\t\t\t\tDruga oseba: vpi\u0161ite ime, starost in sorodstveno razmerje\t\t\t\t\t\t\t<\/label>\n\t\t\t\t\t\t<textarea class=\"elementor-field-textual elementor-field  elementor-size-sm\" name=\"form_fields[field_2915e34]\" id=\"form-field-field_2915e34\" rows=\"2\" required=\"required\"><\/textarea>\t\t\t\t<\/div>\n\t\t\t\t\t\t\t\t<div class=\"elementor-field-type-checkbox elementor-field-group elementor-column elementor-field-group-field_4b71813 elementor-col-100\">\n\t\t\t\t\t<div class=\"elementor-field-subgroup  \"><span class=\"elementor-field-option\"><input type=\"checkbox\" value=\"Sprememba datuma potovanja, ki mi ne ustreza.\" id=\"form-field-field_4b71813-0\" name=\"form_fields[field_4b71813]\"> <label for=\"form-field-field_4b71813-0\">Sprememba datuma potovanja, ki mi ne ustreza.<\/label><\/span><\/div>\t\t\t\t<\/div>\n\t\t\t\t\t\t\t\t<div class=\"elementor-field-type-text elementor-field-group elementor-column elementor-field-group-field_46da6c4 elementor-col-100\">\n\t\t\t\t\t\t\t\t\t\t\t\t\t<input size=\"1\" type=\"text\" name=\"form_fields[field_46da6c4]\" id=\"form-field-field_46da6c4\" class=\"elementor-field elementor-size-sm  elementor-field-textual\" placeholder=\"UVELJAVITEV ZAVAROVANJA ODPOVEDI POTOVANJA\">\n\t\t\t\t\t\t\t\t\t\t\t<\/div>\n\t\t\t\t\t\t\t\t<div class=\"elementor-field-type-checkbox elementor-field-group elementor-column elementor-field-group-field_d38f1cd elementor-col-100\">\n\t\t\t\t\t\t\t\t\t\t\t\t<label for=\"form-field-field_d38f1cd\" class=\"elementor-field-label\">\n\t\t\t\t\t\t\t\tPreko naTOURa imam sklenjeno Zavarovanje odpovedi potovanja z Zavarovalnico Triglav d. . in ga \u017eelim uveljavljati:\t\t\t\t\t\t\t<\/label>\n\t\t\t\t\t\t<div class=\"elementor-field-subgroup  \"><span class=\"elementor-field-option\"><input type=\"checkbox\" value=\"Da.\" id=\"form-field-field_d38f1cd-0\" name=\"form_fields[field_d38f1cd][]\"> <label for=\"form-field-field_d38f1cd-0\">Da.<\/label><\/span><span class=\"elementor-field-option\"><input type=\"checkbox\" value=\"Ne.\" id=\"form-field-field_d38f1cd-1\" name=\"form_fields[field_d38f1cd][]\"> <label for=\"form-field-field_d38f1cd-1\">Ne.<\/label><\/span><\/div>\t\t\t\t<\/div>\n\t\t\t\t\t\t\t\t<div class=\"elementor-field-type-acceptance elementor-field-group elementor-column elementor-field-group-field_e6c1859 elementor-col-100\">\n\t\t\t\t\t\t\t\t\t\t\t\t<label for=\"form-field-field_e6c1859\" class=\"elementor-field-label\">\n\t\t\t\t\t\t\t\tObvezno ozna\u010di:\t\t\t\t\t\t\t<\/label>\n\t\t\t\t\t\t\t\t<div class=\"elementor-field-subgroup\">\n\t\t\t<span class=\"elementor-field-option\">\n\t\t\t\t<input type=\"checkbox\" name=\"form_fields[field_e6c1859]\" id=\"form-field-field_e6c1859\" class=\"elementor-field elementor-size-sm  elementor-acceptance-field\">\n\t\t\t\t<label for=\"form-field-field_e6c1859\">Potrjujem to\u010dnost zgoraj navedenih podatkov in se zavedam vseh posledic, ki jih prina\u0161a odpoved potovanja.<\/label>\t\t\t<\/span>\n\t\t<\/div>\n\t\t\t\t\t\t<\/div>\n\t\t\t\t\t\t\t\t<div class=\"elementor-field-group elementor-column elementor-field-type-submit elementor-col-100 e-form__buttons\">\n\t\t\t\t\t<button class=\"elementor-button elementor-size-md\" type=\"submit\">\n\t\t\t\t\t\t<span class=\"elementor-button-content-wrapper\">\n\t\t\t\t\t\t\t\t\t\t\t\t\t\t\t<span class=\"elementor-button-icon\">\n\t\t\t\t\t\t\t\t\t<i aria-hidden=\"true\" class=\"far fa-paper-plane\"><\/i>\t\t\t\t\t\t\t\t\t\t\t\t\t\t\t\t\t<\/span>\n\t\t\t\t\t\t\t\t\t\t\t\t\t\t\t\t\t\t\t\t\t\t<span class=\"elementor-button-text\"> PO\u0160LJI<\/span>\n\t\t\t\t\t\t\t\t\t\t\t\t\t<\/span>\n\t\t\t\t\t<\/button>\n\t\t\t\t<\/div>\n\t\t\t<\/div>\n\t\t<\/form>\n\t\t\t\t\t\t<\/div>\n\t\t\t\t<\/div>\n\t\t\t\t\t<\/div>\n\t\t<\/div>\n\t\t\t\t\t<\/div>\n\t\t<\/section>\n\t\t\t\t<\/div>\n\t\t","protected":false},"excerpt":{"rendered":"","protected":false},"author":1,"featured_media":8909,"parent":0,"menu_order":0,"comment_status":"closed","ping_status":"closed","template":"","meta":{"footnotes":""},"class_list":["post-8908","page","type-page","status-publish","has-post-thumbnail","hentry"],"_links":{"self":[{"href":"https:\/\/natoura.si\/en\/wp-json\/wp\/v2\/pages\/8908","targetHints":{"allow":["GET"]}}],"collection":[{"href":"https:\/\/natoura.si\/en\/wp-json\/wp\/v2\/pages"}],"about":[{"href":"https:\/\/natoura.si\/en\/wp-json\/wp\/v2\/types\/page"}],"author":[{"embeddable":true,"href":"https:\/\/natoura.si\/en\/wp-json\/wp\/v2\/users\/1"}],"replies":[{"embeddable":true,"href":"https:\/\/natoura.si\/en\/wp-json\/wp\/v2\/comments?post=8908"}],"version-history":[{"count":7,"href":"https:\/\/natoura.si\/en\/wp-json\/wp\/v2\/pages\/8908\/revisions"}],"predecessor-version":[{"id":8923,"href":"https:\/\/natoura.si\/en\/wp-json\/wp\/v2\/pages\/8908\/revisions\/8923"}],"wp:featuredmedia":[{"embeddable":true,"href":"https:\/\/natoura.si\/en\/wp-json\/wp\/v2\/media\/8909"}],"wp:attachment":[{"href":"https:\/\/natoura.si\/en\/wp-json\/wp\/v2\/media?parent=8908"}],"curies":[{"name":"wp","href":"https:\/\/api.w.org\/{rel}","templated":true}]}}