{"id":6603,"date":"2021-11-06T21:40:15","date_gmt":"2021-11-06T21:40:15","guid":{"rendered":"https:\/\/natoura.si\/?page_id=6603"},"modified":"2022-07-07T18:00:48","modified_gmt":"2022-07-07T18:00:48","slug":"proti-krasu-6-11-2021","status":"publish","type":"page","link":"https:\/\/natoura.si\/en\/proti-krasu-6-11-2021\/","title":{"rendered":"Proti Krasu: 6. 11. 2021"},"content":{"rendered":"<div data-elementor-type=\"wp-page\" data-elementor-id=\"6603\" class=\"elementor elementor-6603\" data-elementor-post-type=\"page\">\n\t\t\t\t\t\t<section class=\"elementor-section elementor-top-section elementor-element elementor-element-f7c76cf elementor-section-boxed elementor-section-height-default elementor-section-height-default\" data-id=\"f7c76cf\" data-element_type=\"section\" data-e-type=\"section\">\n\t\t\t\t\t\t<div class=\"elementor-container elementor-column-gap-default\">\n\t\t\t\t\t<div class=\"elementor-column elementor-col-100 elementor-top-column elementor-element elementor-element-3833de9\" data-id=\"3833de9\" data-element_type=\"column\" data-e-type=\"column\">\n\t\t\t<div class=\"elementor-widget-wrap elementor-element-populated\">\n\t\t\t\t\t\t<div class=\"elementor-element elementor-element-45bd8f5 elementor-widget elementor-widget-text-editor\" data-id=\"45bd8f5\" data-element_type=\"widget\" data-e-type=\"widget\" data-widget_type=\"text-editor.default\">\n\t\t\t\t<div class=\"elementor-widget-container\">\n\t\t\t\t\t\t\t\t\t<p style=\"text-align: center;\"><span style=\"color: #ffffff;\">Kras je lep v vsakem letnem \u010dasu, jeseni pa za\u010dne \u017eareti v toplih barvah in nas vabi, da ga obi\u0161\u010demo. Tokrat smo odkrivali del\u010dek kra\u0161kega sveta, ki je morda \u0161e vedno vsaj malo zavit v skrivnost.<\/span><\/p>\t\t\t\t\t\t\t\t<\/div>\n\t\t\t\t<\/div>\n\t\t\t\t\t<\/div>\n\t\t<\/div>\n\t\t\t\t\t<\/div>\n\t\t<\/section>\n\t\t\t\t<section class=\"elementor-section elementor-top-section elementor-element elementor-element-b53868b elementor-section-boxed elementor-section-height-default elementor-section-height-default\" data-id=\"b53868b\" data-element_type=\"section\" data-e-type=\"section\">\n\t\t\t\t\t\t<div class=\"elementor-container elementor-column-gap-default\">\n\t\t\t\t\t<div class=\"elementor-column elementor-col-100 elementor-top-column elementor-element elementor-element-b870cda\" data-id=\"b870cda\" data-element_type=\"column\" data-e-type=\"column\">\n\t\t\t<div class=\"elementor-widget-wrap elementor-element-populated\">\n\t\t\t\t\t\t<div class=\"elementor-element elementor-element-ce49233 elementor-widget elementor-widget-gallery\" data-id=\"ce49233\" data-element_type=\"widget\" data-e-type=\"widget\" data-settings=\"{&quot;columns&quot;:3,&quot;gallery_layout&quot;:&quot;grid&quot;,&quot;columns_tablet&quot;:2,&quot;columns_mobile&quot;:1,&quot;gap&quot;:{&quot;unit&quot;:&quot;px&quot;,&quot;size&quot;:10,&quot;sizes&quot;:[]},&quot;gap_tablet&quot;:{&quot;unit&quot;:&quot;px&quot;,&quot;size&quot;:10,&quot;sizes&quot;:[]},&quot;gap_mobile&quot;:{&quot;unit&quot;:&quot;px&quot;,&quot;size&quot;:10,&quot;sizes&quot;:[]},&quot;link_to&quot;:&quot;file&quot;,&quot;aspect_ratio&quot;:&quot;3:2&quot;,&quot;overlay_background&quot;:&quot;yes&quot;,&quot;content_hover_animation&quot;:&quot;fade-in&quot;}\" data-widget_type=\"gallery.default\">\n\t\t\t\t<div class=\"elementor-widget-container\">\n\t\t\t\t\t\t\t<div class=\"elementor-gallery__container\">\n\t\t\t\t\t\t\t<a class=\"e-gallery-item elementor-gallery-item elementor-animated-content\" href=\"https:\/\/natoura.si\/wp-content\/uploads\/2021\/11\/IMG_4256.gif\" data-elementor-open-lightbox=\"yes\" data-elementor-lightbox-slideshow=\"ce49233\" data-elementor-lightbox-title=\"IMG_4256\" data-e-action-hash=\"#elementor-action%3Aaction%3Dlightbox%26settings%3DeyJpZCI6NjYwNSwidXJsIjoiaHR0cHM6XC9cL25hdG91cmEuc2lcL3dwLWNvbnRlbnRcL3VwbG9hZHNcLzIwMjFcLzExXC9JTUdfNDI1Ni5naWYiLCJzbGlkZXNob3ciOiJjZTQ5MjMzIn0%3D\">\n\t\t\t\t\t<div class=\"e-gallery-image elementor-gallery-item__image\" data-thumbnail=\"https:\/\/natoura.si\/wp-content\/uploads\/2021\/11\/IMG_4256-768x512.gif\" data-width=\"768\" data-height=\"512\" aria-label=\"\" role=\"img\" ><\/div>\n\t\t\t\t\t\t\t\t\t\t\t<div class=\"elementor-gallery-item__overlay\"><\/div>\n\t\t\t\t\t\t\t\t\t\t\t\t\t\t<\/a>\n\t\t\t\t\t\t\t<a class=\"e-gallery-item elementor-gallery-item elementor-animated-content\" href=\"https:\/\/natoura.si\/wp-content\/uploads\/2021\/11\/IMG_8693.gif\" data-elementor-open-lightbox=\"yes\" data-elementor-lightbox-slideshow=\"ce49233\" data-elementor-lightbox-title=\"IMG_8693\" data-e-action-hash=\"#elementor-action%3Aaction%3Dlightbox%26settings%3DeyJpZCI6NjYwNiwidXJsIjoiaHR0cHM6XC9cL25hdG91cmEuc2lcL3dwLWNvbnRlbnRcL3VwbG9hZHNcLzIwMjFcLzExXC9JTUdfODY5My5naWYiLCJzbGlkZXNob3ciOiJjZTQ5MjMzIn0%3D\">\n\t\t\t\t\t<div class=\"e-gallery-image elementor-gallery-item__image\" data-thumbnail=\"https:\/\/natoura.si\/wp-content\/uploads\/2021\/11\/IMG_8693-768x512.gif\" data-width=\"768\" data-height=\"512\" aria-label=\"\" role=\"img\" ><\/div>\n\t\t\t\t\t\t\t\t\t\t\t<div class=\"elementor-gallery-item__overlay\"><\/div>\n\t\t\t\t\t\t\t\t\t\t\t\t\t\t<\/a>\n\t\t\t\t\t\t\t<a class=\"e-gallery-item elementor-gallery-item elementor-animated-content\" href=\"https:\/\/natoura.si\/wp-content\/uploads\/2021\/11\/IMG_8694.gif\" data-elementor-open-lightbox=\"yes\" data-elementor-lightbox-slideshow=\"ce49233\" data-elementor-lightbox-title=\"IMG_8694\" data-e-action-hash=\"#elementor-action%3Aaction%3Dlightbox%26settings%3DeyJpZCI6NjYwNywidXJsIjoiaHR0cHM6XC9cL25hdG91cmEuc2lcL3dwLWNvbnRlbnRcL3VwbG9hZHNcLzIwMjFcLzExXC9JTUdfODY5NC5naWYiLCJzbGlkZXNob3ciOiJjZTQ5MjMzIn0%3D\">\n\t\t\t\t\t<div class=\"e-gallery-image elementor-gallery-item__image\" data-thumbnail=\"https:\/\/natoura.si\/wp-content\/uploads\/2021\/11\/IMG_8694-768x512.gif\" data-width=\"768\" data-height=\"512\" aria-label=\"\" role=\"img\" ><\/div>\n\t\t\t\t\t\t\t\t\t\t\t<div class=\"elementor-gallery-item__overlay\"><\/div>\n\t\t\t\t\t\t\t\t\t\t\t\t\t\t<\/a>\n\t\t\t\t\t\t\t<a class=\"e-gallery-item elementor-gallery-item elementor-animated-content\" href=\"https:\/\/natoura.si\/wp-content\/uploads\/2021\/11\/IMG_8695.gif\" data-elementor-open-lightbox=\"yes\" data-elementor-lightbox-slideshow=\"ce49233\" data-elementor-lightbox-title=\"IMG_8695\" data-e-action-hash=\"#elementor-action%3Aaction%3Dlightbox%26settings%3DeyJpZCI6NjYwOCwidXJsIjoiaHR0cHM6XC9cL25hdG91cmEuc2lcL3dwLWNvbnRlbnRcL3VwbG9hZHNcLzIwMjFcLzExXC9JTUdfODY5NS5naWYiLCJzbGlkZXNob3ciOiJjZTQ5MjMzIn0%3D\">\n\t\t\t\t\t<div class=\"e-gallery-image elementor-gallery-item__image\" data-thumbnail=\"https:\/\/natoura.si\/wp-content\/uploads\/2021\/11\/IMG_8695-768x512.gif\" data-width=\"768\" data-height=\"512\" aria-label=\"\" role=\"img\" ><\/div>\n\t\t\t\t\t\t\t\t\t\t\t<div class=\"elementor-gallery-item__overlay\"><\/div>\n\t\t\t\t\t\t\t\t\t\t\t\t\t\t<\/a>\n\t\t\t\t\t\t\t<a class=\"e-gallery-item elementor-gallery-item elementor-animated-content\" href=\"https:\/\/natoura.si\/wp-content\/uploads\/2021\/11\/IMG_8699.gif\" data-elementor-open-lightbox=\"yes\" data-elementor-lightbox-slideshow=\"ce49233\" data-elementor-lightbox-title=\"IMG_8699\" data-e-action-hash=\"#elementor-action%3Aaction%3Dlightbox%26settings%3DeyJpZCI6NjYwOSwidXJsIjoiaHR0cHM6XC9cL25hdG91cmEuc2lcL3dwLWNvbnRlbnRcL3VwbG9hZHNcLzIwMjFcLzExXC9JTUdfODY5OS5naWYiLCJzbGlkZXNob3ciOiJjZTQ5MjMzIn0%3D\">\n\t\t\t\t\t<div class=\"e-gallery-image elementor-gallery-item__image\" data-thumbnail=\"https:\/\/natoura.si\/wp-content\/uploads\/2021\/11\/IMG_8699-768x512.gif\" data-width=\"768\" data-height=\"512\" aria-label=\"\" role=\"img\" ><\/div>\n\t\t\t\t\t\t\t\t\t\t\t<div class=\"elementor-gallery-item__overlay\"><\/div>\n\t\t\t\t\t\t\t\t\t\t\t\t\t\t<\/a>\n\t\t\t\t\t\t\t<a class=\"e-gallery-item elementor-gallery-item elementor-animated-content\" href=\"https:\/\/natoura.si\/wp-content\/uploads\/2021\/11\/IMG_8704.gif\" data-elementor-open-lightbox=\"yes\" data-elementor-lightbox-slideshow=\"ce49233\" data-elementor-lightbox-title=\"IMG_8704\" data-e-action-hash=\"#elementor-action%3Aaction%3Dlightbox%26settings%3DeyJpZCI6NjYxMCwidXJsIjoiaHR0cHM6XC9cL25hdG91cmEuc2lcL3dwLWNvbnRlbnRcL3VwbG9hZHNcLzIwMjFcLzExXC9JTUdfODcwNC5naWYiLCJzbGlkZXNob3ciOiJjZTQ5MjMzIn0%3D\">\n\t\t\t\t\t<div class=\"e-gallery-image elementor-gallery-item__image\" data-thumbnail=\"https:\/\/natoura.si\/wp-content\/uploads\/2021\/11\/IMG_8704-768x512.gif\" data-width=\"768\" data-height=\"512\" aria-label=\"\" role=\"img\" ><\/div>\n\t\t\t\t\t\t\t\t\t\t\t<div class=\"elementor-gallery-item__overlay\"><\/div>\n\t\t\t\t\t\t\t\t\t\t\t\t\t\t<\/a>\n\t\t\t\t\t\t\t<a class=\"e-gallery-item elementor-gallery-item elementor-animated-content\" href=\"https:\/\/natoura.si\/wp-content\/uploads\/2021\/11\/IMG_8706.gif\" data-elementor-open-lightbox=\"yes\" data-elementor-lightbox-slideshow=\"ce49233\" data-elementor-lightbox-title=\"IMG_8706\" data-e-action-hash=\"#elementor-action%3Aaction%3Dlightbox%26settings%3DeyJpZCI6NjYxMSwidXJsIjoiaHR0cHM6XC9cL25hdG91cmEuc2lcL3dwLWNvbnRlbnRcL3VwbG9hZHNcLzIwMjFcLzExXC9JTUdfODcwNi5naWYiLCJzbGlkZXNob3ciOiJjZTQ5MjMzIn0%3D\">\n\t\t\t\t\t<div class=\"e-gallery-image elementor-gallery-item__image\" data-thumbnail=\"https:\/\/natoura.si\/wp-content\/uploads\/2021\/11\/IMG_8706-768x512.gif\" data-width=\"768\" data-height=\"512\" aria-label=\"\" role=\"img\" ><\/div>\n\t\t\t\t\t\t\t\t\t\t\t<div class=\"elementor-gallery-item__overlay\"><\/div>\n\t\t\t\t\t\t\t\t\t\t\t\t\t\t<\/a>\n\t\t\t\t\t\t\t<a class=\"e-gallery-item elementor-gallery-item elementor-animated-content\" href=\"https:\/\/natoura.si\/wp-content\/uploads\/2021\/11\/IMG_8726.gif\" data-elementor-open-lightbox=\"yes\" data-elementor-lightbox-slideshow=\"ce49233\" data-elementor-lightbox-title=\"IMG_8726\" data-e-action-hash=\"#elementor-action%3Aaction%3Dlightbox%26settings%3DeyJpZCI6NjYxMiwidXJsIjoiaHR0cHM6XC9cL25hdG91cmEuc2lcL3dwLWNvbnRlbnRcL3VwbG9hZHNcLzIwMjFcLzExXC9JTUdfODcyNi5naWYiLCJzbGlkZXNob3ciOiJjZTQ5MjMzIn0%3D\">\n\t\t\t\t\t<div class=\"e-gallery-image elementor-gallery-item__image\" data-thumbnail=\"https:\/\/natoura.si\/wp-content\/uploads\/2021\/11\/IMG_8726-768x512.gif\" data-width=\"768\" data-height=\"512\" aria-label=\"\" role=\"img\" ><\/div>\n\t\t\t\t\t\t\t\t\t\t\t<div class=\"elementor-gallery-item__overlay\"><\/div>\n\t\t\t\t\t\t\t\t\t\t\t\t\t\t<\/a>\n\t\t\t\t\t\t\t<a class=\"e-gallery-item elementor-gallery-item elementor-animated-content\" href=\"https:\/\/natoura.si\/wp-content\/uploads\/2021\/11\/IMG_8738.gif\" data-elementor-open-lightbox=\"yes\" data-elementor-lightbox-slideshow=\"ce49233\" data-elementor-lightbox-title=\"IMG_8738\" data-e-action-hash=\"#elementor-action%3Aaction%3Dlightbox%26settings%3DeyJpZCI6NjYxMywidXJsIjoiaHR0cHM6XC9cL25hdG91cmEuc2lcL3dwLWNvbnRlbnRcL3VwbG9hZHNcLzIwMjFcLzExXC9JTUdfODczOC5naWYiLCJzbGlkZXNob3ciOiJjZTQ5MjMzIn0%3D\">\n\t\t\t\t\t<div class=\"e-gallery-image elementor-gallery-item__image\" data-thumbnail=\"https:\/\/natoura.si\/wp-content\/uploads\/2021\/11\/IMG_8738-768x512.gif\" data-width=\"768\" data-height=\"512\" aria-label=\"\" role=\"img\" ><\/div>\n\t\t\t\t\t\t\t\t\t\t\t<div class=\"elementor-gallery-item__overlay\"><\/div>\n\t\t\t\t\t\t\t\t\t\t\t\t\t\t<\/a>\n\t\t\t\t\t\t\t<a class=\"e-gallery-item elementor-gallery-item elementor-animated-content\" href=\"https:\/\/natoura.si\/wp-content\/uploads\/2021\/11\/IMG_8743.gif\" data-elementor-open-lightbox=\"yes\" data-elementor-lightbox-slideshow=\"ce49233\" data-elementor-lightbox-title=\"IMG_8743\" data-e-action-hash=\"#elementor-action%3Aaction%3Dlightbox%26settings%3DeyJpZCI6NjYxNCwidXJsIjoiaHR0cHM6XC9cL25hdG91cmEuc2lcL3dwLWNvbnRlbnRcL3VwbG9hZHNcLzIwMjFcLzExXC9JTUdfODc0My5naWYiLCJzbGlkZXNob3ciOiJjZTQ5MjMzIn0%3D\">\n\t\t\t\t\t<div class=\"e-gallery-image elementor-gallery-item__image\" data-thumbnail=\"https:\/\/natoura.si\/wp-content\/uploads\/2021\/11\/IMG_8743-768x512.gif\" data-width=\"768\" data-height=\"512\" aria-label=\"\" role=\"img\" ><\/div>\n\t\t\t\t\t\t\t\t\t\t\t<div class=\"elementor-gallery-item__overlay\"><\/div>\n\t\t\t\t\t\t\t\t\t\t\t\t\t\t<\/a>\n\t\t\t\t\t<\/div>\n\t\t\t\t\t<\/div>\n\t\t\t\t<\/div>\n\t\t\t\t\t<\/div>\n\t\t<\/div>\n\t\t\t\t\t<\/div>\n\t\t<\/section>\n\t\t\t\t<\/div>","protected":false},"excerpt":{"rendered":"<p>Kras je lep v vsakem letnem \u010dasu, jeseni pa za\u010dne \u017eareti v toplih barvah in nas vabi, da ga obi\u0161\u010demo. Tokrat smo odkrivali del\u010dek kra\u0161kegaTour Details<\/p>","protected":false},"author":1,"featured_media":6009,"parent":0,"menu_order":0,"comment_status":"closed","ping_status":"closed","template":"","meta":{"footnotes":""},"class_list":["post-6603","page","type-page","status-publish","has-post-thumbnail","hentry"],"_links":{"self":[{"href":"https:\/\/natoura.si\/en\/wp-json\/wp\/v2\/pages\/6603","targetHints":{"allow":["GET"]}}],"collection":[{"href":"https:\/\/natoura.si\/en\/wp-json\/wp\/v2\/pages"}],"about":[{"href":"https:\/\/natoura.si\/en\/wp-json\/wp\/v2\/types\/page"}],"author":[{"embeddable":true,"href":"https:\/\/natoura.si\/en\/wp-json\/wp\/v2\/users\/1"}],"replies":[{"embeddable":true,"href":"https:\/\/natoura.si\/en\/wp-json\/wp\/v2\/comments?post=6603"}],"version-history":[{"count":7,"href":"https:\/\/natoura.si\/en\/wp-json\/wp\/v2\/pages\/6603\/revisions"}],"predecessor-version":[{"id":8386,"href":"https:\/\/natoura.si\/en\/wp-json\/wp\/v2\/pages\/6603\/revisions\/8386"}],"wp:featuredmedia":[{"embeddable":true,"href":"https:\/\/natoura.si\/en\/wp-json\/wp\/v2\/media\/6009"}],"wp:attachment":[{"href":"https:\/\/natoura.si\/en\/wp-json\/wp\/v2\/media?parent=6603"}],"curies":[{"name":"wp","href":"https:\/\/api.w.org\/{rel}","templated":true}]}}