{"id":5680,"date":"2021-10-11T05:28:37","date_gmt":"2021-10-11T05:28:37","guid":{"rendered":"https:\/\/natoura.si\/?page_id=5680"},"modified":"2022-07-07T17:43:58","modified_gmt":"2022-07-07T17:43:58","slug":"haloze-19-6-2021","status":"publish","type":"page","link":"https:\/\/natoura.si\/en\/haloze-19-6-2021\/","title":{"rendered":"Haloze: 19. 6. 2021"},"content":{"rendered":"<div data-elementor-type=\"wp-page\" data-elementor-id=\"5680\" class=\"elementor elementor-5680\" data-elementor-post-type=\"page\">\n\t\t\t\t\t\t<section class=\"elementor-section elementor-top-section elementor-element elementor-element-3cbd3c8 elementor-section-boxed elementor-section-height-default elementor-section-height-default\" data-id=\"3cbd3c8\" data-element_type=\"section\" data-e-type=\"section\">\n\t\t\t\t\t\t<div class=\"elementor-container elementor-column-gap-default\">\n\t\t\t\t\t<div class=\"elementor-column elementor-col-100 elementor-top-column elementor-element elementor-element-8784de1\" data-id=\"8784de1\" data-element_type=\"column\" data-e-type=\"column\">\n\t\t\t<div class=\"elementor-widget-wrap elementor-element-populated\">\n\t\t\t\t\t\t<div class=\"elementor-element elementor-element-7c23087 elementor-widget elementor-widget-text-editor\" data-id=\"7c23087\" data-element_type=\"widget\" data-e-type=\"widget\" data-widget_type=\"text-editor.default\">\n\t\t\t\t<div class=\"elementor-widget-container\">\n\t\t\t\t\t\t\t\t\t<p style=\"text-align: center;\"><span style=\"color: #ffffff;\">Ob besedi Haloze verjetno najprej pomislimo na odmaknjen vinorodni svet, kjer za radovednega popotnika ni prav veliko zanimivosti. Pa ne bo dr\u017ealo \u2013 mi smo odkrivali \u0161e en \u010dudovit ko\u0161\u010dek Slovenije.<\/span><\/p>\t\t\t\t\t\t\t\t<\/div>\n\t\t\t\t<\/div>\n\t\t\t\t\t<\/div>\n\t\t<\/div>\n\t\t\t\t\t<\/div>\n\t\t<\/section>\n\t\t\t\t<section class=\"elementor-section elementor-top-section elementor-element elementor-element-9aed435 elementor-section-boxed elementor-section-height-default elementor-section-height-default\" data-id=\"9aed435\" data-element_type=\"section\" data-e-type=\"section\">\n\t\t\t\t\t\t<div class=\"elementor-container elementor-column-gap-default\">\n\t\t\t\t\t<div class=\"elementor-column elementor-col-33 elementor-top-column elementor-element elementor-element-4804513\" data-id=\"4804513\" data-element_type=\"column\" data-e-type=\"column\">\n\t\t\t<div class=\"elementor-widget-wrap elementor-element-populated\">\n\t\t\t\t\t\t<div class=\"elementor-element elementor-element-8ed98fc elementor-widget elementor-widget-image\" data-id=\"8ed98fc\" data-element_type=\"widget\" data-e-type=\"widget\" data-widget_type=\"image.default\">\n\t\t\t\t<div class=\"elementor-widget-container\">\n\t\t\t\t\t\t\t\t\t\t\t\t\t\t\t<img fetchpriority=\"high\" decoding=\"async\" width=\"1024\" height=\"683\" src=\"https:\/\/natoura.si\/wp-content\/uploads\/2021\/10\/IMG_7464-1024x683.gif\" class=\"attachment-large size-large wp-image-5682\" alt=\"\" srcset=\"https:\/\/natoura.si\/wp-content\/uploads\/2021\/10\/IMG_7464-1024x683.gif 1024w, https:\/\/natoura.si\/wp-content\/uploads\/2021\/10\/IMG_7464-300x200.gif 300w, https:\/\/natoura.si\/wp-content\/uploads\/2021\/10\/IMG_7464-768x512.gif 768w\" sizes=\"(max-width: 1024px) 100vw, 1024px\" \/>\t\t\t\t\t\t\t\t\t\t\t\t\t\t\t<\/div>\n\t\t\t\t<\/div>\n\t\t\t\t\t<\/div>\n\t\t<\/div>\n\t\t\t\t<div class=\"elementor-column elementor-col-33 elementor-top-column elementor-element elementor-element-63246ae\" data-id=\"63246ae\" data-element_type=\"column\" data-e-type=\"column\">\n\t\t\t<div class=\"elementor-widget-wrap elementor-element-populated\">\n\t\t\t\t\t\t<div class=\"elementor-element elementor-element-633fde9 elementor-widget elementor-widget-image\" data-id=\"633fde9\" data-element_type=\"widget\" data-e-type=\"widget\" data-widget_type=\"image.default\">\n\t\t\t\t<div class=\"elementor-widget-container\">\n\t\t\t\t\t\t\t\t\t\t\t\t\t\t\t<img decoding=\"async\" width=\"1024\" height=\"683\" src=\"https:\/\/natoura.si\/wp-content\/uploads\/2021\/10\/IMG_7470-1024x683.gif\" class=\"attachment-large size-large wp-image-5683\" alt=\"\" srcset=\"https:\/\/natoura.si\/wp-content\/uploads\/2021\/10\/IMG_7470-1024x683.gif 1024w, https:\/\/natoura.si\/wp-content\/uploads\/2021\/10\/IMG_7470-300x200.gif 300w, https:\/\/natoura.si\/wp-content\/uploads\/2021\/10\/IMG_7470-768x512.gif 768w\" sizes=\"(max-width: 1024px) 100vw, 1024px\" \/>\t\t\t\t\t\t\t\t\t\t\t\t\t\t\t<\/div>\n\t\t\t\t<\/div>\n\t\t\t\t\t<\/div>\n\t\t<\/div>\n\t\t\t\t<div class=\"elementor-column elementor-col-33 elementor-top-column elementor-element elementor-element-bdd6ccc\" data-id=\"bdd6ccc\" data-element_type=\"column\" data-e-type=\"column\">\n\t\t\t<div class=\"elementor-widget-wrap elementor-element-populated\">\n\t\t\t\t\t\t<div class=\"elementor-element elementor-element-57f6f34 elementor-widget elementor-widget-image\" data-id=\"57f6f34\" data-element_type=\"widget\" data-e-type=\"widget\" data-widget_type=\"image.default\">\n\t\t\t\t<div class=\"elementor-widget-container\">\n\t\t\t\t\t\t\t\t\t\t\t\t\t\t\t<img decoding=\"async\" width=\"1024\" height=\"683\" src=\"https:\/\/natoura.si\/wp-content\/uploads\/2021\/10\/IMG_7478-1024x683.gif\" class=\"attachment-large size-large wp-image-5684\" alt=\"\" srcset=\"https:\/\/natoura.si\/wp-content\/uploads\/2021\/10\/IMG_7478-1024x683.gif 1024w, https:\/\/natoura.si\/wp-content\/uploads\/2021\/10\/IMG_7478-300x200.gif 300w, https:\/\/natoura.si\/wp-content\/uploads\/2021\/10\/IMG_7478-768x512.gif 768w\" sizes=\"(max-width: 1024px) 100vw, 1024px\" \/>\t\t\t\t\t\t\t\t\t\t\t\t\t\t\t<\/div>\n\t\t\t\t<\/div>\n\t\t\t\t\t<\/div>\n\t\t<\/div>\n\t\t\t\t\t<\/div>\n\t\t<\/section>\n\t\t\t\t<section class=\"elementor-section elementor-top-section elementor-element elementor-element-8b410dc elementor-section-boxed elementor-section-height-default elementor-section-height-default\" data-id=\"8b410dc\" data-element_type=\"section\" data-e-type=\"section\">\n\t\t\t\t\t\t<div class=\"elementor-container elementor-column-gap-default\">\n\t\t\t\t\t<div class=\"elementor-column elementor-col-33 elementor-top-column elementor-element elementor-element-ffaed80\" data-id=\"ffaed80\" data-element_type=\"column\" data-e-type=\"column\">\n\t\t\t<div class=\"elementor-widget-wrap elementor-element-populated\">\n\t\t\t\t\t\t<div class=\"elementor-element elementor-element-959aea0 elementor-widget elementor-widget-image\" data-id=\"959aea0\" data-element_type=\"widget\" data-e-type=\"widget\" data-widget_type=\"image.default\">\n\t\t\t\t<div class=\"elementor-widget-container\">\n\t\t\t\t\t\t\t\t\t\t\t\t\t\t\t<img loading=\"lazy\" decoding=\"async\" width=\"1024\" height=\"683\" src=\"https:\/\/natoura.si\/wp-content\/uploads\/2021\/10\/IMG_7484-1024x683.gif\" class=\"attachment-large size-large wp-image-5685\" alt=\"\" srcset=\"https:\/\/natoura.si\/wp-content\/uploads\/2021\/10\/IMG_7484-1024x683.gif 1024w, https:\/\/natoura.si\/wp-content\/uploads\/2021\/10\/IMG_7484-300x200.gif 300w, https:\/\/natoura.si\/wp-content\/uploads\/2021\/10\/IMG_7484-768x512.gif 768w\" sizes=\"(max-width: 1024px) 100vw, 1024px\" \/>\t\t\t\t\t\t\t\t\t\t\t\t\t\t\t<\/div>\n\t\t\t\t<\/div>\n\t\t\t\t\t<\/div>\n\t\t<\/div>\n\t\t\t\t<div class=\"elementor-column elementor-col-33 elementor-top-column elementor-element elementor-element-9297ff3\" data-id=\"9297ff3\" data-element_type=\"column\" data-e-type=\"column\">\n\t\t\t<div class=\"elementor-widget-wrap elementor-element-populated\">\n\t\t\t\t\t\t<div class=\"elementor-element elementor-element-4a581b7 elementor-widget elementor-widget-image\" data-id=\"4a581b7\" data-element_type=\"widget\" data-e-type=\"widget\" data-widget_type=\"image.default\">\n\t\t\t\t<div class=\"elementor-widget-container\">\n\t\t\t\t\t\t\t\t\t\t\t\t\t\t\t<img loading=\"lazy\" decoding=\"async\" width=\"1024\" height=\"683\" src=\"https:\/\/natoura.si\/wp-content\/uploads\/2021\/10\/IMG_7489-1024x683.gif\" class=\"attachment-large size-large wp-image-5686\" alt=\"\" srcset=\"https:\/\/natoura.si\/wp-content\/uploads\/2021\/10\/IMG_7489-1024x683.gif 1024w, https:\/\/natoura.si\/wp-content\/uploads\/2021\/10\/IMG_7489-300x200.gif 300w, https:\/\/natoura.si\/wp-content\/uploads\/2021\/10\/IMG_7489-768x512.gif 768w\" sizes=\"(max-width: 1024px) 100vw, 1024px\" \/>\t\t\t\t\t\t\t\t\t\t\t\t\t\t\t<\/div>\n\t\t\t\t<\/div>\n\t\t\t\t\t<\/div>\n\t\t<\/div>\n\t\t\t\t<div class=\"elementor-column elementor-col-33 elementor-top-column elementor-element elementor-element-8c06df6\" data-id=\"8c06df6\" data-element_type=\"column\" data-e-type=\"column\">\n\t\t\t<div class=\"elementor-widget-wrap elementor-element-populated\">\n\t\t\t\t\t\t<div class=\"elementor-element elementor-element-2dd755f elementor-widget elementor-widget-image\" data-id=\"2dd755f\" data-element_type=\"widget\" data-e-type=\"widget\" data-widget_type=\"image.default\">\n\t\t\t\t<div class=\"elementor-widget-container\">\n\t\t\t\t\t\t\t\t\t\t\t\t\t\t\t<img loading=\"lazy\" decoding=\"async\" width=\"1024\" height=\"683\" src=\"https:\/\/natoura.si\/wp-content\/uploads\/2021\/10\/IMG_7494-1024x683.gif\" class=\"attachment-large size-large wp-image-5687\" alt=\"\" srcset=\"https:\/\/natoura.si\/wp-content\/uploads\/2021\/10\/IMG_7494-1024x683.gif 1024w, https:\/\/natoura.si\/wp-content\/uploads\/2021\/10\/IMG_7494-300x200.gif 300w, https:\/\/natoura.si\/wp-content\/uploads\/2021\/10\/IMG_7494-768x512.gif 768w\" sizes=\"(max-width: 1024px) 100vw, 1024px\" \/>\t\t\t\t\t\t\t\t\t\t\t\t\t\t\t<\/div>\n\t\t\t\t<\/div>\n\t\t\t\t\t<\/div>\n\t\t<\/div>\n\t\t\t\t\t<\/div>\n\t\t<\/section>\n\t\t\t\t<section class=\"elementor-section elementor-top-section elementor-element elementor-element-76092fa elementor-section-boxed elementor-section-height-default elementor-section-height-default\" data-id=\"76092fa\" data-element_type=\"section\" data-e-type=\"section\">\n\t\t\t\t\t\t<div class=\"elementor-container elementor-column-gap-default\">\n\t\t\t\t\t<div class=\"elementor-column elementor-col-33 elementor-top-column elementor-element elementor-element-32ee22b\" data-id=\"32ee22b\" data-element_type=\"column\" data-e-type=\"column\">\n\t\t\t<div class=\"elementor-widget-wrap elementor-element-populated\">\n\t\t\t\t\t\t<div class=\"elementor-element elementor-element-accba4d elementor-widget elementor-widget-image\" data-id=\"accba4d\" data-element_type=\"widget\" data-e-type=\"widget\" data-widget_type=\"image.default\">\n\t\t\t\t<div class=\"elementor-widget-container\">\n\t\t\t\t\t\t\t\t\t\t\t\t\t\t\t<img loading=\"lazy\" decoding=\"async\" width=\"1024\" height=\"683\" src=\"https:\/\/natoura.si\/wp-content\/uploads\/2021\/10\/IMG_7497-1024x683.gif\" class=\"attachment-large size-large wp-image-5688\" alt=\"\" srcset=\"https:\/\/natoura.si\/wp-content\/uploads\/2021\/10\/IMG_7497-1024x683.gif 1024w, https:\/\/natoura.si\/wp-content\/uploads\/2021\/10\/IMG_7497-300x200.gif 300w, https:\/\/natoura.si\/wp-content\/uploads\/2021\/10\/IMG_7497-768x512.gif 768w\" sizes=\"(max-width: 1024px) 100vw, 1024px\" \/>\t\t\t\t\t\t\t\t\t\t\t\t\t\t\t<\/div>\n\t\t\t\t<\/div>\n\t\t\t\t\t<\/div>\n\t\t<\/div>\n\t\t\t\t<div class=\"elementor-column elementor-col-33 elementor-top-column elementor-element elementor-element-8b8d7be\" data-id=\"8b8d7be\" data-element_type=\"column\" data-e-type=\"column\">\n\t\t\t<div class=\"elementor-widget-wrap elementor-element-populated\">\n\t\t\t\t\t\t<div class=\"elementor-element elementor-element-8fc5c61 elementor-widget elementor-widget-image\" data-id=\"8fc5c61\" data-element_type=\"widget\" data-e-type=\"widget\" data-widget_type=\"image.default\">\n\t\t\t\t<div class=\"elementor-widget-container\">\n\t\t\t\t\t\t\t\t\t\t\t\t\t\t\t<img loading=\"lazy\" decoding=\"async\" width=\"1024\" height=\"683\" src=\"https:\/\/natoura.si\/wp-content\/uploads\/2021\/10\/IMG_7504-1024x683.gif\" class=\"attachment-large size-large wp-image-5689\" alt=\"\" srcset=\"https:\/\/natoura.si\/wp-content\/uploads\/2021\/10\/IMG_7504-1024x683.gif 1024w, https:\/\/natoura.si\/wp-content\/uploads\/2021\/10\/IMG_7504-300x200.gif 300w, https:\/\/natoura.si\/wp-content\/uploads\/2021\/10\/IMG_7504-768x512.gif 768w\" sizes=\"(max-width: 1024px) 100vw, 1024px\" \/>\t\t\t\t\t\t\t\t\t\t\t\t\t\t\t<\/div>\n\t\t\t\t<\/div>\n\t\t\t\t\t<\/div>\n\t\t<\/div>\n\t\t\t\t<div class=\"elementor-column elementor-col-33 elementor-top-column elementor-element elementor-element-f2895f9\" data-id=\"f2895f9\" data-element_type=\"column\" data-e-type=\"column\">\n\t\t\t<div class=\"elementor-widget-wrap elementor-element-populated\">\n\t\t\t\t\t\t<div class=\"elementor-element elementor-element-8dd1d64 elementor-widget elementor-widget-image\" data-id=\"8dd1d64\" data-element_type=\"widget\" data-e-type=\"widget\" data-widget_type=\"image.default\">\n\t\t\t\t<div class=\"elementor-widget-container\">\n\t\t\t\t\t\t\t\t\t\t\t\t\t\t\t<img loading=\"lazy\" decoding=\"async\" width=\"1024\" height=\"683\" src=\"https:\/\/natoura.si\/wp-content\/uploads\/2021\/10\/IMG_7507-1024x683.gif\" class=\"attachment-large size-large wp-image-5690\" alt=\"\" srcset=\"https:\/\/natoura.si\/wp-content\/uploads\/2021\/10\/IMG_7507-1024x683.gif 1024w, https:\/\/natoura.si\/wp-content\/uploads\/2021\/10\/IMG_7507-300x200.gif 300w, https:\/\/natoura.si\/wp-content\/uploads\/2021\/10\/IMG_7507-768x512.gif 768w\" sizes=\"(max-width: 1024px) 100vw, 1024px\" \/>\t\t\t\t\t\t\t\t\t\t\t\t\t\t\t<\/div>\n\t\t\t\t<\/div>\n\t\t\t\t\t<\/div>\n\t\t<\/div>\n\t\t\t\t\t<\/div>\n\t\t<\/section>\n\t\t\t\t<section class=\"elementor-section elementor-top-section elementor-element elementor-element-7a4a7fc elementor-section-boxed elementor-section-height-default elementor-section-height-default\" data-id=\"7a4a7fc\" data-element_type=\"section\" data-e-type=\"section\">\n\t\t\t\t\t\t<div class=\"elementor-container elementor-column-gap-default\">\n\t\t\t\t\t<div class=\"elementor-column elementor-col-33 elementor-top-column elementor-element elementor-element-b1b0052\" data-id=\"b1b0052\" data-element_type=\"column\" data-e-type=\"column\">\n\t\t\t<div class=\"elementor-widget-wrap elementor-element-populated\">\n\t\t\t\t\t\t<div class=\"elementor-element elementor-element-f4ef1fc elementor-widget elementor-widget-image\" data-id=\"f4ef1fc\" data-element_type=\"widget\" data-e-type=\"widget\" data-widget_type=\"image.default\">\n\t\t\t\t<div class=\"elementor-widget-container\">\n\t\t\t\t\t\t\t\t\t\t\t\t\t\t\t<img loading=\"lazy\" decoding=\"async\" width=\"1024\" height=\"683\" src=\"https:\/\/natoura.si\/wp-content\/uploads\/2021\/10\/IMG_7517-1024x683.gif\" class=\"attachment-large size-large wp-image-5691\" alt=\"\" srcset=\"https:\/\/natoura.si\/wp-content\/uploads\/2021\/10\/IMG_7517-1024x683.gif 1024w, https:\/\/natoura.si\/wp-content\/uploads\/2021\/10\/IMG_7517-300x200.gif 300w, https:\/\/natoura.si\/wp-content\/uploads\/2021\/10\/IMG_7517-768x512.gif 768w\" sizes=\"(max-width: 1024px) 100vw, 1024px\" \/>\t\t\t\t\t\t\t\t\t\t\t\t\t\t\t<\/div>\n\t\t\t\t<\/div>\n\t\t\t\t\t<\/div>\n\t\t<\/div>\n\t\t\t\t<div class=\"elementor-column elementor-col-33 elementor-top-column elementor-element elementor-element-1834e0b\" data-id=\"1834e0b\" data-element_type=\"column\" data-e-type=\"column\">\n\t\t\t<div class=\"elementor-widget-wrap elementor-element-populated\">\n\t\t\t\t\t\t<div class=\"elementor-element elementor-element-ce42be0 elementor-widget elementor-widget-image\" data-id=\"ce42be0\" data-element_type=\"widget\" data-e-type=\"widget\" data-widget_type=\"image.default\">\n\t\t\t\t<div class=\"elementor-widget-container\">\n\t\t\t\t\t\t\t\t\t\t\t\t\t\t\t<img loading=\"lazy\" decoding=\"async\" width=\"1024\" height=\"683\" src=\"https:\/\/natoura.si\/wp-content\/uploads\/2021\/10\/IMG_7519-1024x683.gif\" class=\"attachment-large size-large wp-image-5692\" alt=\"\" srcset=\"https:\/\/natoura.si\/wp-content\/uploads\/2021\/10\/IMG_7519-1024x683.gif 1024w, https:\/\/natoura.si\/wp-content\/uploads\/2021\/10\/IMG_7519-300x200.gif 300w, https:\/\/natoura.si\/wp-content\/uploads\/2021\/10\/IMG_7519-768x512.gif 768w\" sizes=\"(max-width: 1024px) 100vw, 1024px\" \/>\t\t\t\t\t\t\t\t\t\t\t\t\t\t\t<\/div>\n\t\t\t\t<\/div>\n\t\t\t\t\t<\/div>\n\t\t<\/div>\n\t\t\t\t<div class=\"elementor-column elementor-col-33 elementor-top-column elementor-element elementor-element-f0154a9\" data-id=\"f0154a9\" data-element_type=\"column\" data-e-type=\"column\">\n\t\t\t<div class=\"elementor-widget-wrap elementor-element-populated\">\n\t\t\t\t\t\t<div class=\"elementor-element elementor-element-6b28ecd elementor-widget elementor-widget-image\" data-id=\"6b28ecd\" data-element_type=\"widget\" data-e-type=\"widget\" data-widget_type=\"image.default\">\n\t\t\t\t<div class=\"elementor-widget-container\">\n\t\t\t\t\t\t\t\t\t\t\t\t\t\t\t<img loading=\"lazy\" decoding=\"async\" width=\"1024\" height=\"683\" src=\"https:\/\/natoura.si\/wp-content\/uploads\/2021\/10\/IMG_7522-1024x683.gif\" class=\"attachment-large size-large wp-image-5693\" alt=\"\" srcset=\"https:\/\/natoura.si\/wp-content\/uploads\/2021\/10\/IMG_7522-1024x683.gif 1024w, https:\/\/natoura.si\/wp-content\/uploads\/2021\/10\/IMG_7522-300x200.gif 300w, https:\/\/natoura.si\/wp-content\/uploads\/2021\/10\/IMG_7522-768x512.gif 768w\" sizes=\"(max-width: 1024px) 100vw, 1024px\" \/>\t\t\t\t\t\t\t\t\t\t\t\t\t\t\t<\/div>\n\t\t\t\t<\/div>\n\t\t\t\t\t<\/div>\n\t\t<\/div>\n\t\t\t\t\t<\/div>\n\t\t<\/section>\n\t\t\t\t<section class=\"elementor-section elementor-top-section elementor-element elementor-element-2a01ede elementor-section-boxed elementor-section-height-default elementor-section-height-default\" data-id=\"2a01ede\" data-element_type=\"section\" data-e-type=\"section\">\n\t\t\t\t\t\t<div class=\"elementor-container elementor-column-gap-default\">\n\t\t\t\t\t<div class=\"elementor-column elementor-col-100 elementor-top-column elementor-element elementor-element-41d2493\" data-id=\"41d2493\" data-element_type=\"column\" data-e-type=\"column\">\n\t\t\t<div class=\"elementor-widget-wrap elementor-element-populated\">\n\t\t\t\t\t\t<div class=\"elementor-element elementor-element-08d1177 elementor-widget elementor-widget-text-editor\" data-id=\"08d1177\" data-element_type=\"widget\" data-e-type=\"widget\" data-widget_type=\"text-editor.default\">\n\t\t\t\t<div class=\"elementor-widget-container\">\n\t\t\t\t\t\t\t\t\t<p><span style=\"color: #ffffff;\">Foto: \u00a9 Janja Benedik, junij 2021.<\/span><\/p>\t\t\t\t\t\t\t\t<\/div>\n\t\t\t\t<\/div>\n\t\t\t\t\t<\/div>\n\t\t<\/div>\n\t\t\t\t\t<\/div>\n\t\t<\/section>\n\t\t\t\t<\/div>","protected":false},"excerpt":{"rendered":"<p>Ob besedi Haloze verjetno najprej pomislimo na odmaknjen vinorodni svet, kjer za radovednega popotnika ni prav veliko zanimivosti. Pa ne bo dr\u017ealo \u2013 mi smoTour Details<\/p>","protected":false},"author":1,"featured_media":4204,"parent":0,"menu_order":0,"comment_status":"closed","ping_status":"closed","template":"","meta":{"footnotes":""},"class_list":["post-5680","page","type-page","status-publish","has-post-thumbnail","hentry"],"_links":{"self":[{"href":"https:\/\/natoura.si\/en\/wp-json\/wp\/v2\/pages\/5680","targetHints":{"allow":["GET"]}}],"collection":[{"href":"https:\/\/natoura.si\/en\/wp-json\/wp\/v2\/pages"}],"about":[{"href":"https:\/\/natoura.si\/en\/wp-json\/wp\/v2\/types\/page"}],"author":[{"embeddable":true,"href":"https:\/\/natoura.si\/en\/wp-json\/wp\/v2\/users\/1"}],"replies":[{"embeddable":true,"href":"https:\/\/natoura.si\/en\/wp-json\/wp\/v2\/comments?post=5680"}],"version-history":[{"count":7,"href":"https:\/\/natoura.si\/en\/wp-json\/wp\/v2\/pages\/5680\/revisions"}],"predecessor-version":[{"id":8362,"href":"https:\/\/natoura.si\/en\/wp-json\/wp\/v2\/pages\/5680\/revisions\/8362"}],"wp:featuredmedia":[{"embeddable":true,"href":"https:\/\/natoura.si\/en\/wp-json\/wp\/v2\/media\/4204"}],"wp:attachment":[{"href":"https:\/\/natoura.si\/en\/wp-json\/wp\/v2\/media?parent=5680"}],"curies":[{"name":"wp","href":"https:\/\/api.w.org\/{rel}","templated":true}]}}