{"id":561,"date":"2019-09-07T16:04:49","date_gmt":"2019-09-07T16:04:49","guid":{"rendered":"https:\/\/natoura.si\/?page_id=561"},"modified":"2020-03-29T08:17:30","modified_gmt":"2020-03-29T08:17:30","slug":"ob-vznozju-dolomitov","status":"publish","type":"page","link":"https:\/\/natoura.si\/en\/ob-vznozju-dolomitov\/","title":{"rendered":"Ob vzno\u017eju Dolomitov"},"content":{"rendered":"\t\t<div data-elementor-type=\"wp-page\" data-elementor-id=\"561\" class=\"elementor elementor-561\" data-elementor-post-type=\"page\">\n\t\t\t\t\t\t<section class=\"elementor-section elementor-top-section elementor-element elementor-element-430d35f elementor-section-boxed elementor-section-height-default elementor-section-height-default\" data-id=\"430d35f\" data-element_type=\"section\" data-e-type=\"section\">\n\t\t\t\t\t\t<div class=\"elementor-container elementor-column-gap-default\">\n\t\t\t\t\t<div class=\"elementor-column elementor-col-100 elementor-top-column elementor-element elementor-element-027681c\" data-id=\"027681c\" data-element_type=\"column\" data-e-type=\"column\">\n\t\t\t<div class=\"elementor-widget-wrap elementor-element-populated\">\n\t\t\t\t\t\t<div class=\"elementor-element elementor-element-bb13082 elementor-widget elementor-widget-text-editor\" data-id=\"bb13082\" data-element_type=\"widget\" data-e-type=\"widget\" data-widget_type=\"text-editor.default\">\n\t\t\t\t<div class=\"elementor-widget-container\">\n\t\t\t\t\t\t\t\t\t<p style=\"text-align: center;\"><span style=\"font-family: Poppins; font-size: 20px; color: #f56450;\">4. \u2013 6. september 2020<\/span><\/p>\n<p style=\"text-align: center;\"><span style=\"font-family: Poppins; font-size: 16px; color: #ffffff;\">3 dni \u2022 avtobus<\/span><\/p>\n<p style=\"text-align: center;\">\u00a0<\/p>\n<p style=\"text-align: center;\"><span style=\"font-family: Poppins; font-size: 16px; color: #ffffff;\"><i>B<\/i><i>ene\u010dija le\u017ei na stiku med Ju\u017enimi Alpami in Bene\u0161ko laguno in v sebi skriva \u0161tevilne zgodbe o zemeljski zgodovini, o zgodovini \u010dloveka, o njegovem domiselnem na\u010dinu pre\u017eivetja, o tekmovanju z naravo in izgubljenim bojem, o bogati kulturi razli\u010dnih ljudstev, ki so v preteklosti naselila te kraje. Zgodbe o vodi, ki prihaja na povr\u0161je v \u0161tevilnih izvirih in je neko\u010d poganjala mline ter v dolgi geolo\u0161ki preteklosti preoblikovala povr\u0161je v \u010dudovite doline in soteske. Voda, ki napaja \u0161tevilna polja in vinograde in ustvarja pogoje za \u017eivljenje \u0161tevilnim rastlinskim in \u017eivalskim vrstam. Toliko zgodb, da se jih bomo ve\u010dino le dotaknili, podrobneje pa spoznali le izbrane in skupaj sestavili novo, le na\u0161o.<\/i><\/span><\/p>\n<p>\u00a0<\/p>\t\t\t\t\t\t\t\t<\/div>\n\t\t\t\t<\/div>\n\t\t\t\t\t<\/div>\n\t\t<\/div>\n\t\t\t\t\t<\/div>\n\t\t<\/section>\n\t\t\t\t<section class=\"elementor-section elementor-top-section elementor-element elementor-element-6ac83bf elementor-section-boxed elementor-section-height-default elementor-section-height-default\" data-id=\"6ac83bf\" data-element_type=\"section\" data-e-type=\"section\">\n\t\t\t\t\t\t<div class=\"elementor-container elementor-column-gap-default\">\n\t\t\t\t\t<div class=\"elementor-column elementor-col-100 elementor-top-column elementor-element elementor-element-761df38\" data-id=\"761df38\" data-element_type=\"column\" data-e-type=\"column\">\n\t\t\t<div class=\"elementor-widget-wrap elementor-element-populated\">\n\t\t\t\t\t\t<div class=\"elementor-element elementor-element-0d3b8e3 elementor-widget elementor-widget-spacer\" data-id=\"0d3b8e3\" data-element_type=\"widget\" data-e-type=\"widget\" data-widget_type=\"spacer.default\">\n\t\t\t\t<div class=\"elementor-widget-container\">\n\t\t\t\t\t\t\t<div class=\"elementor-spacer\">\n\t\t\t<div class=\"elementor-spacer-inner\"><\/div>\n\t\t<\/div>\n\t\t\t\t\t\t<\/div>\n\t\t\t\t<\/div>\n\t\t\t\t\t<\/div>\n\t\t<\/div>\n\t\t\t\t\t<\/div>\n\t\t<\/section>\n\t\t\t\t<section class=\"elementor-section elementor-top-section elementor-element elementor-element-7022820 elementor-section-boxed elementor-section-height-default elementor-section-height-default\" data-id=\"7022820\" data-element_type=\"section\" data-e-type=\"section\">\n\t\t\t\t\t\t<div class=\"elementor-container elementor-column-gap-default\">\n\t\t\t\t\t<div class=\"elementor-column elementor-col-100 elementor-top-column elementor-element elementor-element-46d4b26\" data-id=\"46d4b26\" data-element_type=\"column\" data-e-type=\"column\">\n\t\t\t<div class=\"elementor-widget-wrap elementor-element-populated\">\n\t\t\t\t\t\t<div class=\"elementor-element elementor-element-bd0f261 elementor-widget elementor-widget-eael-adv-tabs\" data-id=\"bd0f261\" data-element_type=\"widget\" data-e-type=\"widget\" data-widget_type=\"eael-adv-tabs.default\">\n\t\t\t\t<div class=\"elementor-widget-container\">\n\t\t\t\t\t        <div data-scroll-on-click=\"no\" data-scroll-speed=\"300\" id=\"eael-advance-tabs-bd0f261\" class=\"eael-advance-tabs eael-tabs-horizontal eael-tab-auto-active \" data-tabid=\"bd0f261\">\n            <div class=\"eael-tabs-nav \">\n                <ul class=\"eael-tab-inline-icon\" role=\"tablist\">\n                                            <li id=\"program\" class=\"inactive eael-tab-item-trigger eael-tab-nav-item\" aria-selected=\"true\" data-tab=\"1\" role=\"tab\" tabindex=\"0\" aria-controls=\"program-tab\" aria-expanded=\"false\">\n                            \n                                                                <i class=\"far fa-folder-open\"><\/i>                                                            \n                                                            <span class=\"eael-tab-title title-after-icon\" >PROGRAM<\/span>                            \n                                                    <\/li>\n                                            <li id=\"cena\" class=\"inactive eael-tab-item-trigger eael-tab-nav-item\" aria-selected=\"false\" data-tab=\"2\" role=\"tab\" tabindex=\"-1\" aria-controls=\"cena-tab\" aria-expanded=\"false\">\n                            \n                                                                <i class=\"fas fa-euro-sign\"><\/i>                                                            \n                                                            <span class=\"eael-tab-title title-after-icon\" >CENA<\/span>                            \n                                                    <\/li>\n                                            <li id=\"prijava\" class=\"inactive eael-tab-item-trigger eael-tab-nav-item\" aria-selected=\"false\" data-tab=\"3\" role=\"tab\" tabindex=\"-1\" aria-controls=\"prijava-tab\" aria-expanded=\"false\">\n                            \n                                                                <i class=\"far fa-edit\"><\/i>                                                            \n                                                            <span class=\"eael-tab-title title-after-icon\" >PRIJAVA<\/span>                            \n                                                    <\/li>\n                    \n                                  <\/ul>\n            <\/div>\n            \n            <div class=\"eael-tabs-content\">\n\t\t        \n                    <div id=\"program-tab\" class=\"clearfix eael-tab-content-item inactive\" data-title-link=\"program-tab\">\n\t\t\t\t                            <\/div>\n\t\t        \n                    <div id=\"cena-tab\" class=\"clearfix eael-tab-content-item inactive\" data-title-link=\"cena-tab\">\n\t\t\t\t        <p><span style=\"font-family: Poppins\"><span style=\"color: #ffffff\">260,00 \u20ac na osebo v dvoposteljni sobi (prijavljenih 30 oseb).<\/span> <br \/><\/span><\/p>\n<p><span style=\"font-family: Poppins;color: #9dbc55\">CENA VKLJU\u010cUJE:<\/span><\/p>\n<ul>\n<li><span style=\"font-family: Poppins;color: #ffffff\">prevoz s turisti\u010dnim avtobusom z vsemi pripadajo\u010dimi stro\u0161ki,<\/span><\/li>\n<li><span style=\"font-family: Poppins;color: #ffffff\">2 x polpenzion,<\/span><\/li>\n<li><span style=\"font-family: Poppins;color: #ffffff\">vse vstopnine,<\/span><\/li>\n<li><span style=\"font-family: Poppins;color: #ffffff\">slovenskega vodnika z licenco TZS,<\/span><\/li>\n<li><span style=\"font-family: Poppins;color: #ffffff\">organizacijo potovanja.<\/span><\/li>\n<\/ul>\n<p><span style=\"font-family: Poppins;color: #9dbc55\">V CENO NI VKLJU\u010cENO:<\/span><\/p>\n<ul>\n<li><span style=\"font-family: Poppins;color: #ffffff\">vstopnine za morebitne dodatne oglede,<\/span><\/li>\n<li><span style=\"font-family: Poppins;color: #ffffff\">dodatna hrana in pija\u010da,<\/span><\/li>\n<li><span style=\"font-family: Poppins;color: #ffffff\">vse ostalo, kar ni navedeno posebej.<\/span><\/li>\n<\/ul>\n<p><span style=\"font-family: Poppins;color: #9dbc55\">OBVEZNA DOPLA\u010cILA:<\/span><\/p>\n<ul>\n<li><span style=\"font-family: Poppins;color: #ffffff\">v primeru, da je potnikov le 25: 20,00 \u20ac,<\/span><\/li>\n<li><span style=\"font-family: Poppins;color: #ffffff\">v primeru, da je potnikov le 20: 40,00 \u20ac,<\/span><\/li>\n<li><span style=\"font-family: Poppins;color: #ffffff\">v primeru, da je potnikov le 15: 75,00 \u20ac.<\/span><\/li>\n<\/ul>\n<p><span style=\"font-family: Poppins;color: #9dbc55\">DOPLA\u010cILA PO \u017dELJI:<\/span><\/p>\n<ul>\n<li><span style=\"font-family: Poppins;color: #ffffff\">9,50 \u20ac za osnovno zdravstveno zavarovanje za tujino Coris (osnovno multirisk),<\/span><\/li>\n<li><span style=\"font-family: Poppins;color: #ffffff\"><a style=\"color: #ffffff\" href=\"https:\/\/natoura.si\/wp-content\/uploads\/2020\/03\/IPID-Trip-cancellation-2020.pdf\">zavarovanje rizika odpovedi (le za osebe do 75. leta starosti): 4,3 % celotne vrednosti aran\u017emaja (enostavna polica), 6,6 % celotne vrednosti aran\u017emaja (raz\u0161irjena polica).<\/a><\/span><\/li>\n<li><span style=\"font-family: Poppins;color: #ffffff\">enoposteljna soba: 60,00 \u20ac.<\/span><\/li>\n<li><span style=\"font-family: Poppins;color: #ffffff\">Dopla\u010dilo poravnate ob vpla\u010dilu akontacije.<\/span><\/li>\n<\/ul>\n<p><span style=\"font-family: Poppins;color: #9dbc55\">POPUSTI:<\/span><\/p>\n<ul>\n<li><span style=\"font-family: Poppins;color: #ffffff\">Pla\u010dilo v enem obroku: \u2013 5 %.<\/span><\/li>\n<li><span style=\"font-family: Poppins;color: #ffffff\">Mo\u017eno je pla\u010dilo v 2 obrokih. Oba obroka morata biti pla\u010dana pred odhodom.<\/span><\/li>\n<\/ul>                    <\/div>\n\t\t        \n                    <div id=\"prijava-tab\" class=\"clearfix eael-tab-content-item inactive\" data-title-link=\"prijava-tab\">\n\t\t\t\t        <p><span style=\"font-family: Poppins;color: #ffffff\">[contact-form-7 id=&#8221;574&#8243; title=&#8221;Prijavnica za izlet Ob vzno\u017eju Dolomitov&#8221;]<\/span><\/p>                    <\/div>\n\t\t                    <\/div>\n        <\/div>\n\t\t\t\t<\/div>\n\t\t\t\t<\/div>\n\t\t\t\t\t<\/div>\n\t\t<\/div>\n\t\t\t\t\t<\/div>\n\t\t<\/section>\n\t\t\t\t<section class=\"elementor-section elementor-top-section elementor-element elementor-element-4533ff9 elementor-section-boxed elementor-section-height-default elementor-section-height-default\" data-id=\"4533ff9\" data-element_type=\"section\" data-e-type=\"section\">\n\t\t\t\t\t\t<div class=\"elementor-container elementor-column-gap-default\">\n\t\t\t\t\t<div class=\"elementor-column elementor-col-100 elementor-top-column elementor-element elementor-element-78e88cd\" data-id=\"78e88cd\" data-element_type=\"column\" data-e-type=\"column\">\n\t\t\t<div class=\"elementor-widget-wrap elementor-element-populated\">\n\t\t\t\t\t\t<div class=\"elementor-element elementor-element-88b7212 elementor-widget elementor-widget-spacer\" data-id=\"88b7212\" data-element_type=\"widget\" data-e-type=\"widget\" data-widget_type=\"spacer.default\">\n\t\t\t\t<div class=\"elementor-widget-container\">\n\t\t\t\t\t\t\t<div class=\"elementor-spacer\">\n\t\t\t<div class=\"elementor-spacer-inner\"><\/div>\n\t\t<\/div>\n\t\t\t\t\t\t<\/div>\n\t\t\t\t<\/div>\n\t\t\t\t\t<\/div>\n\t\t<\/div>\n\t\t\t\t\t<\/div>\n\t\t<\/section>\n\t\t\t\t<section class=\"elementor-section elementor-top-section elementor-element elementor-element-b8403b1 elementor-section-boxed elementor-section-height-default elementor-section-height-default\" data-id=\"b8403b1\" data-element_type=\"section\" data-e-type=\"section\">\n\t\t\t\t\t\t<div class=\"elementor-container elementor-column-gap-default\">\n\t\t\t\t\t<div class=\"elementor-column elementor-col-33 elementor-top-column elementor-element elementor-element-3f2a7e5\" data-id=\"3f2a7e5\" data-element_type=\"column\" data-e-type=\"column\">\n\t\t\t<div class=\"elementor-widget-wrap elementor-element-populated\">\n\t\t\t\t\t\t<div class=\"elementor-element elementor-element-0e4ffa0 elementor-widget elementor-widget-image\" data-id=\"0e4ffa0\" data-element_type=\"widget\" data-e-type=\"widget\" data-widget_type=\"image.default\">\n\t\t\t\t<div class=\"elementor-widget-container\">\n\t\t\t\t\t\t\t\t\t\t\t\t\t\t\t<img fetchpriority=\"high\" decoding=\"async\" width=\"859\" height=\"858\" src=\"https:\/\/natoura.si\/wp-content\/uploads\/2020\/03\/Fontanili.gif\" class=\"attachment-large size-large wp-image-1809\" alt=\"\" \/>\t\t\t\t\t\t\t\t\t\t\t\t\t\t\t<\/div>\n\t\t\t\t<\/div>\n\t\t\t\t\t<\/div>\n\t\t<\/div>\n\t\t\t\t<div class=\"elementor-column elementor-col-66 elementor-top-column elementor-element elementor-element-7a46d2e\" data-id=\"7a46d2e\" data-element_type=\"column\" data-e-type=\"column\">\n\t\t\t<div class=\"elementor-widget-wrap elementor-element-populated\">\n\t\t\t\t\t\t<div class=\"elementor-element elementor-element-db70caf elementor-widget elementor-widget-text-editor\" data-id=\"db70caf\" data-element_type=\"widget\" data-e-type=\"widget\" data-widget_type=\"text-editor.default\">\n\t\t\t\t<div class=\"elementor-widget-container\">\n\t\t\t\t\t\t\t\t\t<p><span style=\"color: #9dbc55; font-family: Poppins;\">1. dan: petek, 4. september 2020<\/span><\/p>\n<p><span style=\"font-family: Poppins; color: #ffffff;\">Zjutraj odhod iz Ljubljane proti Spilimbergu, kjer si bomo ogledali znamenito \u0160olo mozaikov s prakti\u010dnim prikazom priprave in izdelave. Sledila bo vo\u017enja v vas Polcenigo, kjer si bomo ogledali \u0161tevilne vodne izvire, tako imenovane fontanile, ki so zna\u010dilni za Padsko ni\u017eino, in se sprehodili po arheolo\u0161kem parku, ki stoji na mestu nekdanjega mosti\u0161\u010darskega naselja (1 h hoje po ravnini). Novo zgodbo o vodi bomo spoznali ob \u010dudovitem starem mlinu Molinetto della Croda, nato pa se ob reki Piavi odpeljali do \u010dudovitega starega mesteca Feltre ob dnu Bellunske doline, kjer bo ve\u010derja in preno\u010devanje.<\/span><\/p>\n<p>\u00a0<\/p>\t\t\t\t\t\t\t\t<\/div>\n\t\t\t\t<\/div>\n\t\t\t\t\t<\/div>\n\t\t<\/div>\n\t\t\t\t\t<\/div>\n\t\t<\/section>\n\t\t\t\t<section class=\"elementor-section elementor-top-section elementor-element elementor-element-edb7e2f elementor-section-boxed elementor-section-height-default elementor-section-height-default\" data-id=\"edb7e2f\" data-element_type=\"section\" data-e-type=\"section\">\n\t\t\t\t\t\t<div class=\"elementor-container elementor-column-gap-default\">\n\t\t\t\t\t<div class=\"elementor-column elementor-col-66 elementor-top-column elementor-element elementor-element-39a066a\" data-id=\"39a066a\" data-element_type=\"column\" data-e-type=\"column\">\n\t\t\t<div class=\"elementor-widget-wrap elementor-element-populated\">\n\t\t\t\t\t\t<div class=\"elementor-element elementor-element-a78fa28 elementor-widget elementor-widget-text-editor\" data-id=\"a78fa28\" data-element_type=\"widget\" data-e-type=\"widget\" data-widget_type=\"text-editor.default\">\n\t\t\t\t<div class=\"elementor-widget-container\">\n\t\t\t\t\t\t\t\t\t<p><span style=\"font-family: Poppins; color: #9dbc55;\">2. dan: sobota, 5. september 2020<\/span><\/p>\n<p><span style=\"font-family: Poppins; color: #ffffff;\">Dan bomo pre\u017eiveli v dolini Belluno. Najprej se bomo sprehodili do soteske Brent dell\u2019Art, ki slovi po pisanih plasteh apnencev in se seznanili z geolo\u0161ko zgodovino teh krajev (pribl. 2 h zlo\u017ene hoje). Z zanimivo geologijo in geomorfologijo belunske doline se bomo seznanili tudi v dolini jezera Mis in si ogledali \u010dudovita korita in slap (1,5 h nenaporne hoje). Sledilo bo spoznavanje kulture v dolini Cadore, kjer si bomo v vasi Cibiana di Cadore ogledali znamenite murale in se seznanili z zna\u010dilno arhitekturo teh krajev. Pred ve\u010derjo in preno\u010devanjem v vasi Pieve di Cadore pa si bomo ogledali \u0161e rojstno hi\u0161o znamenitega slikarja Tiziana in se seznanili z eno od uspe\u0161nih obrti teh krajev \u2013 izdelovanjem o\u010dal.<\/span><\/p>\t\t\t\t\t\t\t\t<\/div>\n\t\t\t\t<\/div>\n\t\t\t\t\t<\/div>\n\t\t<\/div>\n\t\t\t\t<div class=\"elementor-column elementor-col-33 elementor-top-column elementor-element elementor-element-e35b9b8\" data-id=\"e35b9b8\" data-element_type=\"column\" data-e-type=\"column\">\n\t\t\t<div class=\"elementor-widget-wrap elementor-element-populated\">\n\t\t\t\t\t\t<div class=\"elementor-element elementor-element-0fdfbaf elementor-widget elementor-widget-image\" data-id=\"0fdfbaf\" data-element_type=\"widget\" data-e-type=\"widget\" data-widget_type=\"image.default\">\n\t\t\t\t<div class=\"elementor-widget-container\">\n\t\t\t\t\t\t\t\t\t\t\t\t\t\t\t<img decoding=\"async\" width=\"800\" height=\"800\" src=\"https:\/\/natoura.si\/wp-content\/uploads\/2020\/02\/Dolomiti.gif\" class=\"attachment-large size-large wp-image-1136\" alt=\"\" \/>\t\t\t\t\t\t\t\t\t\t\t\t\t\t\t<\/div>\n\t\t\t\t<\/div>\n\t\t\t\t\t<\/div>\n\t\t<\/div>\n\t\t\t\t\t<\/div>\n\t\t<\/section>\n\t\t\t\t<section class=\"elementor-section elementor-top-section elementor-element elementor-element-af02568 elementor-section-boxed elementor-section-height-default elementor-section-height-default\" data-id=\"af02568\" data-element_type=\"section\" data-e-type=\"section\">\n\t\t\t\t\t\t<div class=\"elementor-container elementor-column-gap-default\">\n\t\t\t\t\t<div class=\"elementor-column elementor-col-33 elementor-top-column elementor-element elementor-element-e18ce52\" data-id=\"e18ce52\" data-element_type=\"column\" data-e-type=\"column\">\n\t\t\t<div class=\"elementor-widget-wrap elementor-element-populated\">\n\t\t\t\t\t\t<div class=\"elementor-element elementor-element-8a65706 elementor-widget elementor-widget-image\" data-id=\"8a65706\" data-element_type=\"widget\" data-e-type=\"widget\" data-widget_type=\"image.default\">\n\t\t\t\t<div class=\"elementor-widget-container\">\n\t\t\t\t\t\t\t\t\t\t\t\t\t\t\t<img decoding=\"async\" width=\"632\" height=\"632\" src=\"https:\/\/natoura.si\/wp-content\/uploads\/2019\/09\/Vajont.jpg\" class=\"attachment-large size-large wp-image-570\" alt=\"\" srcset=\"https:\/\/natoura.si\/wp-content\/uploads\/2019\/09\/Vajont.jpg 632w, https:\/\/natoura.si\/wp-content\/uploads\/2019\/09\/Vajont-150x150.jpg 150w, https:\/\/natoura.si\/wp-content\/uploads\/2019\/09\/Vajont-300x300.jpg 300w, https:\/\/natoura.si\/wp-content\/uploads\/2019\/09\/Vajont-100x100.jpg 100w\" sizes=\"(max-width: 632px) 100vw, 632px\" \/>\t\t\t\t\t\t\t\t\t\t\t\t\t\t\t<\/div>\n\t\t\t\t<\/div>\n\t\t\t\t\t<\/div>\n\t\t<\/div>\n\t\t\t\t<div class=\"elementor-column elementor-col-66 elementor-top-column elementor-element elementor-element-f269113\" data-id=\"f269113\" data-element_type=\"column\" data-e-type=\"column\">\n\t\t\t<div class=\"elementor-widget-wrap elementor-element-populated\">\n\t\t\t\t\t\t<div class=\"elementor-element elementor-element-f96f494 elementor-widget elementor-widget-text-editor\" data-id=\"f96f494\" data-element_type=\"widget\" data-e-type=\"widget\" data-widget_type=\"text-editor.default\">\n\t\t\t\t<div class=\"elementor-widget-container\">\n\t\t\t\t\t\t\t\t\t<p><span style=\"color: #9dbc55;\">3. dan: nedelja, 6. september 2020<\/span><\/p>\n<p><span style=\"color: #ffffff;\">Iz doline Cadore se bomo ob reki Piavi spet spustili v dolino in se ob vasi Langarone zapeljali do znamenite soteske Vajont z istoimenskim jezom. Tam je zaradi \u010dlove\u0161kega pohlepa in neupo\u0161tevanja zakonitosti narave leta 1963 pri\u0161lo do hude naravne katastrofe, v kateri je umrlo ve\u010d kot 2000 ljudi. Po ogledu se bomo zapeljali do mesteca Vittorio Veneto in si ogledali \u010dudovito staro mestno jedro. Pred odhodom domov se bomo ustavili na posestvu Astoria na poku\u0161ini vin in se seznanili z njihovo pridelavo v dolini Val Prosecco. Prihod v Ljubljano je predviden v ve\u010dernih urah.<\/span><\/p>\n<p>\u00a0<\/p>\t\t\t\t\t\t\t\t<\/div>\n\t\t\t\t<\/div>\n\t\t\t\t\t<\/div>\n\t\t<\/div>\n\t\t\t\t\t<\/div>\n\t\t<\/section>\n\t\t\t\t<section class=\"elementor-section elementor-top-section elementor-element elementor-element-36352b24 elementor-section-boxed elementor-section-height-default elementor-section-height-default\" data-id=\"36352b24\" data-element_type=\"section\" data-e-type=\"section\">\n\t\t\t\t\t\t<div class=\"elementor-container elementor-column-gap-default\">\n\t\t\t\t\t<div class=\"elementor-column elementor-col-100 elementor-top-column elementor-element elementor-element-13185f75\" data-id=\"13185f75\" data-element_type=\"column\" data-e-type=\"column\">\n\t\t\t<div class=\"elementor-widget-wrap elementor-element-populated\">\n\t\t\t\t\t\t<div class=\"elementor-element elementor-element-24239509 elementor-widget elementor-widget-text-editor\" data-id=\"24239509\" data-element_type=\"widget\" data-e-type=\"widget\" data-widget_type=\"text-editor.default\">\n\t\t\t\t<div class=\"elementor-widget-container\">\n\t\t\t\t\t\t\t\t\t<p><span style=\"font-family: Poppins; font-size: 14px; color: #ffffff;\"><span style=\"color: #9dbc55;\"><a style=\"color: #9dbc55;\" href=\"https:\/\/natoura.si\/splosni-pogoji-poslovanja\/\">Splo\u0161ni pogoji poslovanja<\/a><\/span> so sestavni del programa. Na voljo so na spletni strani https:\/\/natoura.si.<\/span><\/p>\n<p><span style=\"font-family: Poppins; font-size: 14px; color: #ffffff;\">Avtorica programa: \u00a9 Janja Benedik, 2018.<\/span><\/p>\n<p><span style=\"font-family: Poppins; font-size: 14px; color: #ffffff;\">Organizator in izvajalec programa: \u00a9 naTOURa, potovalna agencija, Janja Benedik s. p., 2019-2020.<\/span><\/p>\n<p><span style=\"font-family: Poppins; font-size: 14px; color: #ffffff;\"><span style=\"color: #ff9900;\">Pozor!<\/span> Prijava na izlet je za potnika obvezujo\u010da, odpoved udele\u017ebe je mogo\u010da le v skladu z VIII. \u010dlenom <a style=\"color: #ffffff;\" href=\"https:\/\/natoura.si\/splosni-pogoji-poslovanja\/\">Splo\u0161nih pogojev poslovanja<\/a>.<\/span><\/p>\t\t\t\t\t\t\t\t<\/div>\n\t\t\t\t<\/div>\n\t\t\t\t\t<\/div>\n\t\t<\/div>\n\t\t\t\t\t<\/div>\n\t\t<\/section>\n\t\t\t\t<\/div>\n\t\t","protected":false},"excerpt":{"rendered":"<p>4. \u2013 6. september 2020 3 dni \u2022 avtobus \u00a0 Bene\u010dija le\u017ei na stiku med Ju\u017enimi Alpami in Bene\u0161ko laguno in v sebi skriva \u0161tevilneTour Details<\/p>","protected":false},"author":1,"featured_media":572,"parent":0,"menu_order":0,"comment_status":"closed","ping_status":"closed","template":"","meta":{"footnotes":""},"class_list":["post-561","page","type-page","status-publish","has-post-thumbnail","hentry"],"_links":{"self":[{"href":"https:\/\/natoura.si\/en\/wp-json\/wp\/v2\/pages\/561","targetHints":{"allow":["GET"]}}],"collection":[{"href":"https:\/\/natoura.si\/en\/wp-json\/wp\/v2\/pages"}],"about":[{"href":"https:\/\/natoura.si\/en\/wp-json\/wp\/v2\/types\/page"}],"author":[{"embeddable":true,"href":"https:\/\/natoura.si\/en\/wp-json\/wp\/v2\/users\/1"}],"replies":[{"embeddable":true,"href":"https:\/\/natoura.si\/en\/wp-json\/wp\/v2\/comments?post=561"}],"version-history":[{"count":13,"href":"https:\/\/natoura.si\/en\/wp-json\/wp\/v2\/pages\/561\/revisions"}],"predecessor-version":[{"id":1943,"href":"https:\/\/natoura.si\/en\/wp-json\/wp\/v2\/pages\/561\/revisions\/1943"}],"wp:featuredmedia":[{"embeddable":true,"href":"https:\/\/natoura.si\/en\/wp-json\/wp\/v2\/media\/572"}],"wp:attachment":[{"href":"https:\/\/natoura.si\/en\/wp-json\/wp\/v2\/media?parent=561"}],"curies":[{"name":"wp","href":"https:\/\/api.w.org\/{rel}","templated":true}]}}