{"id":5305,"date":"2021-09-19T07:57:52","date_gmt":"2021-09-19T07:57:52","guid":{"rendered":"https:\/\/natoura.si\/?page_id=5305"},"modified":"2021-09-19T09:27:01","modified_gmt":"2021-09-19T09:27:01","slug":"prekmurje-program-2","status":"publish","type":"page","link":"https:\/\/natoura.si\/en\/prekmurje-program-2\/","title":{"rendered":"Prekmurje &#8211; program"},"content":{"rendered":"<div data-elementor-type=\"wp-page\" data-elementor-id=\"5305\" class=\"elementor elementor-5305\" data-elementor-post-type=\"page\">\n\t\t\t\t\t\t<section class=\"elementor-section elementor-top-section elementor-element elementor-element-5746b8f elementor-section-boxed elementor-section-height-default elementor-section-height-default\" data-id=\"5746b8f\" data-element_type=\"section\" data-e-type=\"section\">\n\t\t\t\t\t\t<div class=\"elementor-container elementor-column-gap-default\">\n\t\t\t\t\t<div class=\"elementor-column elementor-col-33 elementor-top-column elementor-element elementor-element-053c046\" data-id=\"053c046\" data-element_type=\"column\" data-e-type=\"column\">\n\t\t\t<div class=\"elementor-widget-wrap elementor-element-populated\">\n\t\t\t\t\t\t<div class=\"elementor-element elementor-element-f4ccc38 elementor-widget elementor-widget-image\" data-id=\"f4ccc38\" data-element_type=\"widget\" data-e-type=\"widget\" data-widget_type=\"image.default\">\n\t\t\t\t<div class=\"elementor-widget-container\">\n\t\t\t\t\t\t\t\t\t\t\t\t\t\t\t<img fetchpriority=\"high\" decoding=\"async\" width=\"800\" height=\"800\" src=\"https:\/\/natoura.si\/wp-content\/uploads\/2021\/09\/Ljutomer.gif\" class=\"attachment-large size-large wp-image-5323\" alt=\"\" \/>\t\t\t\t\t\t\t\t\t\t\t\t\t\t\t<\/div>\n\t\t\t\t<\/div>\n\t\t\t\t\t<\/div>\n\t\t<\/div>\n\t\t\t\t<div class=\"elementor-column elementor-col-33 elementor-top-column elementor-element elementor-element-349bef1\" data-id=\"349bef1\" data-element_type=\"column\" data-e-type=\"column\">\n\t\t\t<div class=\"elementor-widget-wrap elementor-element-populated\">\n\t\t\t\t\t\t<div class=\"elementor-element elementor-element-dc0481c elementor-widget elementor-widget-image\" data-id=\"dc0481c\" data-element_type=\"widget\" data-e-type=\"widget\" data-widget_type=\"image.default\">\n\t\t\t\t<div class=\"elementor-widget-container\">\n\t\t\t\t\t\t\t\t\t\t\t\t\t\t\t<img decoding=\"async\" width=\"800\" height=\"800\" src=\"https:\/\/natoura.si\/wp-content\/uploads\/2021\/09\/Gradisce.gif\" class=\"attachment-large size-large wp-image-5324\" alt=\"\" \/>\t\t\t\t\t\t\t\t\t\t\t\t\t\t\t<\/div>\n\t\t\t\t<\/div>\n\t\t\t\t\t<\/div>\n\t\t<\/div>\n\t\t\t\t<div class=\"elementor-column elementor-col-33 elementor-top-column elementor-element elementor-element-a4d0b20\" data-id=\"a4d0b20\" data-element_type=\"column\" data-e-type=\"column\">\n\t\t\t<div class=\"elementor-widget-wrap elementor-element-populated\">\n\t\t\t\t\t\t<div class=\"elementor-element elementor-element-2d6114b elementor-widget elementor-widget-image\" data-id=\"2d6114b\" data-element_type=\"widget\" data-e-type=\"widget\" data-widget_type=\"image.default\">\n\t\t\t\t<div class=\"elementor-widget-container\">\n\t\t\t\t\t\t\t\t\t\t\t\t\t\t\t<img decoding=\"async\" width=\"800\" height=\"800\" src=\"https:\/\/natoura.si\/wp-content\/uploads\/2021\/06\/Kamenci.jpg\" class=\"attachment-large size-large wp-image-4685\" alt=\"\" srcset=\"https:\/\/natoura.si\/wp-content\/uploads\/2021\/06\/Kamenci.jpg 800w, https:\/\/natoura.si\/wp-content\/uploads\/2021\/06\/Kamenci-300x300.jpg 300w, https:\/\/natoura.si\/wp-content\/uploads\/2021\/06\/Kamenci-150x150.jpg 150w, https:\/\/natoura.si\/wp-content\/uploads\/2021\/06\/Kamenci-768x768.jpg 768w\" sizes=\"(max-width: 800px) 100vw, 800px\" \/>\t\t\t\t\t\t\t\t\t\t\t\t\t\t\t<\/div>\n\t\t\t\t<\/div>\n\t\t\t\t\t<\/div>\n\t\t<\/div>\n\t\t\t\t\t<\/div>\n\t\t<\/section>\n\t\t\t\t<section class=\"elementor-section elementor-top-section elementor-element elementor-element-be108fd elementor-section-boxed elementor-section-height-default elementor-section-height-default\" data-id=\"be108fd\" data-element_type=\"section\" data-e-type=\"section\">\n\t\t\t\t\t\t<div class=\"elementor-container elementor-column-gap-default\">\n\t\t\t\t\t<div class=\"elementor-column elementor-col-100 elementor-top-column elementor-element elementor-element-0dc05be\" data-id=\"0dc05be\" data-element_type=\"column\" data-e-type=\"column\">\n\t\t\t<div class=\"elementor-widget-wrap elementor-element-populated\">\n\t\t\t\t\t\t<div class=\"elementor-element elementor-element-11e1f2c elementor-widget elementor-widget-text-editor\" data-id=\"11e1f2c\" data-element_type=\"widget\" data-e-type=\"widget\" data-widget_type=\"text-editor.default\">\n\t\t\t\t<div class=\"elementor-widget-container\">\n\t\t\t\t\t\t\t\t\t<p><span style=\"font-family: Poppins; color: #9dbc55;\">1. dan: sobota, 23. oktober 2021<\/span><\/p><p><span style=\"color: #ffffff;\">Zjutraj odhod iz \u0160kofje Loke po \u0161tajerski avtocesti mimo Ptuja do Ljutomera, kjer si bomo ogledali <strong>Muzej Ljutomerski kasa\u010d in hipodrom<\/strong>. Ljutomer je zibelka kasa\u0161tva na slovenskem in doma\u010dini nam bodo s ponosom prikazali svoje delo in uspehe. Po ogledu bo \u017ee \u010das, da napolnimo prazne \u017eelodce, kar si bomo privo\u0161\u010dili v <strong>Zidanici Malek<\/strong> v osr\u010dju Jeruzalemskih goric, kjer bomo imeli tudi poku\u0161ino njihovih doma\u010dih vin. Sledila bo vo\u017enja proti reki Muri, kjer se bomo v vasi \u0160afarsko ob rekonstrukciji prazgodovinskega naselja <strong>Gradi\u0161\u010de<\/strong> seznanili z na\u010dinom \u017eivljenja enih prvih naseljencev tega obmo\u010dja, ki nam ga bodo predstavili doma\u010dini. Dru\u017eenje z doma\u010dini bomo zaklju\u010dili v <strong>Ciganskem naselju Kamenci <\/strong>pri \u010cren\u0161evcih, kjer bomo dele\u017eni prave ciganske pogostitve z doma\u010dim bogra\u010dem in lokalnim vinom ter izvedeli marsikatero zanimivo zgodbo ljudi, katerih na\u010din \u017eivljenja in razmi\u0161ljanja \u017ee nekaj stoletij buri duhove. Sledila bo vo\u017enja do hotela Zvezda v Murski Soboti, kerj bo nastanitev in preno\u010devanje.<\/span><\/p>\t\t\t\t\t\t\t\t<\/div>\n\t\t\t\t<\/div>\n\t\t\t\t\t<\/div>\n\t\t<\/div>\n\t\t\t\t\t<\/div>\n\t\t<\/section>\n\t\t\t\t<section class=\"elementor-section elementor-top-section elementor-element elementor-element-06a0d6a elementor-section-boxed elementor-section-height-default elementor-section-height-default\" data-id=\"06a0d6a\" data-element_type=\"section\" data-e-type=\"section\">\n\t\t\t\t\t\t<div class=\"elementor-container elementor-column-gap-default\">\n\t\t\t\t\t<div class=\"elementor-column elementor-col-100 elementor-top-column elementor-element elementor-element-f3c647e\" data-id=\"f3c647e\" data-element_type=\"column\" data-e-type=\"column\">\n\t\t\t<div class=\"elementor-widget-wrap elementor-element-populated\">\n\t\t\t\t\t\t<div class=\"elementor-element elementor-element-9e06d72 elementor-widget elementor-widget-text-editor\" data-id=\"9e06d72\" data-element_type=\"widget\" data-e-type=\"widget\" data-widget_type=\"text-editor.default\">\n\t\t\t\t<div class=\"elementor-widget-container\">\n\t\t\t\t\t\t\t\t\t<p><span style=\"font-family: Poppins;\"><span style=\"color: #9dbc55;\">2. dan: nedelja, 24. oktober 2021<\/span><br \/><\/span><\/p><p><span style=\"color: #ffffff;\">Po poznem zajtrku se bomo bomo odpeljali v bli\u017enji dvorec <strong>Raki\u010dan<\/strong>, kjer si bomo ogledali del njegove notranjosti in grajski park. Zgodbe o nekdanjih lastnikih dvorca so med doma\u010dini \u0161e vedno \u017eive in kak\u0161no od njih bo z nami zagotovo delil lokalni vodnik. Pot nas bo naprej vodila v vas Lipovci, kjer si bomo ogledali izdelavo slamnatih izdelkov, ki jih v doma\u010dem podjetju <strong>Do\u017enjek<\/strong> izdelujejo na tradicionalen na\u010din. V Nedelici, nedale\u010d od tam, si bomo na <strong>Kova\u010devi doma\u010diji<\/strong> privo\u0161\u010dili degustacijo doma\u010dih suhomestantih izdelkov in lokalnih vin. \u010cas do naslednje degustacije bomo izrabili za ogled izjemne okrogle romanske arhitekture iz 13. stoletja in gotskega slikarstva &#8211; <strong>rotunde Sv. Nikolaja v vasi Selo<\/strong>. Zaklju\u010dek dneva bo v vasi Polana pri Murski Soboti, kjer so v <strong>Lovenjakovem dvoru<\/strong> pred kratkim gostinski in hotelirski dejavnosti dodali \u0161e izdelavo \u017eganih pija\u010d, ki jih bomo seveda tudi poku\u0161ali, nato pa si tam privo\u0161\u010dili \u0161e ve\u010derjo. Po ve\u010derji bo sledila vo\u017enja do hotela v bli\u017enjo Mursko Soboto.<\/span><\/p>\t\t\t\t\t\t\t\t<\/div>\n\t\t\t\t<\/div>\n\t\t\t\t\t<\/div>\n\t\t<\/div>\n\t\t\t\t\t<\/div>\n\t\t<\/section>\n\t\t\t\t<section class=\"elementor-section elementor-top-section elementor-element elementor-element-53af1ad elementor-section-boxed elementor-section-height-default elementor-section-height-default\" data-id=\"53af1ad\" data-element_type=\"section\" data-e-type=\"section\">\n\t\t\t\t\t\t<div class=\"elementor-container elementor-column-gap-default\">\n\t\t\t\t\t<div class=\"elementor-column elementor-col-100 elementor-top-column elementor-element elementor-element-0d1f1fa\" data-id=\"0d1f1fa\" data-element_type=\"column\" data-e-type=\"column\">\n\t\t\t<div class=\"elementor-widget-wrap elementor-element-populated\">\n\t\t\t\t\t\t<div class=\"elementor-element elementor-element-2f48f59 elementor-widget elementor-widget-text-editor\" data-id=\"2f48f59\" data-element_type=\"widget\" data-e-type=\"widget\" data-widget_type=\"text-editor.default\">\n\t\t\t\t<div class=\"elementor-widget-container\">\n\t\t\t\t\t\t\t\t\t<p><span style=\"font-family: Poppins;\"><span style=\"color: #9dbc55;\">3. dan: ponedeljek, 25. oktober 2021<\/span><br \/><\/span><\/p><p><span style=\"color: #ffffff;\">Pot nas bo po zajtrku naprej vodila v Radence, kjer se bomo sprehodili do naravnega izvira <strong>Petanjski vrelec<\/strong>, katerega vodo lahko pijemo pod blagovno znamko Radenska. Da v Prekmurju ne gre brez bu\u010d in bu\u010dnega olja, bomo spoznali v <strong>Oljarni Daj\u010d<\/strong>, kjer je oljarstvo sicer le ena od \u0161tevilnih dolgoletnih dejavnosti doma\u010dije, ogledali pa si bomo celoten postopek izdelave olja in ga na koncu seveda lahko tudi poskusili. Za konec potepanja po Prekmurju se bomo podali na bli\u017enji najvi\u0161ji vrh tega dela Slovenije, <strong>Sotinski breg<\/strong> (418 m), kjer stoji razgledni stolp s \u010dudovitim razgledom na okolico, ki ga bomo v primeru lepega vremena dele\u017eni tudi sami. Izlet bomo zaklju\u010dili s poznim kosilom na kme\u010dkem turizmu in se do ve\u010dera vrnili v \u0160kofjo Loko.<\/span><\/p>\t\t\t\t\t\t\t\t<\/div>\n\t\t\t\t<\/div>\n\t\t\t\t\t<\/div>\n\t\t<\/div>\n\t\t\t\t\t<\/div>\n\t\t<\/section>\n\t\t\t\t<section class=\"elementor-section elementor-top-section elementor-element elementor-element-39800d3 elementor-section-boxed elementor-section-height-default elementor-section-height-default\" data-id=\"39800d3\" data-element_type=\"section\" data-e-type=\"section\">\n\t\t\t\t\t\t<div class=\"elementor-container elementor-column-gap-default\">\n\t\t\t\t\t<div class=\"elementor-column elementor-col-33 elementor-top-column elementor-element elementor-element-bfbaf7b\" data-id=\"bfbaf7b\" data-element_type=\"column\" data-e-type=\"column\">\n\t\t\t<div class=\"elementor-widget-wrap elementor-element-populated\">\n\t\t\t\t\t\t<div class=\"elementor-element elementor-element-06d27f4 elementor-widget elementor-widget-image\" data-id=\"06d27f4\" data-element_type=\"widget\" data-e-type=\"widget\" data-widget_type=\"image.default\">\n\t\t\t\t<div class=\"elementor-widget-container\">\n\t\t\t\t\t\t\t\t\t\t\t\t\t\t\t<img loading=\"lazy\" decoding=\"async\" width=\"800\" height=\"800\" src=\"https:\/\/natoura.si\/wp-content\/uploads\/2021\/09\/Rotunda.gif\" class=\"attachment-large size-large wp-image-5325\" alt=\"\" \/>\t\t\t\t\t\t\t\t\t\t\t\t\t\t\t<\/div>\n\t\t\t\t<\/div>\n\t\t\t\t\t<\/div>\n\t\t<\/div>\n\t\t\t\t<div class=\"elementor-column elementor-col-33 elementor-top-column elementor-element elementor-element-e551ff8\" data-id=\"e551ff8\" data-element_type=\"column\" data-e-type=\"column\">\n\t\t\t<div class=\"elementor-widget-wrap elementor-element-populated\">\n\t\t\t\t\t\t<div class=\"elementor-element elementor-element-f302e63 elementor-widget elementor-widget-image\" data-id=\"f302e63\" data-element_type=\"widget\" data-e-type=\"widget\" data-widget_type=\"image.default\">\n\t\t\t\t<div class=\"elementor-widget-container\">\n\t\t\t\t\t\t\t\t\t\t\t\t\t\t\t<img loading=\"lazy\" decoding=\"async\" width=\"800\" height=\"800\" src=\"https:\/\/natoura.si\/wp-content\/uploads\/2021\/09\/Petanjski-vrelec.gif\" class=\"attachment-large size-large wp-image-5329\" alt=\"\" \/>\t\t\t\t\t\t\t\t\t\t\t\t\t\t\t<\/div>\n\t\t\t\t<\/div>\n\t\t\t\t\t<\/div>\n\t\t<\/div>\n\t\t\t\t<div class=\"elementor-column elementor-col-33 elementor-top-column elementor-element elementor-element-791b20f\" data-id=\"791b20f\" data-element_type=\"column\" data-e-type=\"column\">\n\t\t\t<div class=\"elementor-widget-wrap elementor-element-populated\">\n\t\t\t\t\t\t<div class=\"elementor-element elementor-element-04d1750 elementor-widget elementor-widget-image\" data-id=\"04d1750\" data-element_type=\"widget\" data-e-type=\"widget\" data-widget_type=\"image.default\">\n\t\t\t\t<div class=\"elementor-widget-container\">\n\t\t\t\t\t\t\t\t\t\t\t\t\t\t\t<img loading=\"lazy\" decoding=\"async\" width=\"800\" height=\"800\" src=\"https:\/\/natoura.si\/wp-content\/uploads\/2021\/07\/Kovaceva-domacija.gif\" class=\"attachment-large size-large wp-image-4953\" alt=\"\" \/>\t\t\t\t\t\t\t\t\t\t\t\t\t\t\t<\/div>\n\t\t\t\t<\/div>\n\t\t\t\t\t<\/div>\n\t\t<\/div>\n\t\t\t\t\t<\/div>\n\t\t<\/section>\n\t\t\t\t<section class=\"elementor-section elementor-top-section elementor-element elementor-element-b82a39f elementor-section-boxed elementor-section-height-default elementor-section-height-default\" data-id=\"b82a39f\" data-element_type=\"section\" data-e-type=\"section\">\n\t\t\t\t\t\t<div class=\"elementor-container elementor-column-gap-default\">\n\t\t\t\t\t<div class=\"elementor-column elementor-col-100 elementor-top-column elementor-element elementor-element-a036de3\" data-id=\"a036de3\" data-element_type=\"column\" data-e-type=\"column\">\n\t\t\t<div class=\"elementor-widget-wrap elementor-element-populated\">\n\t\t\t\t\t\t<div class=\"elementor-element elementor-element-ec3f929 elementor-widget elementor-widget-text-editor\" data-id=\"ec3f929\" data-element_type=\"widget\" data-e-type=\"widget\" data-widget_type=\"text-editor.default\">\n\t\t\t\t<div class=\"elementor-widget-container\">\n\t\t\t\t\t\t\t\t\t<p><span style=\"font-family: Poppins; color: #ffffff;\">Vodstvo: Janja Benedik in lokalni vodniki.<\/span><\/p><p><span style=\"color: #f56450;\">PODROBNEJ\u0160E INFORMACIJE O IZLETU BOSTE PRIJAVLJENI PREJELI PO ELEKTRONSKI PO\u0160TI NEKAJ DNI PRED ODHODOM.<\/span><\/p>\t\t\t\t\t\t\t\t<\/div>\n\t\t\t\t<\/div>\n\t\t\t\t\t<\/div>\n\t\t<\/div>\n\t\t\t\t\t<\/div>\n\t\t<\/section>\n\t\t\t\t<section class=\"elementor-section elementor-top-section elementor-element elementor-element-aa4cb04 elementor-section-boxed elementor-section-height-default elementor-section-height-default\" data-id=\"aa4cb04\" data-element_type=\"section\" data-e-type=\"section\">\n\t\t\t\t\t\t<div class=\"elementor-container elementor-column-gap-default\">\n\t\t\t\t\t<div class=\"elementor-column elementor-col-100 elementor-top-column elementor-element elementor-element-bbba9d2\" data-id=\"bbba9d2\" data-element_type=\"column\" data-e-type=\"column\">\n\t\t\t<div class=\"elementor-widget-wrap elementor-element-populated\">\n\t\t\t\t\t\t<div class=\"elementor-element elementor-element-0493326 elementor-widget elementor-widget-text-editor\" data-id=\"0493326\" data-element_type=\"widget\" data-e-type=\"widget\" data-widget_type=\"text-editor.default\">\n\t\t\t\t<div class=\"elementor-widget-container\">\n\t\t\t\t\t\t\t\t\t<p><span style=\"color: #9dbc55;\">IZLET LAHKO PLA\u010cATE S TURISTI\u010cNIMI BONI. VE\u010c INFORMACIJ V POSEBNEM ZAVIHKU NA VRHU STRANI.<\/span><\/p>\t\t\t\t\t\t\t\t<\/div>\n\t\t\t\t<\/div>\n\t\t\t\t\t<\/div>\n\t\t<\/div>\n\t\t\t\t\t<\/div>\n\t\t<\/section>\n\t\t\t\t<section class=\"elementor-section elementor-top-section elementor-element elementor-element-5ffab85 elementor-section-boxed elementor-section-height-default elementor-section-height-default\" data-id=\"5ffab85\" data-element_type=\"section\" data-e-type=\"section\">\n\t\t\t\t\t\t<div class=\"elementor-container elementor-column-gap-default\">\n\t\t\t\t\t<div class=\"elementor-column elementor-col-100 elementor-top-column elementor-element elementor-element-7b795d5\" data-id=\"7b795d5\" data-element_type=\"column\" data-e-type=\"column\">\n\t\t\t<div class=\"elementor-widget-wrap elementor-element-populated\">\n\t\t\t\t\t\t<div class=\"elementor-element elementor-element-82f37b3 elementor-widget elementor-widget-spacer\" data-id=\"82f37b3\" data-element_type=\"widget\" data-e-type=\"widget\" data-widget_type=\"spacer.default\">\n\t\t\t\t<div class=\"elementor-widget-container\">\n\t\t\t\t\t\t\t<div class=\"elementor-spacer\">\n\t\t\t<div class=\"elementor-spacer-inner\"><\/div>\n\t\t<\/div>\n\t\t\t\t\t\t<\/div>\n\t\t\t\t<\/div>\n\t\t\t\t<div class=\"elementor-element elementor-element-e70fe8c elementor-widget elementor-widget-text-editor\" data-id=\"e70fe8c\" data-element_type=\"widget\" data-e-type=\"widget\" data-widget_type=\"text-editor.default\">\n\t\t\t\t<div class=\"elementor-widget-container\">\n\t\t\t\t\t\t\t\t\t<p class=\"translation-block\"><span style=\"color: #ffffff\"><a style=\"color: #ffffff\" href=\"https:\/\/natoura.si\/en\/splosni-pogoji-poslovanja\/\" target=\"_self\">The general terms and conditions are an integral part of the program. They are available on the website https:\/\/natoura.si.<\/span><\/p><p><span style=\"font-family: Poppins; color: #ffffff;\">Avtorica programa: \u00a9 Janja Benedik, 2021.<\/span><\/p><p><span style=\"font-family: Poppins; color: #ffffff;\">Organizator in izvajalec izleta: \u00a9 naTOURa, Janja Benedik, s. p. , 2021.<\/span><\/p><p><strong>\u00a0<\/strong><\/p>\t\t\t\t\t\t\t\t<\/div>\n\t\t\t\t<\/div>\n\t\t\t\t\t<\/div>\n\t\t<\/div>\n\t\t\t\t\t<\/div>\n\t\t<\/section>\n\t\t\t\t<\/div>","protected":false},"excerpt":{"rendered":"<p>1. dan: sobota, 23. oktober 2021 Zjutraj odhod iz \u0160kofje Loke po \u0161tajerski avtocesti mimo Ptuja do Ljutomera, kjer si bomo ogledali Muzej Ljutomerski kasa\u010dTour Details<\/p>","protected":false},"author":1,"featured_media":5306,"parent":0,"menu_order":0,"comment_status":"closed","ping_status":"closed","template":"","meta":{"footnotes":""},"class_list":["post-5305","page","type-page","status-publish","has-post-thumbnail","hentry"],"_links":{"self":[{"href":"https:\/\/natoura.si\/en\/wp-json\/wp\/v2\/pages\/5305","targetHints":{"allow":["GET"]}}],"collection":[{"href":"https:\/\/natoura.si\/en\/wp-json\/wp\/v2\/pages"}],"about":[{"href":"https:\/\/natoura.si\/en\/wp-json\/wp\/v2\/types\/page"}],"author":[{"embeddable":true,"href":"https:\/\/natoura.si\/en\/wp-json\/wp\/v2\/users\/1"}],"replies":[{"embeddable":true,"href":"https:\/\/natoura.si\/en\/wp-json\/wp\/v2\/comments?post=5305"}],"version-history":[{"count":19,"href":"https:\/\/natoura.si\/en\/wp-json\/wp\/v2\/pages\/5305\/revisions"}],"predecessor-version":[{"id":5333,"href":"https:\/\/natoura.si\/en\/wp-json\/wp\/v2\/pages\/5305\/revisions\/5333"}],"wp:featuredmedia":[{"embeddable":true,"href":"https:\/\/natoura.si\/en\/wp-json\/wp\/v2\/media\/5306"}],"wp:attachment":[{"href":"https:\/\/natoura.si\/en\/wp-json\/wp\/v2\/media?parent=5305"}],"curies":[{"name":"wp","href":"https:\/\/api.w.org\/{rel}","templated":true}]}}