{"id":4360,"date":"2021-06-17T07:40:05","date_gmt":"2021-06-17T07:40:05","guid":{"rendered":"https:\/\/natoura.si\/?page_id=4360"},"modified":"2021-06-17T07:58:32","modified_gmt":"2021-06-17T07:58:32","slug":"dediscina-vulkanov-program","status":"publish","type":"page","link":"https:\/\/natoura.si\/en\/dediscina-vulkanov-program\/","title":{"rendered":"Dedi\u0161\u010dina vulkanov &#8211; program"},"content":{"rendered":"<div data-elementor-type=\"wp-page\" data-elementor-id=\"4360\" class=\"elementor elementor-4360\" data-elementor-post-type=\"page\">\n\t\t\t\t\t\t<section class=\"elementor-section elementor-top-section elementor-element elementor-element-3b78148 elementor-section-boxed elementor-section-height-default elementor-section-height-default\" data-id=\"3b78148\" data-element_type=\"section\" data-e-type=\"section\">\n\t\t\t\t\t\t<div class=\"elementor-container elementor-column-gap-default\">\n\t\t\t\t\t<div class=\"elementor-column elementor-col-33 elementor-top-column elementor-element elementor-element-03c21c9\" data-id=\"03c21c9\" data-element_type=\"column\" data-e-type=\"column\">\n\t\t\t<div class=\"elementor-widget-wrap elementor-element-populated\">\n\t\t\t\t\t\t<div class=\"elementor-element elementor-element-19dfba0 elementor-widget elementor-widget-image\" data-id=\"19dfba0\" data-element_type=\"widget\" data-e-type=\"widget\" data-widget_type=\"image.default\">\n\t\t\t\t<div class=\"elementor-widget-container\">\n\t\t\t\t\t\t\t\t\t\t\t\t\t\t\t<img fetchpriority=\"high\" decoding=\"async\" width=\"800\" height=\"800\" src=\"https:\/\/natoura.si\/wp-content\/uploads\/2021\/06\/Monte-Cinto-napovedna.gif\" class=\"attachment-large size-large wp-image-4347\" alt=\"\" \/>\t\t\t\t\t\t\t\t\t\t\t\t\t\t\t<\/div>\n\t\t\t\t<\/div>\n\t\t\t\t\t<\/div>\n\t\t<\/div>\n\t\t\t\t<div class=\"elementor-column elementor-col-66 elementor-top-column elementor-element elementor-element-8ab13c5\" data-id=\"8ab13c5\" data-element_type=\"column\" data-e-type=\"column\">\n\t\t\t<div class=\"elementor-widget-wrap elementor-element-populated\">\n\t\t\t\t\t\t<div class=\"elementor-element elementor-element-1afa214 elementor-widget elementor-widget-text-editor\" data-id=\"1afa214\" data-element_type=\"widget\" data-e-type=\"widget\" data-widget_type=\"text-editor.default\">\n\t\t\t\t<div class=\"elementor-widget-container\">\n\t\t\t\t\t\t\t\t\t<p><span style=\"color: #9db958;\">1.dan: petek, 10. september 2021<\/span><\/p><p><span style=\"color: #ffffff;\">Iz Slovenije se bomo z avtobusom odpravili v jutranjih urah in si na obmo\u010dju Regionalnega parka Evganejsko gri\u010devje najprej v kraju Cinto Euganei ogledali zanimiv geolo\u0161ki muzej, saj bomo le tako lahko razumeli nastanek celotnega obmo\u010dja in kraje, ki si jih bomo ogledali. Sledil bo kratek vzpon na Monte Cinto, ki se nahaja nad muzejem, ob poti do vrha pa si bomo ogledali opu\u0161\u010dena kamnoloma apnenca in riolita, ki se je pod vrhom oblikoval v obliki stebrov (kro\u017ena pot, 1,5 h hoje). Z vrha bo tudi lep panoramski pogled na obmo\u010dje, po katerem bomo potovali. Po prvem stiku z geologijo obmo\u010dja se bomo odpeljali do hotela, kjer si bomo pred ve\u010derjo privo\u0161\u010dili kopanje v termalnih vodah.\u00a0<\/span><\/p>\t\t\t\t\t\t\t\t<\/div>\n\t\t\t\t<\/div>\n\t\t\t\t\t<\/div>\n\t\t<\/div>\n\t\t\t\t\t<\/div>\n\t\t<\/section>\n\t\t\t\t<section class=\"elementor-section elementor-top-section elementor-element elementor-element-c1769e8 elementor-section-boxed elementor-section-height-default elementor-section-height-default\" data-id=\"c1769e8\" data-element_type=\"section\" data-e-type=\"section\">\n\t\t\t\t\t\t<div class=\"elementor-container elementor-column-gap-default\">\n\t\t\t\t\t<div class=\"elementor-column elementor-col-66 elementor-top-column elementor-element elementor-element-6707636\" data-id=\"6707636\" data-element_type=\"column\" data-e-type=\"column\">\n\t\t\t<div class=\"elementor-widget-wrap elementor-element-populated\">\n\t\t\t\t\t\t<div class=\"elementor-element elementor-element-e5c16b1 elementor-widget elementor-widget-text-editor\" data-id=\"e5c16b1\" data-element_type=\"widget\" data-e-type=\"widget\" data-widget_type=\"text-editor.default\">\n\t\t\t\t<div class=\"elementor-widget-container\">\n\t\t\t\t\t\t\t\t\t<p><span style=\"color: #9dbc55;\">2. dan: sobota, 11. september 2021<\/span><\/p><p><span style=\"color: #ffffff;\">Po zajtrku bomo nadaljevali s spoznavanjem pestre geologije obmo\u010dja in si ogledali opu\u0161\u010deni kamnolomlatita ob vzno\u017eju gri\u010da Monte Croce, kjer se nahajajo tudi zanimive rastlinske vrste (45 min zlo\u017ene hoje). Sledil bo ogled parka Ville Barbarigo z enim najve\u010djih rastlinskih labirintov na svetu ter bogato zbirko drevesnih in grmovnih vrst. Sledila bo vo\u017enja do slikovitega srednjeve\u0161kega mesteca Monselice, kjer si bomo ogledali zanimiv grad, staro mestno jedro in grobove Langobardov. Pred ve\u010derjo v hotelu bo \u010das \u0161e za skok v termalne vode v hotelu, savno, &#8230;\u00a0<\/span><\/p>\t\t\t\t\t\t\t\t<\/div>\n\t\t\t\t<\/div>\n\t\t\t\t\t<\/div>\n\t\t<\/div>\n\t\t\t\t<div class=\"elementor-column elementor-col-33 elementor-top-column elementor-element elementor-element-9139d37\" data-id=\"9139d37\" data-element_type=\"column\" data-e-type=\"column\">\n\t\t\t<div class=\"elementor-widget-wrap elementor-element-populated\">\n\t\t\t\t\t\t<div class=\"elementor-element elementor-element-746fcb5 elementor-widget elementor-widget-image\" data-id=\"746fcb5\" data-element_type=\"widget\" data-e-type=\"widget\" data-widget_type=\"image.default\">\n\t\t\t\t<div class=\"elementor-widget-container\">\n\t\t\t\t\t\t\t\t\t\t\t\t\t\t\t<img decoding=\"async\" width=\"874\" height=\"858\" src=\"https:\/\/natoura.si\/wp-content\/uploads\/2020\/03\/Monselice.gif\" class=\"attachment-large size-large wp-image-1756\" alt=\"\" \/>\t\t\t\t\t\t\t\t\t\t\t\t\t\t\t<\/div>\n\t\t\t\t<\/div>\n\t\t\t\t\t<\/div>\n\t\t<\/div>\n\t\t\t\t\t<\/div>\n\t\t<\/section>\n\t\t\t\t<section class=\"elementor-section elementor-top-section elementor-element elementor-element-7ed273d elementor-section-boxed elementor-section-height-default elementor-section-height-default\" data-id=\"7ed273d\" data-element_type=\"section\" data-e-type=\"section\">\n\t\t\t\t\t\t<div class=\"elementor-container elementor-column-gap-default\">\n\t\t\t\t\t<div class=\"elementor-column elementor-col-33 elementor-top-column elementor-element elementor-element-33e8c31\" data-id=\"33e8c31\" data-element_type=\"column\" data-e-type=\"column\">\n\t\t\t<div class=\"elementor-widget-wrap elementor-element-populated\">\n\t\t\t\t\t\t<div class=\"elementor-element elementor-element-fa5f890 elementor-widget elementor-widget-image\" data-id=\"fa5f890\" data-element_type=\"widget\" data-e-type=\"widget\" data-widget_type=\"image.default\">\n\t\t\t\t<div class=\"elementor-widget-container\">\n\t\t\t\t\t\t\t\t\t\t\t\t\t\t\t<img decoding=\"async\" width=\"800\" height=\"800\" src=\"https:\/\/natoura.si\/wp-content\/uploads\/2021\/06\/Petrarca.gif\" class=\"attachment-large size-large wp-image-4364\" alt=\"\" \/>\t\t\t\t\t\t\t\t\t\t\t\t\t\t\t<\/div>\n\t\t\t\t<\/div>\n\t\t\t\t\t<\/div>\n\t\t<\/div>\n\t\t\t\t<div class=\"elementor-column elementor-col-66 elementor-top-column elementor-element elementor-element-a79aa82\" data-id=\"a79aa82\" data-element_type=\"column\" data-e-type=\"column\">\n\t\t\t<div class=\"elementor-widget-wrap elementor-element-populated\">\n\t\t\t\t\t\t<div class=\"elementor-element elementor-element-5ca644c elementor-widget elementor-widget-text-editor\" data-id=\"5ca644c\" data-element_type=\"widget\" data-e-type=\"widget\" data-widget_type=\"text-editor.default\">\n\t\t\t\t<div class=\"elementor-widget-container\">\n\t\t\t\t\t\t\t\t\t<p><span style=\"color: #9dbc55;\">3. dan: nedelja, 12. september 2021<\/span><\/p><p><span style=\"color: #ffffff;\">Zadnji dan bomo najprej posvetili literaturi in se ustavili v mestecu Arqua Petrarca, kjer je svoja zadnja leta \u017eivljenja znameniti italijanski literat, filozof in teolog Francesco Petrarca. Sledila bo vo\u017enja do bli\u017enjega srednjeve\u0161kega mesta Este, kjer bomo \u010das namenili ogledu Arheolo\u0161kega muzeja z izredno zanimivo in bogato zbirko, ki se nahaja v delu nekdanjega gradu s slikovitim obzidjem. Pred odhodom proti Sloveniji se bomo ustavili \u0161e ob nahajali\u0161\u010du vulkanske kamnine trahit in s tem zaklju\u010dili zgodbo, ki nam jo ponujajo nekdanji vulkani Evganejskega gri\u010devja. Prihod v Ljubljano v ve\u010dernih urah.<\/span><\/p>\t\t\t\t\t\t\t\t<\/div>\n\t\t\t\t<\/div>\n\t\t\t\t\t<\/div>\n\t\t<\/div>\n\t\t\t\t\t<\/div>\n\t\t<\/section>\n\t\t\t\t<section class=\"elementor-section elementor-top-section elementor-element elementor-element-56380dc elementor-section-boxed elementor-section-height-default elementor-section-height-default\" data-id=\"56380dc\" data-element_type=\"section\" data-e-type=\"section\">\n\t\t\t\t\t\t<div class=\"elementor-container elementor-column-gap-default\">\n\t\t\t\t\t<div class=\"elementor-column elementor-col-100 elementor-top-column elementor-element elementor-element-d2eba57\" data-id=\"d2eba57\" data-element_type=\"column\" data-e-type=\"column\">\n\t\t\t<div class=\"elementor-widget-wrap elementor-element-populated\">\n\t\t\t\t\t\t<div class=\"elementor-element elementor-element-7b57216 elementor-widget elementor-widget-spacer\" data-id=\"7b57216\" data-element_type=\"widget\" data-e-type=\"widget\" data-widget_type=\"spacer.default\">\n\t\t\t\t<div class=\"elementor-widget-container\">\n\t\t\t\t\t\t\t<div class=\"elementor-spacer\">\n\t\t\t<div class=\"elementor-spacer-inner\"><\/div>\n\t\t<\/div>\n\t\t\t\t\t\t<\/div>\n\t\t\t\t<\/div>\n\t\t\t\t\t<\/div>\n\t\t<\/div>\n\t\t\t\t\t<\/div>\n\t\t<\/section>\n\t\t\t\t<section class=\"elementor-section elementor-top-section elementor-element elementor-element-658ba09 elementor-section-boxed elementor-section-height-default elementor-section-height-default\" data-id=\"658ba09\" data-element_type=\"section\" data-e-type=\"section\">\n\t\t\t\t\t\t<div class=\"elementor-container elementor-column-gap-default\">\n\t\t\t\t\t<div class=\"elementor-column elementor-col-100 elementor-top-column elementor-element elementor-element-4498596\" data-id=\"4498596\" data-element_type=\"column\" data-e-type=\"column\">\n\t\t\t<div class=\"elementor-widget-wrap elementor-element-populated\">\n\t\t\t\t\t\t<div class=\"elementor-element elementor-element-2a2d8c9 elementor-widget elementor-widget-text-editor\" data-id=\"2a2d8c9\" data-element_type=\"widget\" data-e-type=\"widget\" data-widget_type=\"text-editor.default\">\n\t\t\t\t<div class=\"elementor-widget-container\">\n\t\t\t\t\t\t\t\t\t<p class=\"translation-block\"><span style=\"color: #ffffff\"><a style=\"color: #ffffff\" href=\"https:\/\/natoura.si\/en\/splosni-pogoji-poslovanja\/\" target=\"_self\">The general terms and conditions are an integral part of the program. They are available on the website https:\/\/natoura.si.<\/span><\/p><p><span style=\"font-family: Poppins; font-size: 14px; color: #ffffff;\">Avtorica programa: \u00a9 Janja Benedik, 2019.<\/span><\/p><p><span style=\"font-family: Poppins; font-size: 14px; color: #ffffff;\">Organizator in izvajalec programa: \u00a9 naTOURa, Janja Benedik s. p., 2019-2021.<\/span><\/p>\t\t\t\t\t\t\t\t<\/div>\n\t\t\t\t<\/div>\n\t\t\t\t\t<\/div>\n\t\t<\/div>\n\t\t\t\t\t<\/div>\n\t\t<\/section>\n\t\t\t\t<\/div>","protected":false},"excerpt":{"rendered":"<p>1.dan: petek, 10. september 2021 Iz Slovenije se bomo z avtobusom odpravili v jutranjih urah in si na obmo\u010dju Regionalnega parka Evganejsko gri\u010devje najprej vTour Details<\/p>","protected":false},"author":1,"featured_media":4355,"parent":0,"menu_order":0,"comment_status":"closed","ping_status":"closed","template":"","meta":{"footnotes":""},"class_list":["post-4360","page","type-page","status-publish","has-post-thumbnail","hentry"],"_links":{"self":[{"href":"https:\/\/natoura.si\/en\/wp-json\/wp\/v2\/pages\/4360","targetHints":{"allow":["GET"]}}],"collection":[{"href":"https:\/\/natoura.si\/en\/wp-json\/wp\/v2\/pages"}],"about":[{"href":"https:\/\/natoura.si\/en\/wp-json\/wp\/v2\/types\/page"}],"author":[{"embeddable":true,"href":"https:\/\/natoura.si\/en\/wp-json\/wp\/v2\/users\/1"}],"replies":[{"embeddable":true,"href":"https:\/\/natoura.si\/en\/wp-json\/wp\/v2\/comments?post=4360"}],"version-history":[{"count":4,"href":"https:\/\/natoura.si\/en\/wp-json\/wp\/v2\/pages\/4360\/revisions"}],"predecessor-version":[{"id":4367,"href":"https:\/\/natoura.si\/en\/wp-json\/wp\/v2\/pages\/4360\/revisions\/4367"}],"wp:featuredmedia":[{"embeddable":true,"href":"https:\/\/natoura.si\/en\/wp-json\/wp\/v2\/media\/4355"}],"wp:attachment":[{"href":"https:\/\/natoura.si\/en\/wp-json\/wp\/v2\/media?parent=4360"}],"curies":[{"name":"wp","href":"https:\/\/api.w.org\/{rel}","templated":true}]}}