{"id":350,"date":"2019-09-05T09:52:29","date_gmt":"2019-09-05T09:52:29","guid":{"rendered":"https:\/\/natoura.si\/?page_id=350"},"modified":"2019-10-10T11:27:24","modified_gmt":"2019-10-10T11:27:24","slug":"armenska-zimska-pravljica","status":"publish","type":"page","link":"https:\/\/natoura.si\/en\/armenska-zimska-pravljica\/","title":{"rendered":"Armenska zimska pravljica"},"content":{"rendered":"<p><span style=\"font-family: Montserrat; color: #9dbc55; font-size: 10pt;\"><strong>17. &#8211; 26. januar 2020<\/strong><\/span><\/p>\n<p><span style=\"font-family: Montserrat; font-size: 10pt;\">desetdnevno potovanje \u2022 letalo \u2022 minibus<\/span><\/p>\n<p>&nbsp;<\/p>\n<p><span style=\"font-family: Montserrat; font-size: 10pt;\"><em>Spoznati Armenijo pozimi je pravi u\u017eitek. Hoja po pobo\u010djih zasne\u017eenih ugaslih vulkanov s \u010dudovitimi razgledi na pokrajino in misti\u010dnim velikanom Araratom, ki nam iz daljave sledi na vsakem koraku, ob ve\u010derih pa topel sprejem doma\u010dinov z odli\u010dno hrano in \u010de ste \u0161e pri mo\u010deh, z glasbo in plesom. Vabljeni v zimski raj!<\/em><\/span><\/p>\n<p>&nbsp;<\/p>\n<p><span style=\"font-family: Montserrat; color: #9dbc55; font-size: 10pt;\"><strong>dan: 17.\u00a0 januar 2020<\/strong><\/span><\/p>\n<p><span style=\"font-family: Montserrat; font-size: 10pt;\">Departure from Slovenia and arrival in Yerevan, the capital of Armenia, in the early morning hours of the following day.<\/span><\/p>\n<p><span style=\"font-family: Montserrat; color: #9dbc55; font-size: 10pt;\"><strong>2. dan: 18. januar 2020<\/strong><\/span><\/p>\n<p><span style=\"font-family: Montserrat; font-size: 10pt;\"><img decoding=\"async\" class=\"alignnone wp-image-351\" src=\"https:\/\/natoura.si\/wp-content\/uploads\/2019\/09\/Yerevan1-300x150.gif\" alt=\"\" width=\"239\" height=\"120\" \/> <img decoding=\"async\" class=\"alignnone wp-image-352\" src=\"https:\/\/natoura.si\/wp-content\/uploads\/2019\/09\/Yerevan2-300x225.gif\" alt=\"\" width=\"160\" height=\"120\" \/><\/span><\/p>\n<p><span style=\"font-family: Montserrat; font-size: 10pt;\">Dopoldan bomo spoznavali armensko prestolnico z njenimi glavnimi znamenitostmi: Trg Republike, Opero, Kaskade z Modernim likovnim centrom z izjemnimi skulpturami in \u010dudovitim panoramskim razgledom na Yerevan. Sprehodili se bomo po aveniji Baghramyan, kjer bomo videli Parlament, predsedni\u0161ko pala\u010do in Akademijo znanosti in umetnosti. Med ogledi si bomo vzeli \u010das in u\u017eivali ob kavi ali \u010daju in za\u010dutili prijeten utrip mesta, \u010ce bo \u010das, bomo obiskali \u0161e tr\u017enico, Spominski kompleks, posve\u010den armenskemu genocidu in muzej Matenadaran, v katerem je shranjena izjemna zbirka armenskih srednjeve\u0161kih rokopisov. Ve\u010derja in preno\u010devanje v hotelu v Yerevanu.<\/span><\/p>\n<p><span style=\"font-family: Montserrat; color: #9dbc55; font-size: 10pt;\"><strong>3. dan: 19. januar 2020<\/strong><\/span><\/p>\n<p><span style=\"font-family: Montserrat; font-size: 10pt;\"><img decoding=\"async\" class=\"alignnone wp-image-353\" src=\"https:\/\/natoura.si\/wp-content\/uploads\/2019\/09\/Clipboard01-300x225.gif\" alt=\"\" width=\"160\" height=\"120\" \/> <img loading=\"lazy\" decoding=\"async\" class=\"alignnone wp-image-354\" src=\"https:\/\/natoura.si\/wp-content\/uploads\/2019\/09\/Clipboard02-225x300.gif\" alt=\"\" width=\"90\" height=\"120\" \/> <img loading=\"lazy\" decoding=\"async\" class=\"alignnone wp-image-355\" src=\"https:\/\/natoura.si\/wp-content\/uploads\/2019\/09\/Clipboard03-300x225.gif\" alt=\"\" width=\"160\" height=\"120\" \/> <\/span><\/p>\n<p><span style=\"font-family: Montserrat; font-size: 10pt;\">Vo\u017enja v 25 km oddaljeno vas Banavan na nadmorski vi\u0161ini 1300 m, kjer bomo za\u010deli s pohodom po zna\u010dilni vulkanski armenski pokrajini. Ob sprehodu po soteski reke Azad bomo lahko ob\u010dudovali izredno slikovite bazaltne stebre. Pohod bo trajal od 3 do 4 ure in bo vklju\u010deval pribli\u017eno 90 m spusta in 100 m vzpona. Sledil bo ogled poganskega templja sonca Garni iz leta 77, nato pa \u0161e znameniti samostan Gueghard, v katerem naj bi nekaj \u010dasa hranili kopje, s katerim so ranili Kristusa. Samostan je delno vklesan v skalo, na dvori\u0161\u010du pa se nahajajo zna\u010dilni armenski nagrobniki ka\u010dkarji. Ob koncu dneva povratek v Yerevan in preno\u010devanje v hotelu.<\/span><\/p>\n<p><span style=\"font-family: Montserrat; color: #9dbc55; font-size: 10pt;\"><strong>4. dan: 20. januar 2020<\/strong><\/span><\/p>\n<p><span style=\"font-family: Montserrat; font-size: 10pt;\"><img loading=\"lazy\" decoding=\"async\" class=\"alignnone wp-image-356\" src=\"https:\/\/natoura.si\/wp-content\/uploads\/2019\/09\/Clipboard04-300x200.gif\" alt=\"\" width=\"180\" height=\"120\" \/> <img loading=\"lazy\" decoding=\"async\" class=\"alignnone wp-image-357\" src=\"https:\/\/natoura.si\/wp-content\/uploads\/2019\/09\/Hatis-300x158.gif\" alt=\"\" width=\"228\" height=\"120\" \/> <\/span><\/p>\n<p><span style=\"font-family: Montserrat; font-size: 10pt;\">Vo\u017enja do 30 km oddaljene vasi Kotayk na nadmorski vi\u0161ini 1500 m, od koder bo sledil vzpon s krpljami na goro Hatis (2500 m). Z gore se bomo spustili proti cerkvi Sv. Petra in Pavla, od koder se bomo odpeljali do smu\u010darskega sredi\u0161\u010da Tsaghkadzor (1800 m). Preno\u010devanje v hotelu Alpina. Hoja: 5-6 ur, pribli\u017eno 1000 m vzpona in spusta.<\/span><\/p>\n<p><span style=\"font-family: Montserrat; color: #9dbc55; font-size: 10pt;\"><strong>5. dan: 21. januar 2020<\/strong><\/span><\/p>\n<p><span style=\"font-family: Montserrat; font-size: 10pt;\">\u00a0<img loading=\"lazy\" decoding=\"async\" class=\"alignnone wp-image-359\" src=\"https:\/\/natoura.si\/wp-content\/uploads\/2019\/09\/Tsaghkadzor-300x200.gif\" alt=\"\" width=\"180\" height=\"120\" \/> <img loading=\"lazy\" decoding=\"async\" class=\"alignnone wp-image-358\" src=\"https:\/\/natoura.si\/wp-content\/uploads\/2019\/09\/Clipboard08-300x200.gif\" alt=\"\" width=\"180\" height=\"120\" \/><\/span><\/p>\n<p><span style=\"font-family: Montserrat; font-size: 10pt;\">Zjutraj bomo obiskali samostan Kecharis, nato pa se bomo z \u017ei\u010dnico odpeljali na vrh gore Tsaghkunyats (2697 m). S krpljami se bomo spustili v sosednjo dolino do vasi Aghveran (1950 m), kjer bomo preno\u010devali v hotelu Artur&#8217;s. Hoja: 5-6 ur, vi\u0161inska razlika: 200 m vzpona in 1000 m spusta.<\/span><\/p>\n<p><span style=\"font-family: Montserrat; color: #9dbc55; font-size: 10pt;\"><strong>6. dan: 22. januar 2020<\/strong><\/span><\/p>\n<p><span style=\"font-family: Montserrat; font-size: 10pt;\"><img loading=\"lazy\" decoding=\"async\" class=\"alignnone wp-image-361\" src=\"https:\/\/natoura.si\/wp-content\/uploads\/2019\/09\/Clipboard07-300x138.gif\" alt=\"\" width=\"262\" height=\"120\" \/> <img loading=\"lazy\" decoding=\"async\" class=\"alignnone wp-image-360\" src=\"https:\/\/natoura.si\/wp-content\/uploads\/2019\/09\/Clipboard06-300x200.gif\" alt=\"\" width=\"180\" height=\"120\" \/>\u00a0 <\/span><\/p>\n<p><span style=\"font-family: Montserrat; font-size: 10pt;\">Prevoz (10 km) do vasi Arzakan (1600m). Pohod s krpljami proti vrhu pobo\u010dja (2200 m) gore Teghenis (2840 m), od koder bomo imeli \u010dudovit razgled na gori Ararat in Aragats. Na poti bomo obiskali samostan Neghutsavan in vas Bujakan (1850 m). 5-6 ur hoje, vzpona 600 m, spust 450 m. Popoldan se bomo odpeljali v pribli\u017eno 100 km oddaljeni Stepanavan, majhno mesto sredi gozdov na severu Armenije. Ve\u010derja in preno\u010devanje v hotelu v sredi\u0161\u010du mesta.<\/span><\/p>\n<p><span style=\"font-family: Montserrat; color: #9dbc55; font-size: 10pt;\"><strong>7. dan: 23. januar 2020<\/strong><\/span><\/p>\n<p><span style=\"font-family: Montserrat; font-size: 10pt;\"><img loading=\"lazy\" decoding=\"async\" class=\"alignnone wp-image-363\" src=\"https:\/\/natoura.si\/wp-content\/uploads\/2019\/09\/Dilijan-300x240.gif\" alt=\"\" width=\"150\" height=\"120\" \/> <img loading=\"lazy\" decoding=\"async\" class=\"alignnone wp-image-362\" src=\"https:\/\/natoura.si\/wp-content\/uploads\/2019\/09\/Dilijan-2-300x225.gif\" alt=\"\" width=\"160\" height=\"120\" \/>\u00a0<\/span><\/p>\n<p><span style=\"font-family: Montserrat; font-size: 10pt;\">Pohod do vasi Pushkino in nadaljevanje do Dendroparka, \u010dudovitega arboretuma na nadmorski vi\u0161ini 1500 m, v katerem uspeva pribli\u017eno 500 iglavcev, avtohtonih ali prine\u0161enih iz drugih dr\u017eav sveta. Sledila bo vo\u017enja v 80 km oddaljeno mesto Dilijan, \u00bbarmensko \u0160vico\u00ab. Preno\u010devanje pri doma\u010dinih. Hoja: 4-5 ur, 200 m vzpona in spusta.<\/span><\/p>\n<p><span style=\"font-family: Montserrat; color: #9dbc55; font-size: 10pt;\"><strong>8. dan: 24. januar 2020<\/strong><\/span><\/p>\n<p><span style=\"font-family: Montserrat; font-size: 10pt;\"><img loading=\"lazy\" decoding=\"async\" class=\"alignnone wp-image-364\" src=\"https:\/\/natoura.si\/wp-content\/uploads\/2019\/09\/Clipboard11-300x169.gif\" alt=\"\" width=\"213\" height=\"120\" \/> <img loading=\"lazy\" decoding=\"async\" class=\"alignnone wp-image-365\" src=\"https:\/\/natoura.si\/wp-content\/uploads\/2019\/09\/Sevanank-300x194.gif\" alt=\"\" width=\"185\" height=\"120\" \/> <\/span><\/p>\n<p><span style=\"font-family: Montserrat; font-size: 10pt;\">Pohod do samostanov Jukhtak (1500 m) in Matossavank (3-4 ure hoje, vzpon in spust pribl. 300 m), po povratku kosilo pri doma\u010dinih in raziskovanje mesta Dilijan. Po kosilu povratek v Yerevan po cesti, ki vodi mimo velikega jezera Sevan, \u00bbdragulja Armenije\u00ab, ki se razprostira med gorovji na skoraj 2000 m nadmorske vi\u0161ine. Na poti postanek ob jezeru in ogled samostana Sevanank iz 9. stoletja. Preno\u010devanje v Yerevanu.<\/span><\/p>\n<p><span style=\"font-family: Montserrat; color: #9dbc55; font-size: 10pt;\"><strong>9. dan: 25. januar 2020<\/strong><\/span><\/p>\n<p><span style=\"font-family: Montserrat; font-size: 10pt;\">Prost dan v Yerevanu ali organizirani ogledi po \u017eelji udele\u017eencev.<\/span><\/p>\n<p><span style=\"font-family: Montserrat; color: #9dbc55; font-size: 10pt;\"><strong>10. dan: 26. januar<\/strong><\/span><\/p>\n<p><span style=\"font-family: Montserrat; font-size: 10pt;\">V zgodnjih jutranjih urah odhod proti Sloveniji, prihod v zgodnjih popoldanskih urah.<\/span><\/p>\n<p>&nbsp;<\/p>\n<p><span style=\"font-family: Montserrat; font-size: 10pt;\"><span style=\"color: #9dbc55;\"><strong>VODSTVO<\/strong><\/span>: Arsen Minasyan, Arshak Mkrtchyan in Janja Benedik.<\/span><\/p>\n<p><span style=\"font-family: Montserrat; color: #9dbc55; font-size: 10pt;\"><strong>CENA POTOVANJA<\/strong>:<\/span><\/p>\n<p><span lang=\"SL\" style=\"font-family: Montserrat; font-size: 10pt;\">Cena za <a href=\"http:\/\/www.proteus.si\"><em>\u010dlane<\/em><\/a> na osebo v dvoposteljni sobi: 1.340,00 \u20ac (prijavljenih 12 oseb).<\/span><\/p>\n<p><span lang=\"SL\" style=\"font-family: Montserrat; font-size: 10pt;\">Cena za <em>ne\u010dlane<\/em> v dvoposteljni sobi: 1.474,00 \u20ac (12 oseb).<\/span><\/p>\n<p>&nbsp;<\/p>\n<p><span style=\"font-family: Montserrat; color: #9dbc55; font-size: 10pt;\"><strong>OBLIGATORY SUPPLEMENTARY FEES:<\/strong><\/span><\/p>\n<ul>\n<li><span style=\"font-family: Montserrat; font-size: 10pt;\">dopla\u010dilo, \u010de bo v skupini le od 9 do 11 oseb: 120,00 \u20ac,<\/span><\/li>\n<li><span style=\"font-family: Montserrat; font-size: 10pt;\">dopla\u010dilo, \u010de bo v skupini le od 8 do 10 oseb: 175,00 \u20ac,<\/span><\/li>\n<\/ul>\n<p><span style=\"font-family: Montserrat; color: #9dbc55; font-size: 10pt;\"><strong>ADDITIONAL CHARGES ON DEMAND:<\/strong><\/span><\/p>\n<ul>\n<li><span style=\"font-family: Montserrat; font-size: 10pt;\">enoposteljna soba: 150,00 \u20ac,<\/span><\/li>\n<li><span style=\"font-family: Montserrat; font-size: 10pt;\">riziko odpovedi potovanja: 4,3 % cene aran\u017emaja,<\/span><\/li>\n<li><span style=\"font-family: Montserrat; font-size: 10pt;\">zavarovanje za tujino Coris: 40,00 \u20ac.<\/span><\/li>\n<li><span style=\"font-family: Montserrat; font-size: 10pt;\">tips for local guides and drivers (from \u20ac10.00 to \u20ac20.00).<\/span><\/li>\n<\/ul>\n<p><span style=\"font-family: Montserrat; color: #9dbc55; font-size: 10pt;\"><strong>POPUST:<\/strong><\/span><\/p>\n<ul>\n<li><span style=\"font-family: Montserrat; font-size: 10pt;\">pla\u010dilo v enem obroku: -5 %.<\/span><\/li>\n<\/ul>\n<p><span style=\"font-family: Montserrat; font-size: 10pt;\"><strong>Mo\u017eno je pla\u010dilo v 8 obrokih. Vsaj 6 obrokov mora biti pla\u010danih pred odhodom.<\/strong><\/span><\/p>\n<p><span style=\"font-family: Montserrat; font-size: 10pt;\"><strong><span style=\"color: #9dbc55;\">THE PRICE INCLUDES:<\/span><\/strong><\/span><\/p>\n<ul>\n<li><span style=\"font-family: Montserrat; font-size: 10pt;\">letalski prevoz na relaciji Ljubljana &#8211; Yerevan, pristojbine\u00a0 in takse, zavarovanje odpovedi letalskih kart,<\/span><\/li>\n<li><span style=\"font-family: Montserrat; font-size: 10pt;\">prevoz z minibusom po programu,<\/span><\/li>\n<li><span style=\"font-family: Montserrat; font-size: 10pt;\">8 x polni penzion, 2 x no\u010ditev z zajtrokm,<br \/>\n<\/span><\/li>\n<li><span style=\"font-family: Montserrat; font-size: 10pt;\">preno\u010devanje v hotelih 3* ali 4*, v Dilijanu preno\u010devanje pri doma\u010dinih,<\/span><\/li>\n<li><span style=\"font-family: Montserrat; font-size: 10pt;\">najem krpelj,<\/span><\/li>\n<li><span style=\"font-family: Montserrat; font-size: 10pt;\">slovensko in lokalno vodstvo izurjenega planinskega vodnika,<\/span><\/li>\n<li><span style=\"font-family: Montserrat; font-size: 10pt;\">vse vstopnine,<\/span><\/li>\n<li><span style=\"font-family: Montserrat; font-size: 10pt;\">0,5 l ustekleni\u010dene vode na dan na osebo,<\/span><\/li>\n<li><span style=\"font-family: Montserrat; font-size: 10pt;\">costs for the preparation and organization of the trip.<\/span><\/li>\n<\/ul>\n<p><span style=\"font-family: Montserrat; color: #9dbc55; font-size: 10pt;\"><strong>V CENO NI VKLJU\u010cENO<\/strong>:<\/span><\/p>\n<ul>\n<li><span style=\"font-family: Montserrat; font-size: 10pt;\">entrance fees for any additional tours,<\/span><\/li>\n<li><span style=\"font-family: Montserrat; font-size: 10pt;\">additional food and drink,<\/span><\/li>\n<li><span style=\"font-family: Montserrat; font-size: 10pt;\">vse ostalo, kar ni navedeno posebej.<\/span><\/li>\n<\/ul>\n<p class=\"translation-block\"><span style=\"color: #ffffff\"><a style=\"color: #ffffff\" href=\"https:\/\/natoura.si\/en\/splosni-pogoji-poslovanja\/\" target=\"_self\">The general terms and conditions are an integral part of the program. They are available on the website https:\/\/natoura.si.<\/span><\/p>\n<p><span style=\"font-family: Montserrat; font-size: 10pt;\">Avtorja programa: \u00a9 Arshak Mkrtchyan, Arsen Minasyan, 2017.<\/span><\/p>\n<p><span style=\"font-family: Montserrat; font-size: 10pt;\">Organizator in izvajalec programa: \u00a9 naTOURa, Janja Benedik s. p., 2019-2020.<\/span><\/p>\n<p><span style=\"color: #9dbc55; font-family: Montserrat; font-size: 10pt;\"><strong>IMPORTANT!<\/strong><\/span><\/p>\n<ul>\n<li><span style=\"font-family: Montserrat; font-size: 10pt;\">med bivanjem v Armeniji potniki niso zdravstveno zavarovani (se ureja proti dopla\u010dilu), niti ni zavarovana lastnina ali kakr\u0161ne koli po\u0161kodbe (osebne po\u0161kodbe, tatvine, avtomobilske nesre\u010de, ugrabitve, teroristi\u010dni napadi, nemiri v dr\u017eavi, naravne katastrofe kot so potresi, po\u017eari, poplave, plazovi, &#8230;);<\/span><\/li>\n<li><span style=\"font-family: Montserrat; font-size: 10pt;\">ne odgovarjamo, \u010de bi se v primeru naravnih nesre\u010d, kot so potresi, po\u017eari, poplave, plazovi, &#8230; moral spremeniti program potovanja;<\/span><\/li>\n<li><span style=\"font-family: Montserrat; font-size: 10pt;\">ne odgovarjamo za nesre\u010de ali po\u0161kodbe med trekingom in posledicami le-tega;<\/span><\/li>\n<li><span style=\"font-family: Montserrat; font-size: 10pt;\">v primeru povi\u0161anja cen bencina, hotelov, letalskih kart ali katerih koli drugih cen, se lahko povi\u0161a cena aran\u017emaja;<\/span><\/li>\n<li><span style=\"font-family: Montserrat; font-size: 10pt;\">ne odgovarjamo za odpovedi, zamude ali spremembe letov letalskih prevoznikov in posledic (vi\u0161ji stro\u0161ki, ne izvedba celotnega programa);<\/span><\/li>\n<li><span style=\"font-family: Montserrat; font-size: 10pt;\">\u010de letalski prevoznik odpove let in ga prevzame druga letalska dru\u017eba, ne prevzemamo morebitnih dodatnih stro\u0161kov;<\/span><\/li>\n<li><span style=\"font-family: Montserrat; font-size: 10pt;\">ne prevzemamo posledic izgube prtljage med letalskimi prevozi, vse morebitne stro\u0161ke krije potnik;<\/span><\/li>\n<li><span style=\"font-family: Montserrat; font-size: 10pt;\">posebna zdravstvena oskrba (npr. cepljenje) pred odhodom ni potrebno;<\/span><\/li>\n<li><span style=\"font-family: Montserrat; font-size: 10pt;\">vstopna viza za Armenijo ni potrebna.<\/span><\/li>\n<\/ul>\n<p>&nbsp;<\/p>\n<h3><span style=\"font-family: Montserrat; font-size: 10pt;\"><a href=\"https:\/\/natoura.si\/en\/prijavnica-za-potovanje-armenska-zimska-pravljica\/\"><span style=\"color: #ff6600;\">PRIJAVNICA<\/span><\/a><\/span><\/h3>\n<p>&nbsp;<\/p>","protected":false},"excerpt":{"rendered":"<p>17. &#8211; 26. januar 2020 desetdnevno potovanje \u2022 letalo \u2022 minibus &nbsp; Spoznati Armenijo pozimi je pravi u\u017eitek. Hoja po pobo\u010djih zasne\u017eenih ugaslih vulkanov sTour Details<\/p>","protected":false},"author":1,"featured_media":0,"parent":0,"menu_order":0,"comment_status":"closed","ping_status":"closed","template":"","meta":{"footnotes":""},"class_list":["post-350","page","type-page","status-publish","hentry"],"_links":{"self":[{"href":"https:\/\/natoura.si\/en\/wp-json\/wp\/v2\/pages\/350","targetHints":{"allow":["GET"]}}],"collection":[{"href":"https:\/\/natoura.si\/en\/wp-json\/wp\/v2\/pages"}],"about":[{"href":"https:\/\/natoura.si\/en\/wp-json\/wp\/v2\/types\/page"}],"author":[{"embeddable":true,"href":"https:\/\/natoura.si\/en\/wp-json\/wp\/v2\/users\/1"}],"replies":[{"embeddable":true,"href":"https:\/\/natoura.si\/en\/wp-json\/wp\/v2\/comments?post=350"}],"version-history":[{"count":12,"href":"https:\/\/natoura.si\/en\/wp-json\/wp\/v2\/pages\/350\/revisions"}],"predecessor-version":[{"id":941,"href":"https:\/\/natoura.si\/en\/wp-json\/wp\/v2\/pages\/350\/revisions\/941"}],"wp:attachment":[{"href":"https:\/\/natoura.si\/en\/wp-json\/wp\/v2\/media?parent=350"}],"curies":[{"name":"wp","href":"https:\/\/api.w.org\/{rel}","templated":true}]}}