{"id":3003,"date":"2020-08-26T16:38:04","date_gmt":"2020-08-26T16:38:04","guid":{"rendered":"https:\/\/natoura.si\/?page_id=3003"},"modified":"2025-03-15T13:35:45","modified_gmt":"2025-03-15T13:35:45","slug":"prijavnica-za-izlet-podezelje-krete","status":"publish","type":"page","link":"https:\/\/natoura.si\/en\/prijavnica-za-izlet-podezelje-krete\/","title":{"rendered":"Prijavnica Zahodna Kreta"},"content":{"rendered":"\t\t<div data-elementor-type=\"wp-page\" data-elementor-id=\"3003\" class=\"elementor elementor-3003\" data-elementor-post-type=\"page\">\n\t\t\t\t\t\t<section class=\"elementor-section elementor-top-section elementor-element elementor-element-e323fd5 elementor-section-boxed elementor-section-height-default elementor-section-height-default\" data-id=\"e323fd5\" data-element_type=\"section\" data-e-type=\"section\">\n\t\t\t\t\t\t<div class=\"elementor-container elementor-column-gap-default\">\n\t\t\t\t\t<div class=\"elementor-column elementor-col-100 elementor-top-column elementor-element elementor-element-4590762\" data-id=\"4590762\" data-element_type=\"column\" data-e-type=\"column\">\n\t\t\t<div class=\"elementor-widget-wrap elementor-element-populated\">\n\t\t\t\t\t\t<div class=\"elementor-element elementor-element-3fca472 elementor-button-align-center elementor-widget__width-auto elementor-widget elementor-widget-form\" data-id=\"3fca472\" data-element_type=\"widget\" data-e-type=\"widget\" data-settings=\"{&quot;step_next_label&quot;:&quot;Next&quot;,&quot;step_previous_label&quot;:&quot;Previous&quot;,&quot;button_width&quot;:&quot;100&quot;,&quot;step_type&quot;:&quot;number_text&quot;,&quot;step_icon_shape&quot;:&quot;circle&quot;}\" data-widget_type=\"form.default\">\n\t\t\t\t<div class=\"elementor-widget-container\">\n\t\t\t\t\t\t\t<form class=\"elementor-form\" method=\"post\" name=\"Prijavnica za izlet Skrivnosti visokih barij\" aria-label=\"Prijavnica za izlet Skrivnosti visokih barij\">\n\t\t\t<input type=\"hidden\" name=\"post_id\" value=\"3003\"\/>\n\t\t\t<input type=\"hidden\" name=\"form_id\" value=\"3fca472\"\/>\n\t\t\t<input type=\"hidden\" name=\"referer_title\" value=\"Prijavnica Zahodna Kreta\" \/>\n\n\t\t\t\t\t\t\t<input type=\"hidden\" name=\"queried_id\" value=\"3003\"\/>\n\t\t\t\n\t\t\t<div class=\"elementor-form-fields-wrapper elementor-labels-above\">\n\t\t\t\t\t\t\t\t<div class=\"elementor-field-type-text elementor-field-group elementor-column elementor-field-group-name elementor-col-100 elementor-field-required elementor-mark-required\">\n\t\t\t\t\t\t\t\t\t\t\t\t<label for=\"form-field-name\" class=\"elementor-field-label\">\n\t\t\t\t\t\t\t\tIme in priimek podpisnika pogodbe in pla\u010dnika\t\t\t\t\t\t\t<\/label>\n\t\t\t\t\t\t\t\t\t\t\t\t\t\t<input size=\"1\" type=\"text\" name=\"form_fields[name]\" id=\"form-field-name\" class=\"elementor-field elementor-size-sm  elementor-field-textual\" placeholder=\"Ime in priimek\" required=\"required\">\n\t\t\t\t\t\t\t\t\t\t\t<\/div>\n\t\t\t\t\t\t\t\t<div class=\"elementor-field-type-text elementor-field-group elementor-column elementor-field-group-field_45a8be9 elementor-col-50 elementor-field-required elementor-mark-required\">\n\t\t\t\t\t\t\t\t\t\t\t\t<label for=\"form-field-field_45a8be9\" class=\"elementor-field-label\">\n\t\t\t\t\t\t\t\tNaslov stalnega prebivali\u0161\u010da\t\t\t\t\t\t\t<\/label>\n\t\t\t\t\t\t\t\t\t\t\t\t\t\t<input size=\"1\" type=\"text\" name=\"form_fields[field_45a8be9]\" id=\"form-field-field_45a8be9\" class=\"elementor-field elementor-size-sm  elementor-field-textual\" placeholder=\"Ulica in hi\u0161na \u0161tevilka, po\u0161ta, kraj\" required=\"required\">\n\t\t\t\t\t\t\t\t\t\t\t<\/div>\n\t\t\t\t\t\t\t\t<div class=\"elementor-field-type-email elementor-field-group elementor-column elementor-field-group-email elementor-col-50 elementor-field-required elementor-mark-required\">\n\t\t\t\t\t\t\t\t\t\t\t\t<label for=\"form-field-email\" class=\"elementor-field-label\">\n\t\t\t\t\t\t\t\tElektronski naslov\t\t\t\t\t\t\t<\/label>\n\t\t\t\t\t\t\t\t\t\t\t\t\t\t<input size=\"1\" type=\"email\" name=\"form_fields[email]\" id=\"form-field-email\" class=\"elementor-field elementor-size-sm  elementor-field-textual\" placeholder=\"Elektronski naslov\" required=\"required\">\n\t\t\t\t\t\t\t\t\t\t\t<\/div>\n\t\t\t\t\t\t\t\t<div class=\"elementor-field-type-text elementor-field-group elementor-column elementor-field-group-field_b0239bc elementor-col-50 elementor-field-required elementor-mark-required\">\n\t\t\t\t\t\t\t\t\t\t\t\t<label for=\"form-field-field_b0239bc\" class=\"elementor-field-label\">\n\t\t\t\t\t\t\t\tTelefonska \u0161tevilka\t\t\t\t\t\t\t<\/label>\n\t\t\t\t\t\t\t\t\t\t\t\t\t\t<input size=\"1\" type=\"text\" name=\"form_fields[field_b0239bc]\" id=\"form-field-field_b0239bc\" class=\"elementor-field elementor-size-sm  elementor-field-textual\" placeholder=\"\u0160tevilka GSM\" required=\"required\">\n\t\t\t\t\t\t\t\t\t\t\t<\/div>\n\t\t\t\t\t\t\t\t<div class=\"elementor-field-type-text elementor-field-group elementor-column elementor-field-group-field_ccd5636 elementor-col-50 elementor-field-required elementor-mark-required\">\n\t\t\t\t\t\t\t\t\t\t\t\t<label for=\"form-field-field_ccd5636\" class=\"elementor-field-label\">\n\t\t\t\t\t\t\t\tDatum rojstva\t\t\t\t\t\t\t<\/label>\n\t\t\t\t\t\t\t\t\t\t\t\t\t\t<input size=\"1\" type=\"text\" name=\"form_fields[field_ccd5636]\" id=\"form-field-field_ccd5636\" class=\"elementor-field elementor-size-sm  elementor-field-textual\" required=\"required\">\n\t\t\t\t\t\t\t\t\t\t\t<\/div>\n\t\t\t\t\t\t\t\t<div class=\"elementor-field-type-text elementor-field-group elementor-column elementor-field-group-field_785f2da elementor-col-50 elementor-field-required elementor-mark-required\">\n\t\t\t\t\t\t\t\t\t\t\t\t<label for=\"form-field-field_785f2da\" class=\"elementor-field-label\">\n\t\t\t\t\t\t\t\t\u0160tevilka osebnega dokumenta:\t\t\t\t\t\t\t<\/label>\n\t\t\t\t\t\t\t\t\t\t\t\t\t\t<input size=\"1\" type=\"text\" name=\"form_fields[field_785f2da]\" id=\"form-field-field_785f2da\" class=\"elementor-field elementor-size-sm  elementor-field-textual\" required=\"required\">\n\t\t\t\t\t\t\t\t\t\t\t<\/div>\n\t\t\t\t\t\t\t\t<div class=\"elementor-field-type-text elementor-field-group elementor-column elementor-field-group-field_b632e93 elementor-col-50 elementor-field-required elementor-mark-required\">\n\t\t\t\t\t\t\t\t\t\t\t\t<label for=\"form-field-field_b632e93\" class=\"elementor-field-label\">\n\t\t\t\t\t\t\t\tVeljavnost osebnega dokumenta do:\t\t\t\t\t\t\t<\/label>\n\t\t\t\t\t\t\t\t\t\t\t\t\t\t<input size=\"1\" type=\"text\" name=\"form_fields[field_b632e93]\" id=\"form-field-field_b632e93\" class=\"elementor-field elementor-size-sm  elementor-field-textual\" required=\"required\">\n\t\t\t\t\t\t\t\t\t\t\t<\/div>\n\t\t\t\t\t\t\t\t<div class=\"elementor-field-type-text elementor-field-group elementor-column elementor-field-group-field_09685bb elementor-col-100\">\n\t\t\t\t\t\t\t\t\t\t\t\t\t<input size=\"1\" type=\"text\" name=\"form_fields[field_09685bb]\" id=\"form-field-field_09685bb\" class=\"elementor-field elementor-size-sm  elementor-field-textual\" placeholder=\"SOPOTNIKI\">\n\t\t\t\t\t\t\t\t\t\t\t<\/div>\n\t\t\t\t\t\t\t\t<div class=\"elementor-field-type-text elementor-field-group elementor-column elementor-field-group-field_bf20647 elementor-col-33\">\n\t\t\t\t\t\t\t\t\t\t\t\t<label for=\"form-field-field_bf20647\" class=\"elementor-field-label\">\n\t\t\t\t\t\t\t\tIme in priimek\t\t\t\t\t\t\t<\/label>\n\t\t\t\t\t\t\t\t\t\t\t\t\t\t<input size=\"1\" type=\"text\" name=\"form_fields[field_bf20647]\" id=\"form-field-field_bf20647\" class=\"elementor-field elementor-size-sm  elementor-field-textual\" placeholder=\"1. Ime in priimek \">\n\t\t\t\t\t\t\t\t\t\t\t<\/div>\n\t\t\t\t\t\t\t\t<div class=\"elementor-field-type-date elementor-field-group elementor-column elementor-field-group-field_599ee7b elementor-col-33\">\n\t\t\t\t\t\t\t\t\t\t\t\t<label for=\"form-field-field_599ee7b\" class=\"elementor-field-label\">\n\t\t\t\t\t\t\t\t1. Datum rojstva\t\t\t\t\t\t\t<\/label>\n\t\t\t\t\t\t\n\t\t<input type=\"date\" name=\"form_fields[field_599ee7b]\" id=\"form-field-field_599ee7b\" class=\"elementor-field elementor-size-sm  elementor-field-textual elementor-date-field\" pattern=\"[0-9]{4}-[0-9]{2}-[0-9]{2}\">\n\t\t\t\t\t\t<\/div>\n\t\t\t\t\t\t\t\t<div class=\"elementor-field-type-email elementor-field-group elementor-column elementor-field-group-field_e8ddd7a elementor-col-33\">\n\t\t\t\t\t\t\t\t\t\t\t\t<label for=\"form-field-field_e8ddd7a\" class=\"elementor-field-label\">\n\t\t\t\t\t\t\t\t1. Elektronski naslov\t\t\t\t\t\t\t<\/label>\n\t\t\t\t\t\t\t\t\t\t\t\t\t\t<input size=\"1\" type=\"email\" name=\"form_fields[field_e8ddd7a]\" id=\"form-field-field_e8ddd7a\" class=\"elementor-field elementor-size-sm  elementor-field-textual\">\n\t\t\t\t\t\t\t\t\t\t\t<\/div>\n\t\t\t\t\t\t\t\t<div class=\"elementor-field-type-text elementor-field-group elementor-column elementor-field-group-field_3ae0b2c elementor-col-33\">\n\t\t\t\t\t\t\t\t\t\t\t\t<label for=\"form-field-field_3ae0b2c\" class=\"elementor-field-label\">\n\t\t\t\t\t\t\t\tIme in priimek\t\t\t\t\t\t\t<\/label>\n\t\t\t\t\t\t\t\t\t\t\t\t\t\t<input size=\"1\" type=\"text\" name=\"form_fields[field_3ae0b2c]\" id=\"form-field-field_3ae0b2c\" class=\"elementor-field elementor-size-sm  elementor-field-textual\" placeholder=\"2. Ime in priimek \">\n\t\t\t\t\t\t\t\t\t\t\t<\/div>\n\t\t\t\t\t\t\t\t<div class=\"elementor-field-type-date elementor-field-group elementor-column elementor-field-group-field_5172098 elementor-col-33\">\n\t\t\t\t\t\t\t\t\t\t\t\t<label for=\"form-field-field_5172098\" class=\"elementor-field-label\">\n\t\t\t\t\t\t\t\t2. Datum rojstva\t\t\t\t\t\t\t<\/label>\n\t\t\t\t\t\t\n\t\t<input type=\"date\" name=\"form_fields[field_5172098]\" id=\"form-field-field_5172098\" class=\"elementor-field elementor-size-sm  elementor-field-textual elementor-date-field\" pattern=\"[0-9]{4}-[0-9]{2}-[0-9]{2}\">\n\t\t\t\t\t\t<\/div>\n\t\t\t\t\t\t\t\t<div class=\"elementor-field-type-email elementor-field-group elementor-column elementor-field-group-field_d140293 elementor-col-33\">\n\t\t\t\t\t\t\t\t\t\t\t\t<label for=\"form-field-field_d140293\" class=\"elementor-field-label\">\n\t\t\t\t\t\t\t\t2. Elektronski naslov\t\t\t\t\t\t\t<\/label>\n\t\t\t\t\t\t\t\t\t\t\t\t\t\t<input size=\"1\" type=\"email\" name=\"form_fields[field_d140293]\" id=\"form-field-field_d140293\" class=\"elementor-field elementor-size-sm  elementor-field-textual\">\n\t\t\t\t\t\t\t\t\t\t\t<\/div>\n\t\t\t\t\t\t\t\t<div class=\"elementor-field-type-text elementor-field-group elementor-column elementor-field-group-field_eee8968 elementor-col-33\">\n\t\t\t\t\t\t\t\t\t\t\t\t<label for=\"form-field-field_eee8968\" class=\"elementor-field-label\">\n\t\t\t\t\t\t\t\tIme in priimek\t\t\t\t\t\t\t<\/label>\n\t\t\t\t\t\t\t\t\t\t\t\t\t\t<input size=\"1\" type=\"text\" name=\"form_fields[field_eee8968]\" id=\"form-field-field_eee8968\" class=\"elementor-field elementor-size-sm  elementor-field-textual\" placeholder=\"3. Ime in priimek \">\n\t\t\t\t\t\t\t\t\t\t\t<\/div>\n\t\t\t\t\t\t\t\t<div class=\"elementor-field-type-date elementor-field-group elementor-column elementor-field-group-field_8798d84 elementor-col-33\">\n\t\t\t\t\t\t\t\t\t\t\t\t<label for=\"form-field-field_8798d84\" class=\"elementor-field-label\">\n\t\t\t\t\t\t\t\t3. Datum rojstva\t\t\t\t\t\t\t<\/label>\n\t\t\t\t\t\t\n\t\t<input type=\"date\" name=\"form_fields[field_8798d84]\" id=\"form-field-field_8798d84\" class=\"elementor-field elementor-size-sm  elementor-field-textual elementor-date-field\" pattern=\"[0-9]{4}-[0-9]{2}-[0-9]{2}\">\n\t\t\t\t\t\t<\/div>\n\t\t\t\t\t\t\t\t<div class=\"elementor-field-type-email elementor-field-group elementor-column elementor-field-group-field_929d772 elementor-col-33\">\n\t\t\t\t\t\t\t\t\t\t\t\t<label for=\"form-field-field_929d772\" class=\"elementor-field-label\">\n\t\t\t\t\t\t\t\t3. Elektronski naslov\t\t\t\t\t\t\t<\/label>\n\t\t\t\t\t\t\t\t\t\t\t\t\t\t<input size=\"1\" type=\"email\" name=\"form_fields[field_929d772]\" id=\"form-field-field_929d772\" class=\"elementor-field elementor-size-sm  elementor-field-textual\">\n\t\t\t\t\t\t\t\t\t\t\t<\/div>\n\t\t\t\t\t\t\t\t<div class=\"elementor-field-type-hidden elementor-field-group elementor-column elementor-field-group-field_148c839 elementor-col-100\">\n\t\t\t\t\t\t\t\t\t\t\t\t\t<input size=\"1\" type=\"hidden\" name=\"form_fields[field_148c839]\" id=\"form-field-field_148c839\" class=\"elementor-field elementor-size-sm  elementor-field-textual\">\n\t\t\t\t\t\t\t\t\t\t\t<\/div>\n\t\t\t\t\t\t\t\t<div class=\"elementor-field-type-text elementor-field-group elementor-column elementor-field-group-field_d71e0d7 elementor-col-100\">\n\t\t\t\t\t\t\t\t\t\t\t\t\t<input size=\"1\" type=\"text\" name=\"form_fields[field_d71e0d7]\" id=\"form-field-field_d71e0d7\" class=\"elementor-field elementor-size-sm  elementor-field-textual\" placeholder=\"BIVANJE NA POTI\">\n\t\t\t\t\t\t\t\t\t\t\t<\/div>\n\t\t\t\t\t\t\t\t<div class=\"elementor-field-type-checkbox elementor-field-group elementor-column elementor-field-group-field_6f1a54b elementor-col-100\">\n\t\t\t\t\t\t\t\t\t\t\t\t<label for=\"form-field-field_6f1a54b\" class=\"elementor-field-label\">\n\t\t\t\t\t\t\t\tPreno\u010devanje \u017eelim imeti v (izberi)\t\t\t\t\t\t\t<\/label>\n\t\t\t\t\t\t<div class=\"elementor-field-subgroup  elementor-subgroup-inline\"><span class=\"elementor-field-option\"><input type=\"checkbox\" value=\"enoposteljni sobi (dopla\u010dilo 300,00 \u20ac)\" id=\"form-field-field_6f1a54b-0\" name=\"form_fields[field_6f1a54b][]\"> <label for=\"form-field-field_6f1a54b-0\">enoposteljni sobi (dopla\u010dilo 300,00 \u20ac)<\/label><\/span><span class=\"elementor-field-option\"><input type=\"checkbox\" value=\"dvoposteljni sobi\" id=\"form-field-field_6f1a54b-1\" name=\"form_fields[field_6f1a54b][]\"> <label for=\"form-field-field_6f1a54b-1\">dvoposteljni sobi<\/label><\/span><span class=\"elementor-field-option\"><input type=\"checkbox\" value=\"\" id=\"form-field-field_6f1a54b-2\" name=\"form_fields[field_6f1a54b][]\"> <label for=\"form-field-field_6f1a54b-2\"><\/label><\/span><\/div>\t\t\t\t<\/div>\n\t\t\t\t\t\t\t\t<div class=\"elementor-field-type-checkbox elementor-field-group elementor-column elementor-field-group-field_a03e4ec elementor-col-100\">\n\t\t\t\t\t\t\t\t\t\t\t\t<label for=\"form-field-field_a03e4ec\" class=\"elementor-field-label\">\n\t\t\t\t\t\t\t\t\u017delim, da mi uredite\t\t\t\t\t\t\t<\/label>\n\t\t\t\t\t\t<div class=\"elementor-field-subgroup  elementor-subgroup-inline\"><span class=\"elementor-field-option\"><input type=\"checkbox\" value=\"zavarovanje odpovedi potovanja (paket A)\" id=\"form-field-field_a03e4ec-0\" name=\"form_fields[field_a03e4ec][]\"> <label for=\"form-field-field_a03e4ec-0\">zavarovanje odpovedi potovanja (paket A)<\/label><\/span><span class=\"elementor-field-option\"><input type=\"checkbox\" value=\"zavarovanje odpovedi potovanja (paket B)\" id=\"form-field-field_a03e4ec-1\" name=\"form_fields[field_a03e4ec][]\"> <label for=\"form-field-field_a03e4ec-1\">zavarovanje odpovedi potovanja (paket B)<\/label><\/span><span class=\"elementor-field-option\"><input type=\"checkbox\" value=\"zavarovanje odpovedi potovanja (paketa A in B)\" id=\"form-field-field_a03e4ec-2\" name=\"form_fields[field_a03e4ec][]\"> <label for=\"form-field-field_a03e4ec-2\">zavarovanje odpovedi potovanja (paketa A in B)<\/label><\/span><span class=\"elementor-field-option\"><input type=\"checkbox\" value=\"zavarovanje si bom uredil-a sam-a oz. ga ne \u017eeilm imeti\" id=\"form-field-field_a03e4ec-3\" name=\"form_fields[field_a03e4ec][]\"> <label for=\"form-field-field_a03e4ec-3\">zavarovanje si bom uredil-a sam-a oz. ga ne \u017eeilm imeti<\/label><\/span><span class=\"elementor-field-option\"><input type=\"checkbox\" value=\"\" id=\"form-field-field_a03e4ec-4\" name=\"form_fields[field_a03e4ec][]\"> <label for=\"form-field-field_a03e4ec-4\"><\/label><\/span><\/div>\t\t\t\t<\/div>\n\t\t\t\t\t\t\t\t<div class=\"elementor-field-type-checkbox elementor-field-group elementor-column elementor-field-group-field_d688455 elementor-col-100\">\n\t\t\t\t\t\t\t\t\t\t\t\t<label for=\"form-field-field_d688455\" class=\"elementor-field-label\">\n\t\t\t\t\t\t\t\t\u017delim, da mi uredite\t\t\t\t\t\t\t<\/label>\n\t\t\t\t\t\t<div class=\"elementor-field-subgroup  elementor-subgroup-inline\"><span class=\"elementor-field-option\"><input type=\"checkbox\" value=\"zavarovanje na potovanju (paket A)\" id=\"form-field-field_d688455-0\" name=\"form_fields[field_d688455][]\"> <label for=\"form-field-field_d688455-0\">zavarovanje na potovanju (paket A)<\/label><\/span><span class=\"elementor-field-option\"><input type=\"checkbox\" value=\"zavarovanje na potovanju (paket B)\" id=\"form-field-field_d688455-1\" name=\"form_fields[field_d688455][]\"> <label for=\"form-field-field_d688455-1\">zavarovanje na potovanju (paket B)<\/label><\/span><span class=\"elementor-field-option\"><input type=\"checkbox\" value=\"zavarovanje zavarovanje na potovanju (paket C)\" id=\"form-field-field_d688455-2\" name=\"form_fields[field_d688455][]\"> <label for=\"form-field-field_d688455-2\">zavarovanje zavarovanje na potovanju (paket C)<\/label><\/span><span class=\"elementor-field-option\"><input type=\"checkbox\" value=\"zavarovanje si bom uredil-a sam-a oz. ga ne \u017eeilm imeti\" id=\"form-field-field_d688455-3\" name=\"form_fields[field_d688455][]\"> <label for=\"form-field-field_d688455-3\">zavarovanje si bom uredil-a sam-a oz. ga ne \u017eeilm imeti<\/label><\/span><span class=\"elementor-field-option\"><input type=\"checkbox\" value=\"\" id=\"form-field-field_d688455-4\" name=\"form_fields[field_d688455][]\"> <label for=\"form-field-field_d688455-4\"><\/label><\/span><\/div>\t\t\t\t<\/div>\n\t\t\t\t\t\t\t\t<div class=\"elementor-field-type-checkbox elementor-field-group elementor-column elementor-field-group-field_8026219 elementor-col-100\">\n\t\t\t\t\t\t\t\t\t\t\t\t<label for=\"form-field-field_8026219\" class=\"elementor-field-label\">\n\t\t\t\t\t\t\t\tProsim, da upo\u0161tevate \u017eelje glede prehrane (izberite):\t\t\t\t\t\t\t<\/label>\n\t\t\t\t\t\t<div class=\"elementor-field-subgroup  elementor-subgroup-inline\"><span class=\"elementor-field-option\"><input type=\"checkbox\" value=\"brez posebnosti\" id=\"form-field-field_8026219-0\" name=\"form_fields[field_8026219][]\"> <label for=\"form-field-field_8026219-0\">brez posebnosti<\/label><\/span><span class=\"elementor-field-option\"><input type=\"checkbox\" value=\"vegetarijanska\" id=\"form-field-field_8026219-1\" name=\"form_fields[field_8026219][]\"> <label for=\"form-field-field_8026219-1\">vegetarijanska<\/label><\/span><span class=\"elementor-field-option\"><input type=\"checkbox\" value=\"veganska\" id=\"form-field-field_8026219-2\" name=\"form_fields[field_8026219][]\"> <label for=\"form-field-field_8026219-2\">veganska<\/label><\/span><span class=\"elementor-field-option\"><input type=\"checkbox\" value=\"brez glutena\" id=\"form-field-field_8026219-3\" name=\"form_fields[field_8026219][]\"> <label for=\"form-field-field_8026219-3\">brez glutena<\/label><\/span><\/div>\t\t\t\t<\/div>\n\t\t\t\t\t\t\t\t<div class=\"elementor-field-type-text elementor-field-group elementor-column elementor-field-group-field_bbef5bd elementor-col-100\">\n\t\t\t\t\t\t\t\t\t\t\t\t<label for=\"form-field-field_bbef5bd\" class=\"elementor-field-label\">\n\t\t\t\t\t\t\t\t\u010ce bi radi po\u0161to prejemali na drug naslov, kot je naveden zgoraj, ga vpi\u0161ite tu:\t\t\t\t\t\t\t<\/label>\n\t\t\t\t\t\t\t\t\t\t\t\t\t\t<input size=\"1\" type=\"text\" name=\"form_fields[field_bbef5bd]\" id=\"form-field-field_bbef5bd\" class=\"elementor-field elementor-size-sm  elementor-field-textual\">\n\t\t\t\t\t\t\t\t\t\t\t<\/div>\n\t\t\t\t\t\t\t\t<div class=\"elementor-field-type-textarea elementor-field-group elementor-column elementor-field-group-field_32832ce elementor-col-100\">\n\t\t\t\t\t<textarea class=\"elementor-field-textual elementor-field  elementor-size-sm\" name=\"form_fields[field_32832ce]\" id=\"form-field-field_32832ce\" rows=\"3\" placeholder=\"NAVODILA IN SPLO\u0160NI POGOJI Splo\u0161ni pogoji in navodila za udele\u017ebo na izletu so sestavni del programa. Na voljo so na spletni strani https:\/\/natoura.si. Potnik s prijavo sogla\u0161a z interno uporabo osebnih podatkov in za obve\u0161\u010danja o ponudbi naTOURa, Janja Benedik s. p. \u010ce potnik tega ne \u017eeli, mora to sporo\u010diti ob prijavi. \"><\/textarea>\t\t\t\t<\/div>\n\t\t\t\t\t\t\t\t<div class=\"elementor-field-type-textarea elementor-field-group elementor-column elementor-field-group-field_3271700 elementor-col-100\">\n\t\t\t\t\t\t\t\t\t\t\t\t<label for=\"form-field-field_3271700\" class=\"elementor-field-label\">\n\t\t\t\t\t\t\t\tVA\u0160E SPORO\u010cILO:\t\t\t\t\t\t\t<\/label>\n\t\t\t\t\t\t<textarea class=\"elementor-field-textual elementor-field  elementor-size-sm\" name=\"form_fields[field_3271700]\" id=\"form-field-field_3271700\" rows=\"3\"><\/textarea>\t\t\t\t<\/div>\n\t\t\t\t\t\t\t\t<div class=\"elementor-field-type-acceptance elementor-field-group elementor-column elementor-field-group-field_e30e1c2 elementor-col-50 elementor-field-required elementor-mark-required\">\n\t\t\t\t\t\t\t<div class=\"elementor-field-subgroup\">\n\t\t\t<span class=\"elementor-field-option\">\n\t\t\t\t<input type=\"checkbox\" name=\"form_fields[field_e30e1c2]\" id=\"form-field-field_e30e1c2\" class=\"elementor-field elementor-size-sm  elementor-acceptance-field\" required=\"required\">\n\t\t\t\t<label for=\"form-field-field_e30e1c2\">Strinjam se s Splo\u0161nimi pogoji in navodili naTOURa, Janja Benedik s. p. za udele\u017ebo na potovanju.<\/label>\t\t\t<\/span>\n\t\t<\/div>\n\t\t\t\t\t\t<\/div>\n\t\t\t\t\t\t\t\t<div class=\"elementor-field-type-acceptance elementor-field-group elementor-column elementor-field-group-field_9df29c4 elementor-col-50 elementor-field-required elementor-mark-required\">\n\t\t\t\t\t\t\t<div class=\"elementor-field-subgroup\">\n\t\t\t<span class=\"elementor-field-option\">\n\t\t\t\t<input type=\"checkbox\" name=\"form_fields[field_9df29c4]\" id=\"form-field-field_9df29c4\" class=\"elementor-field elementor-size-sm  elementor-acceptance-field\" required=\"required\">\n\t\t\t\t<label for=\"form-field-field_9df29c4\">Sprejemam Politiko varstva osebnih podatkov naTOURa, Janja Benedik s. p.<\/label>\t\t\t<\/span>\n\t\t<\/div>\n\t\t\t\t\t\t<\/div>\n\t\t\t\t\t\t\t\t<div class=\"elementor-field-group elementor-column elementor-field-type-submit elementor-col-100 e-form__buttons\">\n\t\t\t\t\t<button class=\"elementor-button elementor-size-sm\" type=\"submit\">\n\t\t\t\t\t\t<span class=\"elementor-button-content-wrapper\">\n\t\t\t\t\t\t\t\t\t\t\t\t\t\t\t<span class=\"elementor-button-icon\">\n\t\t\t\t\t\t\t\t\t<i aria-hidden=\"true\" class=\"far fa-paper-plane\"><\/i>\t\t\t\t\t\t\t\t\t\t\t\t\t\t\t\t\t<\/span>\n\t\t\t\t\t\t\t\t\t\t\t\t\t\t\t\t\t\t\t\t\t\t<span class=\"elementor-button-text\">PO\u0160LJI<\/span>\n\t\t\t\t\t\t\t\t\t\t\t\t\t<\/span>\n\t\t\t\t\t<\/button>\n\t\t\t\t<\/div>\n\t\t\t<\/div>\n\t\t<\/form>\n\t\t\t\t\t\t<\/div>\n\t\t\t\t<\/div>\n\t\t\t\t\t<\/div>\n\t\t<\/div>\n\t\t\t\t\t<\/div>\n\t\t<\/section>\n\t\t\t\t<\/div>\n\t\t","protected":false},"excerpt":{"rendered":"","protected":false},"author":1,"featured_media":13984,"parent":0,"menu_order":0,"comment_status":"closed","ping_status":"closed","template":"","meta":{"footnotes":""},"class_list":["post-3003","page","type-page","status-publish","has-post-thumbnail","hentry"],"_links":{"self":[{"href":"https:\/\/natoura.si\/en\/wp-json\/wp\/v2\/pages\/3003","targetHints":{"allow":["GET"]}}],"collection":[{"href":"https:\/\/natoura.si\/en\/wp-json\/wp\/v2\/pages"}],"about":[{"href":"https:\/\/natoura.si\/en\/wp-json\/wp\/v2\/types\/page"}],"author":[{"embeddable":true,"href":"https:\/\/natoura.si\/en\/wp-json\/wp\/v2\/users\/1"}],"replies":[{"embeddable":true,"href":"https:\/\/natoura.si\/en\/wp-json\/wp\/v2\/comments?post=3003"}],"version-history":[{"count":13,"href":"https:\/\/natoura.si\/en\/wp-json\/wp\/v2\/pages\/3003\/revisions"}],"predecessor-version":[{"id":15099,"href":"https:\/\/natoura.si\/en\/wp-json\/wp\/v2\/pages\/3003\/revisions\/15099"}],"wp:featuredmedia":[{"embeddable":true,"href":"https:\/\/natoura.si\/en\/wp-json\/wp\/v2\/media\/13984"}],"wp:attachment":[{"href":"https:\/\/natoura.si\/en\/wp-json\/wp\/v2\/media?parent=3003"}],"curies":[{"name":"wp","href":"https:\/\/api.w.org\/{rel}","templated":true}]}}