{"id":2690,"date":"2020-07-21T12:48:32","date_gmt":"2020-07-21T12:48:32","guid":{"rendered":"https:\/\/natoura.si\/?page_id=2690"},"modified":"2020-07-21T13:27:41","modified_gmt":"2020-07-21T13:27:41","slug":"kreta-program","status":"publish","type":"page","link":"https:\/\/natoura.si\/en\/kreta-program\/","title":{"rendered":"Kreta program"},"content":{"rendered":"<div data-elementor-type=\"wp-page\" data-elementor-id=\"2690\" class=\"elementor elementor-2690\" data-elementor-post-type=\"page\">\n\t\t\t\t\t\t<section class=\"elementor-section elementor-top-section elementor-element elementor-element-be108fd elementor-section-boxed elementor-section-height-default elementor-section-height-default\" data-id=\"be108fd\" data-element_type=\"section\" data-e-type=\"section\">\n\t\t\t\t\t\t<div class=\"elementor-container elementor-column-gap-default\">\n\t\t\t\t\t<div class=\"elementor-column elementor-col-33 elementor-top-column elementor-element elementor-element-e4b05e2\" data-id=\"e4b05e2\" data-element_type=\"column\" data-e-type=\"column\">\n\t\t\t<div class=\"elementor-widget-wrap elementor-element-populated\">\n\t\t\t\t\t\t<div class=\"elementor-element elementor-element-2d6114b elementor-widget elementor-widget-image\" data-id=\"2d6114b\" data-element_type=\"widget\" data-e-type=\"widget\" data-widget_type=\"image.default\">\n\t\t\t\t<div class=\"elementor-widget-container\">\n\t\t\t\t\t\t\t\t\t\t\t\t\t\t\t<img fetchpriority=\"high\" decoding=\"async\" width=\"800\" height=\"800\" src=\"https:\/\/natoura.si\/wp-content\/uploads\/2020\/07\/Spinalonga.gif\" class=\"attachment-large size-large wp-image-2693\" alt=\"\" \/>\t\t\t\t\t\t\t\t\t\t\t\t\t\t\t<\/div>\n\t\t\t\t<\/div>\n\t\t\t\t\t<\/div>\n\t\t<\/div>\n\t\t\t\t<div class=\"elementor-column elementor-col-66 elementor-top-column elementor-element elementor-element-0dc05be\" data-id=\"0dc05be\" data-element_type=\"column\" data-e-type=\"column\">\n\t\t\t<div class=\"elementor-widget-wrap elementor-element-populated\">\n\t\t\t\t\t\t<div class=\"elementor-element elementor-element-11e1f2c elementor-widget elementor-widget-text-editor\" data-id=\"11e1f2c\" data-element_type=\"widget\" data-e-type=\"widget\" data-widget_type=\"text-editor.default\">\n\t\t\t\t<div class=\"elementor-widget-container\">\n\t\t\t\t\t\t\t\t\t<p><span style=\"font-family: Poppins;\">Day 1<\/span><\/p><p>Zjutraj prihod na Kreto, vo\u017enja do vasice Plaka, od koder se bomo z ladjico peljali na ogled otoka Spinalonga. Po ogledu vo\u017enja do hotela v Iarepetri, nastanitev, po\u010ditek in ve\u010derja.<\/p><p>\u00a0<\/p><p><span style=\"color: #ffffff; font-family: Poppins;\">\u00a0<\/span><\/p>\t\t\t\t\t\t\t\t<\/div>\n\t\t\t\t<\/div>\n\t\t\t\t\t<\/div>\n\t\t<\/div>\n\t\t\t\t\t<\/div>\n\t\t<\/section>\n\t\t\t\t<section class=\"elementor-section elementor-top-section elementor-element elementor-element-06a0d6a elementor-section-boxed elementor-section-height-default elementor-section-height-default\" data-id=\"06a0d6a\" data-element_type=\"section\" data-e-type=\"section\">\n\t\t\t\t\t\t<div class=\"elementor-container elementor-column-gap-default\">\n\t\t\t\t\t<div class=\"elementor-column elementor-col-66 elementor-top-column elementor-element elementor-element-f3c647e\" data-id=\"f3c647e\" data-element_type=\"column\" data-e-type=\"column\">\n\t\t\t<div class=\"elementor-widget-wrap elementor-element-populated\">\n\t\t\t\t\t\t<div class=\"elementor-element elementor-element-9e06d72 elementor-widget elementor-widget-text-editor\" data-id=\"9e06d72\" data-element_type=\"widget\" data-e-type=\"widget\" data-widget_type=\"text-editor.default\">\n\t\t\t\t<div class=\"elementor-widget-container\">\n\t\t\t\t\t\t\t\t\t<p>2. dan<\/p><p>Otok Chrissi se nahaja pribli\u017eno 15 km ju\u017eno od mesta Iarepetra na jugovzhodu Krete, na katerem uspeva najve\u010dji naravni brinov gozd (<i>Juniperus macrocarpa<\/i>) v Evropi. Ob severni obali se nahajajo \u0161tevilne fosilne \u0161koljke, za ljubitelje manj daljne preteklosti pa na otoku lahko najdemo ostanke minojske kulture in rimskega pokopali\u0161\u010da, ostanke solin \u2026 Dan je namenjen raziskovanju otoka po urejenih poteh ali naklju\u010dnemu raziskovanju obale, spro\u0161\u010denemu tavanju po brinovem gozdu ali plavanju .<\/p><p>\u00a0<\/p><p><span style=\"font-family: Poppins; color: #ffffff;\">\u00a0<\/span><\/p>\t\t\t\t\t\t\t\t<\/div>\n\t\t\t\t<\/div>\n\t\t\t\t\t<\/div>\n\t\t<\/div>\n\t\t\t\t<div class=\"elementor-column elementor-col-33 elementor-top-column elementor-element elementor-element-54fea0c\" data-id=\"54fea0c\" data-element_type=\"column\" data-e-type=\"column\">\n\t\t\t<div class=\"elementor-widget-wrap elementor-element-populated\">\n\t\t\t\t\t\t<div class=\"elementor-element elementor-element-5c25f55 elementor-widget elementor-widget-image\" data-id=\"5c25f55\" data-element_type=\"widget\" data-e-type=\"widget\" data-widget_type=\"image.default\">\n\t\t\t\t<div class=\"elementor-widget-container\">\n\t\t\t\t\t\t\t\t\t\t\t\t\t\t\t<img decoding=\"async\" width=\"800\" height=\"800\" src=\"https:\/\/natoura.si\/wp-content\/uploads\/2020\/07\/Chrissi.gif\" class=\"attachment-large size-large wp-image-2694\" alt=\"\" \/>\t\t\t\t\t\t\t\t\t\t\t\t\t\t\t<\/div>\n\t\t\t\t<\/div>\n\t\t\t\t\t<\/div>\n\t\t<\/div>\n\t\t\t\t\t<\/div>\n\t\t<\/section>\n\t\t\t\t<section class=\"elementor-section elementor-top-section elementor-element elementor-element-b8b09b7 elementor-section-boxed elementor-section-height-default elementor-section-height-default\" data-id=\"b8b09b7\" data-element_type=\"section\" data-e-type=\"section\">\n\t\t\t\t\t\t<div class=\"elementor-container elementor-column-gap-default\">\n\t\t\t\t\t<div class=\"elementor-column elementor-col-33 elementor-top-column elementor-element elementor-element-0044fd2\" data-id=\"0044fd2\" data-element_type=\"column\" data-e-type=\"column\">\n\t\t\t<div class=\"elementor-widget-wrap elementor-element-populated\">\n\t\t\t\t\t\t<div class=\"elementor-element elementor-element-1ecca60 elementor-widget elementor-widget-image\" data-id=\"1ecca60\" data-element_type=\"widget\" data-e-type=\"widget\" data-widget_type=\"image.default\">\n\t\t\t\t<div class=\"elementor-widget-container\">\n\t\t\t\t\t\t\t\t\t\t\t\t\t\t\t<img decoding=\"async\" src=\"https:\/\/natoura.si\/wp-content\/uploads\/2020\/07\/Zakros.gif\" title=\"Zakros\" alt=\"Zakros\" loading=\"lazy\" \/>\t\t\t\t\t\t\t\t\t\t\t\t\t\t\t<\/div>\n\t\t\t\t<\/div>\n\t\t\t\t\t<\/div>\n\t\t<\/div>\n\t\t\t\t<div class=\"elementor-column elementor-col-66 elementor-top-column elementor-element elementor-element-8b3d99f\" data-id=\"8b3d99f\" data-element_type=\"column\" data-e-type=\"column\">\n\t\t\t<div class=\"elementor-widget-wrap elementor-element-populated\">\n\t\t\t\t\t\t<div class=\"elementor-element elementor-element-8c049e0 elementor-widget elementor-widget-text-editor\" data-id=\"8c049e0\" data-element_type=\"widget\" data-e-type=\"widget\" data-widget_type=\"text-editor.default\">\n\t\t\t\t<div class=\"elementor-widget-container\">\n\t\t\t\t\t\t\t\t\t<p><span style=\"font-family: Poppins;\">3. dan<\/span><\/p><p>Vo\u017enja na skrajni vzhodni del otoka po \u010dudoviti in malo poseljeni pokrajini proti nekdanjemu minojskemu mestu Zakros. Ljubitelji pohodni\u0161tva in geologije se boste lahko zadnji del poti sprehodili po Soteski mrtvih (pribl. 3,5 km hoje), nato pa si bomo skupaj ogledali arheolo\u0161ki park in si privo\u0161\u010dili po\u010ditek na obali. V popoldanskem \u010dasu si bomo ogledali znameniti samostan Toplou, nato pa se sprehodili do severne obale (pribl. 3,2 km hoje) in si ogledali \u0161e nekaj geolo\u0161kih posebnosti.<\/p><p>\u00a0<\/p><p><span style=\"font-family: Poppins;\">\u00a0<\/span><\/p>\t\t\t\t\t\t\t\t<\/div>\n\t\t\t\t<\/div>\n\t\t\t\t\t<\/div>\n\t\t<\/div>\n\t\t\t\t\t<\/div>\n\t\t<\/section>\n\t\t\t\t<section class=\"elementor-section elementor-top-section elementor-element elementor-element-5245807 elementor-section-boxed elementor-section-height-default elementor-section-height-default\" data-id=\"5245807\" data-element_type=\"section\" data-e-type=\"section\">\n\t\t\t\t\t\t<div class=\"elementor-container elementor-column-gap-default\">\n\t\t\t\t\t<div class=\"elementor-column elementor-col-66 elementor-top-column elementor-element elementor-element-7e08ab4\" data-id=\"7e08ab4\" data-element_type=\"column\" data-e-type=\"column\">\n\t\t\t<div class=\"elementor-widget-wrap elementor-element-populated\">\n\t\t\t\t\t\t<div class=\"elementor-element elementor-element-66c3f7b elementor-widget elementor-widget-text-editor\" data-id=\"66c3f7b\" data-element_type=\"widget\" data-e-type=\"widget\" data-widget_type=\"text-editor.default\">\n\t\t\t\t<div class=\"elementor-widget-container\">\n\t\t\t\t\t\t\t\t\t<p><span style=\"font-family: Poppins;\">4. dan<\/span><\/p><p>Nedvomno je Kreta najbolj znana po minojski kulturi, ki ni zaznamovala le tega otoka, ampak celotno Sredozemlje. Za vpogled in \u0161ir\u0161o predstavo o pomenu in dose\u017ekih minojske civilizacije si bomo najprej ogledali izvrsten Arheolo\u0161ki muzej v Herakleonu, kjer bomo se bomo seznanili z na\u010dinom \u017eivljenja takratnih oto\u0161kih prebivalcev, njihovo kulturno zapu\u0161\u010dino in predmeti, ki so nam jih zapustili. Z bogatimi vtisi si bomo privo\u0161\u010dili kratek sprehod po mestu, nato pa si ogledali \u0161e najbolj znano arheolo\u0161ko nahajali\u0161\u010de otoka, minojsko pala\u010do Knosos, v kateri je prebival legendarni kralj Minos.<\/p><p><span style=\"color: #ffffff; font-family: Poppins;\">\u00a0<\/span><\/p>\t\t\t\t\t\t\t\t<\/div>\n\t\t\t\t<\/div>\n\t\t\t\t\t<\/div>\n\t\t<\/div>\n\t\t\t\t<div class=\"elementor-column elementor-col-33 elementor-top-column elementor-element elementor-element-ecdf113\" data-id=\"ecdf113\" data-element_type=\"column\" data-e-type=\"column\">\n\t\t\t<div class=\"elementor-widget-wrap elementor-element-populated\">\n\t\t\t\t\t\t<div class=\"elementor-element elementor-element-0fec247 elementor-widget elementor-widget-image\" data-id=\"0fec247\" data-element_type=\"widget\" data-e-type=\"widget\" data-widget_type=\"image.default\">\n\t\t\t\t<div class=\"elementor-widget-container\">\n\t\t\t\t\t\t\t\t\t\t\t\t\t\t\t<img decoding=\"async\" width=\"800\" height=\"800\" src=\"https:\/\/natoura.si\/wp-content\/uploads\/2020\/07\/Knosos.gif\" class=\"attachment-large size-large wp-image-2697\" alt=\"\" \/>\t\t\t\t\t\t\t\t\t\t\t\t\t\t\t<\/div>\n\t\t\t\t<\/div>\n\t\t\t\t\t<\/div>\n\t\t<\/div>\n\t\t\t\t\t<\/div>\n\t\t<\/section>\n\t\t\t\t<section class=\"elementor-section elementor-top-section elementor-element elementor-element-a312fe5 elementor-section-boxed elementor-section-height-default elementor-section-height-default\" data-id=\"a312fe5\" data-element_type=\"section\" data-e-type=\"section\">\n\t\t\t\t\t\t<div class=\"elementor-container elementor-column-gap-default\">\n\t\t\t\t\t<div class=\"elementor-column elementor-col-33 elementor-top-column elementor-element elementor-element-8061654\" data-id=\"8061654\" data-element_type=\"column\" data-e-type=\"column\">\n\t\t\t<div class=\"elementor-widget-wrap elementor-element-populated\">\n\t\t\t\t\t\t<div class=\"elementor-element elementor-element-d10fa1c elementor-widget elementor-widget-image\" data-id=\"d10fa1c\" data-element_type=\"widget\" data-e-type=\"widget\" data-widget_type=\"image.default\">\n\t\t\t\t<div class=\"elementor-widget-container\">\n\t\t\t\t\t\t\t\t\t\t\t\t\t\t\t<img loading=\"lazy\" decoding=\"async\" width=\"800\" height=\"800\" src=\"https:\/\/natoura.si\/wp-content\/uploads\/2020\/07\/Gortyn.gif\" class=\"attachment-large size-large wp-image-2698\" alt=\"\" \/>\t\t\t\t\t\t\t\t\t\t\t\t\t\t\t<\/div>\n\t\t\t\t<\/div>\n\t\t\t\t\t<\/div>\n\t\t<\/div>\n\t\t\t\t<div class=\"elementor-column elementor-col-66 elementor-top-column elementor-element elementor-element-acbab12\" data-id=\"acbab12\" data-element_type=\"column\" data-e-type=\"column\">\n\t\t\t<div class=\"elementor-widget-wrap elementor-element-populated\">\n\t\t\t\t\t\t<div class=\"elementor-element elementor-element-2a7ce72 elementor-widget elementor-widget-text-editor\" data-id=\"2a7ce72\" data-element_type=\"widget\" data-e-type=\"widget\" data-widget_type=\"text-editor.default\">\n\t\t\t\t<div class=\"elementor-widget-container\">\n\t\t\t\t\t\t\t\t\t<p>5. dan<\/p><p>Eno najve\u010djih minojskih mest Gortyn, ki je osvojilo drugo ve\u010dje mesto, Phaistos, danes velja za eno najimenitnej\u0161ih arheolo\u0161kih lokacij Krete. Po propadu minojske civilizacije so v mestu Dorci zapustili vklesan mestni zakonik, ki ga lahko ob\u010dudujemo \u0161e danes, sledove pa so nam zapustili tudi kasnej\u0161i prebivalci iz rimskega obdobja. Na obmo\u010dju nekdanjega Phaistosa, ki si po uni\u010denju sosednjega Gortyna ni ve\u010d opomoglo, lahko ob\u010dudujemo ostanke dveh pala\u010d in glavnega trga, obiskali pa bomo tudi mestno pristani\u0161\u010de, ki se je nahajalo na obmo\u010dju dana\u0161njega letovi\u0161\u010da Matala. Tam se nahajajo ostanki gr\u0161ko-rimskih grobnic.<\/p><p><span style=\"font-family: Poppins;\">\u00a0<\/span><\/p>\t\t\t\t\t\t\t\t<\/div>\n\t\t\t\t<\/div>\n\t\t\t\t\t<\/div>\n\t\t<\/div>\n\t\t\t\t\t<\/div>\n\t\t<\/section>\n\t\t\t\t<section class=\"elementor-section elementor-top-section elementor-element elementor-element-c0f231a elementor-section-boxed elementor-section-height-default elementor-section-height-default\" data-id=\"c0f231a\" data-element_type=\"section\" data-e-type=\"section\">\n\t\t\t\t\t\t<div class=\"elementor-container elementor-column-gap-default\">\n\t\t\t\t\t<div class=\"elementor-column elementor-col-66 elementor-top-column elementor-element elementor-element-cb1297e\" data-id=\"cb1297e\" data-element_type=\"column\" data-e-type=\"column\">\n\t\t\t<div class=\"elementor-widget-wrap elementor-element-populated\">\n\t\t\t\t\t\t<div class=\"elementor-element elementor-element-4132c46 elementor-widget elementor-widget-text-editor\" data-id=\"4132c46\" data-element_type=\"widget\" data-e-type=\"widget\" data-widget_type=\"text-editor.default\">\n\t\t\t\t<div class=\"elementor-widget-container\">\n\t\t\t\t\t\t\t\t\t<p>6. dan<\/p><p>Ju\u017ena obala Krete skriva mnoge zanimivosti, med drugim ene najbolj slikovitih tektonskih gub raznobarvnih apnen\u010dastih plasti. Kreta se pona\u0161a tudi z redko vrsto palme <i>Phoenix theophrasti<\/i>, ki jo najdemo le na Kreti, nekaterih Egejskih otokih in v Antaliji (ju\u017ena Tur\u010dija). Najobse\u017enej\u0161e rasti\u0161\u010de se nahaja na SV obali otoka, mi pa si jih bomo ogledali ob jezeru Preveli, ob obali pod istoimenskim samostanom. Tu je bil najintenzivnej\u0161i odpor proti Otomanski okupaciji otoka v 19. stoletju.<\/p><p>\u00a0<\/p>\t\t\t\t\t\t\t\t<\/div>\n\t\t\t\t<\/div>\n\t\t\t\t\t<\/div>\n\t\t<\/div>\n\t\t\t\t<div class=\"elementor-column elementor-col-33 elementor-top-column elementor-element elementor-element-b3b6776\" data-id=\"b3b6776\" data-element_type=\"column\" data-e-type=\"column\">\n\t\t\t<div class=\"elementor-widget-wrap elementor-element-populated\">\n\t\t\t\t\t\t<div class=\"elementor-element elementor-element-a0e84fa elementor-widget elementor-widget-image\" data-id=\"a0e84fa\" data-element_type=\"widget\" data-e-type=\"widget\" data-widget_type=\"image.default\">\n\t\t\t\t<div class=\"elementor-widget-container\">\n\t\t\t\t\t\t\t\t\t\t\t\t\t\t\t<img loading=\"lazy\" decoding=\"async\" width=\"801\" height=\"858\" src=\"https:\/\/natoura.si\/wp-content\/uploads\/2020\/07\/Apoplystra.gif\" class=\"attachment-large size-large wp-image-2700\" alt=\"\" \/>\t\t\t\t\t\t\t\t\t\t\t\t\t\t\t<\/div>\n\t\t\t\t<\/div>\n\t\t\t\t\t<\/div>\n\t\t<\/div>\n\t\t\t\t\t<\/div>\n\t\t<\/section>\n\t\t\t\t<section class=\"elementor-section elementor-top-section elementor-element elementor-element-6ecfbff elementor-section-boxed elementor-section-height-default elementor-section-height-default\" data-id=\"6ecfbff\" data-element_type=\"section\" data-e-type=\"section\">\n\t\t\t\t\t\t<div class=\"elementor-container elementor-column-gap-default\">\n\t\t\t\t\t<div class=\"elementor-column elementor-col-33 elementor-top-column elementor-element elementor-element-539e459\" data-id=\"539e459\" data-element_type=\"column\" data-e-type=\"column\">\n\t\t\t<div class=\"elementor-widget-wrap elementor-element-populated\">\n\t\t\t\t\t\t<div class=\"elementor-element elementor-element-7bcdee1 elementor-widget elementor-widget-image\" data-id=\"7bcdee1\" data-element_type=\"widget\" data-e-type=\"widget\" data-widget_type=\"image.default\">\n\t\t\t\t<div class=\"elementor-widget-container\">\n\t\t\t\t\t\t\t\t\t\t\t\t\t\t\t<img loading=\"lazy\" decoding=\"async\" width=\"800\" height=\"800\" src=\"https:\/\/natoura.si\/wp-content\/uploads\/2020\/07\/Margarites-tomb.gif\" class=\"attachment-large size-large wp-image-2701\" alt=\"\" \/>\t\t\t\t\t\t\t\t\t\t\t\t\t\t\t<\/div>\n\t\t\t\t<\/div>\n\t\t\t\t\t<\/div>\n\t\t<\/div>\n\t\t\t\t<div class=\"elementor-column elementor-col-66 elementor-top-column elementor-element elementor-element-def969f\" data-id=\"def969f\" data-element_type=\"column\" data-e-type=\"column\">\n\t\t\t<div class=\"elementor-widget-wrap elementor-element-populated\">\n\t\t\t\t\t\t<div class=\"elementor-element elementor-element-0baacb3 elementor-widget elementor-widget-text-editor\" data-id=\"0baacb3\" data-element_type=\"widget\" data-e-type=\"widget\" data-widget_type=\"text-editor.default\">\n\t\t\t\t<div class=\"elementor-widget-container\">\n\t\t\t\t\t\t\t\t\t<p>7. dan<\/p><p>Zadnji dan ogledov bomo posvetili slovesu nekdanjih prebivalcev otoka. Minojske grobnice Margarites so s svojo kro\u017eno zasnovano notranjostjo zagotovo nekaj posebnega. V nekdanjem mestu Eleftherna, ki je cvetelo od dorske ustanovitve do arabskega uni\u010denja, so v grobnicah na\u0161li \u010dudovite predmete, ki si jih bomo ogledali v tamkaj\u0161njem muzeju. Minojsko pokopali\u0161\u010de Armeni nam razkriva pestrost minojske dru\u017ebe z razli\u010dno velikimi in oblikovanimi grobnicami. Na koncu \u0161e na\u0161e slovo od otoka &#8211; v severno obalnem mestu Rethymno, kjer bo \u010das za sprehod po trdnjavi, nakupovanje ali tavanje po slikovitih ulicah starega dela mesta.<\/p>\t\t\t\t\t\t\t\t<\/div>\n\t\t\t\t<\/div>\n\t\t\t\t\t<\/div>\n\t\t<\/div>\n\t\t\t\t\t<\/div>\n\t\t<\/section>\n\t\t\t\t<section class=\"elementor-section elementor-top-section elementor-element elementor-element-d37e980 elementor-section-boxed elementor-section-height-default elementor-section-height-default\" data-id=\"d37e980\" data-element_type=\"section\" data-e-type=\"section\">\n\t\t\t\t\t\t<div class=\"elementor-container elementor-column-gap-default\">\n\t\t\t\t\t<div class=\"elementor-column elementor-col-66 elementor-top-column elementor-element elementor-element-b863513\" data-id=\"b863513\" data-element_type=\"column\" data-e-type=\"column\">\n\t\t\t<div class=\"elementor-widget-wrap elementor-element-populated\">\n\t\t\t\t\t\t<div class=\"elementor-element elementor-element-9195161 elementor-widget elementor-widget-text-editor\" data-id=\"9195161\" data-element_type=\"widget\" data-e-type=\"widget\" data-widget_type=\"text-editor.default\">\n\t\t\t\t<div class=\"elementor-widget-container\">\n\t\t\t\t\t\t\t\t\t<p>8. dan<\/p><p>Po zajtrku vo\u017enja v Rethymno, prosto za ogled mesta. V popoldanskih urah odhod do letali\u0161\u010da,\u00a0 let do Dunaja in nato vo\u017enja z avtobusom do Ljubljane.<\/p><p>\u00a0<\/p>\t\t\t\t\t\t\t\t<\/div>\n\t\t\t\t<\/div>\n\t\t\t\t\t<\/div>\n\t\t<\/div>\n\t\t\t\t<div class=\"elementor-column elementor-col-33 elementor-top-column elementor-element elementor-element-e4ea61e\" data-id=\"e4ea61e\" data-element_type=\"column\" data-e-type=\"column\">\n\t\t\t<div class=\"elementor-widget-wrap elementor-element-populated\">\n\t\t\t\t\t\t<div class=\"elementor-element elementor-element-89bb294 elementor-widget elementor-widget-image\" data-id=\"89bb294\" data-element_type=\"widget\" data-e-type=\"widget\" data-widget_type=\"image.default\">\n\t\t\t\t<div class=\"elementor-widget-container\">\n\t\t\t\t\t\t\t\t\t\t\t\t\t\t\t<img loading=\"lazy\" decoding=\"async\" width=\"800\" height=\"800\" src=\"https:\/\/natoura.si\/wp-content\/uploads\/2020\/07\/Rethymno.gif\" class=\"attachment-large size-large wp-image-2704\" alt=\"\" \/>\t\t\t\t\t\t\t\t\t\t\t\t\t\t\t<\/div>\n\t\t\t\t<\/div>\n\t\t\t\t\t<\/div>\n\t\t<\/div>\n\t\t\t\t\t<\/div>\n\t\t<\/section>\n\t\t\t\t<section class=\"elementor-section elementor-top-section elementor-element elementor-element-b82a39f elementor-section-boxed elementor-section-height-default elementor-section-height-default\" data-id=\"b82a39f\" data-element_type=\"section\" data-e-type=\"section\">\n\t\t\t\t\t\t<div class=\"elementor-container elementor-column-gap-default\">\n\t\t\t\t\t<div class=\"elementor-column elementor-col-100 elementor-top-column elementor-element elementor-element-a036de3\" data-id=\"a036de3\" data-element_type=\"column\" data-e-type=\"column\">\n\t\t\t<div class=\"elementor-widget-wrap elementor-element-populated\">\n\t\t\t\t\t\t<div class=\"elementor-element elementor-element-ec3f929 elementor-widget elementor-widget-text-editor\" data-id=\"ec3f929\" data-element_type=\"widget\" data-e-type=\"widget\" data-widget_type=\"text-editor.default\">\n\t\t\t\t<div class=\"elementor-widget-container\">\n\t\t\t\t\t\t\t\t\t<p><span style=\"font-family: Poppins; color: #ffffff;\">Vodstvo: Janja Benedik.<\/span><\/p><p>\u00a0<\/p><p><span style=\"color: #f56450;\">PODROBNEJ\u0160E INFORMACIJE O IZLETU BOSTE PRIJAVLJENI PREJELI PO ELEKTRONSKI PO\u0160TI TEDEN DNI PRED ODHODOM.<\/span><\/p>\t\t\t\t\t\t\t\t<\/div>\n\t\t\t\t<\/div>\n\t\t\t\t\t<\/div>\n\t\t<\/div>\n\t\t\t\t\t<\/div>\n\t\t<\/section>\n\t\t\t\t<section class=\"elementor-section elementor-top-section elementor-element elementor-element-5ffab85 elementor-section-boxed elementor-section-height-default elementor-section-height-default\" data-id=\"5ffab85\" data-element_type=\"section\" data-e-type=\"section\">\n\t\t\t\t\t\t<div class=\"elementor-container elementor-column-gap-default\">\n\t\t\t\t\t<div class=\"elementor-column elementor-col-100 elementor-top-column elementor-element elementor-element-7b795d5\" data-id=\"7b795d5\" data-element_type=\"column\" data-e-type=\"column\">\n\t\t\t<div class=\"elementor-widget-wrap elementor-element-populated\">\n\t\t\t\t\t\t<div class=\"elementor-element elementor-element-e70fe8c elementor-widget elementor-widget-text-editor\" data-id=\"e70fe8c\" data-element_type=\"widget\" data-e-type=\"widget\" data-widget_type=\"text-editor.default\">\n\t\t\t\t<div class=\"elementor-widget-container\">\n\t\t\t\t\t\t\t\t\t<p class=\"translation-block\"><span style=\"color: #ffffff\"><a style=\"color: #ffffff\" href=\"https:\/\/natoura.si\/en\/splosni-pogoji-poslovanja\/\" target=\"_self\">The general terms and conditions are an integral part of the program. They are available on the website https:\/\/natoura.si.<\/span><\/p><p><span style=\"font-family: Poppins; color: #ffffff;\">Avtorica programa: \u00a9 Janja Benedik, 2020.<\/span><\/p><p><span style=\"font-family: Poppins; color: #ffffff;\">Organizator in izvajalec izleta: \u00a9 naTOURa, Janja Benedik, s. p. , 2020.<\/span><\/p><p><strong>\u00a0<\/strong><\/p>\t\t\t\t\t\t\t\t<\/div>\n\t\t\t\t<\/div>\n\t\t\t\t\t<\/div>\n\t\t<\/div>\n\t\t\t\t\t<\/div>\n\t\t<\/section>\n\t\t\t\t<\/div>","protected":false},"excerpt":{"rendered":"<p>1. dan Zjutraj prihod na Kreto, vo\u017enja do vasice Plaka, od koder se bomo z ladjico peljali na ogled otoka Spinalonga. Po ogledu vo\u017enja doTour Details<\/p>","protected":false},"author":1,"featured_media":2691,"parent":0,"menu_order":0,"comment_status":"closed","ping_status":"closed","template":"","meta":{"footnotes":""},"class_list":["post-2690","page","type-page","status-publish","has-post-thumbnail","hentry"],"_links":{"self":[{"href":"https:\/\/natoura.si\/en\/wp-json\/wp\/v2\/pages\/2690","targetHints":{"allow":["GET"]}}],"collection":[{"href":"https:\/\/natoura.si\/en\/wp-json\/wp\/v2\/pages"}],"about":[{"href":"https:\/\/natoura.si\/en\/wp-json\/wp\/v2\/types\/page"}],"author":[{"embeddable":true,"href":"https:\/\/natoura.si\/en\/wp-json\/wp\/v2\/users\/1"}],"replies":[{"embeddable":true,"href":"https:\/\/natoura.si\/en\/wp-json\/wp\/v2\/comments?post=2690"}],"version-history":[{"count":3,"href":"https:\/\/natoura.si\/en\/wp-json\/wp\/v2\/pages\/2690\/revisions"}],"predecessor-version":[{"id":2705,"href":"https:\/\/natoura.si\/en\/wp-json\/wp\/v2\/pages\/2690\/revisions\/2705"}],"wp:featuredmedia":[{"embeddable":true,"href":"https:\/\/natoura.si\/en\/wp-json\/wp\/v2\/media\/2691"}],"wp:attachment":[{"href":"https:\/\/natoura.si\/en\/wp-json\/wp\/v2\/media?parent=2690"}],"curies":[{"name":"wp","href":"https:\/\/api.w.org\/{rel}","templated":true}]}}