{"id":2253,"date":"2020-05-15T06:30:01","date_gmt":"2020-05-15T06:30:01","guid":{"rendered":"https:\/\/natoura.si\/?page_id=2253"},"modified":"2020-05-17T16:10:49","modified_gmt":"2020-05-17T16:10:49","slug":"skrivnosti-visokih-barij-program","status":"publish","type":"page","link":"https:\/\/natoura.si\/en\/skrivnosti-visokih-barij-program\/","title":{"rendered":"Skrivnosti visokih barij program"},"content":{"rendered":"<div data-elementor-type=\"wp-page\" data-elementor-id=\"2253\" class=\"elementor elementor-2253\" data-elementor-post-type=\"page\">\n\t\t\t\t\t\t<section class=\"elementor-section elementor-top-section elementor-element elementor-element-be108fd elementor-section-boxed elementor-section-height-default elementor-section-height-default\" data-id=\"be108fd\" data-element_type=\"section\" data-e-type=\"section\">\n\t\t\t\t\t\t<div class=\"elementor-container elementor-column-gap-default\">\n\t\t\t\t\t<div class=\"elementor-column elementor-col-33 elementor-top-column elementor-element elementor-element-e4b05e2\" data-id=\"e4b05e2\" data-element_type=\"column\" data-e-type=\"column\">\n\t\t\t<div class=\"elementor-widget-wrap elementor-element-populated\">\n\t\t\t\t\t\t<div class=\"elementor-element elementor-element-2d6114b elementor-widget elementor-widget-image\" data-id=\"2d6114b\" data-element_type=\"widget\" data-e-type=\"widget\" data-widget_type=\"image.default\">\n\t\t\t\t<div class=\"elementor-widget-container\">\n\t\t\t\t\t\t\t\t\t\t\t\t\t\t\t<img fetchpriority=\"high\" decoding=\"async\" width=\"926\" height=\"858\" src=\"https:\/\/natoura.si\/wp-content\/uploads\/2020\/05\/Linejka.jpg\" class=\"attachment-large size-large wp-image-2263\" alt=\"\" srcset=\"https:\/\/natoura.si\/wp-content\/uploads\/2020\/05\/Linejka.jpg 926w, https:\/\/natoura.si\/wp-content\/uploads\/2020\/05\/Linejka-300x278.jpg 300w, https:\/\/natoura.si\/wp-content\/uploads\/2020\/05\/Linejka-768x712.jpg 768w\" sizes=\"(max-width: 926px) 100vw, 926px\" \/>\t\t\t\t\t\t\t\t\t\t\t\t\t\t\t<\/div>\n\t\t\t\t<\/div>\n\t\t\t\t\t<\/div>\n\t\t<\/div>\n\t\t\t\t<div class=\"elementor-column elementor-col-66 elementor-top-column elementor-element elementor-element-0dc05be\" data-id=\"0dc05be\" data-element_type=\"column\" data-e-type=\"column\">\n\t\t\t<div class=\"elementor-widget-wrap elementor-element-populated\">\n\t\t\t\t\t\t<div class=\"elementor-element elementor-element-11e1f2c elementor-widget elementor-widget-text-editor\" data-id=\"11e1f2c\" data-element_type=\"widget\" data-e-type=\"widget\" data-widget_type=\"text-editor.default\">\n\t\t\t\t<div class=\"elementor-widget-container\">\n\t\t\t\t\t\t\t\t\t<p><span style=\"color: #ffffff; font-family: Poppins;\">Zjutraj si bomo najprej ogledali mrazi\u0161\u010de v Soteski pri Bohinju. Tam je edino rasti\u0161\u010de v Sloveniji, kjer uspeva ne\u017ena rastlina severna linejka (<em>Linnaea borealis<\/em>), ki predstavlja ostanek ledenodobnega rastlinstva (borealni relikt). Z nekaj sre\u010de si bomo lahko od blizu ogledali drobne cvetove rastline in na rasti\u0161\u010du poiskali posebne pogoje, ki ji omogo\u010dajo pre\u017eivetje na tem rasti\u0161\u010du.<\/span><\/p>\t\t\t\t\t\t\t\t<\/div>\n\t\t\t\t<\/div>\n\t\t\t\t\t<\/div>\n\t\t<\/div>\n\t\t\t\t\t<\/div>\n\t\t<\/section>\n\t\t\t\t<section class=\"elementor-section elementor-top-section elementor-element elementor-element-06a0d6a elementor-section-boxed elementor-section-height-default elementor-section-height-default\" data-id=\"06a0d6a\" data-element_type=\"section\" data-e-type=\"section\">\n\t\t\t\t\t\t<div class=\"elementor-container elementor-column-gap-default\">\n\t\t\t\t\t<div class=\"elementor-column elementor-col-66 elementor-top-column elementor-element elementor-element-f3c647e\" data-id=\"f3c647e\" data-element_type=\"column\" data-e-type=\"column\">\n\t\t\t<div class=\"elementor-widget-wrap elementor-element-populated\">\n\t\t\t\t\t\t<div class=\"elementor-element elementor-element-9e06d72 elementor-widget elementor-widget-text-editor\" data-id=\"9e06d72\" data-element_type=\"widget\" data-e-type=\"widget\" data-widget_type=\"text-editor.default\">\n\t\t\t\t<div class=\"elementor-widget-container\">\n\t\t\t\t\t\t\t\t\t<p><span style=\"color: #ffffff; font-family: Poppins;\">Pot bomo nadaljevali do vasi Nomenj in se nato sprehodili \u010dez pa\u0161nike in po gozdu do slapu Grme\u010dica, ki \u010dez \u010dudovita korita pada nekaj metrov ni\u017ee \u010dez skalni previs. Vode se stekajo s planote Jelovica, ki bo na\u0161a naslednja lokacija ogledov.<\/span><\/p>\t\t\t\t\t\t\t\t<\/div>\n\t\t\t\t<\/div>\n\t\t\t\t\t<\/div>\n\t\t<\/div>\n\t\t\t\t<div class=\"elementor-column elementor-col-33 elementor-top-column elementor-element elementor-element-54fea0c\" data-id=\"54fea0c\" data-element_type=\"column\" data-e-type=\"column\">\n\t\t\t<div class=\"elementor-widget-wrap elementor-element-populated\">\n\t\t\t\t\t\t<div class=\"elementor-element elementor-element-5c25f55 elementor-widget elementor-widget-image\" data-id=\"5c25f55\" data-element_type=\"widget\" data-e-type=\"widget\" data-widget_type=\"image.default\">\n\t\t\t\t<div class=\"elementor-widget-container\">\n\t\t\t\t\t\t\t\t\t\t\t\t\t\t\t<img decoding=\"async\" width=\"844\" height=\"858\" src=\"https:\/\/natoura.si\/wp-content\/uploads\/2020\/05\/Korita.jpg\" class=\"attachment-large size-large wp-image-2255\" alt=\"\" srcset=\"https:\/\/natoura.si\/wp-content\/uploads\/2020\/05\/Korita.jpg 844w, https:\/\/natoura.si\/wp-content\/uploads\/2020\/05\/Korita-295x300.jpg 295w, https:\/\/natoura.si\/wp-content\/uploads\/2020\/05\/Korita-768x781.jpg 768w\" sizes=\"(max-width: 844px) 100vw, 844px\" \/>\t\t\t\t\t\t\t\t\t\t\t\t\t\t\t<\/div>\n\t\t\t\t<\/div>\n\t\t\t\t\t<\/div>\n\t\t<\/div>\n\t\t\t\t\t<\/div>\n\t\t<\/section>\n\t\t\t\t<section class=\"elementor-section elementor-top-section elementor-element elementor-element-b8b09b7 elementor-section-boxed elementor-section-height-default elementor-section-height-default\" data-id=\"b8b09b7\" data-element_type=\"section\" data-e-type=\"section\">\n\t\t\t\t\t\t<div class=\"elementor-container elementor-column-gap-default\">\n\t\t\t\t\t<div class=\"elementor-column elementor-col-33 elementor-top-column elementor-element elementor-element-0044fd2\" data-id=\"0044fd2\" data-element_type=\"column\" data-e-type=\"column\">\n\t\t\t<div class=\"elementor-widget-wrap elementor-element-populated\">\n\t\t\t\t\t\t<div class=\"elementor-element elementor-element-1ecca60 elementor-widget elementor-widget-image\" data-id=\"1ecca60\" data-element_type=\"widget\" data-e-type=\"widget\" data-widget_type=\"image.default\">\n\t\t\t\t<div class=\"elementor-widget-container\">\n\t\t\t\t\t\t\t\t\t\t\t\t\t\t\t<img decoding=\"async\" src=\"https:\/\/natoura.si\/wp-content\/uploads\/2020\/05\/Jelovica.jpg\" title=\"Jelovica\" alt=\"Jelovica\" loading=\"lazy\" \/>\t\t\t\t\t\t\t\t\t\t\t\t\t\t\t<\/div>\n\t\t\t\t<\/div>\n\t\t\t\t\t<\/div>\n\t\t<\/div>\n\t\t\t\t<div class=\"elementor-column elementor-col-66 elementor-top-column elementor-element elementor-element-8b3d99f\" data-id=\"8b3d99f\" data-element_type=\"column\" data-e-type=\"column\">\n\t\t\t<div class=\"elementor-widget-wrap elementor-element-populated\">\n\t\t\t\t\t\t<div class=\"elementor-element elementor-element-8c049e0 elementor-widget elementor-widget-text-editor\" data-id=\"8c049e0\" data-element_type=\"widget\" data-e-type=\"widget\" data-widget_type=\"text-editor.default\">\n\t\t\t\t<div class=\"elementor-widget-container\">\n\t\t\t\t\t\t\t\t\t<p><span style=\"color: #ffffff; font-family: Poppins;\">Nadaljevali bomo vo\u017enjo na planoto Jelovica do planine Rovtarica. Tam se bomo seznanili z nastankom zakrasele planote, spoznali bomo njeno geologijo in geomorfologijo ter posebnosti rastlinstva in \u017eivalstva. Na planini so \u0161e vidni ostanki nekdanje ve\u010dje naselbine in \u017eivahne dejavnosti, ki se je neko\u010d odvijala na tej planini. Sledil bo sprehod do barja Za blatom, kjer bomo spoznali zna\u010dilno zgradbo visokih barij in rastlinskih vrst, ki tam \u017eivijo ter kak\u0161ne prilagoditve so potrebne, da v razmerah, kjer ve\u010dina vrst ni sposobna pre\u017eiveti, uspejo tvoriti stabilno zdru\u017ebo.<\/span><\/p>\t\t\t\t\t\t\t\t<\/div>\n\t\t\t\t<\/div>\n\t\t\t\t\t<\/div>\n\t\t<\/div>\n\t\t\t\t\t<\/div>\n\t\t<\/section>\n\t\t\t\t<section class=\"elementor-section elementor-top-section elementor-element elementor-element-5245807 elementor-section-boxed elementor-section-height-default elementor-section-height-default\" data-id=\"5245807\" data-element_type=\"section\" data-e-type=\"section\">\n\t\t\t\t\t\t<div class=\"elementor-container elementor-column-gap-default\">\n\t\t\t\t\t<div class=\"elementor-column elementor-col-66 elementor-top-column elementor-element elementor-element-7e08ab4\" data-id=\"7e08ab4\" data-element_type=\"column\" data-e-type=\"column\">\n\t\t\t<div class=\"elementor-widget-wrap elementor-element-populated\">\n\t\t\t\t\t\t<div class=\"elementor-element elementor-element-66c3f7b elementor-widget elementor-widget-text-editor\" data-id=\"66c3f7b\" data-element_type=\"widget\" data-e-type=\"widget\" data-widget_type=\"text-editor.default\">\n\t\t\t\t<div class=\"elementor-widget-container\">\n\t\t\t\t\t\t\t\t\t<p><span style=\"color: #ffffff; font-family: Poppins;\">S planote Jelovica se bomo odpeljali na bli\u017enjo planoto Pokljuko, kjer je ohranjenih ve\u010d visokih barij in si enega od njih tudi ogledali ter primerjali\u00a0 z barjem na Jelovici. Vsa barja so z zakonom zavarovana, kar bomo pri ogledu tudi strogo upo\u0161tevali, da v naravi ne bomo povzro\u010dili \u0161kode.\u00a0 \u010ce bo \u010das, bomo spoznavanje visokih barij zaklju\u010dili na popoldanski kavi.<br \/><\/span><\/p>\t\t\t\t\t\t\t\t<\/div>\n\t\t\t\t<\/div>\n\t\t\t\t\t<\/div>\n\t\t<\/div>\n\t\t\t\t<div class=\"elementor-column elementor-col-33 elementor-top-column elementor-element elementor-element-ecdf113\" data-id=\"ecdf113\" data-element_type=\"column\" data-e-type=\"column\">\n\t\t\t<div class=\"elementor-widget-wrap elementor-element-populated\">\n\t\t\t\t\t\t<div class=\"elementor-element elementor-element-0fec247 elementor-widget elementor-widget-image\" data-id=\"0fec247\" data-element_type=\"widget\" data-e-type=\"widget\" data-widget_type=\"image.default\">\n\t\t\t\t<div class=\"elementor-widget-container\">\n\t\t\t\t\t\t\t\t\t\t\t\t\t\t\t<img decoding=\"async\" width=\"880\" height=\"858\" src=\"https:\/\/natoura.si\/wp-content\/uploads\/2020\/05\/Mah.gif\" class=\"attachment-large size-large wp-image-2265\" alt=\"\" \/>\t\t\t\t\t\t\t\t\t\t\t\t\t\t\t<\/div>\n\t\t\t\t<\/div>\n\t\t\t\t\t<\/div>\n\t\t<\/div>\n\t\t\t\t\t<\/div>\n\t\t<\/section>\n\t\t\t\t<section class=\"elementor-section elementor-top-section elementor-element elementor-element-b82a39f elementor-section-boxed elementor-section-height-default elementor-section-height-default\" data-id=\"b82a39f\" data-element_type=\"section\" data-e-type=\"section\">\n\t\t\t\t\t\t<div class=\"elementor-container elementor-column-gap-default\">\n\t\t\t\t\t<div class=\"elementor-column elementor-col-100 elementor-top-column elementor-element elementor-element-a036de3\" data-id=\"a036de3\" data-element_type=\"column\" data-e-type=\"column\">\n\t\t\t<div class=\"elementor-widget-wrap elementor-element-populated\">\n\t\t\t\t\t\t<div class=\"elementor-element elementor-element-ec3f929 elementor-widget elementor-widget-text-editor\" data-id=\"ec3f929\" data-element_type=\"widget\" data-e-type=\"widget\" data-widget_type=\"text-editor.default\">\n\t\t\t\t<div class=\"elementor-widget-container\">\n\t\t\t\t\t\t\t\t\t<p><span style=\"font-family: Poppins; color: #ffffff;\">Vodstvo: Janja Benedik.<\/span><\/p><p>\u00a0<\/p><p><span style=\"color: #f56450;\">PODROBNEJ\u0160E INFORMACIJE O IZLETU BOSTE PRIJAVLJENI PREJELI PO ELEKTRONSKI PO\u0160TI.<\/span><\/p>\t\t\t\t\t\t\t\t<\/div>\n\t\t\t\t<\/div>\n\t\t\t\t\t<\/div>\n\t\t<\/div>\n\t\t\t\t\t<\/div>\n\t\t<\/section>\n\t\t\t\t<section class=\"elementor-section elementor-top-section elementor-element elementor-element-5ffab85 elementor-section-boxed elementor-section-height-default elementor-section-height-default\" data-id=\"5ffab85\" data-element_type=\"section\" data-e-type=\"section\">\n\t\t\t\t\t\t<div class=\"elementor-container elementor-column-gap-default\">\n\t\t\t\t\t<div class=\"elementor-column elementor-col-100 elementor-top-column elementor-element elementor-element-7b795d5\" data-id=\"7b795d5\" data-element_type=\"column\" data-e-type=\"column\">\n\t\t\t<div class=\"elementor-widget-wrap elementor-element-populated\">\n\t\t\t\t\t\t<div class=\"elementor-element elementor-element-82f37b3 elementor-widget elementor-widget-spacer\" data-id=\"82f37b3\" data-element_type=\"widget\" data-e-type=\"widget\" data-widget_type=\"spacer.default\">\n\t\t\t\t<div class=\"elementor-widget-container\">\n\t\t\t\t\t\t\t<div class=\"elementor-spacer\">\n\t\t\t<div class=\"elementor-spacer-inner\"><\/div>\n\t\t<\/div>\n\t\t\t\t\t\t<\/div>\n\t\t\t\t<\/div>\n\t\t\t\t<div class=\"elementor-element elementor-element-e70fe8c elementor-widget elementor-widget-text-editor\" data-id=\"e70fe8c\" data-element_type=\"widget\" data-e-type=\"widget\" data-widget_type=\"text-editor.default\">\n\t\t\t\t<div class=\"elementor-widget-container\">\n\t\t\t\t\t\t\t\t\t<p class=\"translation-block\"><span style=\"color: #ffffff\"><a style=\"color: #ffffff\" href=\"https:\/\/natoura.si\/en\/splosni-pogoji-poslovanja\/\" target=\"_self\">The general terms and conditions are an integral part of the program. They are available on the website https:\/\/natoura.si.<\/span><\/p><p><span style=\"font-family: Poppins; color: #ffffff;\">Avtorica programa: \u00a9 Janja Benedik, 2020.<\/span><\/p><p><span style=\"font-family: Poppins; color: #ffffff;\">Organizator in izvajalec izleta: \u00a9 naTOURa, Janja Benedik, s. p. , 2020.<\/span><\/p><p><strong>\u00a0<\/strong><\/p>\t\t\t\t\t\t\t\t<\/div>\n\t\t\t\t<\/div>\n\t\t\t\t\t<\/div>\n\t\t<\/div>\n\t\t\t\t\t<\/div>\n\t\t<\/section>\n\t\t\t\t<\/div>","protected":false},"excerpt":{"rendered":"<p>Zjutraj si bomo najprej ogledali mrazi\u0161\u010de v Soteski pri Bohinju. Tam je edino rasti\u0161\u010de v Sloveniji, kjer uspeva ne\u017ena rastlina severna linejka (Linnaea borealis), kiTour Details<\/p>","protected":false},"author":1,"featured_media":2246,"parent":0,"menu_order":0,"comment_status":"closed","ping_status":"closed","template":"","meta":{"footnotes":""},"class_list":["post-2253","page","type-page","status-publish","has-post-thumbnail","hentry"],"_links":{"self":[{"href":"https:\/\/natoura.si\/en\/wp-json\/wp\/v2\/pages\/2253","targetHints":{"allow":["GET"]}}],"collection":[{"href":"https:\/\/natoura.si\/en\/wp-json\/wp\/v2\/pages"}],"about":[{"href":"https:\/\/natoura.si\/en\/wp-json\/wp\/v2\/types\/page"}],"author":[{"embeddable":true,"href":"https:\/\/natoura.si\/en\/wp-json\/wp\/v2\/users\/1"}],"replies":[{"embeddable":true,"href":"https:\/\/natoura.si\/en\/wp-json\/wp\/v2\/comments?post=2253"}],"version-history":[{"count":12,"href":"https:\/\/natoura.si\/en\/wp-json\/wp\/v2\/pages\/2253\/revisions"}],"predecessor-version":[{"id":2329,"href":"https:\/\/natoura.si\/en\/wp-json\/wp\/v2\/pages\/2253\/revisions\/2329"}],"wp:featuredmedia":[{"embeddable":true,"href":"https:\/\/natoura.si\/en\/wp-json\/wp\/v2\/media\/2246"}],"wp:attachment":[{"href":"https:\/\/natoura.si\/en\/wp-json\/wp\/v2\/media?parent=2253"}],"curies":[{"name":"wp","href":"https:\/\/api.w.org\/{rel}","templated":true}]}}