{"id":2224,"date":"2020-04-20T11:28:00","date_gmt":"2020-04-20T11:28:00","guid":{"rendered":"https:\/\/natoura.si\/?page_id=2224"},"modified":"2020-06-30T16:22:20","modified_gmt":"2020-06-30T16:22:20","slug":"geopark-viski-arhipelag-program","status":"publish","type":"page","link":"https:\/\/natoura.si\/en\/geopark-viski-arhipelag-program\/","title":{"rendered":"Geopark Vi\u0161ki arhipelag program"},"content":{"rendered":"<div data-elementor-type=\"wp-page\" data-elementor-id=\"2224\" class=\"elementor elementor-2224\" data-elementor-post-type=\"page\">\n\t\t\t\t\t\t<section class=\"elementor-section elementor-top-section elementor-element elementor-element-be108fd elementor-section-boxed elementor-section-height-default elementor-section-height-default\" data-id=\"be108fd\" data-element_type=\"section\" data-e-type=\"section\">\n\t\t\t\t\t\t<div class=\"elementor-container elementor-column-gap-default\">\n\t\t\t\t\t<div class=\"elementor-column elementor-col-33 elementor-top-column elementor-element elementor-element-e4b05e2\" data-id=\"e4b05e2\" data-element_type=\"column\" data-e-type=\"column\">\n\t\t\t<div class=\"elementor-widget-wrap elementor-element-populated\">\n\t\t\t\t\t\t<div class=\"elementor-element elementor-element-2d6114b elementor-widget elementor-widget-image\" data-id=\"2d6114b\" data-element_type=\"widget\" data-e-type=\"widget\" data-widget_type=\"image.default\">\n\t\t\t\t<div class=\"elementor-widget-container\">\n\t\t\t\t\t\t\t\t\t\t\t\t\t\t\t<img fetchpriority=\"high\" decoding=\"async\" width=\"525\" height=\"525\" src=\"https:\/\/natoura.si\/wp-content\/uploads\/2020\/04\/Loza.gif\" class=\"attachment-large size-large wp-image-2227\" alt=\"\" \/>\t\t\t\t\t\t\t\t\t\t\t\t\t\t\t<\/div>\n\t\t\t\t<\/div>\n\t\t\t\t\t<\/div>\n\t\t<\/div>\n\t\t\t\t<div class=\"elementor-column elementor-col-66 elementor-top-column elementor-element elementor-element-0dc05be\" data-id=\"0dc05be\" data-element_type=\"column\" data-e-type=\"column\">\n\t\t\t<div class=\"elementor-widget-wrap elementor-element-populated\">\n\t\t\t\t\t\t<div class=\"elementor-element elementor-element-11e1f2c elementor-widget elementor-widget-text-editor\" data-id=\"11e1f2c\" data-element_type=\"widget\" data-e-type=\"widget\" data-widget_type=\"text-editor.default\">\n\t\t\t\t<div class=\"elementor-widget-container\">\n\t\t\t\t\t\t\t\t\t<p><span style=\"color: #9dbc55; font-size: 12pt;\">1. dan: 26. september 2020<\/span><b><br \/><\/b><\/p><p><span style=\"font-family: Poppins; color: #ffffff;\">Odhod iz Ljubljane z vlakom do Zagreba. Tam prestop na vlak Zagreb &#8211; Split, no\u010dna vo\u017enja s spalnikom.<\/span><\/p>\t\t\t\t\t\t\t\t<\/div>\n\t\t\t\t<\/div>\n\t\t\t\t\t<\/div>\n\t\t<\/div>\n\t\t\t\t\t<\/div>\n\t\t<\/section>\n\t\t\t\t<section class=\"elementor-section elementor-top-section elementor-element elementor-element-06a0d6a elementor-section-boxed elementor-section-height-default elementor-section-height-default\" data-id=\"06a0d6a\" data-element_type=\"section\" data-e-type=\"section\">\n\t\t\t\t\t\t<div class=\"elementor-container elementor-column-gap-default\">\n\t\t\t\t\t<div class=\"elementor-column elementor-col-66 elementor-top-column elementor-element elementor-element-f3c647e\" data-id=\"f3c647e\" data-element_type=\"column\" data-e-type=\"column\">\n\t\t\t<div class=\"elementor-widget-wrap elementor-element-populated\">\n\t\t\t\t\t\t<div class=\"elementor-element elementor-element-9e06d72 elementor-widget elementor-widget-text-editor\" data-id=\"9e06d72\" data-element_type=\"widget\" data-e-type=\"widget\" data-widget_type=\"text-editor.default\">\n\t\t\t\t<div class=\"elementor-widget-container\">\n\t\t\t\t\t\t\t\t\t<p><span style=\"color: #9dbc55;\"><span style=\"font-size: 12pt;\">2. dan: 27. september 2020<\/span> (V)<\/span><b><br \/><\/b><\/p><p><span style=\"color: #ffffff;\">Zjutraj prihod z vlakom v Split. \u010cas za zajtrk in jutranjo kavo, nato vkrcanje na ladjo na relaciji Split &#8211; Vis. Po 2,5 h vo\u017enje z ladjo bomo pristali naVisu, kjer se bomo z redno avtobusno linijo odpeljali do mesta Komi\u017ea na JZ delu otoka. Tam bo najprej namestitev v apartmaje, nato pa ogled Informacijskega centra Geopark Vi\u0161ki arhipelag s predstavitvijo parka in razlogi za uvrstitev v UNESCO-vo globalno mre\u017eo geoparkov. Ve\u010derja v bli\u017enji restavraciji in prost ve\u010der.<\/span><\/p>\t\t\t\t\t\t\t\t<\/div>\n\t\t\t\t<\/div>\n\t\t\t\t\t<\/div>\n\t\t<\/div>\n\t\t\t\t<div class=\"elementor-column elementor-col-33 elementor-top-column elementor-element elementor-element-54fea0c\" data-id=\"54fea0c\" data-element_type=\"column\" data-e-type=\"column\">\n\t\t\t<div class=\"elementor-widget-wrap elementor-element-populated\">\n\t\t\t\t\t\t<div class=\"elementor-element elementor-element-5c25f55 elementor-widget elementor-widget-image\" data-id=\"5c25f55\" data-element_type=\"widget\" data-e-type=\"widget\" data-widget_type=\"image.default\">\n\t\t\t\t<div class=\"elementor-widget-container\">\n\t\t\t\t\t\t\t\t\t\t\t\t\t\t\t<img decoding=\"async\" width=\"525\" height=\"493\" src=\"https:\/\/natoura.si\/wp-content\/uploads\/2020\/04\/Ribarska-ulica.gif\" class=\"attachment-large size-large wp-image-2228\" alt=\"\" \/>\t\t\t\t\t\t\t\t\t\t\t\t\t\t\t<\/div>\n\t\t\t\t<\/div>\n\t\t\t\t\t<\/div>\n\t\t<\/div>\n\t\t\t\t\t<\/div>\n\t\t<\/section>\n\t\t\t\t<section class=\"elementor-section elementor-top-section elementor-element elementor-element-b8b09b7 elementor-section-boxed elementor-section-height-default elementor-section-height-default\" data-id=\"b8b09b7\" data-element_type=\"section\" data-e-type=\"section\">\n\t\t\t\t\t\t<div class=\"elementor-container elementor-column-gap-default\">\n\t\t\t\t\t<div class=\"elementor-column elementor-col-33 elementor-top-column elementor-element elementor-element-0044fd2\" data-id=\"0044fd2\" data-element_type=\"column\" data-e-type=\"column\">\n\t\t\t<div class=\"elementor-widget-wrap elementor-element-populated\">\n\t\t\t\t\t\t<div class=\"elementor-element elementor-element-1ecca60 elementor-widget elementor-widget-image\" data-id=\"1ecca60\" data-element_type=\"widget\" data-e-type=\"widget\" data-widget_type=\"image.default\">\n\t\t\t\t<div class=\"elementor-widget-container\">\n\t\t\t\t\t\t\t\t\t\t\t\t\t\t\t<img decoding=\"async\" src=\"https:\/\/natoura.si\/wp-content\/uploads\/2020\/04\/Geostaza-Komiza.gif\" title=\"Geostaza Komiza\" alt=\"Geostaza Komiza\" loading=\"lazy\" \/>\t\t\t\t\t\t\t\t\t\t\t\t\t\t\t<\/div>\n\t\t\t\t<\/div>\n\t\t\t\t\t<\/div>\n\t\t<\/div>\n\t\t\t\t<div class=\"elementor-column elementor-col-66 elementor-top-column elementor-element elementor-element-8b3d99f\" data-id=\"8b3d99f\" data-element_type=\"column\" data-e-type=\"column\">\n\t\t\t<div class=\"elementor-widget-wrap elementor-element-populated\">\n\t\t\t\t\t\t<div class=\"elementor-element elementor-element-8c049e0 elementor-widget elementor-widget-text-editor\" data-id=\"8c049e0\" data-element_type=\"widget\" data-e-type=\"widget\" data-widget_type=\"text-editor.default\">\n\t\t\t\t<div class=\"elementor-widget-container\">\n\t\t\t\t\t\t\t\t\t<p><span style=\"font-size: 12pt; color: #9dbc55;\">3. dan: 28. september 2020 (V)<\/span><\/p><p><span style=\"color: #ffffff;\">Dan bo namenjen raziskovanju Komi\u017ee: seznanili se bomo z nekdanjim vulkanom, spoznali, kaj je solni diapir, zakaj je v tem zalivu toliko izvirov pitne vode, kaj so konglomerati in kaj apnenci, kako so se doma\u010dini borili proti gusarjem, zakaj je pape\u017e v 11. stoletju obiskal to mestece in po \u010dem so sloveli komi\u0161ki ribi\u010di \u017ee pred nekaj stoletji.<\/span><\/p>\t\t\t\t\t\t\t\t<\/div>\n\t\t\t\t<\/div>\n\t\t\t\t\t<\/div>\n\t\t<\/div>\n\t\t\t\t\t<\/div>\n\t\t<\/section>\n\t\t\t\t<section class=\"elementor-section elementor-top-section elementor-element elementor-element-5245807 elementor-section-boxed elementor-section-height-default elementor-section-height-default\" data-id=\"5245807\" data-element_type=\"section\" data-e-type=\"section\">\n\t\t\t\t\t\t<div class=\"elementor-container elementor-column-gap-default\">\n\t\t\t\t\t<div class=\"elementor-column elementor-col-66 elementor-top-column elementor-element elementor-element-7e08ab4\" data-id=\"7e08ab4\" data-element_type=\"column\" data-e-type=\"column\">\n\t\t\t<div class=\"elementor-widget-wrap elementor-element-populated\">\n\t\t\t\t\t\t<div class=\"elementor-element elementor-element-66c3f7b elementor-widget elementor-widget-text-editor\" data-id=\"66c3f7b\" data-element_type=\"widget\" data-e-type=\"widget\" data-widget_type=\"text-editor.default\">\n\t\t\t\t<div class=\"elementor-widget-container\">\n\t\t\t\t\t\t\t\t\t<p><span style=\"font-size: 12pt; color: #9dbc55;\">4. dan: 29. september 2020 (V)<br \/><\/span><\/p><p><span style=\"color: #ffffff; font-family: Poppins;\">Dan bo namenjen spoznavanju otoka Bi\u0161evo, kamor se bomo po zajtrku z ladjico odpeljali iz Komi\u017ee. Ogledali si bomo naravni spomenik Modra \u0161pilja in se seznanili z razli\u010dnimi apnenci in na\u010dinom njihovega nastanka. Posebno pozornost bomo namenili velikemu ekolo\u0161kemu pomenu morske cvetnice pozidonije, izvedeli, v kak\u0161ni povezavi so nekdanje stepe in pe\u0161\u010dene pla\u017ee ter spoznavali tradicionalni na\u010din \u017eivljenja in kulturno zapu\u0161\u010dino otoka. Vmes bo seveda \u010das tudi za kosilo in kopanje. Proti ve\u010deru povratek do Komi\u017ee, ve\u010derja in prosto.<\/span><\/p>\t\t\t\t\t\t\t\t<\/div>\n\t\t\t\t<\/div>\n\t\t\t\t\t<\/div>\n\t\t<\/div>\n\t\t\t\t<div class=\"elementor-column elementor-col-33 elementor-top-column elementor-element elementor-element-ecdf113\" data-id=\"ecdf113\" data-element_type=\"column\" data-e-type=\"column\">\n\t\t\t<div class=\"elementor-widget-wrap elementor-element-populated\">\n\t\t\t\t\t\t<div class=\"elementor-element elementor-element-0fec247 elementor-widget elementor-widget-image\" data-id=\"0fec247\" data-element_type=\"widget\" data-e-type=\"widget\" data-widget_type=\"image.default\">\n\t\t\t\t<div class=\"elementor-widget-container\">\n\t\t\t\t\t\t\t\t\t\t\t\t\t\t\t<img decoding=\"async\" width=\"525\" height=\"473\" src=\"https:\/\/natoura.si\/wp-content\/uploads\/2020\/04\/Modra-spilja.gif\" class=\"attachment-large size-large wp-image-2230\" alt=\"\" \/>\t\t\t\t\t\t\t\t\t\t\t\t\t\t\t<\/div>\n\t\t\t\t<\/div>\n\t\t\t\t\t<\/div>\n\t\t<\/div>\n\t\t\t\t\t<\/div>\n\t\t<\/section>\n\t\t\t\t<section class=\"elementor-section elementor-top-section elementor-element elementor-element-57973aa elementor-section-boxed elementor-section-height-default elementor-section-height-default\" data-id=\"57973aa\" data-element_type=\"section\" data-e-type=\"section\">\n\t\t\t\t\t\t<div class=\"elementor-container elementor-column-gap-default\">\n\t\t\t\t\t<div class=\"elementor-column elementor-col-33 elementor-top-column elementor-element elementor-element-cfcb6ed\" data-id=\"cfcb6ed\" data-element_type=\"column\" data-e-type=\"column\">\n\t\t\t<div class=\"elementor-widget-wrap elementor-element-populated\">\n\t\t\t\t\t\t<div class=\"elementor-element elementor-element-65b3fc2 elementor-widget elementor-widget-image\" data-id=\"65b3fc2\" data-element_type=\"widget\" data-e-type=\"widget\" data-widget_type=\"image.default\">\n\t\t\t\t<div class=\"elementor-widget-container\">\n\t\t\t\t\t\t\t\t\t\t\t\t\t\t\t<img loading=\"lazy\" decoding=\"async\" width=\"525\" height=\"504\" src=\"https:\/\/natoura.si\/wp-content\/uploads\/2020\/04\/Geostaza-Vis-Rukavac.gif\" class=\"attachment-large size-large wp-image-2231\" alt=\"\" \/>\t\t\t\t\t\t\t\t\t\t\t\t\t\t\t<\/div>\n\t\t\t\t<\/div>\n\t\t\t\t\t<\/div>\n\t\t<\/div>\n\t\t\t\t<div class=\"elementor-column elementor-col-66 elementor-top-column elementor-element elementor-element-c6a68c2\" data-id=\"c6a68c2\" data-element_type=\"column\" data-e-type=\"column\">\n\t\t\t<div class=\"elementor-widget-wrap elementor-element-populated\">\n\t\t\t\t\t\t<div class=\"elementor-element elementor-element-90efd54 elementor-widget elementor-widget-text-editor\" data-id=\"90efd54\" data-element_type=\"widget\" data-e-type=\"widget\" data-widget_type=\"text-editor.default\">\n\t\t\t\t<div class=\"elementor-widget-container\">\n\t\t\t\t\t\t\t\t\t<p><span style=\"color: #9dbc55; font-size: 12pt;\">5. dan: 30. september 2020 (V)<br \/><\/span><\/p><p><span style=\"font-family: Poppins; color: #ffffff;\">Po zajtrku se bomo odpravili na raziskovanje otoka s \u0161tirikolesniki. Ogledali si bomo mesto Vis in njegov zaliv, spoznali bomo razloge za nastanek rodovitnih pe\u0161\u010denih polj v notranjosti otoka in pe\u0161\u010denih pla\u017e na njegovem jugovzhodnem delu. Pot nas bo vodila do \u010dudovitih razgledi\u0161\u010d in skritih zalivov, kjer se bomo seznanili s tektoniko obmo\u010dja in odkrivali fosile, si ogledali zna\u010dilne suhozide in vinograde, vmes pa poiskali \u0161e primeren zaliv za ohladitev v morju. Ob prihodu v Komi\u017eo ve\u010derja in preno\u010devanje.<\/span><\/p>\t\t\t\t\t\t\t\t<\/div>\n\t\t\t\t<\/div>\n\t\t\t\t\t<\/div>\n\t\t<\/div>\n\t\t\t\t\t<\/div>\n\t\t<\/section>\n\t\t\t\t<section class=\"elementor-section elementor-top-section elementor-element elementor-element-24b98d6 elementor-section-boxed elementor-section-height-default elementor-section-height-default\" data-id=\"24b98d6\" data-element_type=\"section\" data-e-type=\"section\">\n\t\t\t\t\t\t<div class=\"elementor-container elementor-column-gap-default\">\n\t\t\t\t\t<div class=\"elementor-column elementor-col-66 elementor-top-column elementor-element elementor-element-d121f02\" data-id=\"d121f02\" data-element_type=\"column\" data-e-type=\"column\">\n\t\t\t<div class=\"elementor-widget-wrap elementor-element-populated\">\n\t\t\t\t\t\t<div class=\"elementor-element elementor-element-a3cd0aa elementor-widget elementor-widget-text-editor\" data-id=\"a3cd0aa\" data-element_type=\"widget\" data-e-type=\"widget\" data-widget_type=\"text-editor.default\">\n\t\t\t\t<div class=\"elementor-widget-container\">\n\t\t\t\t\t\t\t\t\t<p><span style=\"color: #9dbc55; font-size: 12pt;\">6. dan: 1. oktober 2020 (K, V)<br \/><\/span><\/p><p><span style=\"font-family: Poppins; color: #ffffff;\">Dan, namenjen raziskovanju oto\u010dka Brusnik, na katerem bomo spoznavali vulkanske kamnine in njihov nastanek, se seznanili z endemiti, ki \u017eivijo le na tem majhnem oto\u010dku in izvedeli, zakaj ta otok \u0161e vedno &#8220;raste&#8221;. \u010cas bo tudi za kopanje. <\/span><span style=\"color: #ffffff;\"><br \/><\/span><\/p>\t\t\t\t\t\t\t\t<\/div>\n\t\t\t\t<\/div>\n\t\t\t\t\t<\/div>\n\t\t<\/div>\n\t\t\t\t<div class=\"elementor-column elementor-col-33 elementor-top-column elementor-element elementor-element-5dbd2c1\" data-id=\"5dbd2c1\" data-element_type=\"column\" data-e-type=\"column\">\n\t\t\t<div class=\"elementor-widget-wrap elementor-element-populated\">\n\t\t\t\t\t\t<div class=\"elementor-element elementor-element-84c4fe7 elementor-widget elementor-widget-image\" data-id=\"84c4fe7\" data-element_type=\"widget\" data-e-type=\"widget\" data-widget_type=\"image.default\">\n\t\t\t\t<div class=\"elementor-widget-container\">\n\t\t\t\t\t\t\t\t\t\t\t\t\t\t\t<img loading=\"lazy\" decoding=\"async\" width=\"525\" height=\"551\" src=\"https:\/\/natoura.si\/wp-content\/uploads\/2020\/04\/Brusnik2.gif\" class=\"attachment-large size-large wp-image-2232\" alt=\"\" \/>\t\t\t\t\t\t\t\t\t\t\t\t\t\t\t<\/div>\n\t\t\t\t<\/div>\n\t\t\t\t\t<\/div>\n\t\t<\/div>\n\t\t\t\t\t<\/div>\n\t\t<\/section>\n\t\t\t\t<section class=\"elementor-section elementor-top-section elementor-element elementor-element-b2b61f9 elementor-section-boxed elementor-section-height-default elementor-section-height-default\" data-id=\"b2b61f9\" data-element_type=\"section\" data-e-type=\"section\">\n\t\t\t\t\t\t<div class=\"elementor-container elementor-column-gap-default\">\n\t\t\t\t\t<div class=\"elementor-column elementor-col-33 elementor-top-column elementor-element elementor-element-b934da3\" data-id=\"b934da3\" data-element_type=\"column\" data-e-type=\"column\">\n\t\t\t<div class=\"elementor-widget-wrap elementor-element-populated\">\n\t\t\t\t\t\t<div class=\"elementor-element elementor-element-9ed71a7 elementor-widget elementor-widget-image\" data-id=\"9ed71a7\" data-element_type=\"widget\" data-e-type=\"widget\" data-widget_type=\"image.default\">\n\t\t\t\t<div class=\"elementor-widget-container\">\n\t\t\t\t\t\t\t\t\t\t\t\t\t\t\t<img loading=\"lazy\" decoding=\"async\" width=\"525\" height=\"524\" src=\"https:\/\/natoura.si\/wp-content\/uploads\/2020\/04\/Suhozidi.gif\" class=\"attachment-large size-large wp-image-2233\" alt=\"\" \/>\t\t\t\t\t\t\t\t\t\t\t\t\t\t\t<\/div>\n\t\t\t\t<\/div>\n\t\t\t\t\t<\/div>\n\t\t<\/div>\n\t\t\t\t<div class=\"elementor-column elementor-col-66 elementor-top-column elementor-element elementor-element-94be9d1\" data-id=\"94be9d1\" data-element_type=\"column\" data-e-type=\"column\">\n\t\t\t<div class=\"elementor-widget-wrap elementor-element-populated\">\n\t\t\t\t\t\t<div class=\"elementor-element elementor-element-92cefd4 elementor-widget elementor-widget-text-editor\" data-id=\"92cefd4\" data-element_type=\"widget\" data-e-type=\"widget\" data-widget_type=\"text-editor.default\">\n\t\t\t\t<div class=\"elementor-widget-container\">\n\t\t\t\t\t\t\t\t\t<p><span style=\"color: #9dbc55; font-size: 12pt;\">7. dan: 2. oktober 2020<\/span><\/p><p><span style=\"font-family: Poppins; color: #ffffff;\">Zadnji dan na Visu bo namenjen pohodni\u0161tvu. Povzpeli se bomo do znane Titove \u0161pilje in se spomnili vloge otoka Visa med II. svetovno vojno, od tam pa do najvi\u0161jega vrha Hum (587 m), od koder se bomo lahko naslajali nad \u010dudoviti razgledi. Sledil bo spust med terasami s suhozidi do Komi\u017ee. Za udele\u017eence, ki se ne bi udele\u017eili pohoda, bo to prost dan za lenarjenje ali prosto pohajanje po otoku.<br \/><\/span><\/p>\t\t\t\t\t\t\t\t<\/div>\n\t\t\t\t<\/div>\n\t\t\t\t\t<\/div>\n\t\t<\/div>\n\t\t\t\t\t<\/div>\n\t\t<\/section>\n\t\t\t\t<section class=\"elementor-section elementor-top-section elementor-element elementor-element-f58ffae elementor-section-boxed elementor-section-height-default elementor-section-height-default\" data-id=\"f58ffae\" data-element_type=\"section\" data-e-type=\"section\">\n\t\t\t\t\t\t<div class=\"elementor-container elementor-column-gap-default\">\n\t\t\t\t\t<div class=\"elementor-column elementor-col-66 elementor-top-column elementor-element elementor-element-a2d70b8\" data-id=\"a2d70b8\" data-element_type=\"column\" data-e-type=\"column\">\n\t\t\t<div class=\"elementor-widget-wrap elementor-element-populated\">\n\t\t\t\t\t\t<div class=\"elementor-element elementor-element-40c159c elementor-widget elementor-widget-text-editor\" data-id=\"40c159c\" data-element_type=\"widget\" data-e-type=\"widget\" data-widget_type=\"text-editor.default\">\n\t\t\t\t<div class=\"elementor-widget-container\">\n\t\t\t\t\t\t\t\t\t<p><span style=\"font-size: 12pt; color: #9dbc55;\">8. dan: 3. oktober 2020<\/span><\/p><p><span style=\"font-family: Poppins; color: #ffffff;\">Zgodaj zjutraj vo\u017enja do Visa, od tam z ladjo do Splita, od koder se bomo z vlakom odpeljali do Zagreba in nato prestopili na vlak za Ljubljano. Prihod v ve\u010dernih urah.<\/span><span style=\"color: #ffffff;\"><br \/><\/span><\/p>\t\t\t\t\t\t\t\t<\/div>\n\t\t\t\t<\/div>\n\t\t\t\t\t<\/div>\n\t\t<\/div>\n\t\t\t\t<div class=\"elementor-column elementor-col-33 elementor-top-column elementor-element elementor-element-f8776a4\" data-id=\"f8776a4\" data-element_type=\"column\" data-e-type=\"column\">\n\t\t\t<div class=\"elementor-widget-wrap elementor-element-populated\">\n\t\t\t\t\t\t<div class=\"elementor-element elementor-element-9fd5da7 elementor-widget elementor-widget-image\" data-id=\"9fd5da7\" data-element_type=\"widget\" data-e-type=\"widget\" data-widget_type=\"image.default\">\n\t\t\t\t<div class=\"elementor-widget-container\">\n\t\t\t\t\t\t\t\t\t\t\t\t\t\t\t<img loading=\"lazy\" decoding=\"async\" width=\"525\" height=\"543\" src=\"https:\/\/natoura.si\/wp-content\/uploads\/2020\/04\/Zahod.gif\" class=\"attachment-large size-large wp-image-2234\" alt=\"\" \/>\t\t\t\t\t\t\t\t\t\t\t\t\t\t\t<\/div>\n\t\t\t\t<\/div>\n\t\t\t\t\t<\/div>\n\t\t<\/div>\n\t\t\t\t\t<\/div>\n\t\t<\/section>\n\t\t\t\t<section class=\"elementor-section elementor-top-section elementor-element elementor-element-b82a39f elementor-section-boxed elementor-section-height-default elementor-section-height-default\" data-id=\"b82a39f\" data-element_type=\"section\" data-e-type=\"section\">\n\t\t\t\t\t\t<div class=\"elementor-container elementor-column-gap-default\">\n\t\t\t\t\t<div class=\"elementor-column elementor-col-100 elementor-top-column elementor-element elementor-element-a036de3\" data-id=\"a036de3\" data-element_type=\"column\" data-e-type=\"column\">\n\t\t\t<div class=\"elementor-widget-wrap elementor-element-populated\">\n\t\t\t\t\t\t<div class=\"elementor-element elementor-element-ec3f929 elementor-widget elementor-widget-text-editor\" data-id=\"ec3f929\" data-element_type=\"widget\" data-e-type=\"widget\" data-widget_type=\"text-editor.default\">\n\t\t\t\t<div class=\"elementor-widget-container\">\n\t\t\t\t\t\t\t\t\t<p><span style=\"color: #9dbc55;\">Vodstvo:<\/span><span style=\"color: #ffffff;\"> Janja Benedik in lokalni vodniki.<\/span><\/p>\t\t\t\t\t\t\t\t<\/div>\n\t\t\t\t<\/div>\n\t\t\t\t\t<\/div>\n\t\t<\/div>\n\t\t\t\t\t<\/div>\n\t\t<\/section>\n\t\t\t\t<section class=\"elementor-section elementor-top-section elementor-element elementor-element-5ffab85 elementor-section-boxed elementor-section-height-default elementor-section-height-default\" data-id=\"5ffab85\" data-element_type=\"section\" data-e-type=\"section\">\n\t\t\t\t\t\t<div class=\"elementor-container elementor-column-gap-default\">\n\t\t\t\t\t<div class=\"elementor-column elementor-col-100 elementor-top-column elementor-element elementor-element-7b795d5\" data-id=\"7b795d5\" data-element_type=\"column\" data-e-type=\"column\">\n\t\t\t<div class=\"elementor-widget-wrap elementor-element-populated\">\n\t\t\t\t\t\t<div class=\"elementor-element elementor-element-82f37b3 elementor-widget elementor-widget-spacer\" data-id=\"82f37b3\" data-element_type=\"widget\" data-e-type=\"widget\" data-widget_type=\"spacer.default\">\n\t\t\t\t<div class=\"elementor-widget-container\">\n\t\t\t\t\t\t\t<div class=\"elementor-spacer\">\n\t\t\t<div class=\"elementor-spacer-inner\"><\/div>\n\t\t<\/div>\n\t\t\t\t\t\t<\/div>\n\t\t\t\t<\/div>\n\t\t\t\t<div class=\"elementor-element elementor-element-e70fe8c elementor-widget elementor-widget-text-editor\" data-id=\"e70fe8c\" data-element_type=\"widget\" data-e-type=\"widget\" data-widget_type=\"text-editor.default\">\n\t\t\t\t<div class=\"elementor-widget-container\">\n\t\t\t\t\t\t\t\t\t<p class=\"translation-block\"><span style=\"color: #ffffff\"><a style=\"color: #ffffff\" href=\"https:\/\/natoura.si\/en\/splosni-pogoji-poslovanja\/\" target=\"_self\">The general terms and conditions are an integral part of the program. They are available on the website https:\/\/natoura.si.<\/span><\/p>\n<p><span style=\"font-family: Poppins; color: #ffffff;\" wfd-id=\"923\">Avtorica programa: \u00a9 Janja Benedik &amp; Geopark Vi\u0161ki arhipelag, 2020. \u00a9 foto: Geopark Vi\u0161ki arhipelag.<br><\/span><\/p>\n<p><span style=\"font-family: Poppins; color: #ffffff;\" wfd-id=\"922\">Organizator in izvajalec programa: \u00a9 naTOURa, Janja Benedik, s. p. v sodelovanju z Geopark Vi\u0161ki Arhipelag, 2020.<\/span><\/p>\n<p><span style=\"color: #ffffff;\" wfd-id=\"921\"><strong>&nbsp;<\/strong><\/span><\/p>\t\t\t\t\t\t\t\t<\/div>\n\t\t\t\t<\/div>\n\t\t\t\t\t<\/div>\n\t\t<\/div>\n\t\t\t\t\t<\/div>\n\t\t<\/section>\n\t\t\t\t<\/div>","protected":false},"excerpt":{"rendered":"<p>1. dan: 26. september 2020 Odhod iz Ljubljane z vlakom do Zagreba. Tam prestop na vlak Zagreb &#8211; Split, no\u010dna vo\u017enja s spalnikom. 2. dan:Tour Details<\/p>","protected":false},"author":1,"featured_media":2220,"parent":0,"menu_order":0,"comment_status":"closed","ping_status":"closed","template":"","meta":{"footnotes":""},"class_list":["post-2224","page","type-page","status-publish","has-post-thumbnail","hentry"],"_links":{"self":[{"href":"https:\/\/natoura.si\/en\/wp-json\/wp\/v2\/pages\/2224","targetHints":{"allow":["GET"]}}],"collection":[{"href":"https:\/\/natoura.si\/en\/wp-json\/wp\/v2\/pages"}],"about":[{"href":"https:\/\/natoura.si\/en\/wp-json\/wp\/v2\/types\/page"}],"author":[{"embeddable":true,"href":"https:\/\/natoura.si\/en\/wp-json\/wp\/v2\/users\/1"}],"replies":[{"embeddable":true,"href":"https:\/\/natoura.si\/en\/wp-json\/wp\/v2\/comments?post=2224"}],"version-history":[{"count":10,"href":"https:\/\/natoura.si\/en\/wp-json\/wp\/v2\/pages\/2224\/revisions"}],"predecessor-version":[{"id":2548,"href":"https:\/\/natoura.si\/en\/wp-json\/wp\/v2\/pages\/2224\/revisions\/2548"}],"wp:featuredmedia":[{"embeddable":true,"href":"https:\/\/natoura.si\/en\/wp-json\/wp\/v2\/media\/2220"}],"wp:attachment":[{"href":"https:\/\/natoura.si\/en\/wp-json\/wp\/v2\/media?parent=2224"}],"curies":[{"name":"wp","href":"https:\/\/api.w.org\/{rel}","templated":true}]}}