{"id":16392,"date":"2025-09-25T06:52:53","date_gmt":"2025-09-25T06:52:53","guid":{"rendered":"https:\/\/natoura.si\/?page_id=16392"},"modified":"2025-09-25T06:55:23","modified_gmt":"2025-09-25T06:55:23","slug":"destinacije-srbija","status":"publish","type":"page","link":"https:\/\/natoura.si\/en\/destinacije-srbija\/","title":{"rendered":"Destinacije: Srbija"},"content":{"rendered":"<div data-elementor-type=\"wp-page\" data-elementor-id=\"16392\" class=\"elementor elementor-16392\" data-elementor-post-type=\"page\">\n\t\t\t\t\t\t<section class=\"elementor-section elementor-top-section elementor-element elementor-element-5c00465 elementor-section-boxed elementor-section-height-default elementor-section-height-default\" data-id=\"5c00465\" data-element_type=\"section\" data-e-type=\"section\">\n\t\t\t\t\t\t<div class=\"elementor-container elementor-column-gap-default\">\n\t\t\t\t\t<div class=\"elementor-column elementor-col-33 elementor-top-column elementor-element elementor-element-8f62773\" data-id=\"8f62773\" data-element_type=\"column\" data-e-type=\"column\">\n\t\t\t<div class=\"elementor-widget-wrap elementor-element-populated\">\n\t\t\t\t\t\t<div class=\"elementor-element elementor-element-c62bf11 elementor-cta--skin-classic elementor-animated-content elementor-bg-transform elementor-bg-transform-zoom-in elementor-widget elementor-widget-call-to-action\" data-id=\"c62bf11\" data-element_type=\"widget\" data-e-type=\"widget\" data-widget_type=\"call-to-action.default\">\n\t\t\t\t<div class=\"elementor-widget-container\">\n\t\t\t\t\t\t\t<div class=\"elementor-cta\">\n\t\t\t\t\t<div class=\"elementor-cta__bg-wrapper\">\n\t\t\t\t<div class=\"elementor-cta__bg elementor-bg\" style=\"background-image: url(https:\/\/natoura.si\/wp-content\/uploads\/2025\/08\/Novo-leto-2026-naslovna-1024x468.gif);\" role=\"img\" aria-label=\"Novo leto 2026 naslovna\"><\/div>\n\t\t\t\t<div class=\"elementor-cta__bg-overlay\"><\/div>\n\t\t\t<\/div>\n\t\t\t\t\t\t\t<div class=\"elementor-cta__content\">\n\t\t\t\t\n\t\t\t\t\t\t\t\t\t<h2 class=\"elementor-cta__title elementor-cta__content-item elementor-content-item\">\n\t\t\t\t\t\tNew Year's Serbia\t\t\t\t\t<\/h2>\n\t\t\t\t\n\t\t\t\t\t\t\t\t\t<div class=\"elementor-cta__description elementor-cta__content-item elementor-content-item\">\n\t\t\t\t\t\tLetos se v pri\u010dakovanju novega leta ponovno odpravljamo v Srbijo, kjer se bomo spet prepu\u0161\u010dali najrazli\u010dnej\u0161im okusom pestre ponudbe jedi in pija\u010d, ob tem pa spoznavali \u0161e pomembne osebnosti iz srbske zgodovine, malo etnologije, zavarovana obmo\u010dja narave in pogled na mesto  Beograd z malo druga\u010dnega zornega kota. Vsega po malem za vse, predvsem pa odkrivanje manj znanih krajev s pristnim humorjem lokalnega vodnika in Silvestrovanje ob odli\u010dni doma\u010di hrani in zabavi.\t\t\t\t\t<\/div>\n\t\t\t\t\n\t\t\t\t\t\t\t\t\t<div class=\"elementor-cta__button-wrapper elementor-cta__content-item elementor-content-item\">\n\t\t\t\t\t<a class=\"elementor-cta__button elementor-button elementor-size-\" href=\"https:\/\/natoura.si\/en\/novoletna-srbija-2026\/\">\n\t\t\t\t\t\tVE\u010c ...\t\t\t\t\t<\/a>\n\t\t\t\t\t<\/div>\n\t\t\t\t\t\t\t<\/div>\n\t\t\t\t\t\t<\/div>\n\t\t\t\t\t\t<\/div>\n\t\t\t\t<\/div>\n\t\t\t\t\t<\/div>\n\t\t<\/div>\n\t\t\t\t<div class=\"elementor-column elementor-col-33 elementor-top-column elementor-element elementor-element-ff45d1c\" data-id=\"ff45d1c\" data-element_type=\"column\" data-e-type=\"column\">\n\t\t\t<div class=\"elementor-widget-wrap\">\n\t\t\t\t\t\t\t<\/div>\n\t\t<\/div>\n\t\t\t\t<div class=\"elementor-column elementor-col-33 elementor-top-column elementor-element elementor-element-05b1686\" data-id=\"05b1686\" data-element_type=\"column\" data-e-type=\"column\">\n\t\t\t<div class=\"elementor-widget-wrap\">\n\t\t\t\t\t\t\t<\/div>\n\t\t<\/div>\n\t\t\t\t\t<\/div>\n\t\t<\/section>\n\t\t\t\t<\/div>","protected":false},"excerpt":{"rendered":"<p>Novoletna Srbija Letos se v pri\u010dakovanju novega leta ponovno odpravljamo v Srbijo, kjer se bomo spet prepu\u0161\u010dali najrazli\u010dnej\u0161im okusom pestre ponudbe jedi in pija\u010d, obTour Details<\/p>","protected":false},"author":1,"featured_media":12419,"parent":0,"menu_order":0,"comment_status":"closed","ping_status":"closed","template":"","meta":{"footnotes":""},"class_list":["post-16392","page","type-page","status-publish","has-post-thumbnail","hentry"],"_links":{"self":[{"href":"https:\/\/natoura.si\/en\/wp-json\/wp\/v2\/pages\/16392","targetHints":{"allow":["GET"]}}],"collection":[{"href":"https:\/\/natoura.si\/en\/wp-json\/wp\/v2\/pages"}],"about":[{"href":"https:\/\/natoura.si\/en\/wp-json\/wp\/v2\/types\/page"}],"author":[{"embeddable":true,"href":"https:\/\/natoura.si\/en\/wp-json\/wp\/v2\/users\/1"}],"replies":[{"embeddable":true,"href":"https:\/\/natoura.si\/en\/wp-json\/wp\/v2\/comments?post=16392"}],"version-history":[{"count":4,"href":"https:\/\/natoura.si\/en\/wp-json\/wp\/v2\/pages\/16392\/revisions"}],"predecessor-version":[{"id":16396,"href":"https:\/\/natoura.si\/en\/wp-json\/wp\/v2\/pages\/16392\/revisions\/16396"}],"wp:featuredmedia":[{"embeddable":true,"href":"https:\/\/natoura.si\/en\/wp-json\/wp\/v2\/media\/12419"}],"wp:attachment":[{"href":"https:\/\/natoura.si\/en\/wp-json\/wp\/v2\/media?parent=16392"}],"curies":[{"name":"wp","href":"https:\/\/api.w.org\/{rel}","templated":true}]}}