{"id":15748,"date":"2025-08-18T20:36:30","date_gmt":"2025-08-18T20:36:30","guid":{"rendered":"https:\/\/natoura.si\/?page_id=15748"},"modified":"2025-08-19T10:27:27","modified_gmt":"2025-08-19T10:27:27","slug":"novoletna-srbija-program","status":"publish","type":"page","link":"https:\/\/natoura.si\/en\/novoletna-srbija-program\/","title":{"rendered":"Novoletna Srbija &#8211; program"},"content":{"rendered":"<div data-elementor-type=\"wp-page\" data-elementor-id=\"15748\" class=\"elementor elementor-15748\" data-elementor-post-type=\"page\">\n\t\t\t\t\t\t<section class=\"elementor-section elementor-top-section elementor-element elementor-element-3b78148 elementor-section-boxed elementor-section-height-default elementor-section-height-default\" data-id=\"3b78148\" data-element_type=\"section\" data-e-type=\"section\">\n\t\t\t\t\t\t<div class=\"elementor-container elementor-column-gap-default\">\n\t\t\t\t\t<div class=\"elementor-column elementor-col-33 elementor-top-column elementor-element elementor-element-03c21c9\" data-id=\"03c21c9\" data-element_type=\"column\" data-e-type=\"column\">\n\t\t\t<div class=\"elementor-widget-wrap elementor-element-populated\">\n\t\t\t\t\t\t<div class=\"elementor-element elementor-element-7408ada elementor-widget elementor-widget-image\" data-id=\"7408ada\" data-element_type=\"widget\" data-e-type=\"widget\" data-widget_type=\"image.default\">\n\t\t\t\t<div class=\"elementor-widget-container\">\n\t\t\t\t\t\t\t\t\t\t\t\t\t\t\t<img fetchpriority=\"high\" decoding=\"async\" width=\"525\" height=\"525\" src=\"https:\/\/natoura.si\/wp-content\/uploads\/2025\/08\/Vinarija-Verkat.gif\" class=\"attachment-large size-large wp-image-15751\" alt=\"\" \/>\t\t\t\t\t\t\t\t\t\t\t\t\t\t\t<\/div>\n\t\t\t\t<\/div>\n\t\t\t\t\t<\/div>\n\t\t<\/div>\n\t\t\t\t<div class=\"elementor-column elementor-col-66 elementor-top-column elementor-element elementor-element-8ab13c5\" data-id=\"8ab13c5\" data-element_type=\"column\" data-e-type=\"column\">\n\t\t\t<div class=\"elementor-widget-wrap elementor-element-populated\">\n\t\t\t\t\t\t<div class=\"elementor-element elementor-element-e23ee78 elementor-widget elementor-widget-text-editor\" data-id=\"e23ee78\" data-element_type=\"widget\" data-e-type=\"widget\" data-widget_type=\"text-editor.default\">\n\t\t\t\t<div class=\"elementor-widget-container\">\n\t\t\t\t\t\t\t\t\t<p><span style=\"font-family: Poppins;\"><span style=\"color: #9dbc55; font-size: 16px;\">Day 1: December 29, 2025<\/span><\/span><\/p><p><span style=\"color: #ffffff;\">Departure from Slovenia via Slavonia to the northern slopes of Fru\u0161ka Gora, where we will stop at the <strong>Verkat estate<\/strong>Afterwards, we will take a short drive to <strong>Zmajevega muzeja<\/strong>, ki je posve\u010den \u017eivljenju in delu srbskemu zdravniku, prevajalcu in pesniku. Kratka vo\u017enja do <strong>Sremski Karlovci,<\/strong>, kjer bo ve\u010derja in preno\u010devanje.\u00a0<\/span><\/p>\t\t\t\t\t\t\t\t<\/div>\n\t\t\t\t<\/div>\n\t\t\t\t\t<\/div>\n\t\t<\/div>\n\t\t\t\t\t<\/div>\n\t\t<\/section>\n\t\t\t\t<section class=\"elementor-section elementor-top-section elementor-element elementor-element-c1769e8 elementor-section-boxed elementor-section-height-default elementor-section-height-default\" data-id=\"c1769e8\" data-element_type=\"section\" data-e-type=\"section\">\n\t\t\t\t\t\t<div class=\"elementor-container elementor-column-gap-default\">\n\t\t\t\t\t<div class=\"elementor-column elementor-col-66 elementor-top-column elementor-element elementor-element-6707636\" data-id=\"6707636\" data-element_type=\"column\" data-e-type=\"column\">\n\t\t\t<div class=\"elementor-widget-wrap elementor-element-populated\">\n\t\t\t\t\t\t<div class=\"elementor-element elementor-element-e5c16b1 elementor-widget elementor-widget-text-editor\" data-id=\"e5c16b1\" data-element_type=\"widget\" data-e-type=\"widget\" data-widget_type=\"text-editor.default\">\n\t\t\t\t<div class=\"elementor-widget-container\">\n\t\t\t\t\t\t\t\t\t<p><span style=\"font-family: Poppins;\"><span style=\"color: #9db958; font-size: 16px;\">Day 2: December 30, 2025<\/span><\/span><\/p><p class=\"translation-block\">After breakfast, we will drive to the city on the opposite bank of the Danube and learn about the life and work of Mihajlo Pupin, a world-famous inventor who, through his fame and connections after World War I, made a decisive contribution to preserving some Slovenian territories during the new state demarcations. The route will then take us south, where we will cross the Danube again and visit the 15th-century fortress in Smederevo, which played an extremely important role in history due to its strategic location. We will stay in Smederevo for a while; after visiting the fortress, we will have lunch featuring typical fish dishes, and later visit the local Crow brewery to taste their beer.<\/p><p><span style=\"color: #ffffff;\">Pot nas bo nato vodila do vasi Barajevo, kjer bomo obiskali lokalnega lon\u010darja, ki izdeluje zna\u010dilno srbsko keramiko. V <strong>&#8220;Grn\u010dariji Min\u010di\u0107&#8221;<\/strong> si bomo ogledali izdelavo glinenih izdelkov, po \u017eelji se boste v tej spretnosti lahko preizkusili tudi sami. Dan bomo zaklju\u010dili v <strong>Hotelu Su\u010devi\u0107<\/strong>, kjer bomo najprej imeli degustacijo razli\u010dnih vrst \u017eganja, ob ve\u010derju pa bo poskrbljeno tudi za \u017eivo glasbo. Preno\u010devanje v Hotelu Su\u010devi\u0107.<\/span><\/p>\t\t\t\t\t\t\t\t<\/div>\n\t\t\t\t<\/div>\n\t\t\t\t\t<\/div>\n\t\t<\/div>\n\t\t\t\t<div class=\"elementor-column elementor-col-33 elementor-top-column elementor-element elementor-element-9139d37\" data-id=\"9139d37\" data-element_type=\"column\" data-e-type=\"column\">\n\t\t\t<div class=\"elementor-widget-wrap elementor-element-populated\">\n\t\t\t\t\t\t<div class=\"elementor-element elementor-element-cccb775 elementor-widget elementor-widget-image\" data-id=\"cccb775\" data-element_type=\"widget\" data-e-type=\"widget\" data-widget_type=\"image.default\">\n\t\t\t\t<div class=\"elementor-widget-container\">\n\t\t\t\t\t\t\t\t\t\t\t\t\t\t\t<img decoding=\"async\" width=\"525\" height=\"525\" src=\"https:\/\/natoura.si\/wp-content\/uploads\/2025\/08\/IMG_0314.gif\" class=\"attachment-large size-large wp-image-15752\" alt=\"\" \/>\t\t\t\t\t\t\t\t\t\t\t\t\t\t\t<\/div>\n\t\t\t\t<\/div>\n\t\t\t\t\t<\/div>\n\t\t<\/div>\n\t\t\t\t\t<\/div>\n\t\t<\/section>\n\t\t\t\t<section class=\"elementor-section elementor-top-section elementor-element elementor-element-7ed273d elementor-section-boxed elementor-section-height-default elementor-section-height-default\" data-id=\"7ed273d\" data-element_type=\"section\" data-e-type=\"section\">\n\t\t\t\t\t\t<div class=\"elementor-container elementor-column-gap-default\">\n\t\t\t\t\t<div class=\"elementor-column elementor-col-33 elementor-top-column elementor-element elementor-element-33e8c31\" data-id=\"33e8c31\" data-element_type=\"column\" data-e-type=\"column\">\n\t\t\t<div class=\"elementor-widget-wrap elementor-element-populated\">\n\t\t\t\t\t\t<div class=\"elementor-element elementor-element-fa5f890 elementor-widget elementor-widget-image\" data-id=\"fa5f890\" data-element_type=\"widget\" data-e-type=\"widget\" data-widget_type=\"image.default\">\n\t\t\t\t<div class=\"elementor-widget-container\">\n\t\t\t\t\t\t\t\t\t\t\t\t\t\t\t<img decoding=\"async\" width=\"525\" height=\"525\" src=\"https:\/\/natoura.si\/wp-content\/uploads\/2025\/08\/Zmaj-od-Nocaja4.gif\" class=\"attachment-large size-large wp-image-15753\" alt=\"\" \/>\t\t\t\t\t\t\t\t\t\t\t\t\t\t\t<\/div>\n\t\t\t\t<\/div>\n\t\t\t\t\t<\/div>\n\t\t<\/div>\n\t\t\t\t<div class=\"elementor-column elementor-col-66 elementor-top-column elementor-element elementor-element-a79aa82\" data-id=\"a79aa82\" data-element_type=\"column\" data-e-type=\"column\">\n\t\t\t<div class=\"elementor-widget-wrap elementor-element-populated\">\n\t\t\t\t\t\t<div class=\"elementor-element elementor-element-5ca644c elementor-widget elementor-widget-text-editor\" data-id=\"5ca644c\" data-element_type=\"widget\" data-e-type=\"widget\" data-widget_type=\"text-editor.default\">\n\t\t\t\t<div class=\"elementor-widget-container\">\n\t\t\t\t\t\t\t\t\t<p><span style=\"font-family: Poppins;\"><span style=\"color: #9db958; font-size: 16px;\">3. dan: 31. 12. 2025<\/span><\/span><\/p><p class=\"translation-block\">After breakfast, we will drive to Belgrade, where we will board a boat for a scenic ride along the Sava and Danube rivers, viewing Belgrade from a different perspective. Next, we will drive to the Zasavica Special Nature Reserve. There, we will have lunch and then set off on an electric vehicle tour of the estate, where old breeds of domestic animals are raised: the Balkan donkey, the Mangulica pig, the domestic mountain horse, and the Podolian cattle.<\/p><p class=\"translation-block\">After the tour, we will drive to the hotel in Sremska Mitrovica, where there will be some free time to rest and prepare for New Year's Eve, which we will spend at the Ethno household \"Dragon from No\u0107aj\". There, we will enjoy homemade food, and the evening will feature live music. In a pleasant setting, we will welcome the year 2026 in the company of our hosts, the \u010cupi\u0107 family, direct descendants of the Dragon from No\u0107aj, a legendary fighter in the First Serbian Uprising against the Turks in the 19th century.<\/p>\t\t\t\t\t\t\t\t<\/div>\n\t\t\t\t<\/div>\n\t\t\t\t\t<\/div>\n\t\t<\/div>\n\t\t\t\t\t<\/div>\n\t\t<\/section>\n\t\t\t\t<section class=\"elementor-section elementor-top-section elementor-element elementor-element-78b34f3 elementor-section-boxed elementor-section-height-default elementor-section-height-default\" data-id=\"78b34f3\" data-element_type=\"section\" data-e-type=\"section\">\n\t\t\t\t\t\t<div class=\"elementor-container elementor-column-gap-default\">\n\t\t\t\t\t<div class=\"elementor-column elementor-col-66 elementor-top-column elementor-element elementor-element-2991603\" data-id=\"2991603\" data-element_type=\"column\" data-e-type=\"column\">\n\t\t\t<div class=\"elementor-widget-wrap elementor-element-populated\">\n\t\t\t\t\t\t<div class=\"elementor-element elementor-element-44bcf2d elementor-widget elementor-widget-text-editor\" data-id=\"44bcf2d\" data-element_type=\"widget\" data-e-type=\"widget\" data-widget_type=\"text-editor.default\">\n\t\t\t\t<div class=\"elementor-widget-container\">\n\t\t\t\t\t\t\t\t\t<p><span style=\"font-family: Poppins;\"><span style=\"color: #9db958; font-size: 16px;\">4. dan: 1. 1. 2026<\/span><\/span><\/p><p><span style=\"color: #ffffff;\">After a late breakfast, we will drive from Sremska Mitrovica to Ljubljana, where we will arrive in the afternoon.<\/span><\/p>\t\t\t\t\t\t\t\t<\/div>\n\t\t\t\t<\/div>\n\t\t\t\t\t<\/div>\n\t\t<\/div>\n\t\t\t\t<div class=\"elementor-column elementor-col-33 elementor-top-column elementor-element elementor-element-3eb5519\" data-id=\"3eb5519\" data-element_type=\"column\" data-e-type=\"column\">\n\t\t\t<div class=\"elementor-widget-wrap elementor-element-populated\">\n\t\t\t\t\t\t<div class=\"elementor-element elementor-element-d0402c7 elementor-widget elementor-widget-image\" data-id=\"d0402c7\" data-element_type=\"widget\" data-e-type=\"widget\" data-widget_type=\"image.default\">\n\t\t\t\t<div class=\"elementor-widget-container\">\n\t\t\t\t\t\t\t\t\t\t\t\t\t\t\t<img loading=\"lazy\" decoding=\"async\" width=\"525\" height=\"525\" src=\"https:\/\/natoura.si\/wp-content\/uploads\/2025\/08\/zima.gif\" class=\"attachment-large size-large wp-image-15754\" alt=\"\" \/>\t\t\t\t\t\t\t\t\t\t\t\t\t\t\t<\/div>\n\t\t\t\t<\/div>\n\t\t\t\t\t<\/div>\n\t\t<\/div>\n\t\t\t\t\t<\/div>\n\t\t<\/section>\n\t\t\t\t<section class=\"elementor-section elementor-top-section elementor-element elementor-element-ce68f98 elementor-section-boxed elementor-section-height-default elementor-section-height-default\" data-id=\"ce68f98\" data-element_type=\"section\" data-e-type=\"section\">\n\t\t\t\t\t\t<div class=\"elementor-container elementor-column-gap-default\">\n\t\t\t\t\t<div class=\"elementor-column elementor-col-100 elementor-top-column elementor-element elementor-element-a06625b\" data-id=\"a06625b\" data-element_type=\"column\" data-e-type=\"column\">\n\t\t\t<div class=\"elementor-widget-wrap elementor-element-populated\">\n\t\t\t\t\t\t<div class=\"elementor-element elementor-element-9878e7e elementor-widget-divider--view-line elementor-widget elementor-widget-divider\" data-id=\"9878e7e\" data-element_type=\"widget\" data-e-type=\"widget\" data-widget_type=\"divider.default\">\n\t\t\t\t<div class=\"elementor-widget-container\">\n\t\t\t\t\t\t\t<div class=\"elementor-divider\">\n\t\t\t<span class=\"elementor-divider-separator\">\n\t\t\t\t\t\t<\/span>\n\t\t<\/div>\n\t\t\t\t\t\t<\/div>\n\t\t\t\t<\/div>\n\t\t\t\t\t<\/div>\n\t\t<\/div>\n\t\t\t\t\t<\/div>\n\t\t<\/section>\n\t\t\t\t<section class=\"elementor-section elementor-top-section elementor-element elementor-element-658ba09 elementor-section-boxed elementor-section-height-default elementor-section-height-default\" data-id=\"658ba09\" data-element_type=\"section\" data-e-type=\"section\">\n\t\t\t\t\t\t<div class=\"elementor-container elementor-column-gap-default\">\n\t\t\t\t\t<div class=\"elementor-column elementor-col-100 elementor-top-column elementor-element elementor-element-4498596\" data-id=\"4498596\" data-element_type=\"column\" data-e-type=\"column\">\n\t\t\t<div class=\"elementor-widget-wrap elementor-element-populated\">\n\t\t\t\t\t\t<div class=\"elementor-element elementor-element-2a2d8c9 elementor-widget elementor-widget-text-editor\" data-id=\"2a2d8c9\" data-element_type=\"widget\" data-e-type=\"widget\" data-widget_type=\"text-editor.default\">\n\t\t\t\t<div class=\"elementor-widget-container\">\n\t\t\t\t\t\t\t\t\t<p><span style=\"font-family: Poppins; font-size: 16px; color: #ffffff;\">Author of the programme: \u00a9 Janja Benedik, 2025.<\/span><\/p><p><span style=\"font-size: 16px; color: #ffffff;\">Guiding: Janja Benedik and Pavle Pavlovi\u0107.<\/span><\/p><p><span style=\"color: #ffffff; font-size: 16px;\"><span style=\"font-family: Poppins;\">Organiser and performer of the programme: \u00a9 naTOURa, Janja Benedik s. p., 2025\u201326.<\/span><span style=\"font-family: Poppins;\">26.<\/span><\/span><\/p>\t\t\t\t\t\t\t\t<\/div>\n\t\t\t\t<\/div>\n\t\t\t\t\t<\/div>\n\t\t<\/div>\n\t\t\t\t\t<\/div>\n\t\t<\/section>\n\t\t\t\t<\/div>","protected":false},"excerpt":{"rendered":"<p>1. dan: 29. 12. 2025 Odhod iz Slovenije preko Slavonije do severnih obronkov Fru\u0161ke gore, kjer se bomo ustavili na posesti Verkat, kjer bomo obTour Details<\/p>","protected":false},"author":1,"featured_media":15622,"parent":0,"menu_order":0,"comment_status":"closed","ping_status":"closed","template":"","meta":{"footnotes":""},"class_list":["post-15748","page","type-page","status-publish","has-post-thumbnail","hentry"],"_links":{"self":[{"href":"https:\/\/natoura.si\/en\/wp-json\/wp\/v2\/pages\/15748","targetHints":{"allow":["GET"]}}],"collection":[{"href":"https:\/\/natoura.si\/en\/wp-json\/wp\/v2\/pages"}],"about":[{"href":"https:\/\/natoura.si\/en\/wp-json\/wp\/v2\/types\/page"}],"author":[{"embeddable":true,"href":"https:\/\/natoura.si\/en\/wp-json\/wp\/v2\/users\/1"}],"replies":[{"embeddable":true,"href":"https:\/\/natoura.si\/en\/wp-json\/wp\/v2\/comments?post=15748"}],"version-history":[{"count":7,"href":"https:\/\/natoura.si\/en\/wp-json\/wp\/v2\/pages\/15748\/revisions"}],"predecessor-version":[{"id":15761,"href":"https:\/\/natoura.si\/en\/wp-json\/wp\/v2\/pages\/15748\/revisions\/15761"}],"wp:featuredmedia":[{"embeddable":true,"href":"https:\/\/natoura.si\/en\/wp-json\/wp\/v2\/media\/15622"}],"wp:attachment":[{"href":"https:\/\/natoura.si\/en\/wp-json\/wp\/v2\/media?parent=15748"}],"curies":[{"name":"wp","href":"https:\/\/api.w.org\/{rel}","templated":true}]}}