{"id":14965,"date":"2025-02-25T08:30:57","date_gmt":"2025-02-25T08:30:57","guid":{"rendered":"https:\/\/natoura.si\/?page_id=14965"},"modified":"2025-07-27T08:07:35","modified_gmt":"2025-07-27T08:07:35","slug":"lonjsko-polje-program","status":"publish","type":"page","link":"https:\/\/natoura.si\/en\/lonjsko-polje-program\/","title":{"rendered":"Lonjsko polje &#8211; program"},"content":{"rendered":"<div data-elementor-type=\"wp-page\" data-elementor-id=\"14965\" class=\"elementor elementor-14965\" data-elementor-post-type=\"page\">\n\t\t\t\t\t\t<section class=\"elementor-section elementor-top-section elementor-element elementor-element-3b78148 elementor-section-boxed elementor-section-height-default elementor-section-height-default\" data-id=\"3b78148\" data-element_type=\"section\" data-e-type=\"section\">\n\t\t\t\t\t\t<div class=\"elementor-container elementor-column-gap-default\">\n\t\t\t\t\t<div class=\"elementor-column elementor-col-33 elementor-top-column elementor-element elementor-element-03c21c9\" data-id=\"03c21c9\" data-element_type=\"column\" data-e-type=\"column\">\n\t\t\t<div class=\"elementor-widget-wrap elementor-element-populated\">\n\t\t\t\t\t\t<div class=\"elementor-element elementor-element-7408ada elementor-widget elementor-widget-image\" data-id=\"7408ada\" data-element_type=\"widget\" data-e-type=\"widget\" data-widget_type=\"image.default\">\n\t\t\t\t<div class=\"elementor-widget-container\">\n\t\t\t\t\t\t\t\t\t\t\t\t\t\t\t<img fetchpriority=\"high\" decoding=\"async\" width=\"800\" height=\"800\" src=\"https:\/\/natoura.si\/wp-content\/uploads\/2025\/02\/Cigic.webp\" class=\"attachment-large size-large wp-image-14969\" alt=\"\" srcset=\"https:\/\/natoura.si\/wp-content\/uploads\/2025\/02\/Cigic.webp 800w, https:\/\/natoura.si\/wp-content\/uploads\/2025\/02\/Cigic-300x300.webp 300w, https:\/\/natoura.si\/wp-content\/uploads\/2025\/02\/Cigic-150x150.webp 150w, https:\/\/natoura.si\/wp-content\/uploads\/2025\/02\/Cigic-768x768.webp 768w, https:\/\/natoura.si\/wp-content\/uploads\/2025\/02\/Cigic-12x12.webp 12w\" sizes=\"(max-width: 800px) 100vw, 800px\" \/>\t\t\t\t\t\t\t\t\t\t\t\t\t\t\t<\/div>\n\t\t\t\t<\/div>\n\t\t\t\t\t<\/div>\n\t\t<\/div>\n\t\t\t\t<div class=\"elementor-column elementor-col-66 elementor-top-column elementor-element elementor-element-8ab13c5\" data-id=\"8ab13c5\" data-element_type=\"column\" data-e-type=\"column\">\n\t\t\t<div class=\"elementor-widget-wrap elementor-element-populated\">\n\t\t\t\t\t\t<div class=\"elementor-element elementor-element-e23ee78 elementor-widget elementor-widget-text-editor\" data-id=\"e23ee78\" data-element_type=\"widget\" data-e-type=\"widget\" data-widget_type=\"text-editor.default\">\n\t\t\t\t<div class=\"elementor-widget-container\">\n\t\t\t\t\t\t\t\t\t<p><span style=\"font-family: Poppins;\"><span style=\"color: #9dbc55; font-size: 16px;\">1. dan: 20. 5. 2025<br \/><\/span><\/span><\/p><p><span style=\"color: #ffffff;\">Zjutraj odhod iz Ljubljane ob 8.00 in vo\u017enja po dolenjski avtocesti proti Hrva\u0161ki mimo Zagreba. Pribli\u017eno 60 km ju\u017eneje bomo zapustili avtocesto in pri\u0161li v Naravni park Lonjsko polje, kjer bomo najprej obiskali Center za obiskovalce Osekovo. Po prvih informacijah, ki jih bomo o parku izvedeli od vodnikov parka, se bomo zapeljali do vasi Repu\u0161nica. Tudi tam se nahaja center za obiskovalce, od katerega se bomo pe\u0161 odpravili po Ko\u0161\u010devi u\u010dni poti do opazovalnice na polju, kjer bomo lahko opazovali \u010drede konj in krav.Iz vasi Repu\u0161nica se bomo nato odpeljali do vasi Mu\u017eilov\u010dica, kjer na poljih prevladujejoavtohtoni turopoljski pra\u0161i\u010di, ki se prosto pasejo. Na koncu nas bo \u010dakala vas \u0161torkelj \u010cigo\u010d, kjer bomo lahko ob\u010dudovali \u0161tevilna gnezda \u0161torkelj in zna\u010dilno staro leseno arhitekturo. V vasi \u010cigo\u010d bomo imeli tudi ve\u010derjo, preno\u010devali pa bomo v obnovljenih tradicionalnih hi\u0161ah.<\/span><\/p>\t\t\t\t\t\t\t\t<\/div>\n\t\t\t\t<\/div>\n\t\t\t\t\t<\/div>\n\t\t<\/div>\n\t\t\t\t\t<\/div>\n\t\t<\/section>\n\t\t\t\t<section class=\"elementor-section elementor-top-section elementor-element elementor-element-c1769e8 elementor-section-boxed elementor-section-height-default elementor-section-height-default\" data-id=\"c1769e8\" data-element_type=\"section\" data-e-type=\"section\">\n\t\t\t\t\t\t<div class=\"elementor-container elementor-column-gap-default\">\n\t\t\t\t\t<div class=\"elementor-column elementor-col-66 elementor-top-column elementor-element elementor-element-6707636\" data-id=\"6707636\" data-element_type=\"column\" data-e-type=\"column\">\n\t\t\t<div class=\"elementor-widget-wrap elementor-element-populated\">\n\t\t\t\t\t\t<div class=\"elementor-element elementor-element-e5c16b1 elementor-widget elementor-widget-text-editor\" data-id=\"e5c16b1\" data-element_type=\"widget\" data-e-type=\"widget\" data-widget_type=\"text-editor.default\">\n\t\t\t\t<div class=\"elementor-widget-container\">\n\t\t\t\t\t\t\t\t\t<p><span style=\"font-family: Poppins;\"><span style=\"color: #9db958; font-size: 16px;\">2. dan: 21. 5. 2025<br \/><\/span><\/span><\/p><p><span style=\"color: #ffffff;\">Dan bomo pre\u017eiveli v ju\u017enem delu Lonjskega polja in se najprej odpeljali do tradicionalne vasi Krapje. Tu se za\u010denja Pot grani\u010darjev, ki vodi mimo dveh opazovalnic za ptice, saj tu gnezdi najve\u010dja kolonija \u010dapelj \u017eli\u010dark na Hrva\u0161kem. Seznanili se bomo tudi z vlogo teh krajev v nekdanji Vojni krajini, zaradi katerih je u\u010dna pot tudi dobila svoje ime. Sledila bo vo\u017enja z avtobusom do vasi Plesmo, kjer se bomo vkrcali na \u010dolne in se zapeljali po reki Strug ter opazovali vodne ptice in neokrnjeno naravo. Po vrnitvi v Plesmo si bomo privo\u0161\u010dili \u0161e kosilo na lokalnem kme\u010dkem turizmu, nato pa se bomo odpeljali proti Ljubljani, kamor bomo prispeli v ve\u010dernih urah.<\/span><\/p>\t\t\t\t\t\t\t\t<\/div>\n\t\t\t\t<\/div>\n\t\t\t\t\t<\/div>\n\t\t<\/div>\n\t\t\t\t<div class=\"elementor-column elementor-col-33 elementor-top-column elementor-element elementor-element-9139d37\" data-id=\"9139d37\" data-element_type=\"column\" data-e-type=\"column\">\n\t\t\t<div class=\"elementor-widget-wrap elementor-element-populated\">\n\t\t\t\t\t\t<div class=\"elementor-element elementor-element-cccb775 elementor-widget elementor-widget-image\" data-id=\"cccb775\" data-element_type=\"widget\" data-e-type=\"widget\" data-widget_type=\"image.default\">\n\t\t\t\t<div class=\"elementor-widget-container\">\n\t\t\t\t\t\t\t\t\t\t\t\t\t\t\t<img decoding=\"async\" width=\"800\" height=\"800\" src=\"https:\/\/natoura.si\/wp-content\/uploads\/2025\/02\/Poplavni-gozd.webp\" class=\"attachment-large size-large wp-image-14971\" alt=\"\" srcset=\"https:\/\/natoura.si\/wp-content\/uploads\/2025\/02\/Poplavni-gozd.webp 800w, https:\/\/natoura.si\/wp-content\/uploads\/2025\/02\/Poplavni-gozd-300x300.webp 300w, https:\/\/natoura.si\/wp-content\/uploads\/2025\/02\/Poplavni-gozd-150x150.webp 150w, https:\/\/natoura.si\/wp-content\/uploads\/2025\/02\/Poplavni-gozd-768x768.webp 768w, https:\/\/natoura.si\/wp-content\/uploads\/2025\/02\/Poplavni-gozd-12x12.webp 12w\" sizes=\"(max-width: 800px) 100vw, 800px\" \/>\t\t\t\t\t\t\t\t\t\t\t\t\t\t\t<\/div>\n\t\t\t\t<\/div>\n\t\t\t\t\t<\/div>\n\t\t<\/div>\n\t\t\t\t\t<\/div>\n\t\t<\/section>\n\t\t\t\t<section class=\"elementor-section elementor-top-section elementor-element elementor-element-ce68f98 elementor-section-boxed elementor-section-height-default elementor-section-height-default\" data-id=\"ce68f98\" data-element_type=\"section\" data-e-type=\"section\">\n\t\t\t\t\t\t<div class=\"elementor-container elementor-column-gap-default\">\n\t\t\t\t\t<div class=\"elementor-column elementor-col-100 elementor-top-column elementor-element elementor-element-a06625b\" data-id=\"a06625b\" data-element_type=\"column\" data-e-type=\"column\">\n\t\t\t<div class=\"elementor-widget-wrap elementor-element-populated\">\n\t\t\t\t\t\t<div class=\"elementor-element elementor-element-9878e7e elementor-widget-divider--view-line elementor-widget elementor-widget-divider\" data-id=\"9878e7e\" data-element_type=\"widget\" data-e-type=\"widget\" data-widget_type=\"divider.default\">\n\t\t\t\t<div class=\"elementor-widget-container\">\n\t\t\t\t\t\t\t<div class=\"elementor-divider\">\n\t\t\t<span class=\"elementor-divider-separator\">\n\t\t\t\t\t\t<\/span>\n\t\t<\/div>\n\t\t\t\t\t\t<\/div>\n\t\t\t\t<\/div>\n\t\t\t\t\t<\/div>\n\t\t<\/div>\n\t\t\t\t\t<\/div>\n\t\t<\/section>\n\t\t\t\t<section class=\"elementor-section elementor-top-section elementor-element elementor-element-658ba09 elementor-section-boxed elementor-section-height-default elementor-section-height-default\" data-id=\"658ba09\" data-element_type=\"section\" data-e-type=\"section\">\n\t\t\t\t\t\t<div class=\"elementor-container elementor-column-gap-default\">\n\t\t\t\t\t<div class=\"elementor-column elementor-col-100 elementor-top-column elementor-element elementor-element-4498596\" data-id=\"4498596\" data-element_type=\"column\" data-e-type=\"column\">\n\t\t\t<div class=\"elementor-widget-wrap elementor-element-populated\">\n\t\t\t\t\t\t<div class=\"elementor-element elementor-element-2a2d8c9 elementor-widget elementor-widget-text-editor\" data-id=\"2a2d8c9\" data-element_type=\"widget\" data-e-type=\"widget\" data-widget_type=\"text-editor.default\">\n\t\t\t\t<div class=\"elementor-widget-container\">\n\t\t\t\t\t\t\t\t\t<p><span style=\"font-family: Poppins; font-size: 14px; color: #ffffff;\">Author of the program and photos: \u00a9 Janja Benedik.<\/span><\/p><p><span style=\"color: #ffffff;\"><span style=\"font-family: Poppins; font-size: 14px;\">Organizator in izvajalec programa: \u00a9 naTOURa, Janja Benedik s. p.,<\/span><span style=\"font-family: Poppins; font-size: 14px;\"> 2025.<\/span><\/span><\/p>\t\t\t\t\t\t\t\t<\/div>\n\t\t\t\t<\/div>\n\t\t\t\t\t<\/div>\n\t\t<\/div>\n\t\t\t\t\t<\/div>\n\t\t<\/section>\n\t\t\t\t<\/div>","protected":false},"excerpt":{"rendered":"<p>1. dan: 20. 5. 2025 Zjutraj odhod iz Ljubljane ob 8.00 in vo\u017enja po dolenjski avtocesti proti Hrva\u0161ki mimo Zagreba. Pribli\u017eno 60 km ju\u017eneje bomoTour Details<\/p>","protected":false},"author":1,"featured_media":14967,"parent":0,"menu_order":0,"comment_status":"closed","ping_status":"closed","template":"","meta":{"footnotes":""},"class_list":["post-14965","page","type-page","status-publish","has-post-thumbnail","hentry"],"_links":{"self":[{"href":"https:\/\/natoura.si\/en\/wp-json\/wp\/v2\/pages\/14965","targetHints":{"allow":["GET"]}}],"collection":[{"href":"https:\/\/natoura.si\/en\/wp-json\/wp\/v2\/pages"}],"about":[{"href":"https:\/\/natoura.si\/en\/wp-json\/wp\/v2\/types\/page"}],"author":[{"embeddable":true,"href":"https:\/\/natoura.si\/en\/wp-json\/wp\/v2\/users\/1"}],"replies":[{"embeddable":true,"href":"https:\/\/natoura.si\/en\/wp-json\/wp\/v2\/comments?post=14965"}],"version-history":[{"count":7,"href":"https:\/\/natoura.si\/en\/wp-json\/wp\/v2\/pages\/14965\/revisions"}],"predecessor-version":[{"id":15585,"href":"https:\/\/natoura.si\/en\/wp-json\/wp\/v2\/pages\/14965\/revisions\/15585"}],"wp:featuredmedia":[{"embeddable":true,"href":"https:\/\/natoura.si\/en\/wp-json\/wp\/v2\/media\/14967"}],"wp:attachment":[{"href":"https:\/\/natoura.si\/en\/wp-json\/wp\/v2\/media?parent=14965"}],"curies":[{"name":"wp","href":"https:\/\/api.w.org\/{rel}","templated":true}]}}