{"id":13606,"date":"2024-08-22T20:35:27","date_gmt":"2024-08-22T20:35:27","guid":{"rendered":"https:\/\/natoura.si\/?page_id=13606"},"modified":"2025-02-02T19:57:16","modified_gmt":"2025-02-02T19:57:16","slug":"sokotra-naravoslovni-vodnik","status":"publish","type":"page","link":"https:\/\/natoura.si\/en\/sokotra-naravoslovni-vodnik\/","title":{"rendered":"Sokotra. Naravoslovni vodnik"},"content":{"rendered":"<div data-elementor-type=\"wp-page\" data-elementor-id=\"13606\" class=\"elementor elementor-13606\" data-elementor-post-type=\"page\">\n\t\t\t\t\t\t<section class=\"elementor-section elementor-top-section elementor-element elementor-element-57d5073 elementor-section-boxed elementor-section-height-default elementor-section-height-default\" data-id=\"57d5073\" data-element_type=\"section\" data-e-type=\"section\">\n\t\t\t\t\t\t<div class=\"elementor-container elementor-column-gap-default\">\n\t\t\t\t\t<div class=\"elementor-column elementor-col-100 elementor-top-column elementor-element elementor-element-b195425\" data-id=\"b195425\" data-element_type=\"column\" data-e-type=\"column\">\n\t\t\t<div class=\"elementor-widget-wrap elementor-element-populated\">\n\t\t\t\t\t\t<div class=\"elementor-element elementor-element-5231bd1 elementor-widget elementor-widget-text-editor\" data-id=\"5231bd1\" data-element_type=\"widget\" data-e-type=\"widget\" data-widget_type=\"text-editor.default\">\n\t\t\t\t<div class=\"elementor-widget-container\">\n\t\t\t\t\t\t\t\t\t<p style=\"text-align: center;\"><span style=\"font-size: 22px; color: #ffffff;\">Vabljeni k nakupu!<\/span><\/p>\t\t\t\t\t\t\t\t<\/div>\n\t\t\t\t<\/div>\n\t\t\t\t\t<\/div>\n\t\t<\/div>\n\t\t\t\t\t<\/div>\n\t\t<\/section>\n\t\t\t\t<section class=\"elementor-section elementor-top-section elementor-element elementor-element-6689e67 elementor-section-boxed elementor-section-height-default elementor-section-height-default\" data-id=\"6689e67\" data-element_type=\"section\" data-e-type=\"section\">\n\t\t\t\t\t\t<div class=\"elementor-container elementor-column-gap-default\">\n\t\t\t\t\t<div class=\"elementor-column elementor-col-100 elementor-top-column elementor-element elementor-element-ce4267f\" data-id=\"ce4267f\" data-element_type=\"column\" data-e-type=\"column\">\n\t\t\t<div class=\"elementor-widget-wrap elementor-element-populated\">\n\t\t\t\t\t\t<div class=\"elementor-element elementor-element-fd212b8 elementor-widget elementor-widget-spacer\" data-id=\"fd212b8\" data-element_type=\"widget\" data-e-type=\"widget\" data-widget_type=\"spacer.default\">\n\t\t\t\t<div class=\"elementor-widget-container\">\n\t\t\t\t\t\t\t<div class=\"elementor-spacer\">\n\t\t\t<div class=\"elementor-spacer-inner\"><\/div>\n\t\t<\/div>\n\t\t\t\t\t\t<\/div>\n\t\t\t\t<\/div>\n\t\t\t\t\t<\/div>\n\t\t<\/div>\n\t\t\t\t\t<\/div>\n\t\t<\/section>\n\t\t\t\t<section class=\"elementor-section elementor-top-section elementor-element elementor-element-932f8e2 elementor-section-boxed elementor-section-height-default elementor-section-height-default\" data-id=\"932f8e2\" data-element_type=\"section\" data-e-type=\"section\">\n\t\t\t\t\t\t<div class=\"elementor-container elementor-column-gap-default\">\n\t\t\t\t\t<div class=\"elementor-column elementor-col-50 elementor-top-column elementor-element elementor-element-a46cacc\" data-id=\"a46cacc\" data-element_type=\"column\" data-e-type=\"column\" data-settings=\"{&quot;background_background&quot;:&quot;gradient&quot;}\">\n\t\t\t<div class=\"elementor-widget-wrap elementor-element-populated\">\n\t\t\t\t\t\t<div class=\"elementor-element elementor-element-424c4c4 elementor-widget elementor-widget-image\" data-id=\"424c4c4\" data-element_type=\"widget\" data-e-type=\"widget\" data-widget_type=\"image.default\">\n\t\t\t\t<div class=\"elementor-widget-container\">\n\t\t\t\t\t\t\t\t\t\t\t\t\t\t\t\t<a href=\"https:\/\/natoura.si\/wp-content\/uploads\/2024\/12\/book-mockup-standing-against-a-transparent-background-a154831.png\" data-elementor-open-lightbox=\"yes\" data-elementor-lightbox-title=\"book-mockup-standing-against-a-transparent-background-a15483(1)\" data-e-action-hash=\"#elementor-action%3Aaction%3Dlightbox%26settings%3DeyJpZCI6MTQyMjYsInVybCI6Imh0dHBzOlwvXC9uYXRvdXJhLnNpXC93cC1jb250ZW50XC91cGxvYWRzXC8yMDI0XC8xMlwvYm9vay1tb2NrdXAtc3RhbmRpbmctYWdhaW5zdC1hLXRyYW5zcGFyZW50LWJhY2tncm91bmQtYTE1NDgzMS5wbmcifQ%3D%3D\">\n\t\t\t\t\t\t\t<img decoding=\"async\" src=\"https:\/\/natoura.si\/wp-content\/uploads\/elementor\/thumbs\/book-mockup-standing-against-a-transparent-background-a154831-qy79pxdcwsa9fmugte7w7kvhlgh7g1zjxkrm5ylh4w.png\" title=\"book-mockup-standing-against-a-transparent-background-a15483(1)\" alt=\"book-mockup-standing-against-a-transparent-background-a15483(1)\" loading=\"lazy\" \/>\t\t\t\t\t\t\t\t<\/a>\n\t\t\t\t\t\t\t\t\t\t\t\t\t\t\t<\/div>\n\t\t\t\t<\/div>\n\t\t\t\t\t<\/div>\n\t\t<\/div>\n\t\t\t\t<div class=\"elementor-column elementor-col-50 elementor-top-column elementor-element elementor-element-c015edb\" data-id=\"c015edb\" data-element_type=\"column\" data-e-type=\"column\">\n\t\t\t<div class=\"elementor-widget-wrap elementor-element-populated\">\n\t\t\t\t\t\t<div class=\"elementor-element elementor-element-c1f02b0 elementor-widget elementor-widget-text-editor\" data-id=\"c1f02b0\" data-element_type=\"widget\" data-e-type=\"widget\" data-widget_type=\"text-editor.default\">\n\t\t\t\t<div class=\"elementor-widget-container\">\n\t\t\t\t\t\t\t\t\t<p><span style=\"color: #ffffff;\">Janja Benedik<\/span><\/p><p><span style=\"color: #99cc00; font-size: 21px;\">SOKOTRA<\/span><\/p><p><span style=\"color: #ffffff;\">Naravoslovni vodnik<\/span><\/p><ul><li><span style=\"color: #ffffff;\">opis in razlaga geolo\u0161kega nastanka, posebnih prilagoditev rastlin in \u017eivali,<\/span><\/li><li><span style=\"color: #ffffff;\">opisi rastlinskih zdru\u017eb in vzrokih za visoko stopnjo endemizma,<\/span><\/li><li><span style=\"color: #ffffff;\">opis tradicionalnega \u017eivljenja ljudi na otoku,<\/span><\/li><li><span style=\"color: #ffffff;\">vzroki za vedno ve\u010djo ogro\u017eenost narave in tradicionalnega na\u010dina \u017eivljenja,<\/span><\/li><li><span style=\"color: #ffffff;\">ve\u010d kot 220 avtorskih fotografij, od tega 80 rastlinskih in 40 \u017eivalskih vrst z latinskim imenom,<\/span><\/li><li><span style=\"color: #ffffff;\">132 strani, format A5,<\/span><\/li><li><span style=\"color: #ffffff;\">strokovni pregled: dr. Salem Hamdiah, dr. Matev\u017e Novak, izr. prof. dr. Urban \u0160ilc.<\/span><\/li><\/ul>\t\t\t\t\t\t\t\t<\/div>\n\t\t\t\t<\/div>\n\t\t\t\t\t<\/div>\n\t\t<\/div>\n\t\t\t\t\t<\/div>\n\t\t<\/section>\n\t\t\t\t<section class=\"elementor-section elementor-top-section elementor-element elementor-element-f90cc4d elementor-section-boxed elementor-section-height-default elementor-section-height-default\" data-id=\"f90cc4d\" data-element_type=\"section\" data-e-type=\"section\">\n\t\t\t\t\t\t<div class=\"elementor-container elementor-column-gap-default\">\n\t\t\t\t\t<div class=\"elementor-column elementor-col-100 elementor-top-column elementor-element elementor-element-6ae5db6\" data-id=\"6ae5db6\" data-element_type=\"column\" data-e-type=\"column\">\n\t\t\t<div class=\"elementor-widget-wrap elementor-element-populated\">\n\t\t\t\t\t\t<div class=\"elementor-element elementor-element-0c35f6f elementor-widget elementor-widget-spacer\" data-id=\"0c35f6f\" data-element_type=\"widget\" data-e-type=\"widget\" data-widget_type=\"spacer.default\">\n\t\t\t\t<div class=\"elementor-widget-container\">\n\t\t\t\t\t\t\t<div class=\"elementor-spacer\">\n\t\t\t<div class=\"elementor-spacer-inner\"><\/div>\n\t\t<\/div>\n\t\t\t\t\t\t<\/div>\n\t\t\t\t<\/div>\n\t\t\t\t\t<\/div>\n\t\t<\/div>\n\t\t\t\t\t<\/div>\n\t\t<\/section>\n\t\t\t\t<section class=\"elementor-section elementor-top-section elementor-element elementor-element-99961de elementor-section-boxed elementor-section-height-default elementor-section-height-default\" data-id=\"99961de\" data-element_type=\"section\" data-e-type=\"section\">\n\t\t\t\t\t\t<div class=\"elementor-container elementor-column-gap-default\">\n\t\t\t\t\t<div class=\"elementor-column elementor-col-50 elementor-top-column elementor-element elementor-element-432cc7c\" data-id=\"432cc7c\" data-element_type=\"column\" data-e-type=\"column\">\n\t\t\t<div class=\"elementor-widget-wrap elementor-element-populated\">\n\t\t\t\t\t\t<div class=\"elementor-element elementor-element-85c6477 elementor-widget elementor-widget-gallery\" data-id=\"85c6477\" data-element_type=\"widget\" data-e-type=\"widget\" data-settings=\"{&quot;lazyload&quot;:&quot;yes&quot;,&quot;gallery_layout&quot;:&quot;grid&quot;,&quot;columns&quot;:4,&quot;columns_tablet&quot;:2,&quot;columns_mobile&quot;:1,&quot;gap&quot;:{&quot;unit&quot;:&quot;px&quot;,&quot;size&quot;:10,&quot;sizes&quot;:[]},&quot;gap_tablet&quot;:{&quot;unit&quot;:&quot;px&quot;,&quot;size&quot;:10,&quot;sizes&quot;:[]},&quot;gap_mobile&quot;:{&quot;unit&quot;:&quot;px&quot;,&quot;size&quot;:10,&quot;sizes&quot;:[]},&quot;link_to&quot;:&quot;file&quot;,&quot;aspect_ratio&quot;:&quot;3:2&quot;,&quot;overlay_background&quot;:&quot;yes&quot;,&quot;content_hover_animation&quot;:&quot;fade-in&quot;}\" data-widget_type=\"gallery.default\">\n\t\t\t\t<div class=\"elementor-widget-container\">\n\t\t\t\t\t\t\t<div class=\"elementor-gallery__container\">\n\t\t\t\t\t\t\t<a class=\"e-gallery-item elementor-gallery-item elementor-animated-content\" href=\"https:\/\/natoura.si\/wp-content\/uploads\/2024\/12\/Naslovnica.gif\" data-elementor-open-lightbox=\"yes\" data-elementor-lightbox-slideshow=\"85c6477\" data-elementor-lightbox-title=\"Naslovnica\" data-e-action-hash=\"#elementor-action%3Aaction%3Dlightbox%26settings%3DeyJpZCI6MTQyMzAsInVybCI6Imh0dHBzOlwvXC9uYXRvdXJhLnNpXC93cC1jb250ZW50XC91cGxvYWRzXC8yMDI0XC8xMlwvTmFzbG92bmljYS5naWYiLCJzbGlkZXNob3ciOiI4NWM2NDc3In0%3D\">\n\t\t\t\t\t<div class=\"e-gallery-image elementor-gallery-item__image\" data-thumbnail=\"https:\/\/natoura.si\/wp-content\/uploads\/2024\/12\/Naslovnica-208x300.gif\" data-width=\"208\" data-height=\"300\" aria-label=\"\" role=\"img\" ><\/div>\n\t\t\t\t\t\t\t\t\t\t\t<div class=\"elementor-gallery-item__overlay\"><\/div>\n\t\t\t\t\t\t\t\t\t\t\t\t\t\t<\/a>\n\t\t\t\t\t\t\t<a class=\"e-gallery-item elementor-gallery-item elementor-animated-content\" href=\"https:\/\/natoura.si\/wp-content\/uploads\/2024\/12\/Kolofon.gif\" data-elementor-open-lightbox=\"yes\" data-elementor-lightbox-slideshow=\"85c6477\" data-elementor-lightbox-title=\"Kolofon\" data-e-action-hash=\"#elementor-action%3Aaction%3Dlightbox%26settings%3DeyJpZCI6MTQyNDIsInVybCI6Imh0dHBzOlwvXC9uYXRvdXJhLnNpXC93cC1jb250ZW50XC91cGxvYWRzXC8yMDI0XC8xMlwvS29sb2Zvbi5naWYiLCJzbGlkZXNob3ciOiI4NWM2NDc3In0%3D\">\n\t\t\t\t\t<div class=\"e-gallery-image elementor-gallery-item__image\" data-thumbnail=\"https:\/\/natoura.si\/wp-content\/uploads\/2024\/12\/Kolofon-211x300.gif\" data-width=\"211\" data-height=\"300\" aria-label=\"\" role=\"img\" ><\/div>\n\t\t\t\t\t\t\t\t\t\t\t<div class=\"elementor-gallery-item__overlay\"><\/div>\n\t\t\t\t\t\t\t\t\t\t\t\t\t\t<\/a>\n\t\t\t\t\t\t\t<a class=\"e-gallery-item elementor-gallery-item elementor-animated-content\" href=\"https:\/\/natoura.si\/wp-content\/uploads\/2024\/12\/Vsebina1.gif\" data-elementor-open-lightbox=\"yes\" data-elementor-lightbox-slideshow=\"85c6477\" data-elementor-lightbox-title=\"Vsebina1\" data-e-action-hash=\"#elementor-action%3Aaction%3Dlightbox%26settings%3DeyJpZCI6MTQyMzgsInVybCI6Imh0dHBzOlwvXC9uYXRvdXJhLnNpXC93cC1jb250ZW50XC91cGxvYWRzXC8yMDI0XC8xMlwvVnNlYmluYTEuZ2lmIiwic2xpZGVzaG93IjoiODVjNjQ3NyJ9\">\n\t\t\t\t\t<div class=\"e-gallery-image elementor-gallery-item__image\" data-thumbnail=\"https:\/\/natoura.si\/wp-content\/uploads\/2024\/12\/Vsebina1-211x300.gif\" data-width=\"211\" data-height=\"300\" aria-label=\"\" role=\"img\" ><\/div>\n\t\t\t\t\t\t\t\t\t\t\t<div class=\"elementor-gallery-item__overlay\"><\/div>\n\t\t\t\t\t\t\t\t\t\t\t\t\t\t<\/a>\n\t\t\t\t\t\t\t<a class=\"e-gallery-item elementor-gallery-item elementor-animated-content\" href=\"https:\/\/natoura.si\/wp-content\/uploads\/2024\/12\/Vsebina2.gif\" data-elementor-open-lightbox=\"yes\" data-elementor-lightbox-slideshow=\"85c6477\" data-elementor-lightbox-title=\"Vsebina2\" data-e-action-hash=\"#elementor-action%3Aaction%3Dlightbox%26settings%3DeyJpZCI6MTQyMzksInVybCI6Imh0dHBzOlwvXC9uYXRvdXJhLnNpXC93cC1jb250ZW50XC91cGxvYWRzXC8yMDI0XC8xMlwvVnNlYmluYTIuZ2lmIiwic2xpZGVzaG93IjoiODVjNjQ3NyJ9\">\n\t\t\t\t\t<div class=\"e-gallery-image elementor-gallery-item__image\" data-thumbnail=\"https:\/\/natoura.si\/wp-content\/uploads\/2024\/12\/Vsebina2-210x300.gif\" data-width=\"210\" data-height=\"300\" aria-label=\"\" role=\"img\" ><\/div>\n\t\t\t\t\t\t\t\t\t\t\t<div class=\"elementor-gallery-item__overlay\"><\/div>\n\t\t\t\t\t\t\t\t\t\t\t\t\t\t<\/a>\n\t\t\t\t\t\t\t<a class=\"e-gallery-item elementor-gallery-item elementor-animated-content\" href=\"https:\/\/natoura.si\/wp-content\/uploads\/2024\/12\/Geologija.gif\" data-elementor-open-lightbox=\"yes\" data-elementor-lightbox-slideshow=\"85c6477\" data-elementor-lightbox-title=\"Geologija\" data-e-action-hash=\"#elementor-action%3Aaction%3Dlightbox%26settings%3DeyJpZCI6MTQyMzEsInVybCI6Imh0dHBzOlwvXC9uYXRvdXJhLnNpXC93cC1jb250ZW50XC91cGxvYWRzXC8yMDI0XC8xMlwvR2VvbG9naWphLmdpZiIsInNsaWRlc2hvdyI6Ijg1YzY0NzcifQ%3D%3D\">\n\t\t\t\t\t<div class=\"e-gallery-image elementor-gallery-item__image\" data-thumbnail=\"https:\/\/natoura.si\/wp-content\/uploads\/2024\/12\/Geologija-300x211.gif\" data-width=\"300\" data-height=\"211\" aria-label=\"\" role=\"img\" ><\/div>\n\t\t\t\t\t\t\t\t\t\t\t<div class=\"elementor-gallery-item__overlay\"><\/div>\n\t\t\t\t\t\t\t\t\t\t\t\t\t\t<\/a>\n\t\t\t\t\t\t\t<a class=\"e-gallery-item elementor-gallery-item elementor-animated-content\" href=\"https:\/\/natoura.si\/wp-content\/uploads\/2024\/12\/Rastlinske-zdruzbe.gif\" data-elementor-open-lightbox=\"yes\" data-elementor-lightbox-slideshow=\"85c6477\" data-elementor-lightbox-title=\"Rastlinske zdru\u017ebe\" data-e-action-hash=\"#elementor-action%3Aaction%3Dlightbox%26settings%3DeyJpZCI6MTQyMzcsInVybCI6Imh0dHBzOlwvXC9uYXRvdXJhLnNpXC93cC1jb250ZW50XC91cGxvYWRzXC8yMDI0XC8xMlwvUmFzdGxpbnNrZS16ZHJ1emJlLmdpZiIsInNsaWRlc2hvdyI6Ijg1YzY0NzcifQ%3D%3D\">\n\t\t\t\t\t<div class=\"e-gallery-image elementor-gallery-item__image\" data-thumbnail=\"https:\/\/natoura.si\/wp-content\/uploads\/2024\/12\/Rastlinske-zdruzbe-300x212.gif\" data-width=\"300\" data-height=\"212\" aria-label=\"\" role=\"img\" ><\/div>\n\t\t\t\t\t\t\t\t\t\t\t<div class=\"elementor-gallery-item__overlay\"><\/div>\n\t\t\t\t\t\t\t\t\t\t\t\t\t\t<\/a>\n\t\t\t\t\t\t\t<a class=\"e-gallery-item elementor-gallery-item elementor-animated-content\" href=\"https:\/\/natoura.si\/wp-content\/uploads\/2024\/12\/Zivali.gif\" data-elementor-open-lightbox=\"yes\" data-elementor-lightbox-slideshow=\"85c6477\" data-elementor-lightbox-title=\"\u017divali\" data-e-action-hash=\"#elementor-action%3Aaction%3Dlightbox%26settings%3DeyJpZCI6MTQyNDAsInVybCI6Imh0dHBzOlwvXC9uYXRvdXJhLnNpXC93cC1jb250ZW50XC91cGxvYWRzXC8yMDI0XC8xMlwvWml2YWxpLmdpZiIsInNsaWRlc2hvdyI6Ijg1YzY0NzcifQ%3D%3D\">\n\t\t\t\t\t<div class=\"e-gallery-image elementor-gallery-item__image\" data-thumbnail=\"https:\/\/natoura.si\/wp-content\/uploads\/2024\/12\/Zivali-300x213.gif\" data-width=\"300\" data-height=\"213\" aria-label=\"\" role=\"img\" ><\/div>\n\t\t\t\t\t\t\t\t\t\t\t<div class=\"elementor-gallery-item__overlay\"><\/div>\n\t\t\t\t\t\t\t\t\t\t\t\t\t\t<\/a>\n\t\t\t\t\t\t\t<a class=\"e-gallery-item elementor-gallery-item elementor-animated-content\" href=\"https:\/\/natoura.si\/wp-content\/uploads\/2024\/12\/Ljudje.gif\" data-elementor-open-lightbox=\"yes\" data-elementor-lightbox-slideshow=\"85c6477\" data-elementor-lightbox-title=\"Ljudje\" data-e-action-hash=\"#elementor-action%3Aaction%3Dlightbox%26settings%3DeyJpZCI6MTQyMzIsInVybCI6Imh0dHBzOlwvXC9uYXRvdXJhLnNpXC93cC1jb250ZW50XC91cGxvYWRzXC8yMDI0XC8xMlwvTGp1ZGplLmdpZiIsInNsaWRlc2hvdyI6Ijg1YzY0NzcifQ%3D%3D\">\n\t\t\t\t\t<div class=\"e-gallery-image elementor-gallery-item__image\" data-thumbnail=\"https:\/\/natoura.si\/wp-content\/uploads\/2024\/12\/Ljudje-300x212.gif\" data-width=\"300\" data-height=\"212\" aria-label=\"\" role=\"img\" ><\/div>\n\t\t\t\t\t\t\t\t\t\t\t<div class=\"elementor-gallery-item__overlay\"><\/div>\n\t\t\t\t\t\t\t\t\t\t\t\t\t\t<\/a>\n\t\t\t\t\t\t\t<a class=\"e-gallery-item elementor-gallery-item elementor-animated-content\" href=\"https:\/\/natoura.si\/wp-content\/uploads\/2024\/12\/Rastlinske-vrste.gif\" data-elementor-open-lightbox=\"yes\" data-elementor-lightbox-slideshow=\"85c6477\" data-elementor-lightbox-title=\"Rastlinske vrste\" data-e-action-hash=\"#elementor-action%3Aaction%3Dlightbox%26settings%3DeyJpZCI6MTQyMzYsInVybCI6Imh0dHBzOlwvXC9uYXRvdXJhLnNpXC93cC1jb250ZW50XC91cGxvYWRzXC8yMDI0XC8xMlwvUmFzdGxpbnNrZS12cnN0ZS5naWYiLCJzbGlkZXNob3ciOiI4NWM2NDc3In0%3D\">\n\t\t\t\t\t<div class=\"e-gallery-image elementor-gallery-item__image\" data-thumbnail=\"https:\/\/natoura.si\/wp-content\/uploads\/2024\/12\/Rastlinske-vrste-300x213.gif\" data-width=\"300\" data-height=\"213\" aria-label=\"\" role=\"img\" ><\/div>\n\t\t\t\t\t\t\t\t\t\t\t<div class=\"elementor-gallery-item__overlay\"><\/div>\n\t\t\t\t\t\t\t\t\t\t\t\t\t\t<\/a>\n\t\t\t\t\t\t\t<a class=\"e-gallery-item elementor-gallery-item elementor-animated-content\" href=\"https:\/\/natoura.si\/wp-content\/uploads\/2024\/12\/Zivalske-vrste.gif\" data-elementor-open-lightbox=\"yes\" data-elementor-lightbox-slideshow=\"85c6477\" data-elementor-lightbox-title=\"\u017divalske vrste\" data-e-action-hash=\"#elementor-action%3Aaction%3Dlightbox%26settings%3DeyJpZCI6MTQyNDEsInVybCI6Imh0dHBzOlwvXC9uYXRvdXJhLnNpXC93cC1jb250ZW50XC91cGxvYWRzXC8yMDI0XC8xMlwvWml2YWxza2UtdnJzdGUuZ2lmIiwic2xpZGVzaG93IjoiODVjNjQ3NyJ9\">\n\t\t\t\t\t<div class=\"e-gallery-image elementor-gallery-item__image\" data-thumbnail=\"https:\/\/natoura.si\/wp-content\/uploads\/2024\/12\/Zivalske-vrste-300x212.gif\" data-width=\"300\" data-height=\"212\" aria-label=\"\" role=\"img\" ><\/div>\n\t\t\t\t\t\t\t\t\t\t\t<div class=\"elementor-gallery-item__overlay\"><\/div>\n\t\t\t\t\t\t\t\t\t\t\t\t\t\t<\/a>\n\t\t\t\t\t\t\t<a class=\"e-gallery-item elementor-gallery-item elementor-animated-content\" href=\"https:\/\/natoura.si\/wp-content\/uploads\/2024\/12\/Pokrajina-1.gif\" data-elementor-open-lightbox=\"yes\" data-elementor-lightbox-slideshow=\"85c6477\" data-elementor-lightbox-title=\"Pokrajina\" data-e-action-hash=\"#elementor-action%3Aaction%3Dlightbox%26settings%3DeyJpZCI6MTQyNDYsInVybCI6Imh0dHBzOlwvXC9uYXRvdXJhLnNpXC93cC1jb250ZW50XC91cGxvYWRzXC8yMDI0XC8xMlwvUG9rcmFqaW5hLTEuZ2lmIiwic2xpZGVzaG93IjoiODVjNjQ3NyJ9\">\n\t\t\t\t\t<div class=\"e-gallery-image elementor-gallery-item__image\" data-thumbnail=\"https:\/\/natoura.si\/wp-content\/uploads\/2024\/12\/Pokrajina-1-300x213.gif\" data-width=\"300\" data-height=\"213\" aria-label=\"\" role=\"img\" ><\/div>\n\t\t\t\t\t\t\t\t\t\t\t<div class=\"elementor-gallery-item__overlay\"><\/div>\n\t\t\t\t\t\t\t\t\t\t\t\t\t\t<\/a>\n\t\t\t\t\t<\/div>\n\t\t\t\t\t<\/div>\n\t\t\t\t<\/div>\n\t\t\t\t\t<\/div>\n\t\t<\/div>\n\t\t\t\t<div class=\"elementor-column elementor-col-50 elementor-top-column elementor-element elementor-element-9648a6a\" data-id=\"9648a6a\" data-element_type=\"column\" data-e-type=\"column\">\n\t\t\t<div class=\"elementor-widget-wrap elementor-element-populated\">\n\t\t\t\t\t\t<div class=\"elementor-element elementor-element-d789eb3 elementor-widget elementor-widget-text-editor\" data-id=\"d789eb3\" data-element_type=\"widget\" data-e-type=\"widget\" data-widget_type=\"text-editor.default\">\n\t\t\t\t<div class=\"elementor-widget-container\">\n\t\t\t\t\t\t\t\t\t<p><span style=\"color: #ffffff;\">Redna cena: 25,00 \u20ac.<\/span><\/p><p><span style=\"color: #ffffff;\">Izid: januar 2025.<\/span><\/p><p><span style=\"color: #ffffff;\">Stro\u0161ki po\u0161iljanja v vi\u0161ini 5,00 \u20ac niso vklju\u010deni v ceno.<\/span><\/p><p><span style=\"color: #ffffff;\">Osebni prevzem po dogovoru.<\/span><\/p><p><span style=\"color: #ffffff;\">Popust za potnike, ki so \u017ee bili na Sokotri z agencijo naTOURa: -20 %.<\/span><\/p>\t\t\t\t\t\t\t\t<\/div>\n\t\t\t\t<\/div>\n\t\t\t\t\t<\/div>\n\t\t<\/div>\n\t\t\t\t\t<\/div>\n\t\t<\/section>\n\t\t\t\t<section class=\"elementor-section elementor-top-section elementor-element elementor-element-862d183 elementor-section-boxed elementor-section-height-default elementor-section-height-default\" data-id=\"862d183\" data-element_type=\"section\" data-e-type=\"section\">\n\t\t\t\t\t\t<div class=\"elementor-container elementor-column-gap-default\">\n\t\t\t\t\t<div class=\"elementor-column elementor-col-100 elementor-top-column elementor-element elementor-element-fd4fa55\" data-id=\"fd4fa55\" data-element_type=\"column\" data-e-type=\"column\">\n\t\t\t<div class=\"elementor-widget-wrap elementor-element-populated\">\n\t\t\t\t\t\t<div class=\"elementor-element elementor-element-e86069a elementor-widget elementor-widget-image\" data-id=\"e86069a\" data-element_type=\"widget\" data-e-type=\"widget\" data-widget_type=\"image.default\">\n\t\t\t\t<div class=\"elementor-widget-container\">\n\t\t\t\t\t\t\t\t\t\t\t\t\t\t\t\t<a href=\"https:\/\/heyzine.com\/flip-book\/8de3eafd70.html\">\n\t\t\t\t\t\t\t<img fetchpriority=\"high\" decoding=\"async\" width=\"1024\" height=\"576\" src=\"https:\/\/natoura.si\/wp-content\/uploads\/2024\/12\/Prospekt_Stran_01-1024x576.gif\" class=\"attachment-large size-large wp-image-14274\" alt=\"\" srcset=\"https:\/\/natoura.si\/wp-content\/uploads\/2024\/12\/Prospekt_Stran_01-1024x576.gif 1024w, https:\/\/natoura.si\/wp-content\/uploads\/2024\/12\/Prospekt_Stran_01-300x169.gif 300w, https:\/\/natoura.si\/wp-content\/uploads\/2024\/12\/Prospekt_Stran_01-768x432.gif 768w, https:\/\/natoura.si\/wp-content\/uploads\/2024\/12\/Prospekt_Stran_01-1536x864.gif 1536w, https:\/\/natoura.si\/wp-content\/uploads\/2024\/12\/Prospekt_Stran_01-18x10.gif 18w\" sizes=\"(max-width: 1024px) 100vw, 1024px\" \/>\t\t\t\t\t\t\t\t<\/a>\n\t\t\t\t\t\t\t\t\t\t\t\t\t\t\t<\/div>\n\t\t\t\t<\/div>\n\t\t\t\t\t<\/div>\n\t\t<\/div>\n\t\t\t\t\t<\/div>\n\t\t<\/section>\n\t\t\t\t<section class=\"elementor-section elementor-top-section elementor-element elementor-element-279d1fc elementor-section-boxed elementor-section-height-default elementor-section-height-default\" data-id=\"279d1fc\" data-element_type=\"section\" data-e-type=\"section\">\n\t\t\t\t\t\t<div class=\"elementor-container elementor-column-gap-default\">\n\t\t\t\t\t<div class=\"elementor-column elementor-col-100 elementor-top-column elementor-element elementor-element-63511bf\" data-id=\"63511bf\" data-element_type=\"column\" data-e-type=\"column\">\n\t\t\t<div class=\"elementor-widget-wrap elementor-element-populated\">\n\t\t\t\t\t\t<div class=\"elementor-element elementor-element-0243274 elementor-widget elementor-widget-spacer\" data-id=\"0243274\" data-element_type=\"widget\" data-e-type=\"widget\" data-widget_type=\"spacer.default\">\n\t\t\t\t<div class=\"elementor-widget-container\">\n\t\t\t\t\t\t\t<div class=\"elementor-spacer\">\n\t\t\t<div class=\"elementor-spacer-inner\"><\/div>\n\t\t<\/div>\n\t\t\t\t\t\t<\/div>\n\t\t\t\t<\/div>\n\t\t\t\t\t<\/div>\n\t\t<\/div>\n\t\t\t\t\t<\/div>\n\t\t<\/section>\n\t\t\t\t<section class=\"elementor-section elementor-top-section elementor-element elementor-element-5043136 elementor-section-boxed elementor-section-height-default elementor-section-height-default\" data-id=\"5043136\" data-element_type=\"section\" data-e-type=\"section\">\n\t\t\t\t\t\t<div class=\"elementor-container elementor-column-gap-default\">\n\t\t\t\t\t<div class=\"elementor-column elementor-col-100 elementor-top-column elementor-element elementor-element-2a06256\" data-id=\"2a06256\" data-element_type=\"column\" data-e-type=\"column\">\n\t\t\t<div class=\"elementor-widget-wrap elementor-element-populated\">\n\t\t\t\t\t\t<div class=\"elementor-element elementor-element-17bed6c elementor-widget elementor-widget-text-editor\" data-id=\"17bed6c\" data-element_type=\"widget\" data-e-type=\"widget\" data-widget_type=\"text-editor.default\">\n\t\t\t\t<div class=\"elementor-widget-container\">\n\t\t\t\t\t\t\t\t\t<p style=\"text-align: center;\"><a href=\"https:\/\/natoura.si\/en\/sokotra-naravoslovni-vodnik-narocilnica\/\"><span style=\"color: #ff0000; font-size: 39px;\">NARO\u010cILNICA<\/span><\/a><\/p>\t\t\t\t\t\t\t\t<\/div>\n\t\t\t\t<\/div>\n\t\t\t\t\t<\/div>\n\t\t<\/div>\n\t\t\t\t\t<\/div>\n\t\t<\/section>\n\t\t\t\t<\/div>","protected":false},"excerpt":{"rendered":"<p>Vabljeni k nakupu! Janja Benedik SOKOTRA Naravoslovni vodnik opis in razlaga geolo\u0161kega nastanka, posebnih prilagoditev rastlin in \u017eivali, opisi rastlinskih zdru\u017eb in vzrokih za visokoTour Details<\/p>","protected":false},"author":1,"featured_media":7832,"parent":0,"menu_order":0,"comment_status":"closed","ping_status":"closed","template":"","meta":{"footnotes":""},"class_list":["post-13606","page","type-page","status-publish","has-post-thumbnail","hentry"],"_links":{"self":[{"href":"https:\/\/natoura.si\/en\/wp-json\/wp\/v2\/pages\/13606","targetHints":{"allow":["GET"]}}],"collection":[{"href":"https:\/\/natoura.si\/en\/wp-json\/wp\/v2\/pages"}],"about":[{"href":"https:\/\/natoura.si\/en\/wp-json\/wp\/v2\/types\/page"}],"author":[{"embeddable":true,"href":"https:\/\/natoura.si\/en\/wp-json\/wp\/v2\/users\/1"}],"replies":[{"embeddable":true,"href":"https:\/\/natoura.si\/en\/wp-json\/wp\/v2\/comments?post=13606"}],"version-history":[{"count":56,"href":"https:\/\/natoura.si\/en\/wp-json\/wp\/v2\/pages\/13606\/revisions"}],"predecessor-version":[{"id":14786,"href":"https:\/\/natoura.si\/en\/wp-json\/wp\/v2\/pages\/13606\/revisions\/14786"}],"wp:featuredmedia":[{"embeddable":true,"href":"https:\/\/natoura.si\/en\/wp-json\/wp\/v2\/media\/7832"}],"wp:attachment":[{"href":"https:\/\/natoura.si\/en\/wp-json\/wp\/v2\/media?parent=13606"}],"curies":[{"name":"wp","href":"https:\/\/api.w.org\/{rel}","templated":true}]}}