{"id":12447,"date":"2023-12-14T13:37:05","date_gmt":"2023-12-14T13:37:05","guid":{"rendered":"https:\/\/natoura.si\/?page_id=12447"},"modified":"2023-12-14T21:16:34","modified_gmt":"2023-12-14T21:16:34","slug":"trzaski-in-beneski-zaliv","status":"publish","type":"page","link":"https:\/\/natoura.si\/en\/trzaski-in-beneski-zaliv\/","title":{"rendered":"Tr\u017ea\u0161ki in Bene\u0161ki zaliv &#8211; program"},"content":{"rendered":"<div data-elementor-type=\"wp-page\" data-elementor-id=\"12447\" class=\"elementor elementor-12447\" data-elementor-post-type=\"page\">\n\t\t\t\t\t\t<section class=\"elementor-section elementor-top-section elementor-element elementor-element-9587f2d elementor-section-boxed elementor-section-height-default elementor-section-height-default\" data-id=\"9587f2d\" data-element_type=\"section\" data-e-type=\"section\">\n\t\t\t\t\t\t<div class=\"elementor-container elementor-column-gap-default\">\n\t\t\t\t\t<div class=\"elementor-column elementor-col-33 elementor-top-column elementor-element elementor-element-9c295ce\" data-id=\"9c295ce\" data-element_type=\"column\" data-e-type=\"column\">\n\t\t\t<div class=\"elementor-widget-wrap elementor-element-populated\">\n\t\t\t\t\t\t<div class=\"elementor-element elementor-element-ae2662b elementor-widget elementor-widget-image\" data-id=\"ae2662b\" data-element_type=\"widget\" data-e-type=\"widget\" data-widget_type=\"image.default\">\n\t\t\t\t<div class=\"elementor-widget-container\">\n\t\t\t\t\t\t\t\t\t\t\t\t\t\t\t<img fetchpriority=\"high\" decoding=\"async\" width=\"800\" height=\"800\" src=\"https:\/\/natoura.si\/wp-content\/uploads\/2023\/12\/Ophrys-sphegodes_osjeliko-macje-uho.gif\" class=\"attachment-large size-large wp-image-12462\" alt=\"\" \/>\t\t\t\t\t\t\t\t\t\t\t\t\t\t\t<\/div>\n\t\t\t\t<\/div>\n\t\t\t\t\t<\/div>\n\t\t<\/div>\n\t\t\t\t<div class=\"elementor-column elementor-col-33 elementor-top-column elementor-element elementor-element-27acf3b\" data-id=\"27acf3b\" data-element_type=\"column\" data-e-type=\"column\">\n\t\t\t<div class=\"elementor-widget-wrap elementor-element-populated\">\n\t\t\t\t\t\t<div class=\"elementor-element elementor-element-e9e36ca elementor-widget elementor-widget-image\" data-id=\"e9e36ca\" data-element_type=\"widget\" data-e-type=\"widget\" data-widget_type=\"image.default\">\n\t\t\t\t<div class=\"elementor-widget-container\">\n\t\t\t\t\t\t\t\t\t\t\t\t\t\t\t<img decoding=\"async\" width=\"753\" height=\"753\" src=\"https:\/\/natoura.si\/wp-content\/uploads\/2023\/12\/Doberdob.gif\" class=\"attachment-large size-large wp-image-12463\" alt=\"\" \/>\t\t\t\t\t\t\t\t\t\t\t\t\t\t\t<\/div>\n\t\t\t\t<\/div>\n\t\t\t\t\t<\/div>\n\t\t<\/div>\n\t\t\t\t<div class=\"elementor-column elementor-col-33 elementor-top-column elementor-element elementor-element-fb98d89\" data-id=\"fb98d89\" data-element_type=\"column\" data-e-type=\"column\">\n\t\t\t<div class=\"elementor-widget-wrap elementor-element-populated\">\n\t\t\t\t\t\t<div class=\"elementor-element elementor-element-69924e2 elementor-widget elementor-widget-image\" data-id=\"69924e2\" data-element_type=\"widget\" data-e-type=\"widget\" data-widget_type=\"image.default\">\n\t\t\t\t<div class=\"elementor-widget-container\">\n\t\t\t\t\t\t\t\t\t\t\t\t\t\t\t<img decoding=\"async\" width=\"800\" height=\"800\" src=\"https:\/\/natoura.si\/wp-content\/uploads\/2023\/12\/Rilkejeva-pot.gif\" class=\"attachment-large size-large wp-image-12464\" alt=\"\" \/>\t\t\t\t\t\t\t\t\t\t\t\t\t\t\t<\/div>\n\t\t\t\t<\/div>\n\t\t\t\t\t<\/div>\n\t\t<\/div>\n\t\t\t\t\t<\/div>\n\t\t<\/section>\n\t\t\t\t<section class=\"elementor-section elementor-top-section elementor-element elementor-element-f8440b0 elementor-section-boxed elementor-section-height-default elementor-section-height-default\" data-id=\"f8440b0\" data-element_type=\"section\" data-e-type=\"section\">\n\t\t\t\t\t\t<div class=\"elementor-container elementor-column-gap-default\">\n\t\t\t\t\t<div class=\"elementor-column elementor-col-100 elementor-top-column elementor-element elementor-element-898e554\" data-id=\"898e554\" data-element_type=\"column\" data-e-type=\"column\">\n\t\t\t<div class=\"elementor-widget-wrap elementor-element-populated\">\n\t\t\t\t\t\t<div class=\"elementor-element elementor-element-2fe706f elementor-widget elementor-widget-text-editor\" data-id=\"2fe706f\" data-element_type=\"widget\" data-e-type=\"widget\" data-widget_type=\"text-editor.default\">\n\t\t\t\t<div class=\"elementor-widget-container\">\n\t\t\t\t\t\t\t\t\t<p><span style=\"color: #9dbc55;\">1. dan: sreda, 22. maj 2024<\/span><\/p><p><span style=\"color: #ffffff;\">V jutranjih urah se bomo odpeljali iz Ljubljane z minibusom in pot nas bo vodila po primorski avtocesti, kjer se bomo v bli\u017eini Se\u017eane najprej ustavili za jutranjo kavo. Nadaljevali bomo mimo Trsta do vasi Zgonik, kjer se bomo sprehodili po <strong>Botani\u010dnem vrtu Carsiana<\/strong>. V njem si bomo ogledali predstavitev razli\u010dnih \u017eivljenjskih okolij tr\u017ea\u0161kega krasa in najbolj zna\u010dilne rastline, od katerih bodo ravno zdaj mnoge tudi cvetele. Po ogledu se bomo odpeljali do vasi <strong>Doberdob<\/strong>, kjer se nahaja eno najve\u010djih evropskih presihajo\u010dih jezer in si v informacijskem centru privo\u0161\u010dili postanek za kavo, nato pa se bomo zapeljali okrog jezera do razgledne to\u010dke, kjer bo kratek postanek in bomo spregovorili o geolo\u0161kih, botani\u010dnih in zoolo\u0161kih posebnosti <strong>Doberdobskega jezera<\/strong>. Na\u0161 naslednji postanek bo vasica Sesljan, kjer bomo za\u010deli na\u0161 pohod po izredno slikoviti <strong>Rilkejevi poti<\/strong> do Devina. S poti so pre\u010dudoviti razgledi na strme klife in pogled na celoten Tr\u017ea\u0161ki zaliv, spotoma pa bomo lahko videli \u0161e \u0161tevilne kra\u0161ke pojave in cveto\u010de pozno pomladansko cvetje (pribl. 2 km hoje po urejeni poti brez ve\u010djih vzponov in spustov). Nato bo sledila vo\u017enja proti hotelu, ve\u010derja in preno\u010devanje.<\/span><\/p>\t\t\t\t\t\t\t\t<\/div>\n\t\t\t\t<\/div>\n\t\t\t\t\t<\/div>\n\t\t<\/div>\n\t\t\t\t\t<\/div>\n\t\t<\/section>\n\t\t\t\t<section class=\"elementor-section elementor-top-section elementor-element elementor-element-a89ca63 elementor-section-boxed elementor-section-height-default elementor-section-height-default\" data-id=\"a89ca63\" data-element_type=\"section\" data-e-type=\"section\">\n\t\t\t\t\t\t<div class=\"elementor-container elementor-column-gap-default\">\n\t\t\t\t\t<div class=\"elementor-column elementor-col-100 elementor-top-column elementor-element elementor-element-2f69413\" data-id=\"2f69413\" data-element_type=\"column\" data-e-type=\"column\">\n\t\t\t<div class=\"elementor-widget-wrap elementor-element-populated\">\n\t\t\t\t\t\t<div class=\"elementor-element elementor-element-301a202 elementor-widget elementor-widget-text-editor\" data-id=\"301a202\" data-element_type=\"widget\" data-e-type=\"widget\" data-widget_type=\"text-editor.default\">\n\t\t\t\t<div class=\"elementor-widget-container\">\n\t\t\t\t\t\t\t\t\t<p><span style=\"color: #9dbc55;\">2. dan: \u010detrtek, 23. maj 2024<\/span><\/p><p><span style=\"color: #ffffff;\">Zjutraj se bomo po zajtrku odpeljali proti Bene\u0161kemu zalivu in se v kraju Quarto d&#8217;Altino vkrcali na ladjo, s katero se bomo po reki Sile odpeljali v Bene\u0161ki zaliv in tam obiskali slikovite otoke <strong>Torcello<\/strong>, <strong>Burano<\/strong> in <strong>Murano<\/strong>. Torcello je poznan predvsem po lepo ohranjenih bizantinskih mozaikih v stari baziliki, otok Burano nas bo navdu\u0161il s svojo arhitekturo in \u0161tevilnimi kanali ter tako predstavlja Benetke v malem. Zadnji otok, Murano, je znan po muranskem steklu in steklenih izdelkih in v eni od delavnic si bomo ogledali prikaz izdelave teh svetovno znanih izdelkov. Sledila bo vo\u017enja z ladjico do pristani\u0161\u010da na reki Sile, nato pa se bomo z avtobusom vrnili domov. V Ljubljano bomo prispeli v ve\u010dernih urah.<\/span><\/p><p><span style=\"color: #ffffff;\">\u00a0<\/span><\/p>\t\t\t\t\t\t\t\t<\/div>\n\t\t\t\t<\/div>\n\t\t\t\t\t<\/div>\n\t\t<\/div>\n\t\t\t\t\t<\/div>\n\t\t<\/section>\n\t\t\t\t<section class=\"elementor-section elementor-top-section elementor-element elementor-element-13222a7 elementor-section-boxed elementor-section-height-default elementor-section-height-default\" data-id=\"13222a7\" data-element_type=\"section\" data-e-type=\"section\">\n\t\t\t\t\t\t<div class=\"elementor-container elementor-column-gap-default\">\n\t\t\t\t\t<div class=\"elementor-column elementor-col-33 elementor-top-column elementor-element elementor-element-0974186\" data-id=\"0974186\" data-element_type=\"column\" data-e-type=\"column\">\n\t\t\t<div class=\"elementor-widget-wrap elementor-element-populated\">\n\t\t\t\t\t\t<div class=\"elementor-element elementor-element-e216be9 elementor-widget elementor-widget-image\" data-id=\"e216be9\" data-element_type=\"widget\" data-e-type=\"widget\" data-widget_type=\"image.default\">\n\t\t\t\t<div class=\"elementor-widget-container\">\n\t\t\t\t\t\t\t\t\t\t\t\t\t\t\t<img loading=\"lazy\" decoding=\"async\" width=\"873\" height=\"873\" src=\"https:\/\/natoura.si\/wp-content\/uploads\/2023\/12\/Torcello.gif\" class=\"attachment-large size-large wp-image-12452\" alt=\"\" \/>\t\t\t\t\t\t\t\t\t\t\t\t\t\t\t<\/div>\n\t\t\t\t<\/div>\n\t\t\t\t\t<\/div>\n\t\t<\/div>\n\t\t\t\t<div class=\"elementor-column elementor-col-33 elementor-top-column elementor-element elementor-element-5ab47b0\" data-id=\"5ab47b0\" data-element_type=\"column\" data-e-type=\"column\">\n\t\t\t<div class=\"elementor-widget-wrap elementor-element-populated\">\n\t\t\t\t\t\t<div class=\"elementor-element elementor-element-1f4dc77 elementor-widget elementor-widget-image\" data-id=\"1f4dc77\" data-element_type=\"widget\" data-e-type=\"widget\" data-widget_type=\"image.default\">\n\t\t\t\t<div class=\"elementor-widget-container\">\n\t\t\t\t\t\t\t\t\t\t\t\t\t\t\t<img loading=\"lazy\" decoding=\"async\" width=\"958\" height=\"958\" src=\"https:\/\/natoura.si\/wp-content\/uploads\/2023\/12\/Burano.gif\" class=\"attachment-large size-large wp-image-12453\" alt=\"\" \/>\t\t\t\t\t\t\t\t\t\t\t\t\t\t\t<\/div>\n\t\t\t\t<\/div>\n\t\t\t\t\t<\/div>\n\t\t<\/div>\n\t\t\t\t<div class=\"elementor-column elementor-col-33 elementor-top-column elementor-element elementor-element-63efb74\" data-id=\"63efb74\" data-element_type=\"column\" data-e-type=\"column\">\n\t\t\t<div class=\"elementor-widget-wrap elementor-element-populated\">\n\t\t\t\t\t\t<div class=\"elementor-element elementor-element-58c2cc6 elementor-widget elementor-widget-image\" data-id=\"58c2cc6\" data-element_type=\"widget\" data-e-type=\"widget\" data-widget_type=\"image.default\">\n\t\t\t\t<div class=\"elementor-widget-container\">\n\t\t\t\t\t\t\t\t\t\t\t\t\t\t\t<img loading=\"lazy\" decoding=\"async\" width=\"718\" height=\"718\" src=\"https:\/\/natoura.si\/wp-content\/uploads\/2023\/12\/Murano.gif\" class=\"attachment-large size-large wp-image-12454\" alt=\"\" \/>\t\t\t\t\t\t\t\t\t\t\t\t\t\t\t<\/div>\n\t\t\t\t<\/div>\n\t\t\t\t\t<\/div>\n\t\t<\/div>\n\t\t\t\t\t<\/div>\n\t\t<\/section>\n\t\t\t\t<section class=\"elementor-section elementor-top-section elementor-element elementor-element-222ae8b elementor-section-boxed elementor-section-height-default elementor-section-height-default\" data-id=\"222ae8b\" data-element_type=\"section\" data-e-type=\"section\">\n\t\t\t\t\t\t<div class=\"elementor-container elementor-column-gap-default\">\n\t\t\t\t\t<div class=\"elementor-column elementor-col-100 elementor-top-column elementor-element elementor-element-4ea3ece\" data-id=\"4ea3ece\" data-element_type=\"column\" data-e-type=\"column\">\n\t\t\t<div class=\"elementor-widget-wrap\">\n\t\t\t\t\t\t\t<\/div>\n\t\t<\/div>\n\t\t\t\t\t<\/div>\n\t\t<\/section>\n\t\t\t\t<section class=\"elementor-section elementor-top-section elementor-element elementor-element-658ba09 elementor-section-boxed elementor-section-height-default elementor-section-height-default\" data-id=\"658ba09\" data-element_type=\"section\" data-e-type=\"section\">\n\t\t\t\t\t\t<div class=\"elementor-container elementor-column-gap-default\">\n\t\t\t\t\t<div class=\"elementor-column elementor-col-100 elementor-top-column elementor-element elementor-element-4498596\" data-id=\"4498596\" data-element_type=\"column\" data-e-type=\"column\">\n\t\t\t<div class=\"elementor-widget-wrap elementor-element-populated\">\n\t\t\t\t\t\t<div class=\"elementor-element elementor-element-2a2d8c9 elementor-widget elementor-widget-text-editor\" data-id=\"2a2d8c9\" data-element_type=\"widget\" data-e-type=\"widget\" data-widget_type=\"text-editor.default\">\n\t\t\t\t<div class=\"elementor-widget-container\">\n\t\t\t\t\t\t\t\t\t<p><span style=\"font-family: Poppins; font-size: 14px; color: #ffffff;\">Avtorica programa in fotografij: \u00a9 Janja Benedik, 2011-2023.<\/span><\/p><p><span style=\"color: #ffffff;\"><span style=\"font-family: Poppins; font-size: 14px;\">Or<\/span><span style=\"font-family: Poppins; font-size: 14px;\">ganizator in izvajalec programa: \u00a9 naTOURa, Janja Benedik s. p., 2023-2024.<\/span><\/span><\/p>\t\t\t\t\t\t\t\t<\/div>\n\t\t\t\t<\/div>\n\t\t\t\t\t<\/div>\n\t\t<\/div>\n\t\t\t\t\t<\/div>\n\t\t<\/section>\n\t\t\t\t<\/div>","protected":false},"excerpt":{"rendered":"<p>1. dan: sreda, 22. maj 2024 V jutranjih urah se bomo odpeljali iz Ljubljane z minibusom in pot nas bo vodila po primorski avtocesti, kjerTour Details<\/p>","protected":false},"author":1,"featured_media":12449,"parent":0,"menu_order":0,"comment_status":"closed","ping_status":"closed","template":"","meta":{"footnotes":""},"class_list":["post-12447","page","type-page","status-publish","has-post-thumbnail","hentry"],"_links":{"self":[{"href":"https:\/\/natoura.si\/en\/wp-json\/wp\/v2\/pages\/12447","targetHints":{"allow":["GET"]}}],"collection":[{"href":"https:\/\/natoura.si\/en\/wp-json\/wp\/v2\/pages"}],"about":[{"href":"https:\/\/natoura.si\/en\/wp-json\/wp\/v2\/types\/page"}],"author":[{"embeddable":true,"href":"https:\/\/natoura.si\/en\/wp-json\/wp\/v2\/users\/1"}],"replies":[{"embeddable":true,"href":"https:\/\/natoura.si\/en\/wp-json\/wp\/v2\/comments?post=12447"}],"version-history":[{"count":15,"href":"https:\/\/natoura.si\/en\/wp-json\/wp\/v2\/pages\/12447\/revisions"}],"predecessor-version":[{"id":12479,"href":"https:\/\/natoura.si\/en\/wp-json\/wp\/v2\/pages\/12447\/revisions\/12479"}],"wp:featuredmedia":[{"embeddable":true,"href":"https:\/\/natoura.si\/en\/wp-json\/wp\/v2\/media\/12449"}],"wp:attachment":[{"href":"https:\/\/natoura.si\/en\/wp-json\/wp\/v2\/media?parent=12447"}],"curies":[{"name":"wp","href":"https:\/\/api.w.org\/{rel}","templated":true}]}}