{"id":11535,"date":"2023-09-03T15:34:10","date_gmt":"2023-09-03T15:34:10","guid":{"rendered":"https:\/\/natoura.si\/?page_id=11535"},"modified":"2023-09-03T16:10:53","modified_gmt":"2023-09-03T16:10:53","slug":"kuzeljska-stena-in-kostelsko-program","status":"publish","type":"page","link":"https:\/\/natoura.si\/en\/kuzeljska-stena-in-kostelsko-program\/","title":{"rendered":"Ku\u017eeljska stena in Kostelsko &#8211; program"},"content":{"rendered":"<div data-elementor-type=\"wp-page\" data-elementor-id=\"11535\" class=\"elementor elementor-11535\" data-elementor-post-type=\"page\">\n\t\t\t\t\t\t<section class=\"elementor-section elementor-top-section elementor-element elementor-element-00a3d77 elementor-section-boxed elementor-section-height-default elementor-section-height-default\" data-id=\"00a3d77\" data-element_type=\"section\" data-e-type=\"section\">\n\t\t\t\t\t\t<div class=\"elementor-container elementor-column-gap-default\">\n\t\t\t\t\t<div class=\"elementor-column elementor-col-25 elementor-top-column elementor-element elementor-element-e165c28\" data-id=\"e165c28\" data-element_type=\"column\" data-e-type=\"column\">\n\t\t\t<div class=\"elementor-widget-wrap elementor-element-populated\">\n\t\t\t\t\t\t<div class=\"elementor-element elementor-element-db0cba6 elementor-widget elementor-widget-image\" data-id=\"db0cba6\" data-element_type=\"widget\" data-e-type=\"widget\" data-widget_type=\"image.default\">\n\t\t\t\t<div class=\"elementor-widget-container\">\n\t\t\t\t\t\t\t\t\t\t\t\t\t\t\t<img fetchpriority=\"high\" decoding=\"async\" width=\"800\" height=\"800\" src=\"https:\/\/natoura.si\/wp-content\/uploads\/2023\/09\/Kuzeljska-stena.gif\" class=\"attachment-large size-large wp-image-11538\" alt=\"\" \/>\t\t\t\t\t\t\t\t\t\t\t\t\t\t\t<\/div>\n\t\t\t\t<\/div>\n\t\t\t\t\t<\/div>\n\t\t<\/div>\n\t\t\t\t<div class=\"elementor-column elementor-col-25 elementor-top-column elementor-element elementor-element-47daee3\" data-id=\"47daee3\" data-element_type=\"column\" data-e-type=\"column\">\n\t\t\t<div class=\"elementor-widget-wrap elementor-element-populated\">\n\t\t\t\t\t\t<div class=\"elementor-element elementor-element-9bb1b76 elementor-widget elementor-widget-image\" data-id=\"9bb1b76\" data-element_type=\"widget\" data-e-type=\"widget\" data-widget_type=\"image.default\">\n\t\t\t\t<div class=\"elementor-widget-container\">\n\t\t\t\t\t\t\t\t\t\t\t\t\t\t\t<img decoding=\"async\" width=\"800\" height=\"800\" src=\"https:\/\/natoura.si\/wp-content\/uploads\/2023\/09\/Kuzeljsko-okno.gif\" class=\"attachment-large size-large wp-image-11531\" alt=\"\" \/>\t\t\t\t\t\t\t\t\t\t\t\t\t\t\t<\/div>\n\t\t\t\t<\/div>\n\t\t\t\t\t<\/div>\n\t\t<\/div>\n\t\t\t\t<div class=\"elementor-column elementor-col-25 elementor-top-column elementor-element elementor-element-d4f6483\" data-id=\"d4f6483\" data-element_type=\"column\" data-e-type=\"column\">\n\t\t\t<div class=\"elementor-widget-wrap elementor-element-populated\">\n\t\t\t\t\t\t<div class=\"elementor-element elementor-element-f989639 elementor-widget elementor-widget-image\" data-id=\"f989639\" data-element_type=\"widget\" data-e-type=\"widget\" data-widget_type=\"image.default\">\n\t\t\t\t<div class=\"elementor-widget-container\">\n\t\t\t\t\t\t\t\t\t\t\t\t\t\t\t<img decoding=\"async\" width=\"800\" height=\"800\" src=\"https:\/\/natoura.si\/wp-content\/uploads\/2023\/09\/Kuzeljska-stena2.gif\" class=\"attachment-large size-large wp-image-11539\" alt=\"\" \/>\t\t\t\t\t\t\t\t\t\t\t\t\t\t\t<\/div>\n\t\t\t\t<\/div>\n\t\t\t\t\t<\/div>\n\t\t<\/div>\n\t\t\t\t<div class=\"elementor-column elementor-col-25 elementor-top-column elementor-element elementor-element-8e200d9\" data-id=\"8e200d9\" data-element_type=\"column\" data-e-type=\"column\">\n\t\t\t<div class=\"elementor-widget-wrap elementor-element-populated\">\n\t\t\t\t\t\t<div class=\"elementor-element elementor-element-6fdc5ba elementor-widget elementor-widget-image\" data-id=\"6fdc5ba\" data-element_type=\"widget\" data-e-type=\"widget\" data-widget_type=\"image.default\">\n\t\t\t\t<div class=\"elementor-widget-container\">\n\t\t\t\t\t\t\t\t\t\t\t\t\t\t\t<img loading=\"lazy\" decoding=\"async\" width=\"800\" height=\"800\" src=\"https:\/\/natoura.si\/wp-content\/uploads\/2023\/09\/Steza.gif\" class=\"attachment-large size-large wp-image-11540\" alt=\"\" \/>\t\t\t\t\t\t\t\t\t\t\t\t\t\t\t<\/div>\n\t\t\t\t<\/div>\n\t\t\t\t\t<\/div>\n\t\t<\/div>\n\t\t\t\t\t<\/div>\n\t\t<\/section>\n\t\t\t\t<section class=\"elementor-section elementor-top-section elementor-element elementor-element-b27de2f elementor-section-boxed elementor-section-height-default elementor-section-height-default\" data-id=\"b27de2f\" data-element_type=\"section\" data-e-type=\"section\">\n\t\t\t\t\t\t<div class=\"elementor-container elementor-column-gap-default\">\n\t\t\t\t\t<div class=\"elementor-column elementor-col-100 elementor-top-column elementor-element elementor-element-b701ce8\" data-id=\"b701ce8\" data-element_type=\"column\" data-e-type=\"column\">\n\t\t\t<div class=\"elementor-widget-wrap\">\n\t\t\t\t\t\t\t<\/div>\n\t\t<\/div>\n\t\t\t\t\t<\/div>\n\t\t<\/section>\n\t\t\t\t<section class=\"elementor-section elementor-top-section elementor-element elementor-element-be108fd elementor-section-boxed elementor-section-height-default elementor-section-height-default\" data-id=\"be108fd\" data-element_type=\"section\" data-e-type=\"section\">\n\t\t\t\t\t\t<div class=\"elementor-container elementor-column-gap-default\">\n\t\t\t\t\t<div class=\"elementor-column elementor-col-100 elementor-top-column elementor-element elementor-element-0dc05be\" data-id=\"0dc05be\" data-element_type=\"column\" data-e-type=\"column\">\n\t\t\t<div class=\"elementor-widget-wrap elementor-element-populated\">\n\t\t\t\t\t\t<div class=\"elementor-element elementor-element-11e1f2c elementor-widget elementor-widget-text-editor\" data-id=\"11e1f2c\" data-element_type=\"widget\" data-e-type=\"widget\" data-widget_type=\"text-editor.default\">\n\t\t\t\t<div class=\"elementor-widget-container\">\n\t\t\t\t\t\t\t\t\t<p><span style=\"color: #ffffff;\">Zjutraj se bomo odpeljali iz Ljubljane preko Ribnice in Ko\u010devja ter malo pred Banjo Loko zavili v smeri proti Stru\u017enici. Tam bomo zapustili avtobus in se pe\u0161 odpravili proti Ku\u017eeljski steni (pribli\u017eno pol ure zmernega vzpona) ter se nato po grebenu mimo Ku\u017eeljskega okna spustili v dolino (pribli\u017eno 1,5 ure hoje), kjer nas bo \u010dakal avtobus. Od tam se bomo odpeljali mimo mejnega prehoda Petrina in vasi Fara do Slapa Ne\u017eica, do katerega bo le kratek sprehod. Sledila bo \u0161e vo\u017enja do gradu Kostel, ki \u017ee precej obnovljen spet kraljuje nad Kolpsko dolino. Ogledali si bomo obnovljene dele gradu z razstavo in filmom o \u017eivljenju v Kostelski dolini neko\u010d. Sledil bo povratek v Ljubljano.<\/span><\/p>\t\t\t\t\t\t\t\t<\/div>\n\t\t\t\t<\/div>\n\t\t\t\t\t<\/div>\n\t\t<\/div>\n\t\t\t\t\t<\/div>\n\t\t<\/section>\n\t\t\t\t<section class=\"elementor-section elementor-top-section elementor-element elementor-element-ec4c9c4 elementor-section-boxed elementor-section-height-default elementor-section-height-default\" data-id=\"ec4c9c4\" data-element_type=\"section\" data-e-type=\"section\">\n\t\t\t\t\t\t<div class=\"elementor-container elementor-column-gap-default\">\n\t\t\t\t\t<div class=\"elementor-column elementor-col-100 elementor-top-column elementor-element elementor-element-dda572f\" data-id=\"dda572f\" data-element_type=\"column\" data-e-type=\"column\">\n\t\t\t<div class=\"elementor-widget-wrap\">\n\t\t\t\t\t\t\t<\/div>\n\t\t<\/div>\n\t\t\t\t\t<\/div>\n\t\t<\/section>\n\t\t\t\t<section class=\"elementor-section elementor-top-section elementor-element elementor-element-055396d elementor-section-boxed elementor-section-height-default elementor-section-height-default\" data-id=\"055396d\" data-element_type=\"section\" data-e-type=\"section\">\n\t\t\t\t\t\t<div class=\"elementor-container elementor-column-gap-default\">\n\t\t\t\t\t<div class=\"elementor-column elementor-col-25 elementor-top-column elementor-element elementor-element-705bd7c\" data-id=\"705bd7c\" data-element_type=\"column\" data-e-type=\"column\">\n\t\t\t<div class=\"elementor-widget-wrap elementor-element-populated\">\n\t\t\t\t\t\t<div class=\"elementor-element elementor-element-5a75333 elementor-widget elementor-widget-image\" data-id=\"5a75333\" data-element_type=\"widget\" data-e-type=\"widget\" data-widget_type=\"image.default\">\n\t\t\t\t<div class=\"elementor-widget-container\">\n\t\t\t\t\t\t\t\t\t\t\t\t\t\t\t<img loading=\"lazy\" decoding=\"async\" width=\"800\" height=\"800\" src=\"https:\/\/natoura.si\/wp-content\/uploads\/2023\/09\/Kostel2.gif\" class=\"attachment-large size-large wp-image-11544\" alt=\"\" \/>\t\t\t\t\t\t\t\t\t\t\t\t\t\t\t<\/div>\n\t\t\t\t<\/div>\n\t\t\t\t\t<\/div>\n\t\t<\/div>\n\t\t\t\t<div class=\"elementor-column elementor-col-25 elementor-top-column elementor-element elementor-element-a84e75e\" data-id=\"a84e75e\" data-element_type=\"column\" data-e-type=\"column\">\n\t\t\t<div class=\"elementor-widget-wrap elementor-element-populated\">\n\t\t\t\t\t\t<div class=\"elementor-element elementor-element-dc97cc7 elementor-widget elementor-widget-image\" data-id=\"dc97cc7\" data-element_type=\"widget\" data-e-type=\"widget\" data-widget_type=\"image.default\">\n\t\t\t\t<div class=\"elementor-widget-container\">\n\t\t\t\t\t\t\t\t\t\t\t\t\t\t\t<img loading=\"lazy\" decoding=\"async\" width=\"800\" height=\"800\" src=\"https:\/\/natoura.si\/wp-content\/uploads\/2023\/09\/Kostel1.gif\" class=\"attachment-large size-large wp-image-11545\" alt=\"\" \/>\t\t\t\t\t\t\t\t\t\t\t\t\t\t\t<\/div>\n\t\t\t\t<\/div>\n\t\t\t\t\t<\/div>\n\t\t<\/div>\n\t\t\t\t<div class=\"elementor-column elementor-col-25 elementor-top-column elementor-element elementor-element-91317db\" data-id=\"91317db\" data-element_type=\"column\" data-e-type=\"column\">\n\t\t\t<div class=\"elementor-widget-wrap elementor-element-populated\">\n\t\t\t\t\t\t<div class=\"elementor-element elementor-element-4ee81f7 elementor-widget elementor-widget-image\" data-id=\"4ee81f7\" data-element_type=\"widget\" data-e-type=\"widget\" data-widget_type=\"image.default\">\n\t\t\t\t<div class=\"elementor-widget-container\">\n\t\t\t\t\t\t\t\t\t\t\t\t\t\t\t<img loading=\"lazy\" decoding=\"async\" width=\"800\" height=\"800\" src=\"https:\/\/natoura.si\/wp-content\/uploads\/2023\/09\/Kolpa2.gif\" class=\"attachment-large size-large wp-image-11560\" alt=\"\" \/>\t\t\t\t\t\t\t\t\t\t\t\t\t\t\t<\/div>\n\t\t\t\t<\/div>\n\t\t\t\t\t<\/div>\n\t\t<\/div>\n\t\t\t\t<div class=\"elementor-column elementor-col-25 elementor-top-column elementor-element elementor-element-3aa0210\" data-id=\"3aa0210\" data-element_type=\"column\" data-e-type=\"column\">\n\t\t\t<div class=\"elementor-widget-wrap elementor-element-populated\">\n\t\t\t\t\t\t<div class=\"elementor-element elementor-element-b8f168c elementor-widget elementor-widget-image\" data-id=\"b8f168c\" data-element_type=\"widget\" data-e-type=\"widget\" data-widget_type=\"image.default\">\n\t\t\t\t<div class=\"elementor-widget-container\">\n\t\t\t\t\t\t\t\t\t\t\t\t\t\t\t<img loading=\"lazy\" decoding=\"async\" width=\"800\" height=\"800\" src=\"https:\/\/natoura.si\/wp-content\/uploads\/2023\/09\/Nezica.gif\" class=\"attachment-large size-large wp-image-11547\" alt=\"\" \/>\t\t\t\t\t\t\t\t\t\t\t\t\t\t\t<\/div>\n\t\t\t\t<\/div>\n\t\t\t\t\t<\/div>\n\t\t<\/div>\n\t\t\t\t\t<\/div>\n\t\t<\/section>\n\t\t\t\t<section class=\"elementor-section elementor-top-section elementor-element elementor-element-2f5ab65 elementor-section-boxed elementor-section-height-default elementor-section-height-default\" data-id=\"2f5ab65\" data-element_type=\"section\" data-e-type=\"section\">\n\t\t\t\t\t\t<div class=\"elementor-container elementor-column-gap-default\">\n\t\t\t\t\t<div class=\"elementor-column elementor-col-100 elementor-top-column elementor-element elementor-element-eef2e72\" data-id=\"eef2e72\" data-element_type=\"column\" data-e-type=\"column\">\n\t\t\t<div class=\"elementor-widget-wrap elementor-element-populated\">\n\t\t\t\t\t\t<div class=\"elementor-element elementor-element-681c6d4 elementor-widget elementor-widget-spacer\" data-id=\"681c6d4\" data-element_type=\"widget\" data-e-type=\"widget\" data-widget_type=\"spacer.default\">\n\t\t\t\t<div class=\"elementor-widget-container\">\n\t\t\t\t\t\t\t<div class=\"elementor-spacer\">\n\t\t\t<div class=\"elementor-spacer-inner\"><\/div>\n\t\t<\/div>\n\t\t\t\t\t\t<\/div>\n\t\t\t\t<\/div>\n\t\t\t\t\t<\/div>\n\t\t<\/div>\n\t\t\t\t\t<\/div>\n\t\t<\/section>\n\t\t\t\t<section class=\"elementor-section elementor-top-section elementor-element elementor-element-b82a39f elementor-section-boxed elementor-section-height-default elementor-section-height-default\" data-id=\"b82a39f\" data-element_type=\"section\" data-e-type=\"section\">\n\t\t\t\t\t\t<div class=\"elementor-container elementor-column-gap-default\">\n\t\t\t\t\t<div class=\"elementor-column elementor-col-100 elementor-top-column elementor-element elementor-element-a036de3\" data-id=\"a036de3\" data-element_type=\"column\" data-e-type=\"column\">\n\t\t\t<div class=\"elementor-widget-wrap elementor-element-populated\">\n\t\t\t\t\t\t<div class=\"elementor-element elementor-element-ec3f929 elementor-widget elementor-widget-text-editor\" data-id=\"ec3f929\" data-element_type=\"widget\" data-e-type=\"widget\" data-widget_type=\"text-editor.default\">\n\t\t\t\t<div class=\"elementor-widget-container\">\n\t\t\t\t\t\t\t\t\t<p><span style=\"font-family: Poppins; color: #ffffff;\">Vodstvo: Janja Benedik.<\/span><\/p><p><span style=\"color: #f56450;\">PODROBNEJ\u0160E INFORMACIJE O IZLETU BOSTE PRIJAVLJENI PREJELI PO ELEKTRONSKI PO\u0160TI NEKAJ DNI PRED ODHODOM.<\/span><\/p>\t\t\t\t\t\t\t\t<\/div>\n\t\t\t\t<\/div>\n\t\t\t\t\t<\/div>\n\t\t<\/div>\n\t\t\t\t\t<\/div>\n\t\t<\/section>\n\t\t\t\t<section class=\"elementor-section elementor-top-section elementor-element elementor-element-5ffab85 elementor-section-boxed elementor-section-height-default elementor-section-height-default\" data-id=\"5ffab85\" data-element_type=\"section\" data-e-type=\"section\">\n\t\t\t\t\t\t<div class=\"elementor-container elementor-column-gap-default\">\n\t\t\t\t\t<div class=\"elementor-column elementor-col-100 elementor-top-column elementor-element elementor-element-7b795d5\" data-id=\"7b795d5\" data-element_type=\"column\" data-e-type=\"column\">\n\t\t\t<div class=\"elementor-widget-wrap elementor-element-populated\">\n\t\t\t\t\t\t<div class=\"elementor-element elementor-element-e70fe8c elementor-widget elementor-widget-text-editor\" data-id=\"e70fe8c\" data-element_type=\"widget\" data-e-type=\"widget\" data-widget_type=\"text-editor.default\">\n\t\t\t\t<div class=\"elementor-widget-container\">\n\t\t\t\t\t\t\t\t\t<p class=\"translation-block\"><span style=\"color: #ffffff\"><a style=\"color: #ffffff\" href=\"https:\/\/natoura.si\/en\/splosni-pogoji-poslovanja\/\" target=\"_self\">The general terms and conditions are an integral part of the program. They are available on the website https:\/\/natoura.si.<\/span><\/p><p><span style=\"color: #ffffff;\">Author of the program and photos: \u00a9 Janja Benedik.<\/span><\/p><p><span style=\"color: #ffffff;\"><span style=\"font-family: Poppins;\">Organizator in izvajalec izleta: \u00a9 <span style=\"font-family: Nothing You Could Do; font-size: 14pt;\">naTOURa<\/span>, Janja Benedik, s. p., <\/span><span style=\"font-family: Poppins;\">2023.<\/span><\/span><\/p><div id=\"kpm-root\" class=\"kpm_LTR\">\u00a0<\/div>\t\t\t\t\t\t\t\t<\/div>\n\t\t\t\t<\/div>\n\t\t\t\t\t<\/div>\n\t\t<\/div>\n\t\t\t\t\t<\/div>\n\t\t<\/section>\n\t\t\t\t<\/div>","protected":false},"excerpt":{"rendered":"<p>Zjutraj se bomo odpeljali iz Ljubljane preko Ribnice in Ko\u010devja ter malo pred Banjo Loko zavili v smeri proti Stru\u017enici. Tam bomo zapustili avtobus inTour Details<\/p>","protected":false},"author":1,"featured_media":11536,"parent":0,"menu_order":0,"comment_status":"closed","ping_status":"closed","template":"","meta":{"footnotes":""},"class_list":["post-11535","page","type-page","status-publish","has-post-thumbnail","hentry"],"_links":{"self":[{"href":"https:\/\/natoura.si\/en\/wp-json\/wp\/v2\/pages\/11535","targetHints":{"allow":["GET"]}}],"collection":[{"href":"https:\/\/natoura.si\/en\/wp-json\/wp\/v2\/pages"}],"about":[{"href":"https:\/\/natoura.si\/en\/wp-json\/wp\/v2\/types\/page"}],"author":[{"embeddable":true,"href":"https:\/\/natoura.si\/en\/wp-json\/wp\/v2\/users\/1"}],"replies":[{"embeddable":true,"href":"https:\/\/natoura.si\/en\/wp-json\/wp\/v2\/comments?post=11535"}],"version-history":[{"count":10,"href":"https:\/\/natoura.si\/en\/wp-json\/wp\/v2\/pages\/11535\/revisions"}],"predecessor-version":[{"id":11563,"href":"https:\/\/natoura.si\/en\/wp-json\/wp\/v2\/pages\/11535\/revisions\/11563"}],"wp:featuredmedia":[{"embeddable":true,"href":"https:\/\/natoura.si\/en\/wp-json\/wp\/v2\/media\/11536"}],"wp:attachment":[{"href":"https:\/\/natoura.si\/en\/wp-json\/wp\/v2\/media?parent=11535"}],"curies":[{"name":"wp","href":"https:\/\/api.w.org\/{rel}","templated":true}]}}