{"id":11378,"date":"2023-08-06T20:44:06","date_gmt":"2023-08-06T20:44:06","guid":{"rendered":"https:\/\/natoura.si\/?page_id=11378"},"modified":"2023-08-06T20:50:09","modified_gmt":"2023-08-06T20:50:09","slug":"poplave-in-kosutin-mladic","status":"publish","type":"page","link":"https:\/\/natoura.si\/en\/poplave-in-kosutin-mladic\/","title":{"rendered":"Floods and a doe's fawn"},"content":{"rendered":"<div data-elementor-type=\"wp-page\" data-elementor-id=\"11378\" class=\"elementor elementor-11378\" data-elementor-post-type=\"page\">\n\t\t\t\t\t\t<section class=\"elementor-section elementor-top-section elementor-element elementor-element-d869ab6 elementor-section-boxed elementor-section-height-default elementor-section-height-default\" data-id=\"d869ab6\" data-element_type=\"section\" data-e-type=\"section\">\n\t\t\t\t\t\t<div class=\"elementor-container elementor-column-gap-default\">\n\t\t\t\t\t<div class=\"elementor-column elementor-col-100 elementor-top-column elementor-element elementor-element-854bc97\" data-id=\"854bc97\" data-element_type=\"column\" data-e-type=\"column\">\n\t\t\t<div class=\"elementor-widget-wrap elementor-element-populated\">\n\t\t\t\t\t\t<div class=\"elementor-element elementor-element-e9365ff elementor-widget elementor-widget-text-editor\" data-id=\"e9365ff\" data-element_type=\"widget\" data-e-type=\"widget\" data-widget_type=\"text-editor.default\">\n\t\t\t\t<div class=\"elementor-widget-container\">\n\t\t\t\t\t\t\t\t\t<p><span style=\"color: #ffffff;\">In mid-May 2014, heavy rainfall caused devastating floods in parts of Croatia, Bosnia and Herzegovina, and Serbia. I remember the horrific television footage and the aid that arrived from across Europe to the affected region of the Balkans.<\/span><\/p>\t\t\t\t\t\t\t\t<\/div>\n\t\t\t\t<\/div>\n\t\t\t\t\t<\/div>\n\t\t<\/div>\n\t\t\t\t\t<\/div>\n\t\t<\/section>\n\t\t\t\t<section class=\"elementor-section elementor-top-section elementor-element elementor-element-6bb13bf elementor-section-boxed elementor-section-height-default elementor-section-height-default\" data-id=\"6bb13bf\" data-element_type=\"section\" data-e-type=\"section\">\n\t\t\t\t\t\t<div class=\"elementor-container elementor-column-gap-default\">\n\t\t\t\t\t<div class=\"elementor-column elementor-col-33 elementor-top-column elementor-element elementor-element-2d5e72a\" data-id=\"2d5e72a\" data-element_type=\"column\" data-e-type=\"column\">\n\t\t\t<div class=\"elementor-widget-wrap elementor-element-populated\">\n\t\t\t\t\t\t<div class=\"elementor-element elementor-element-b728136 elementor-widget elementor-widget-image\" data-id=\"b728136\" data-element_type=\"widget\" data-e-type=\"widget\" data-widget_type=\"image.default\">\n\t\t\t\t<div class=\"elementor-widget-container\">\n\t\t\t\t\t\t\t\t\t\t\t\t\t\t\t<img fetchpriority=\"high\" decoding=\"async\" width=\"1024\" height=\"683\" src=\"https:\/\/natoura.si\/wp-content\/uploads\/2023\/08\/IMG_1006-1024x683.gif\" class=\"attachment-large size-large wp-image-11381\" alt=\"\" srcset=\"https:\/\/natoura.si\/wp-content\/uploads\/2023\/08\/IMG_1006-1024x683.gif 1024w, https:\/\/natoura.si\/wp-content\/uploads\/2023\/08\/IMG_1006-300x200.gif 300w, https:\/\/natoura.si\/wp-content\/uploads\/2023\/08\/IMG_1006-768x512.gif 768w, https:\/\/natoura.si\/wp-content\/uploads\/2023\/08\/IMG_1006-18x12.gif 18w\" sizes=\"(max-width: 1024px) 100vw, 1024px\" \/>\t\t\t\t\t\t\t\t\t\t\t\t\t\t\t<\/div>\n\t\t\t\t<\/div>\n\t\t\t\t\t<\/div>\n\t\t<\/div>\n\t\t\t\t<div class=\"elementor-column elementor-col-33 elementor-top-column elementor-element elementor-element-a6b80df\" data-id=\"a6b80df\" data-element_type=\"column\" data-e-type=\"column\">\n\t\t\t<div class=\"elementor-widget-wrap elementor-element-populated\">\n\t\t\t\t\t\t<div class=\"elementor-element elementor-element-78e728c elementor-widget elementor-widget-image\" data-id=\"78e728c\" data-element_type=\"widget\" data-e-type=\"widget\" data-widget_type=\"image.default\">\n\t\t\t\t<div class=\"elementor-widget-container\">\n\t\t\t\t\t\t\t\t\t\t\t\t\t\t\t<img decoding=\"async\" width=\"1024\" height=\"683\" src=\"https:\/\/natoura.si\/wp-content\/uploads\/2023\/08\/IMG_0957-1024x683.gif\" class=\"attachment-large size-large wp-image-11382\" alt=\"\" srcset=\"https:\/\/natoura.si\/wp-content\/uploads\/2023\/08\/IMG_0957-1024x683.gif 1024w, https:\/\/natoura.si\/wp-content\/uploads\/2023\/08\/IMG_0957-300x200.gif 300w, https:\/\/natoura.si\/wp-content\/uploads\/2023\/08\/IMG_0957-768x512.gif 768w, https:\/\/natoura.si\/wp-content\/uploads\/2023\/08\/IMG_0957-18x12.gif 18w\" sizes=\"(max-width: 1024px) 100vw, 1024px\" \/>\t\t\t\t\t\t\t\t\t\t\t\t\t\t\t<\/div>\n\t\t\t\t<\/div>\n\t\t\t\t\t<\/div>\n\t\t<\/div>\n\t\t\t\t<div class=\"elementor-column elementor-col-33 elementor-top-column elementor-element elementor-element-4a8b7d4\" data-id=\"4a8b7d4\" data-element_type=\"column\" data-e-type=\"column\">\n\t\t\t<div class=\"elementor-widget-wrap elementor-element-populated\">\n\t\t\t\t\t\t<div class=\"elementor-element elementor-element-5a3653b elementor-widget elementor-widget-image\" data-id=\"5a3653b\" data-element_type=\"widget\" data-e-type=\"widget\" data-widget_type=\"image.default\">\n\t\t\t\t<div class=\"elementor-widget-container\">\n\t\t\t\t\t\t\t\t\t\t\t\t\t\t\t<img decoding=\"async\" width=\"1024\" height=\"683\" src=\"https:\/\/natoura.si\/wp-content\/uploads\/2023\/08\/IMG_0964-1024x683.gif\" class=\"attachment-large size-large wp-image-11383\" alt=\"\" srcset=\"https:\/\/natoura.si\/wp-content\/uploads\/2023\/08\/IMG_0964-1024x683.gif 1024w, https:\/\/natoura.si\/wp-content\/uploads\/2023\/08\/IMG_0964-300x200.gif 300w, https:\/\/natoura.si\/wp-content\/uploads\/2023\/08\/IMG_0964-768x512.gif 768w, https:\/\/natoura.si\/wp-content\/uploads\/2023\/08\/IMG_0964-18x12.gif 18w\" sizes=\"(max-width: 1024px) 100vw, 1024px\" \/>\t\t\t\t\t\t\t\t\t\t\t\t\t\t\t<\/div>\n\t\t\t\t<\/div>\n\t\t\t\t\t<\/div>\n\t\t<\/div>\n\t\t\t\t\t<\/div>\n\t\t<\/section>\n\t\t\t\t<section class=\"elementor-section elementor-top-section elementor-element elementor-element-5afa379 elementor-section-boxed elementor-section-height-default elementor-section-height-default\" data-id=\"5afa379\" data-element_type=\"section\" data-e-type=\"section\">\n\t\t\t\t\t\t<div class=\"elementor-container elementor-column-gap-default\">\n\t\t\t\t\t<div class=\"elementor-column elementor-col-100 elementor-top-column elementor-element elementor-element-96fd70f\" data-id=\"96fd70f\" data-element_type=\"column\" data-e-type=\"column\">\n\t\t\t<div class=\"elementor-widget-wrap elementor-element-populated\">\n\t\t\t\t\t\t<div class=\"elementor-element elementor-element-e786d5e elementor-widget elementor-widget-text-editor\" data-id=\"e786d5e\" data-element_type=\"widget\" data-e-type=\"widget\" data-widget_type=\"text-editor.default\">\n\t\t\t\t<div class=\"elementor-widget-container\">\n\t\t\t\t\t\t\t\t\t<p><span style=\"color: #ffffff;\">At the end of May, I organised a trip to Kopa\u010dki rit, on the border between Croatia and Serbia, where the Drava River flows into the Danube. The large wetland had been heavily flooded, but by the time we arrived, the water level had already dropped enough for the park authorities to assure us that boating was safe. However, when we arrived, the water level was still very high, and vast areas of water covered parts of meadows and forests that are rarely flooded. We set off in boats to explore the flooded area between the confluence of the two large rivers, and experts from the park told us about the largest wetland in Croatia and described the situation during the floods. After a while, we heard the desperate calls of a doe and her calf, so the park's conservationists directed their boats towards the sound. We witnessed a shocking scene: a doe was standing on the bank, calling for her calf, who had fallen into the water and, fortunately, had become caught in the flooded bushes but was unable to escape. The men from the park jumped out of their boats, rescued the young fawn from the tangled branches, and brought it to one of our boats, although we had expected them to return it to its mother. The fawn was shaking with fear and was clearly in shock from the ordeal. The doe was confused and followed our boats for a while, but had to give up when she reached the water's edge and could go no further. We asked why the fawn had not been returned to its mother and were told that it would first be taken to the vet and given proper care if necessary, as it could have been injured while trying to find its way through the tangled branches. Once they were sure that it was unharmed, they would return it to the place where they found it, as its mother would definitely be waiting for it there.<\/span><\/p>\t\t\t\t\t\t\t\t<\/div>\n\t\t\t\t<\/div>\n\t\t\t\t\t<\/div>\n\t\t<\/div>\n\t\t\t\t\t<\/div>\n\t\t<\/section>\n\t\t\t\t<section class=\"elementor-section elementor-top-section elementor-element elementor-element-982041b elementor-section-boxed elementor-section-height-default elementor-section-height-default\" data-id=\"982041b\" data-element_type=\"section\" data-e-type=\"section\">\n\t\t\t\t\t\t<div class=\"elementor-container elementor-column-gap-default\">\n\t\t\t\t\t<div class=\"elementor-column elementor-col-33 elementor-top-column elementor-element elementor-element-f68f609\" data-id=\"f68f609\" data-element_type=\"column\" data-e-type=\"column\">\n\t\t\t<div class=\"elementor-widget-wrap elementor-element-populated\">\n\t\t\t\t\t\t<div class=\"elementor-element elementor-element-0d44c4c elementor-widget elementor-widget-image\" data-id=\"0d44c4c\" data-element_type=\"widget\" data-e-type=\"widget\" data-widget_type=\"image.default\">\n\t\t\t\t<div class=\"elementor-widget-container\">\n\t\t\t\t\t\t\t\t\t\t\t\t\t\t\t<img loading=\"lazy\" decoding=\"async\" width=\"1024\" height=\"683\" src=\"https:\/\/natoura.si\/wp-content\/uploads\/2023\/08\/IMG_0851-1024x683.gif\" class=\"attachment-large size-large wp-image-11384\" alt=\"\" srcset=\"https:\/\/natoura.si\/wp-content\/uploads\/2023\/08\/IMG_0851-1024x683.gif 1024w, https:\/\/natoura.si\/wp-content\/uploads\/2023\/08\/IMG_0851-300x200.gif 300w, https:\/\/natoura.si\/wp-content\/uploads\/2023\/08\/IMG_0851-768x512.gif 768w, https:\/\/natoura.si\/wp-content\/uploads\/2023\/08\/IMG_0851-18x12.gif 18w\" sizes=\"(max-width: 1024px) 100vw, 1024px\" \/>\t\t\t\t\t\t\t\t\t\t\t\t\t\t\t<\/div>\n\t\t\t\t<\/div>\n\t\t\t\t\t<\/div>\n\t\t<\/div>\n\t\t\t\t<div class=\"elementor-column elementor-col-33 elementor-top-column elementor-element elementor-element-0ce5bd6\" data-id=\"0ce5bd6\" data-element_type=\"column\" data-e-type=\"column\">\n\t\t\t<div class=\"elementor-widget-wrap elementor-element-populated\">\n\t\t\t\t\t\t<div class=\"elementor-element elementor-element-af1c62f elementor-widget elementor-widget-image\" data-id=\"af1c62f\" data-element_type=\"widget\" data-e-type=\"widget\" data-widget_type=\"image.default\">\n\t\t\t\t<div class=\"elementor-widget-container\">\n\t\t\t\t\t\t\t\t\t\t\t\t\t\t\t<img loading=\"lazy\" decoding=\"async\" width=\"1024\" height=\"683\" src=\"https:\/\/natoura.si\/wp-content\/uploads\/2023\/08\/IMG_0930-1024x683.gif\" class=\"attachment-large size-large wp-image-11385\" alt=\"\" srcset=\"https:\/\/natoura.si\/wp-content\/uploads\/2023\/08\/IMG_0930-1024x683.gif 1024w, https:\/\/natoura.si\/wp-content\/uploads\/2023\/08\/IMG_0930-300x200.gif 300w, https:\/\/natoura.si\/wp-content\/uploads\/2023\/08\/IMG_0930-768x512.gif 768w, https:\/\/natoura.si\/wp-content\/uploads\/2023\/08\/IMG_0930-18x12.gif 18w\" sizes=\"(max-width: 1024px) 100vw, 1024px\" \/>\t\t\t\t\t\t\t\t\t\t\t\t\t\t\t<\/div>\n\t\t\t\t<\/div>\n\t\t\t\t\t<\/div>\n\t\t<\/div>\n\t\t\t\t<div class=\"elementor-column elementor-col-33 elementor-top-column elementor-element elementor-element-91499ac\" data-id=\"91499ac\" data-element_type=\"column\" data-e-type=\"column\">\n\t\t\t<div class=\"elementor-widget-wrap elementor-element-populated\">\n\t\t\t\t\t\t<div class=\"elementor-element elementor-element-87652f8 elementor-widget elementor-widget-image\" data-id=\"87652f8\" data-element_type=\"widget\" data-e-type=\"widget\" data-widget_type=\"image.default\">\n\t\t\t\t<div class=\"elementor-widget-container\">\n\t\t\t\t\t\t\t\t\t\t\t\t\t\t\t<img loading=\"lazy\" decoding=\"async\" width=\"1024\" height=\"683\" src=\"https:\/\/natoura.si\/wp-content\/uploads\/2023\/08\/IMG_1034-1024x683.gif\" class=\"attachment-large size-large wp-image-11386\" alt=\"\" srcset=\"https:\/\/natoura.si\/wp-content\/uploads\/2023\/08\/IMG_1034-1024x683.gif 1024w, https:\/\/natoura.si\/wp-content\/uploads\/2023\/08\/IMG_1034-300x200.gif 300w, https:\/\/natoura.si\/wp-content\/uploads\/2023\/08\/IMG_1034-768x512.gif 768w, https:\/\/natoura.si\/wp-content\/uploads\/2023\/08\/IMG_1034-18x12.gif 18w\" sizes=\"(max-width: 1024px) 100vw, 1024px\" \/>\t\t\t\t\t\t\t\t\t\t\t\t\t\t\t<\/div>\n\t\t\t\t<\/div>\n\t\t\t\t\t<\/div>\n\t\t<\/div>\n\t\t\t\t\t<\/div>\n\t\t<\/section>\n\t\t\t\t<section class=\"elementor-section elementor-top-section elementor-element elementor-element-a0aee63 elementor-section-boxed elementor-section-height-default elementor-section-height-default\" data-id=\"a0aee63\" data-element_type=\"section\" data-e-type=\"section\">\n\t\t\t\t\t\t<div class=\"elementor-container elementor-column-gap-default\">\n\t\t\t\t\t<div class=\"elementor-column elementor-col-100 elementor-top-column elementor-element elementor-element-d6c1540\" data-id=\"d6c1540\" data-element_type=\"column\" data-e-type=\"column\">\n\t\t\t<div class=\"elementor-widget-wrap elementor-element-populated\">\n\t\t\t\t\t\t<div class=\"elementor-element elementor-element-642e644 elementor-widget elementor-widget-text-editor\" data-id=\"642e644\" data-element_type=\"widget\" data-e-type=\"widget\" data-widget_type=\"text-editor.default\">\n\t\t\t\t<div class=\"elementor-widget-container\">\n\t\t\t\t\t\t\t\t\t<p><span style=\"color: #ffffff;\">After an exciting event for us, we continued with the excursion programme and later learned that the fawn was unharmed and was soon returned to land where it had slipped into the water, and that its mother had found it. It was a story with a happy ending, which could have ended differently if experts from the Kopa\u010dki rit Nature Park had not happened to pass by at that moment.<\/span><\/p>\t\t\t\t\t\t\t\t<\/div>\n\t\t\t\t<\/div>\n\t\t\t\t\t<\/div>\n\t\t<\/div>\n\t\t\t\t\t<\/div>\n\t\t<\/section>\n\t\t\t\t<section class=\"elementor-section elementor-top-section elementor-element elementor-element-916f9de elementor-section-boxed elementor-section-height-default elementor-section-height-default\" data-id=\"916f9de\" data-element_type=\"section\" data-e-type=\"section\">\n\t\t\t\t\t\t<div class=\"elementor-container elementor-column-gap-default\">\n\t\t\t\t\t<div class=\"elementor-column elementor-col-33 elementor-top-column elementor-element elementor-element-eb237c3\" data-id=\"eb237c3\" data-element_type=\"column\" data-e-type=\"column\">\n\t\t\t<div class=\"elementor-widget-wrap elementor-element-populated\">\n\t\t\t\t\t\t<div class=\"elementor-element elementor-element-b165b11 elementor-widget elementor-widget-image\" data-id=\"b165b11\" data-element_type=\"widget\" data-e-type=\"widget\" data-widget_type=\"image.default\">\n\t\t\t\t<div class=\"elementor-widget-container\">\n\t\t\t\t\t\t\t\t\t\t\t\t\t\t\t<img loading=\"lazy\" decoding=\"async\" width=\"1024\" height=\"683\" src=\"https:\/\/natoura.si\/wp-content\/uploads\/2023\/08\/IMG_0942-1024x683.gif\" class=\"attachment-large size-large wp-image-11388\" alt=\"\" srcset=\"https:\/\/natoura.si\/wp-content\/uploads\/2023\/08\/IMG_0942-1024x683.gif 1024w, https:\/\/natoura.si\/wp-content\/uploads\/2023\/08\/IMG_0942-300x200.gif 300w, https:\/\/natoura.si\/wp-content\/uploads\/2023\/08\/IMG_0942-768x512.gif 768w, https:\/\/natoura.si\/wp-content\/uploads\/2023\/08\/IMG_0942-18x12.gif 18w\" sizes=\"(max-width: 1024px) 100vw, 1024px\" \/>\t\t\t\t\t\t\t\t\t\t\t\t\t\t\t<\/div>\n\t\t\t\t<\/div>\n\t\t\t\t\t<\/div>\n\t\t<\/div>\n\t\t\t\t<div class=\"elementor-column elementor-col-33 elementor-top-column elementor-element elementor-element-3c67a50\" data-id=\"3c67a50\" data-element_type=\"column\" data-e-type=\"column\">\n\t\t\t<div class=\"elementor-widget-wrap elementor-element-populated\">\n\t\t\t\t\t\t<div class=\"elementor-element elementor-element-2f0e25e elementor-widget elementor-widget-image\" data-id=\"2f0e25e\" data-element_type=\"widget\" data-e-type=\"widget\" data-widget_type=\"image.default\">\n\t\t\t\t<div class=\"elementor-widget-container\">\n\t\t\t\t\t\t\t\t\t\t\t\t\t\t\t<img loading=\"lazy\" decoding=\"async\" width=\"1024\" height=\"683\" src=\"https:\/\/natoura.si\/wp-content\/uploads\/2023\/08\/IMG_1287-1024x683.gif\" class=\"attachment-large size-large wp-image-11387\" alt=\"\" srcset=\"https:\/\/natoura.si\/wp-content\/uploads\/2023\/08\/IMG_1287-1024x683.gif 1024w, https:\/\/natoura.si\/wp-content\/uploads\/2023\/08\/IMG_1287-300x200.gif 300w, https:\/\/natoura.si\/wp-content\/uploads\/2023\/08\/IMG_1287-768x512.gif 768w, https:\/\/natoura.si\/wp-content\/uploads\/2023\/08\/IMG_1287-18x12.gif 18w\" sizes=\"(max-width: 1024px) 100vw, 1024px\" \/>\t\t\t\t\t\t\t\t\t\t\t\t\t\t\t<\/div>\n\t\t\t\t<\/div>\n\t\t\t\t\t<\/div>\n\t\t<\/div>\n\t\t\t\t<div class=\"elementor-column elementor-col-33 elementor-top-column elementor-element elementor-element-fdeabc1\" data-id=\"fdeabc1\" data-element_type=\"column\" data-e-type=\"column\">\n\t\t\t<div class=\"elementor-widget-wrap elementor-element-populated\">\n\t\t\t\t\t\t<div class=\"elementor-element elementor-element-c004a6a elementor-widget elementor-widget-image\" data-id=\"c004a6a\" data-element_type=\"widget\" data-e-type=\"widget\" data-widget_type=\"image.default\">\n\t\t\t\t<div class=\"elementor-widget-container\">\n\t\t\t\t\t\t\t\t\t\t\t\t\t\t\t<img loading=\"lazy\" decoding=\"async\" width=\"1024\" height=\"683\" src=\"https:\/\/natoura.si\/wp-content\/uploads\/2023\/08\/IMG_0955-1024x683.gif\" class=\"attachment-large size-large wp-image-11389\" alt=\"\" srcset=\"https:\/\/natoura.si\/wp-content\/uploads\/2023\/08\/IMG_0955-1024x683.gif 1024w, https:\/\/natoura.si\/wp-content\/uploads\/2023\/08\/IMG_0955-300x200.gif 300w, https:\/\/natoura.si\/wp-content\/uploads\/2023\/08\/IMG_0955-768x512.gif 768w, https:\/\/natoura.si\/wp-content\/uploads\/2023\/08\/IMG_0955-18x12.gif 18w\" sizes=\"(max-width: 1024px) 100vw, 1024px\" \/>\t\t\t\t\t\t\t\t\t\t\t\t\t\t\t<\/div>\n\t\t\t\t<\/div>\n\t\t\t\t\t<\/div>\n\t\t<\/div>\n\t\t\t\t\t<\/div>\n\t\t<\/section>\n\t\t\t\t<section class=\"elementor-section elementor-top-section elementor-element elementor-element-c20fa4a elementor-section-boxed elementor-section-height-default elementor-section-height-default\" data-id=\"c20fa4a\" data-element_type=\"section\" data-e-type=\"section\">\n\t\t\t\t\t\t<div class=\"elementor-container elementor-column-gap-default\">\n\t\t\t\t\t<div class=\"elementor-column elementor-col-100 elementor-top-column elementor-element elementor-element-4fc1612\" data-id=\"4fc1612\" data-element_type=\"column\" data-e-type=\"column\">\n\t\t\t<div class=\"elementor-widget-wrap elementor-element-populated\">\n\t\t\t\t\t\t<div class=\"elementor-element elementor-element-35ed809 elementor-widget elementor-widget-text-editor\" data-id=\"35ed809\" data-element_type=\"widget\" data-e-type=\"widget\" data-widget_type=\"text-editor.default\">\n\t\t\t\t<div class=\"elementor-widget-container\">\n\t\t\t\t\t\t\t\t\t<p><span style=\"color: #ffffff;\">Kranj, 6. 8. 2023<\/span><\/p>\t\t\t\t\t\t\t\t<\/div>\n\t\t\t\t<\/div>\n\t\t\t\t\t<\/div>\n\t\t<\/div>\n\t\t\t\t\t<\/div>\n\t\t<\/section>\n\t\t\t\t<\/div>","protected":false},"excerpt":{"rendered":"<p>V sredini maja leta 2014 so obilne padavine povzro\u010dile uni\u010dujo\u010de poplave v delu Hrva\u0161ke, Bosne in Hercegovine ter Srbije. Spomnim se grozljivih posnetkov s televizijeTour Details<\/p>","protected":false},"author":1,"featured_media":11379,"parent":0,"menu_order":0,"comment_status":"closed","ping_status":"closed","template":"","meta":{"footnotes":""},"class_list":["post-11378","page","type-page","status-publish","has-post-thumbnail","hentry"],"_links":{"self":[{"href":"https:\/\/natoura.si\/en\/wp-json\/wp\/v2\/pages\/11378","targetHints":{"allow":["GET"]}}],"collection":[{"href":"https:\/\/natoura.si\/en\/wp-json\/wp\/v2\/pages"}],"about":[{"href":"https:\/\/natoura.si\/en\/wp-json\/wp\/v2\/types\/page"}],"author":[{"embeddable":true,"href":"https:\/\/natoura.si\/en\/wp-json\/wp\/v2\/users\/1"}],"replies":[{"embeddable":true,"href":"https:\/\/natoura.si\/en\/wp-json\/wp\/v2\/comments?post=11378"}],"version-history":[{"count":4,"href":"https:\/\/natoura.si\/en\/wp-json\/wp\/v2\/pages\/11378\/revisions"}],"predecessor-version":[{"id":11392,"href":"https:\/\/natoura.si\/en\/wp-json\/wp\/v2\/pages\/11378\/revisions\/11392"}],"wp:featuredmedia":[{"embeddable":true,"href":"https:\/\/natoura.si\/en\/wp-json\/wp\/v2\/media\/11379"}],"wp:attachment":[{"href":"https:\/\/natoura.si\/en\/wp-json\/wp\/v2\/media?parent=11378"}],"curies":[{"name":"wp","href":"https:\/\/api.w.org\/{rel}","templated":true}]}}