{"id":10396,"date":"2023-02-22T15:11:36","date_gmt":"2023-02-22T15:11:36","guid":{"rendered":"https:\/\/natoura.si\/?page_id=10396"},"modified":"2023-02-24T09:28:37","modified_gmt":"2023-02-24T09:28:37","slug":"krk-program","status":"publish","type":"page","link":"https:\/\/natoura.si\/en\/krk-program\/","title":{"rendered":"Krk &#8211; program"},"content":{"rendered":"<div data-elementor-type=\"wp-page\" data-elementor-id=\"10396\" class=\"elementor elementor-10396\" data-elementor-post-type=\"page\">\n\t\t\t\t\t\t<section class=\"elementor-section elementor-top-section elementor-element elementor-element-3b78148 elementor-section-boxed elementor-section-height-default elementor-section-height-default\" data-id=\"3b78148\" data-element_type=\"section\" data-e-type=\"section\">\n\t\t\t\t\t\t<div class=\"elementor-container elementor-column-gap-default\">\n\t\t\t\t\t<div class=\"elementor-column elementor-col-33 elementor-top-column elementor-element elementor-element-03c21c9\" data-id=\"03c21c9\" data-element_type=\"column\" data-e-type=\"column\">\n\t\t\t<div class=\"elementor-widget-wrap elementor-element-populated\">\n\t\t\t\t\t\t<div class=\"elementor-element elementor-element-19dfba0 elementor-widget elementor-widget-image\" data-id=\"19dfba0\" data-element_type=\"widget\" data-e-type=\"widget\" data-widget_type=\"image.default\">\n\t\t\t\t<div class=\"elementor-widget-container\">\n\t\t\t\t\t\t\t\t\t\t\t\t\t\t\t<img fetchpriority=\"high\" decoding=\"async\" width=\"800\" height=\"800\" src=\"https:\/\/natoura.si\/wp-content\/uploads\/2023\/01\/lokva-Diviska.gif\" class=\"attachment-large size-large wp-image-10346\" alt=\"\" \/>\t\t\t\t\t\t\t\t\t\t\t\t\t\t\t<\/div>\n\t\t\t\t<\/div>\n\t\t\t\t\t<\/div>\n\t\t<\/div>\n\t\t\t\t<div class=\"elementor-column elementor-col-66 elementor-top-column elementor-element elementor-element-8ab13c5\" data-id=\"8ab13c5\" data-element_type=\"column\" data-e-type=\"column\">\n\t\t\t<div class=\"elementor-widget-wrap elementor-element-populated\">\n\t\t\t\t\t\t<div class=\"elementor-element elementor-element-e23ee78 elementor-widget elementor-widget-text-editor\" data-id=\"e23ee78\" data-element_type=\"widget\" data-e-type=\"widget\" data-widget_type=\"text-editor.default\">\n\t\t\t\t<div class=\"elementor-widget-container\">\n\t\t\t\t\t\t\t\t\t<p><span style=\"font-family: Poppins;\"><span style=\"color: #9dbc55; font-size: 16px;\">1. dan: sobota, 6. 5. 2023<br \/><\/span><\/span><\/p><p><span lang=\"hr\" style=\"color: #ffffff;\">Jutranji odhod iz Ljubljane do otoka Krk, kjer se bomo najprej ustavili v vrtnem centru P &amp; B Hortikultura, kjer imajo bogato zbirko bonsajev. Ve\u010dina primerkov je vzgojena iz kultivarjev <em>Pinus halepensis<\/em> &#8220;Lucija&#8221; in <em>Pinus nigra<\/em> &#8220;Lara&#8221;, ki ju je Petar Vrgo\u010d ustvaril za vzgojo bonsajev. Vrtni center ponuja obilico rastlin za urejanje domov in vrtov, od katerih mnoge drevesne vrste vzgajajo sami.<br \/><\/span><\/p><p><span style=\"color: #ffffff;\">Po ogledu se bomo zapeljali do Ba\u0161ke, kjer se bomo podali na raziskovanje kra\u0161ke pokrajine, imenovane Mese\u010dev plato. Ime je dobilo po na prvi pogled pusti kamniti pokrajini, vendar se med \u0161pranjami skivajo \u0161tevilne drobne cvetlice. Na pohode se bomo pribli\u017eali ornitolo\u0161kemu rezervatu Kuntrep in z nekaj sre\u010de videli tudi nekatere od tu gnezde\u010dih ptic, npr. beloglavega jastreba, ka\u010darja in sivega sokola.<\/span><\/p><p><span style=\"color: #ffffff;\">Po zaklju\u010dku pohoda se bomo sprehodili po Ba\u0161ki ali njeni veliki pla\u017ei, morda bo koga zamikalo tudi namakanje v morju. Ve\u010derja in preno\u010devanje v Hotelu Corinthia v Ba\u0161ki.<\/span><\/p><p><span style=\"color: #ffffff;\">Hoja: pribl. 14 km, 400 m vi\u0161inske razlike, \u010das: pribli\u017eno 5 ur.\u00a0<\/span><\/p>\t\t\t\t\t\t\t\t<\/div>\n\t\t\t\t<\/div>\n\t\t\t\t\t<\/div>\n\t\t<\/div>\n\t\t\t\t\t<\/div>\n\t\t<\/section>\n\t\t\t\t<section class=\"elementor-section elementor-top-section elementor-element elementor-element-c1769e8 elementor-section-boxed elementor-section-height-default elementor-section-height-default\" data-id=\"c1769e8\" data-element_type=\"section\" data-e-type=\"section\">\n\t\t\t\t\t\t<div class=\"elementor-container elementor-column-gap-default\">\n\t\t\t\t\t<div class=\"elementor-column elementor-col-66 elementor-top-column elementor-element elementor-element-6707636\" data-id=\"6707636\" data-element_type=\"column\" data-e-type=\"column\">\n\t\t\t<div class=\"elementor-widget-wrap elementor-element-populated\">\n\t\t\t\t\t\t<div class=\"elementor-element elementor-element-e5c16b1 elementor-widget elementor-widget-text-editor\" data-id=\"e5c16b1\" data-element_type=\"widget\" data-e-type=\"widget\" data-widget_type=\"text-editor.default\">\n\t\t\t\t<div class=\"elementor-widget-container\">\n\t\t\t\t\t\t\t\t\t<p><span style=\"font-family: Poppins;\"><span style=\"color: #9db958; font-size: 16px;\">2. dan: nedelja, 7. 5. 2023<br \/><\/span><\/span><\/p><p><span style=\"color: #ffffff;\">Po zajtrku se bomo zapeljali do mesteca Krk in se sprehodili po ulicah v sredi\u0161\u010du mesta, si ogledali baziliko in Frankopanski grad. V predromanski cerkvi Sv. Lovre bomo na\u0161li enega najstarej\u0161ih znanih zapisov v glagolici.<\/span><\/p><p><span style=\"color: #ffffff;\">Pot bomo nadaljevli z vo\u017enjo do mesteca Vrbnik. Sprehodili se bomo po mestu na skoraj 50 m visoki skali z ozkimi ulicami, majhnimi trgi in zna\u010dilnimi starimi hi\u0161ami Mesto slovi po vinu \u017dlahtina ter najo\u017eji uli\u010dici Klan\u010di\u0107, ki je \u0161iroka le dobrih 40 cm. Po sprehodu se bomo odpeljali na obrobje mesteca do Vinarije Katunar, kjer se bomo seznanili s pridelavo avtohtonih vin in jih seveda tudi poskusili. <\/span><\/p><p><span style=\"color: #ffffff;\">Sledil bo ogled rumenih polj la\u0161kega smilja (<em>Helichrysum italicum<\/em>) pri Omi\u0161lju. Pou\u010dili nas bodo o pridelavi eteri\u010dnega olja te &#8220;nesmrtnice Immortelle&#8221;, ki je sestavina mnogih kozmeti\u010dnih izdelkov za nego in regeneracijo ko\u017ee.<\/span><\/p><p><span style=\"color: #ffffff;\">\u010ce bo \u010das, se bomo za konec spustili \u0161e v globino, kjer nas bo blizu naselja Rudine \u010dakala 110 m dolga kra\u0161ka jama Biserujka, ki je zelo bogata s stebri, stalaktiti in stalagmiti, v njej pa \u017eivi tudi \u0161est endemi\u010dnih vrst.\u00a0<\/span><\/p><p><span style=\"color: #ffffff;\">Po kon\u010danem ogledu nas bo \u010dakala vo\u017enja proti Ljubljani, kamor bomo prispeli v ve\u010dernih urah.<\/span><\/p>\t\t\t\t\t\t\t\t<\/div>\n\t\t\t\t<\/div>\n\t\t\t\t\t<\/div>\n\t\t<\/div>\n\t\t\t\t<div class=\"elementor-column elementor-col-33 elementor-top-column elementor-element elementor-element-9139d37\" data-id=\"9139d37\" data-element_type=\"column\" data-e-type=\"column\">\n\t\t\t<div class=\"elementor-widget-wrap elementor-element-populated\">\n\t\t\t\t\t\t<div class=\"elementor-element elementor-element-746fcb5 elementor-widget elementor-widget-image\" data-id=\"746fcb5\" data-element_type=\"widget\" data-e-type=\"widget\" data-widget_type=\"image.default\">\n\t\t\t\t<div class=\"elementor-widget-container\">\n\t\t\t\t\t\t\t\t\t\t\t\t\t\t\t<img decoding=\"async\" width=\"870\" height=\"889\" src=\"https:\/\/natoura.si\/wp-content\/uploads\/2023\/02\/nasad-smilja.gif\" class=\"attachment-large size-large wp-image-10399\" alt=\"\" \/>\t\t\t\t\t\t\t\t\t\t\t\t\t\t\t<\/div>\n\t\t\t\t<\/div>\n\t\t\t\t\t<\/div>\n\t\t<\/div>\n\t\t\t\t\t<\/div>\n\t\t<\/section>\n\t\t\t\t<section class=\"elementor-section elementor-top-section elementor-element elementor-element-658ba09 elementor-section-boxed elementor-section-height-default elementor-section-height-default\" data-id=\"658ba09\" data-element_type=\"section\" data-e-type=\"section\">\n\t\t\t\t\t\t<div class=\"elementor-container elementor-column-gap-default\">\n\t\t\t\t\t<div class=\"elementor-column elementor-col-100 elementor-top-column elementor-element elementor-element-4498596\" data-id=\"4498596\" data-element_type=\"column\" data-e-type=\"column\">\n\t\t\t<div class=\"elementor-widget-wrap elementor-element-populated\">\n\t\t\t\t\t\t<div class=\"elementor-element elementor-element-2a2d8c9 elementor-widget elementor-widget-text-editor\" data-id=\"2a2d8c9\" data-element_type=\"widget\" data-e-type=\"widget\" data-widget_type=\"text-editor.default\">\n\t\t\t\t<div class=\"elementor-widget-container\">\n\t\t\t\t\t\t\t\t\t<p><span style=\"color: #ffffff;\"><span style=\"font-family: Poppins; font-size: 14px;\">A<\/span><span style=\"font-family: Poppins; font-size: 14px;\">vtorica programa in fotografij: \u00a9 Loreta Vlahovi\u0107<\/span><span style=\"font-family: Poppins; font-size: 14px;\">.<\/span><\/span><\/p><p><span style=\"color: #ffffff;\">Vodstvo: Loreta Vlahovi\u0107.<\/span><\/p><p><span style=\"font-family: Poppins; font-size: 14px; color: #ffffff;\">The organizer and provider of the program: \u00a9 naTOURa, Janja Benedik s. p., 2023.<\/span><\/p>\t\t\t\t\t\t\t\t<\/div>\n\t\t\t\t<\/div>\n\t\t\t\t\t<\/div>\n\t\t<\/div>\n\t\t\t\t\t<\/div>\n\t\t<\/section>\n\t\t\t\t<\/div>","protected":false},"excerpt":{"rendered":"<p>1. dan: sobota, 6. 5. 2023 Jutranji odhod iz Ljubljane do otoka Krk, kjer se bomo najprej ustavili v vrtnem centru P &amp; B Hortikultura,Tour Details<\/p>","protected":false},"author":1,"featured_media":10397,"parent":0,"menu_order":0,"comment_status":"closed","ping_status":"closed","template":"","meta":{"footnotes":""},"class_list":["post-10396","page","type-page","status-publish","has-post-thumbnail","hentry"],"_links":{"self":[{"href":"https:\/\/natoura.si\/en\/wp-json\/wp\/v2\/pages\/10396","targetHints":{"allow":["GET"]}}],"collection":[{"href":"https:\/\/natoura.si\/en\/wp-json\/wp\/v2\/pages"}],"about":[{"href":"https:\/\/natoura.si\/en\/wp-json\/wp\/v2\/types\/page"}],"author":[{"embeddable":true,"href":"https:\/\/natoura.si\/en\/wp-json\/wp\/v2\/users\/1"}],"replies":[{"embeddable":true,"href":"https:\/\/natoura.si\/en\/wp-json\/wp\/v2\/comments?post=10396"}],"version-history":[{"count":13,"href":"https:\/\/natoura.si\/en\/wp-json\/wp\/v2\/pages\/10396\/revisions"}],"predecessor-version":[{"id":10436,"href":"https:\/\/natoura.si\/en\/wp-json\/wp\/v2\/pages\/10396\/revisions\/10436"}],"wp:featuredmedia":[{"embeddable":true,"href":"https:\/\/natoura.si\/en\/wp-json\/wp\/v2\/media\/10397"}],"wp:attachment":[{"href":"https:\/\/natoura.si\/en\/wp-json\/wp\/v2\/media?parent=10396"}],"curies":[{"name":"wp","href":"https:\/\/api.w.org\/{rel}","templated":true}]}}